{"id":121,"date":"2024-05-07T13:45:17","date_gmt":"2024-05-07T11:45:17","guid":{"rendered":"https:\/\/www.docteur-barry.com\/dr-barry-medecin-esthetique-compiegne-beauxmonts\/"},"modified":"2025-08-06T11:59:05","modified_gmt":"2025-08-06T09:59:05","slug":"dr-barry-medecin-esthetique-compiegne-beauxmonts","status":"publish","type":"page","link":"https:\/\/www.docteur-barry.com\/en\/dr-barry-medecin-esthetique-compiegne-beauxmonts\/","title":{"rendered":"Dr Barry, aesthetic doctor"},"content":{"rendered":"<div class=\"gb-container gb-container-0c991aba\"><\/div>\n\n<div class=\"gb-container gb-container-e05eb7dc\">\n\n<p class=\"gb-headline gb-headline-36b197ef gb-headline-text text-gold\">Laurence Barry<\/p>\n\n\n\n<h1 class=\"gb-headline gb-headline-7e1dd83e gb-headline-text text-gold\">Recognized Aesthetic Doctor<\/h1>\n\n\n<div class=\"gb-container gb-container-d42522cb breadcrumb-page\">\n<nav  aria-label=\"breadcrumb\"><ol class=\"breadcrumb\" itemscope itemtype=\"https:\/\/schema.org\/BreadcrumbList\"><li class=\"breadcrumb-item active\" aria-current=\"page\" itemprop=\"itemListElement\" itemscope itemtype=\"https:\/\/schema.org\/ListItem\"><span itemprop=\"name\">Welcome<\/span><meta itemprop=\"position\" content=\"1\"><\/li><\/ol><\/nav>\n\n<\/div>\n<\/div>\n\n<div class=\"gb-container gb-container-fc500f63\">\n<div class=\"gb-container gb-container-4869972e\">\n\n<p class=\"has-text-align-center\">Le Dr Laurence Barry est une sp\u00e9cialiste de la m\u00e9decine esth\u00e9tique en France. Avec une carri\u00e8re riche en exp\u00e9riences et en accomplissements, elle a su allier expertise m\u00e9dicale et innovation pour offrir des soins esth\u00e9tiques de haute qualit\u00e9. Voici un aper\u00e7u de son parcours.<\/p>\n\n<\/div>\n<\/div>\n\n<div class=\"gb-container gb-container-e844afdf\">\n<div class=\"gb-container gb-container-fc49794b bar-summary\">\n\n<a class=\"gb-button gb-button-26c0421c gb-button-text\" href=\"#cursus\">Professional curriculum<\/a>\n\n\n\n<a class=\"gb-button gb-button-3cf5089b gb-button-text\" href=\"#expertise\">Expertise<\/a>\n\n\n\n<a class=\"gb-button gb-button-ccf02763 gb-button-text\" href=\"#engagements\">Commitments<\/a>\n\n\n\n<a class=\"gb-button gb-button-c54607da gb-button-text\" href=\"#fondatrice\">Founder<\/a>\n\n\n\n<a class=\"gb-button gb-button-c479b141 gb-button-text\" href=\"#vision\">Vision and Philosophy<\/a>\n\n<\/div>\n<\/div>\n\n<section class=\"gb-container gb-container-f9361327\" id=\"cursus\">\n<div class=\"gb-container gb-container-f5afcec6\">\n<div class=\"gb-container gb-container-54cc7b2f\">\n\n<h2 class=\"gb-headline gb-headline-7d7a0f95 gb-headline-text text-gold section-title\">Professional curriculum<\/h2>\n\n\n<div class=\"gb-container gb-container-7b388cf4 title-separator-1\"><\/div>\n\n\n<p>Le Dr Barry a suivi un cursus acad\u00e9mique assidu qui lui a permis de d\u00e9velopper une expertise approfondie dans plusieurs domaines de la m\u00e9decine :<\/p>\n\n\n\n<ul class=\"wp-block-list\">\n<li>University of Picardie Jules Verne: Emergency Medicine<\/li>\n\n\n\n<li>National College of Aesthetic Medicine of Paris V: Aesthetic Medicine<\/li>\n\n\n\n<li>Paris V University: Diploma in anatomy applied to Aesthetic Medicine<\/li>\n<\/ul>\n\n\n\n<p>She is also an expert doctor and trainer in aesthetic medicine, specializing in peeling and injection techniques.<\/p>\n\n<\/div>\n\n<div class=\"gb-container gb-container-7bf959ea\">\n\n<figure class=\"gb-block-image gb-block-image-6487418f\"><img decoding=\"async\" width=\"1500\" height=\"1000\" class=\"gb-image gb-image-6487418f\" src=\"https:\/\/www.docteur-barry.com\/wp-content\/uploads\/2024\/07\/Laurence-barry-bureau.jpg\" alt=\"\" title=\"Laurence-barry-office\" srcset=\"https:\/\/www.docteur-barry.com\/wp-content\/uploads\/2024\/07\/Laurence-barry-bureau.jpg 1500w, https:\/\/www.docteur-barry.com\/wp-content\/uploads\/2024\/07\/Laurence-barry-bureau-300x200.jpg 300w, https:\/\/www.docteur-barry.com\/wp-content\/uploads\/2024\/07\/Laurence-barry-bureau-1024x683.jpg 1024w, https:\/\/www.docteur-barry.com\/wp-content\/uploads\/2024\/07\/Laurence-barry-bureau-768x512.jpg 768w, https:\/\/www.docteur-barry.com\/wp-content\/uploads\/2024\/07\/Laurence-barry-bureau-18x12.jpg 18w, https:\/\/www.docteur-barry.com\/wp-content\/uploads\/2024\/07\/Laurence-barry-bureau-500x333.jpg 500w, https:\/\/www.docteur-barry.com\/wp-content\/uploads\/2024\/07\/Laurence-barry-bureau-800x533.jpg 800w, https:\/\/www.docteur-barry.com\/wp-content\/uploads\/2024\/07\/Laurence-barry-bureau-1280x853.jpg 1280w\" sizes=\"(max-width: 1500px) 100vw, 1500px\" \/><\/figure>\n\n<\/div>\n<\/div>\n<\/section>\n\n<div class=\"gb-container gb-container-de1b052b\" id=\"expertise\">\n<div class=\"gb-container gb-container-50b3f360\">\n\n<h2 class=\"gb-headline gb-headline-d0fcd237 gb-headline-text text-gold\" data-aos=\"fade\" data-aos-duration=\"1000\" data-aos-once=\"true\" data-aos-offset=\"-300\" data-aos-anchor-placement=\"top-center\">Areas of expertise<\/h2>\n\n\n<div class=\"gb-container gb-container-426ad124\"><\/div>\n\n\n<p class=\"gb-headline gb-headline-6a032785 gb-headline-text\">Dr. Barry is recognized for her expertise in several key areas of aesthetic medicine:<\/p>\n\n\n<div class=\"gb-container gb-container-dcb7b4a2 grid-bloc\">\n<div class=\"gb-container gb-container-ce257a6a\">\n\n<h2 class=\"gb-headline gb-headline-30f68381 gb-headline-text\">Analyse du Vieillissement <\/h2>\n\n\n\n<p class=\"gb-headline gb-headline-144ec145 gb-headline-text\">\u00c9valuation en statique et en <\/p>\n\n\n\n<p> dynamique du visage et du corps<\/p>\n\n<\/div>\n\n<div class=\"gb-container gb-container-d68b24e3\">\n\n<h2 class=\"gb-headline gb-headline-f8c7b9bd gb-headline-text\">Techniques d\u2019injection<\/h2>\n\n\n\n<p class=\"gb-headline gb-headline-9bac0873 gb-headline-text\">Re-positionnement des volumes faciaux, comblement des rides, hydratation profonde de la peau<\/p>\n\n<\/div>\n\n<div class=\"gb-container gb-container-904da5cf\">\n\n<h2 class=\"gb-headline gb-headline-d9374320 gb-headline-text\">The mouth<\/h2>\n\n\n\n<p class=\"gb-headline gb-headline-e680aa07 gb-headline-text\">Analyse et techniques d\u2019injection des l\u00e8vres rouges et blanches et de son environnement<\/p>\n\n<\/div>\n\n<div class=\"gb-container gb-container-2eefe71f\">\n\n<h2 class=\"gb-headline gb-headline-2289882a gb-headline-text\">Contours du corps<\/h2>\n\n\n\n<p class=\"gb-headline gb-headline-03fd1130 gb-headline-text\">Techniques de traitement du rel\u00e2chement, des vergetures et des amas graisseux inutiles.<\/p>\n\n<\/div>\n\n<div class=\"gb-container gb-container-a9f8eb76\">\n\n<h2 class=\"gb-headline gb-headline-25a5050a gb-headline-text\">Qualit\u00e9 de la Peau<\/h2>\n\n\n\n<p class=\"gb-headline gb-headline-5c5d95bc gb-headline-text\">Analyse du vieillissement cutan\u00e9 du visage, cou, d\u00e9collet\u00e9, mains<\/p>\n\n<\/div>\n\n<div class=\"gb-container gb-container-f1822ebc\">\n\n<h2 class=\"gb-headline gb-headline-508bb5c0 gb-headline-text\">Active Cosmetics<\/h2>\n\n\n\n<p class=\"gb-headline gb-headline-4233183d gb-headline-text\">Prescription de routines adapt\u00e9es gr\u00e2ce \u00e0 des actifs purs.<\/p>\n\n<\/div>\n<\/div>\n<\/div>\n<\/div>\n\n<div class=\"gb-container gb-container-a485caf6\" id=\"engagements\">\n<div class=\"gb-container gb-container-d629b8d1\">\n\n<h2 class=\"gb-headline gb-headline-de620172 gb-headline-text text-gold\" data-aos=\"fade\" data-aos-duration=\"1000\" data-aos-once=\"true\" data-aos-offset=\"-300\" data-aos-anchor-placement=\"top-center\">Contributions and commitments<\/h2>\n\n\n<div class=\"gb-container gb-container-14dff9e6\"><\/div>\n\n\n<p>Dr. Barry is an active contributor to the field of aesthetic medicine:<\/p>\n\n\n<div class=\"gb-container gb-container-bae879f8\">\n<div class=\"gb-container gb-container-4bb7a257 card-soin\">\n\n<figure class=\"gb-block-image gb-block-image-f01d7f2f\"><a href=\"https:\/\/www.docteur-barry.com\/en\/medecine-esthetique-du-visage\/\"><img decoding=\"async\" width=\"1920\" height=\"2560\" class=\"gb-image gb-image-f01d7f2f\" src=\"https:\/\/www.docteur-barry.com\/wp-content\/uploads\/2024\/05\/docteur-laurence-barry-43-min.webp\" alt=\"\" title=\"doctor-laurence-barry-43-min\" srcset=\"https:\/\/www.docteur-barry.com\/wp-content\/uploads\/2024\/05\/docteur-laurence-barry-43-min.webp 1920w, https:\/\/www.docteur-barry.com\/wp-content\/uploads\/2024\/05\/docteur-laurence-barry-43-min-225x300.webp 225w, https:\/\/www.docteur-barry.com\/wp-content\/uploads\/2024\/05\/docteur-laurence-barry-43-min-768x1024.webp 768w, https:\/\/www.docteur-barry.com\/wp-content\/uploads\/2024\/05\/docteur-laurence-barry-43-min-1152x1536.webp 1152w, https:\/\/www.docteur-barry.com\/wp-content\/uploads\/2024\/05\/docteur-laurence-barry-43-min-1536x2048.webp 1536w, https:\/\/www.docteur-barry.com\/wp-content\/uploads\/2024\/05\/docteur-laurence-barry-43-min-500x667.webp 500w, https:\/\/www.docteur-barry.com\/wp-content\/uploads\/2024\/05\/docteur-laurence-barry-43-min-800x1067.webp 800w, https:\/\/www.docteur-barry.com\/wp-content\/uploads\/2024\/05\/docteur-laurence-barry-43-min-1280x1707.webp 1280w\" sizes=\"(max-width: 1920px) 100vw, 1920px\" \/><\/a><\/figure>\n\n\n<div class=\"gb-container gb-container-7342b212\">\n\n<h2 class=\"gb-headline gb-headline-ea51ba52 gb-headline-text\">Speaker<\/h2>\n\n\n\n<p>Dr. Barry is an active contributor to the field of aesthetic medicine:<\/p>\n\n<\/div>\n<\/div>\n\n<div class=\"gb-container gb-container-1d48b27d card-soin\">\n\n<figure class=\"gb-block-image gb-block-image-b0d6e947\"><a href=\"https:\/\/www.docteur-barry.com\/en\/medecine-esthetique-du-visage\/\"><img decoding=\"async\" width=\"1920\" height=\"2560\" class=\"gb-image gb-image-b0d6e947\" src=\"https:\/\/www.docteur-barry.com\/wp-content\/uploads\/2024\/05\/docteur-laurence-barry-35-min.webp\" alt=\"\" title=\"doctor-laurence-barry-35-min\" srcset=\"https:\/\/www.docteur-barry.com\/wp-content\/uploads\/2024\/05\/docteur-laurence-barry-35-min.webp 1920w, https:\/\/www.docteur-barry.com\/wp-content\/uploads\/2024\/05\/docteur-laurence-barry-35-min-225x300.webp 225w, https:\/\/www.docteur-barry.com\/wp-content\/uploads\/2024\/05\/docteur-laurence-barry-35-min-768x1024.webp 768w, https:\/\/www.docteur-barry.com\/wp-content\/uploads\/2024\/05\/docteur-laurence-barry-35-min-1152x1536.webp 1152w, https:\/\/www.docteur-barry.com\/wp-content\/uploads\/2024\/05\/docteur-laurence-barry-35-min-1536x2048.webp 1536w, https:\/\/www.docteur-barry.com\/wp-content\/uploads\/2024\/05\/docteur-laurence-barry-35-min-500x667.webp 500w, https:\/\/www.docteur-barry.com\/wp-content\/uploads\/2024\/05\/docteur-laurence-barry-35-min-800x1067.webp 800w, https:\/\/www.docteur-barry.com\/wp-content\/uploads\/2024\/05\/docteur-laurence-barry-35-min-1280x1707.webp 1280w\" sizes=\"(max-width: 1920px) 100vw, 1920px\" \/><\/a><\/figure>\n\n\n<div class=\"gb-container gb-container-57632bcf\">\n\n<h2 class=\"gb-headline gb-headline-5e96cb53 gb-headline-text\">Consultant<\/h2>\n\n\n\n<p>Collaboration with pharmaceutical and cosmetic laboratories<\/p>\n\n<\/div>\n<\/div>\n\n<div class=\"gb-container gb-container-abc47109 card-soin\">\n\n<figure class=\"gb-block-image gb-block-image-29c1c844\"><a href=\"https:\/\/www.docteur-barry.com\/en\/medecine-esthetique-du-visage\/\"><img decoding=\"async\" width=\"2560\" height=\"1920\" class=\"gb-image gb-image-29c1c844\" src=\"https:\/\/www.docteur-barry.com\/wp-content\/uploads\/2024\/05\/docteur-laurence-barry-27-min.webp\" alt=\"\" title=\"doctor-laurence-barry-27-min\" srcset=\"https:\/\/www.docteur-barry.com\/wp-content\/uploads\/2024\/05\/docteur-laurence-barry-27-min.webp 2560w, https:\/\/www.docteur-barry.com\/wp-content\/uploads\/2024\/05\/docteur-laurence-barry-27-min-300x225.webp 300w, https:\/\/www.docteur-barry.com\/wp-content\/uploads\/2024\/05\/docteur-laurence-barry-27-min-1024x768.webp 1024w, https:\/\/www.docteur-barry.com\/wp-content\/uploads\/2024\/05\/docteur-laurence-barry-27-min-768x576.webp 768w, https:\/\/www.docteur-barry.com\/wp-content\/uploads\/2024\/05\/docteur-laurence-barry-27-min-1536x1152.webp 1536w, https:\/\/www.docteur-barry.com\/wp-content\/uploads\/2024\/05\/docteur-laurence-barry-27-min-2048x1536.webp 2048w, https:\/\/www.docteur-barry.com\/wp-content\/uploads\/2024\/05\/docteur-laurence-barry-27-min-500x375.webp 500w, https:\/\/www.docteur-barry.com\/wp-content\/uploads\/2024\/05\/docteur-laurence-barry-27-min-800x600.webp 800w, https:\/\/www.docteur-barry.com\/wp-content\/uploads\/2024\/05\/docteur-laurence-barry-27-min-1280x960.webp 1280w, https:\/\/www.docteur-barry.com\/wp-content\/uploads\/2024\/05\/docteur-laurence-barry-27-min-1920x1440.webp 1920w\" sizes=\"(max-width: 2560px) 100vw, 2560px\" \/><\/a><\/figure>\n\n\n<div class=\"gb-container gb-container-b8679530\">\n\n<h2 class=\"gb-headline gb-headline-6767c11d gb-headline-text\">Associations<\/h2>\n\n\n\n<p>Active member of the French Association of Aesthetic Medicine (AFME) and the French Society of Aesthetic Medicine (SFME)<\/p>\n\n<\/div>\n<\/div>\n<\/div>\n<\/div>\n<\/div>\n\n<div class=\"gb-container gb-container-167a420c\" id=\"fondatrice\">\n<div class=\"gb-container gb-container-781ad353\">\n\n<h2 class=\"gb-headline gb-headline-92f76147 gb-headline-text text-gold\" data-aos=\"fade\" data-aos-duration=\"1000\" data-aos-once=\"true\" data-aos-offset=\"-300\" data-aos-anchor-placement=\"top-center\">Founder of the Beauxmonts clinics<\/h2>\n\n\n<div class=\"gb-container gb-container-e3b4ce2a\"><\/div>\n\n\n<p>In 2020, Dr. Barry founded the Beauxmonts centers, an innovative concept combining medical expertise, user-friendliness and cutting-edge technologies. <br>Here are the main stages of this adventure:<\/p>\n\n\n<div class=\"gb-container gb-container-c5c55041\">\n\n<p class=\"gb-headline gb-headline-ed88ea66 gb-headline-text\"><strong>2020<\/strong> : Creation of Beauxmonts, an initiative to offer personalized aesthetic treatments in local centers<\/p>\n\n\n\n<p class=\"gb-headline gb-headline-0e7a362f gb-headline-text\"><strong>2022<\/strong> : Opening of the second Beauxmonts clinic in Cr\u00e9py-en-Valois, after the success of Beauxmonts Compi\u00e8gne<\/p>\n\n\n\n<p class=\"gb-headline gb-headline-eaf2f9b6 gb-headline-text\"><strong>2023<\/strong> : Launch of two new Beauxmonts clinics, to be discovered soon<\/p>\n\n\n<div class=\"gb-container gb-container-6c8aff82\">\n\n<a class=\"gb-button gb-button-6580dfd0 gb-button-text btn-default\" href=\"https:\/\/www.docteur-barry.com\/en\/specialites-docteur-barry\/\">View clinics<\/a>\n\n<\/div>\n<\/div>\n<\/div>\n<\/div>\n\n<div class=\"gb-container gb-container-5c7818af bg-blur\" id=\"vision\">\n<div class=\"gb-container gb-container-17dd0599\">\n<div class=\"gb-container gb-container-05af5cae wp-embed-aspect-16-9 wp-has-aspect-ratio\">\n\n<h2 class=\"gb-headline gb-headline-8302a5b4 gb-headline-text text-gold\" data-aos=\"fade\" data-aos-duration=\"1000\" data-aos-once=\"true\" data-aos-offset=\"-300\" data-aos-anchor-placement=\"top-center\">Vision and Philosophy<\/h2>\n\n\n<div class=\"gb-container gb-container-4f18335a\"><\/div>\n\n\n<p class=\"gb-headline gb-headline-2ade9312 gb-headline-text\">Dr. Barry firmly believes that true beauty comes from within. Her philosophy is centered on lasting, natural results that respect the individuality of each patient. By combining her medical expertise with a human and personalized approach, she aims to improve not only the appearance of her patients but also their general well-being.<\/p>\n\n\n<div class=\"gb-container gb-container-ffb098fa\">\n\n<figure class=\"gb-block-image gb-block-image-3895b403\"><img decoding=\"async\" width=\"1920\" height=\"2560\" class=\"gb-image gb-image-3895b403\" src=\"https:\/\/www.docteur-barry.com\/wp-content\/uploads\/2024\/05\/docteur-laurence-barry-36-min.webp\" alt=\"\" title=\"doctor-laurence-barry-36-min\" srcset=\"https:\/\/www.docteur-barry.com\/wp-content\/uploads\/2024\/05\/docteur-laurence-barry-36-min.webp 1920w, https:\/\/www.docteur-barry.com\/wp-content\/uploads\/2024\/05\/docteur-laurence-barry-36-min-225x300.webp 225w, https:\/\/www.docteur-barry.com\/wp-content\/uploads\/2024\/05\/docteur-laurence-barry-36-min-768x1024.webp 768w, https:\/\/www.docteur-barry.com\/wp-content\/uploads\/2024\/05\/docteur-laurence-barry-36-min-1152x1536.webp 1152w, https:\/\/www.docteur-barry.com\/wp-content\/uploads\/2024\/05\/docteur-laurence-barry-36-min-1536x2048.webp 1536w, https:\/\/www.docteur-barry.com\/wp-content\/uploads\/2024\/05\/docteur-laurence-barry-36-min-500x667.webp 500w, https:\/\/www.docteur-barry.com\/wp-content\/uploads\/2024\/05\/docteur-laurence-barry-36-min-800x1067.webp 800w, https:\/\/www.docteur-barry.com\/wp-content\/uploads\/2024\/05\/docteur-laurence-barry-36-min-1280x1707.webp 1280w\" sizes=\"(max-width: 1920px) 100vw, 1920px\" \/><\/figure>\n\n\n\n<figure class=\"gb-block-image gb-block-image-0444c8bb\"><img decoding=\"async\" width=\"1370\" height=\"1920\" class=\"gb-image gb-image-0444c8bb\" src=\"https:\/\/www.docteur-barry.com\/wp-content\/uploads\/2024\/05\/docteur-laurence-barry-38-min.webp\" alt=\"\" title=\"doctor-laurence-barry-38-min\" srcset=\"https:\/\/www.docteur-barry.com\/wp-content\/uploads\/2024\/05\/docteur-laurence-barry-38-min.webp 1370w, https:\/\/www.docteur-barry.com\/wp-content\/uploads\/2024\/05\/docteur-laurence-barry-38-min-214x300.webp 214w, https:\/\/www.docteur-barry.com\/wp-content\/uploads\/2024\/05\/docteur-laurence-barry-38-min-731x1024.webp 731w, https:\/\/www.docteur-barry.com\/wp-content\/uploads\/2024\/05\/docteur-laurence-barry-38-min-768x1076.webp 768w, https:\/\/www.docteur-barry.com\/wp-content\/uploads\/2024\/05\/docteur-laurence-barry-38-min-1096x1536.webp 1096w, https:\/\/www.docteur-barry.com\/wp-content\/uploads\/2024\/05\/docteur-laurence-barry-38-min-500x701.webp 500w, https:\/\/www.docteur-barry.com\/wp-content\/uploads\/2024\/05\/docteur-laurence-barry-38-min-800x1121.webp 800w, https:\/\/www.docteur-barry.com\/wp-content\/uploads\/2024\/05\/docteur-laurence-barry-38-min-1280x1794.webp 1280w\" sizes=\"(max-width: 1370px) 100vw, 1370px\" \/><\/figure>\n\n\n\n<figure class=\"gb-block-image gb-block-image-210f3bda\"><img decoding=\"async\" width=\"1920\" height=\"2560\" class=\"gb-image gb-image-210f3bda\" src=\"https:\/\/www.docteur-barry.com\/wp-content\/uploads\/2024\/05\/docteur-laurence-barry-37-min.webp\" alt=\"\" title=\"doctor-laurence-barry-37-min\" srcset=\"https:\/\/www.docteur-barry.com\/wp-content\/uploads\/2024\/05\/docteur-laurence-barry-37-min.webp 1920w, https:\/\/www.docteur-barry.com\/wp-content\/uploads\/2024\/05\/docteur-laurence-barry-37-min-225x300.webp 225w, https:\/\/www.docteur-barry.com\/wp-content\/uploads\/2024\/05\/docteur-laurence-barry-37-min-768x1024.webp 768w, https:\/\/www.docteur-barry.com\/wp-content\/uploads\/2024\/05\/docteur-laurence-barry-37-min-1152x1536.webp 1152w, https:\/\/www.docteur-barry.com\/wp-content\/uploads\/2024\/05\/docteur-laurence-barry-37-min-1536x2048.webp 1536w, https:\/\/www.docteur-barry.com\/wp-content\/uploads\/2024\/05\/docteur-laurence-barry-37-min-500x667.webp 500w, https:\/\/www.docteur-barry.com\/wp-content\/uploads\/2024\/05\/docteur-laurence-barry-37-min-800x1067.webp 800w, https:\/\/www.docteur-barry.com\/wp-content\/uploads\/2024\/05\/docteur-laurence-barry-37-min-1280x1707.webp 1280w\" sizes=\"(max-width: 1920px) 100vw, 1920px\" \/><\/figure>\n\n\n\n<figure class=\"gb-block-image gb-block-image-65bf2196\"><img decoding=\"async\" width=\"1920\" height=\"2560\" class=\"gb-image gb-image-65bf2196\" src=\"https:\/\/www.docteur-barry.com\/wp-content\/uploads\/2024\/05\/docteur-laurence-barry-32-min.webp\" alt=\"\" title=\"doctor-laurence-barry-32-min\" srcset=\"https:\/\/www.docteur-barry.com\/wp-content\/uploads\/2024\/05\/docteur-laurence-barry-32-min.webp 1920w, https:\/\/www.docteur-barry.com\/wp-content\/uploads\/2024\/05\/docteur-laurence-barry-32-min-225x300.webp 225w, https:\/\/www.docteur-barry.com\/wp-content\/uploads\/2024\/05\/docteur-laurence-barry-32-min-768x1024.webp 768w, https:\/\/www.docteur-barry.com\/wp-content\/uploads\/2024\/05\/docteur-laurence-barry-32-min-1152x1536.webp 1152w, https:\/\/www.docteur-barry.com\/wp-content\/uploads\/2024\/05\/docteur-laurence-barry-32-min-1536x2048.webp 1536w, https:\/\/www.docteur-barry.com\/wp-content\/uploads\/2024\/05\/docteur-laurence-barry-32-min-500x667.webp 500w, https:\/\/www.docteur-barry.com\/wp-content\/uploads\/2024\/05\/docteur-laurence-barry-32-min-800x1067.webp 800w, https:\/\/www.docteur-barry.com\/wp-content\/uploads\/2024\/05\/docteur-laurence-barry-32-min-1280x1707.webp 1280w\" sizes=\"(max-width: 1920px) 100vw, 1920px\" \/><\/figure>\n\n<\/div>\n<\/div>\n<\/div>\n<\/div>\n\n<div class=\"gb-container gb-container-63c3129b\">\n<div class=\"gb-container gb-container-c1f15152\">\n<div data-aos-duration=\"1000\" data-aos-once=\"true\" data-aos=\"fade\" class=\"gb-container gb-container-3eb7c17f\">\n\n<h2 class=\"gb-headline gb-headline-77e2fa4d gb-headline-text\">Book your consultation<\/h2>\n\n\n\n<p class=\"gb-headline gb-headline-eb94c603 gb-headline-text\">Start your beauty journey<\/p>\n\n\n<div class=\"gb-container gb-container-cdd69faa\"><\/div>\n\n\n<p class=\"gb-headline gb-headline-122e051b gb-headline-text\">Meet Doctor Barry for a personalized approach and discover how she can help you achieve your beauty goals.<\/p>\n\n<\/div>\n\n<div data-aos-delay=\"500\" data-aos-duration=\"1000\" data-aos-once=\"true\" data-aos=\"fade\" class=\"gb-container gb-container-ee3fd5ed\">\n\n<a class=\"gb-button gb-button-82b87cd1 btn-default btn-icon-right-1\" href=\"https:\/\/www.doctolib.fr\/medecin-generaliste\/compiegne\/laurence-barry\" target=\"_blank\" rel=\"noopener noreferrer\"><span class=\"gb-button-text\">Book a consultation<\/span><span class=\"gb-icon\"><svg viewbox=\"0 0 16 16\" class=\"bi bi-arrow-right\" fill=\"currentColor\" height=\"16\" width=\"16\" xmlns=\"http:\/\/www.w3.org\/2000\/svg\">   <path d=\"M1 8a.5.5 0 0 1 .5-.5h11.793l-3.147-3.146a.5.5 0 0 1 .708-.708l4 4a.5.5 0 0 1 0 .708l-4 4a.5.5 0 0 1-.708-.708L13.293 8.5H1.5A.5.5 0 0 1 1 8\" fill-rule=\"evenodd\"><\/path> <\/svg><\/span><\/a>\n\n<\/div>\n<\/div>\n<\/div>","protected":false},"excerpt":{"rendered":"<p>Laurence Barry M\u00e9decin Esth\u00e9tique Reconnu Le Dr Laurence Barry est une sp\u00e9cialiste de la m\u00e9decine esth\u00e9tique en France. Avec une carri\u00e8re riche en exp\u00e9riences et en accomplissements, elle a su allier expertise m\u00e9dicale et innovation pour offrir des soins esth\u00e9tiques de haute qualit\u00e9. Voici un aper\u00e7u de son parcours. Cursus professionnel Le Dr Barry a &#8230; <a title=\"Dr Barry, aesthetic doctor\" class=\"read-more\" href=\"https:\/\/www.docteur-barry.com\/en\/dr-barry-medecin-esthetique-compiegne-beauxmonts\/\" aria-label=\"Read more about Dr Barry, m\u00e9decin esth\u00e9tique\">Read more<\/a><\/p>","protected":false},"author":1,"featured_media":2035,"parent":0,"menu_order":0,"comment_status":"closed","ping_status":"closed","template":"","meta":{"_seopress_robots_primary_cat":"","_seopress_titles_title":"M\u00e9decine esth\u00e9tique \u00e0 Compi\u00e8gne | Dr Barry | BEAUXMONTS","_seopress_titles_desc":"Laurence Barry, docteur en m\u00e9decine esth\u00e9tique, se consacre depuis 13 au rajeunissement et \u00e0 l'embellissement de ses patients dans son cabinet BEAUXMONTS \u00e0 Compi\u00e8gne - Soissons, Chantilly, Cr\u00e9py, Creil, Beauvais, Oise","_seopress_robots_index":"","_vp_format_video_url":"","_vp_image_focal_point":{"x":0.5,"y":0.5},"footnotes":""},"a3w-page-category":[39],"class_list":{"0":"post-121","1":"page","2":"type-page","3":"status-publish","4":"has-post-thumbnail","6":"a3w-page-category-clinique-dr-barry"},"_links":{"self":[{"href":"https:\/\/www.docteur-barry.com\/en\/wp-json\/wp\/v2\/pages\/121","targetHints":{"allow":["GET"]}}],"collection":[{"href":"https:\/\/www.docteur-barry.com\/en\/wp-json\/wp\/v2\/pages"}],"about":[{"href":"https:\/\/www.docteur-barry.com\/en\/wp-json\/wp\/v2\/types\/page"}],"author":[{"embeddable":true,"href":"https:\/\/www.docteur-barry.com\/en\/wp-json\/wp\/v2\/users\/1"}],"replies":[{"embeddable":true,"href":"https:\/\/www.docteur-barry.com\/en\/wp-json\/wp\/v2\/comments?post=121"}],"version-history":[{"count":2,"href":"https:\/\/www.docteur-barry.com\/en\/wp-json\/wp\/v2\/pages\/121\/revisions"}],"predecessor-version":[{"id":3334,"href":"https:\/\/www.docteur-barry.com\/en\/wp-json\/wp\/v2\/pages\/121\/revisions\/3334"}],"wp:featuredmedia":[{"embeddable":true,"href":"https:\/\/www.docteur-barry.com\/en\/wp-json\/wp\/v2\/media\/2035"}],"wp:attachment":[{"href":"https:\/\/www.docteur-barry.com\/en\/wp-json\/wp\/v2\/media?parent=121"}],"wp:term":[{"taxonomy":"a3w-page-category","embeddable":true,"href":"https:\/\/www.docteur-barry.com\/en\/wp-json\/wp\/v2\/a3w-page-category?post=121"}],"curies":[{"name":"wp","href":"https:\/\/api.w.org\/{rel}","templated":true}]}}