{"id":122,"date":"2024-05-07T13:45:17","date_gmt":"2024-05-07T11:45:17","guid":{"rendered":"https:\/\/www.docteur-barry.com\/medecine-esthetique-du-visage\/"},"modified":"2024-07-16T11:25:10","modified_gmt":"2024-07-16T09:25:10","slug":"medecine-esthetique-du-visage","status":"publish","type":"page","link":"https:\/\/www.docteur-barry.com\/en\/medecine-esthetique-du-visage\/","title":{"rendered":"Rejuvenate without surgery"},"content":{"rendered":"<section class=\"gb-container gb-container-2dadddae\">\n<div class=\"gb-container gb-container-1b819d7d\">\n<div class=\"gb-container gb-container-12c70c8e\"><\/div>\n\n<h1 class=\"gb-headline gb-headline-4904e363 gb-headline-text soin-h1\">Rejuvenate without surgery<\/h1>\n\n<div class=\"gb-container gb-container-2f12f2e8 breadcrumb-presta\">\n<nav  aria-label=\"breadcrumb\"><ol class=\"breadcrumb\" itemscope itemtype=\"https:\/\/schema.org\/BreadcrumbList\"><li class=\"breadcrumb-item active\" aria-current=\"page\" itemprop=\"itemListElement\" itemscope itemtype=\"https:\/\/schema.org\/ListItem\"><span itemprop=\"name\">Welcome<\/span><meta itemprop=\"position\" content=\"1\"><\/li><\/ol><\/nav>\n\n<\/div>\n<\/div>\n<\/section>\n\n<section class=\"gb-container gb-container-71b6a204\">\n<div class=\"gb-container gb-container-28ca6a54\">\n\n<figure class=\"gb-block-image gb-block-image-7f2c91b1\"><img decoding=\"async\" width=\"915\" height=\"409\" class=\"gb-image gb-image-7f2c91b1 soin-header-image\" src=\"https:\/\/www.docteur-barry.com\/wp-content\/uploads\/2024\/07\/rajeunir-sans-chirurgie-compiegne-oise-dr-barry.jpg.webp\" alt=\"Rajeunir sans chirurgie \u00e0 Compi\u00e8gne dans l'OIse - Dr Barry\" srcset=\"https:\/\/www.docteur-barry.com\/wp-content\/uploads\/2024\/07\/rajeunir-sans-chirurgie-compiegne-oise-dr-barry.jpg.webp 915w, https:\/\/www.docteur-barry.com\/wp-content\/uploads\/2024\/07\/rajeunir-sans-chirurgie-compiegne-oise-dr-barry.jpg-300x134.webp 300w, https:\/\/www.docteur-barry.com\/wp-content\/uploads\/2024\/07\/rajeunir-sans-chirurgie-compiegne-oise-dr-barry.jpg-768x343.webp 768w, https:\/\/www.docteur-barry.com\/wp-content\/uploads\/2024\/07\/rajeunir-sans-chirurgie-compiegne-oise-dr-barry.jpg-500x223.webp 500w, https:\/\/www.docteur-barry.com\/wp-content\/uploads\/2024\/07\/rajeunir-sans-chirurgie-compiegne-oise-dr-barry.jpg-800x358.webp 800w\" sizes=\"(max-width: 915px) 100vw, 915px\" \/><\/figure>\n\n\n\n<h2 class=\"gb-headline gb-headline-fc29476e gb-headline-text soin-h2--gold\">Treatment of wrinkles<\/h2>\n\n\n<div class=\"gb-container gb-container-18a83200 soin-separateur-titre\"><\/div>\n\n\n<p>Today, aesthetic medicine offers a range of techniques and molecules to remain beautiful and age well, without surgery.<\/p>\n\n\n\n<h3 class=\"gb-headline gb-headline-42466854 gb-headline-text soin-h3\">Facial aging is mainly due to:<\/h3>\n\n\n\n<ul class=\"wp-block-list\">\n<li>The muscular activity of the face and its expressions (smile, joy, anger, anxiety, etc.) which cause a break in the dermis and therefore the appearance of wrinkles.<\/li>\n\n\n\n<li>The melting and shifting of facial fat, leading to a loss of volume in the cheekbones and tear valley. The face hollows out and loses its \u201cpep\u201d.<\/li>\n\n\n\n<li>From the age of 25, the skin becomes dehydrated, because it produces less hyaluronic acid to hydrate its tissues.<\/li>\n\n\n\n<li>Due to lack of collagen and gravity, the skin becomes loose.<\/li>\n\n\n\n<li>Light and the sun stain the skin and accentuate the phenomenon of aging.<\/li>\n\n\n\n<li>Genetic, hormonal, lifestyle factors\u2026<\/li>\n<\/ul>\n\n\n\n<h3 class=\"gb-headline gb-headline-01ea5af0 gb-headline-text soin-h3\">Techniques to delay aging in aesthetic medicine<\/h3>\n\n\n\n<p>There <strong>botulinum toxin<\/strong> is the \u201cstar\u201d molecule to refresh and relax the upper face, open the eyes and remove negative expressions such as sadness, anxiety and anger. Injected at the doses recommended by French health authorities, the results are very natural. The face is not frozen, but relaxed.<\/p>\n\n\n\n<p>L&#039;<strong>hyaluronic acid<\/strong> is the aesthetic doctor&#039;s main tool for filling in wrinkles, restoring facial volume, reshaping the lips and increasing their volume. Hyaluronic acid also helps improve the oval of the face and make the profile more harmonious by correcting imperfections around the nose or a chin that is too shallow.<\/p>\n\n\n\n<p>Used in <strong>mesotherapy<\/strong>, hyaluronic acid will rehydrate the skin deeply.<\/p>\n\n\n\n<p>THE <strong>peels<\/strong> can treat acne, skin imperfections and restore radiance.<\/p>\n\n\n\n<p>There <strong>pulsed light<\/strong> (I2PL Nordlys Ellipse\u00ae) will erase spots linked to the sun or aging and <strong>Fractional CO2 resurfacing laser<\/strong> (D\u00e9ka\u00a9) will smooth, reduce scars and rejuvenate the skin.<\/p>\n\n\n\n<p>There <strong>radio frequency coupled with ultrasound<\/strong> (Exilis Elite from BTL\u00ae) and <strong>tensor threads<\/strong> (Happylift\u00ae) will be dedicated to sagging skin. They can be used in addition to other treatments (hyaluronic acid, botox, etc.) on the face, neck, and body to provide firmness and tension to the skin.<\/p>\n\n<\/div>\n<\/section>\n\n<aside class=\"gb-container gb-container-9f04b338\">\n\n<h2 class=\"gb-headline gb-headline-cd80a778 gb-headline-text soin-autres-traitements-h3\">Learn more about facial aesthetic medicine<\/h2>\n\n\n<div class=\"gb-container gb-container-12e8fd28 soin-autres-traitements-separateur\"><\/div>\n\n<div class=\"gb-container gb-container-b9ebe231\">\n<div class=\"gb-container gb-container-e8999cf5\">\n\n<div class=\"gb-grid-wrapper gb-grid-wrapper-6f685752 gb-query-loop-wrapper\">\n<div class=\"gb-grid-column gb-grid-column-51542ccb gb-query-loop-item post-143 page type-page status-publish a3w-page-category-acide-hyaluronique a3w-page-category-visage\"><div class=\"gb-container gb-container-51542ccb soin-autres-traitements-loop-inner-contanier\">\n<a class=\"gb-button gb-button-8c0f4c59 gb-button-text soin-autres-traitements-bouton\" href=\"https:\/\/www.docteur-barry.com\/en\/medecine-esthetique-du-visage\/ovale-du-visage-compiegne-oise\/\">The oval of the face<\/a>\n<\/div><\/div>\n\n<div class=\"gb-grid-column gb-grid-column-51542ccb gb-query-loop-item post-144 page type-page status-publish a3w-page-category-acide-hyaluronique a3w-page-category-visage\"><div class=\"gb-container gb-container-51542ccb soin-autres-traitements-loop-inner-contanier\">\n<a class=\"gb-button gb-button-8c0f4c59 gb-button-text soin-autres-traitements-bouton\" href=\"https:\/\/www.docteur-barry.com\/en\/medecine-esthetique-du-visage\/le-double-menton-compiegne-oise\/\">The double chin<\/a>\n<\/div><\/div>\n\n<div class=\"gb-grid-column gb-grid-column-51542ccb gb-query-loop-item post-141 page type-page status-publish a3w-page-category-acide-hyaluronique a3w-page-category-visage\"><div class=\"gb-container gb-container-51542ccb soin-autres-traitements-loop-inner-contanier\">\n<a class=\"gb-button gb-button-8c0f4c59 gb-button-text soin-autres-traitements-bouton\" href=\"https:\/\/www.docteur-barry.com\/en\/medecine-esthetique-du-visage\/le-nez-sans-chirurgie-compiegne-oise\/\">The nose without surgery<\/a>\n<\/div><\/div>\n\n<div class=\"gb-grid-column gb-grid-column-51542ccb gb-query-loop-item post-138 page type-page status-publish a3w-page-category-acide-hyaluronique a3w-page-category-visage\"><div class=\"gb-container gb-container-51542ccb soin-autres-traitements-loop-inner-contanier\">\n<a class=\"gb-button gb-button-8c0f4c59 gb-button-text soin-autres-traitements-bouton\" href=\"https:\/\/www.docteur-barry.com\/en\/medecine-esthetique-du-visage\/cernes-creux-compiegne-oise\/\">Hollow dark circles<\/a>\n<\/div><\/div>\n\n<div class=\"gb-grid-column gb-grid-column-51542ccb gb-query-loop-item post-142 page type-page status-publish a3w-page-category-acide-hyaluronique a3w-page-category-visage\"><div class=\"gb-container gb-container-51542ccb soin-autres-traitements-loop-inner-contanier\">\n<a class=\"gb-button gb-button-8c0f4c59 gb-button-text soin-autres-traitements-bouton\" href=\"https:\/\/www.docteur-barry.com\/en\/medecine-esthetique-du-visage\/injection-levres-bouche-compiegne-oise\/\">Lips and mouth<\/a>\n<\/div><\/div>\n\n<div class=\"gb-grid-column gb-grid-column-51542ccb gb-query-loop-item post-139 page type-page status-publish a3w-page-category-acide-hyaluronique a3w-page-category-visage\"><div class=\"gb-container gb-container-51542ccb soin-autres-traitements-loop-inner-contanier\">\n<a class=\"gb-button gb-button-8c0f4c59 gb-button-text soin-autres-traitements-bouton\" href=\"https:\/\/www.docteur-barry.com\/en\/medecine-esthetique-du-visage\/paupieres-tombantes-compiegne-oise\/\">Drooping eyelids<\/a>\n<\/div><\/div>\n\n<div class=\"gb-grid-column gb-grid-column-51542ccb gb-query-loop-item post-140 page type-page status-publish a3w-page-category-acide-hyaluronique a3w-page-category-visage\"><div class=\"gb-container gb-container-51542ccb soin-autres-traitements-loop-inner-contanier\">\n<a class=\"gb-button gb-button-8c0f4c59 gb-button-text soin-autres-traitements-bouton\" href=\"https:\/\/www.docteur-barry.com\/en\/medecine-esthetique-du-visage\/injection-pommettes-joues-compiegne-oise\/\">Cheekbones and cheeks<\/a>\n<\/div><\/div>\n\n<div class=\"gb-grid-column gb-grid-column-51542ccb gb-query-loop-item post-137 page type-page status-publish a3w-page-category-acide-hyaluronique a3w-page-category-visage\"><div class=\"gb-container gb-container-51542ccb soin-autres-traitements-loop-inner-contanier\">\n<a class=\"gb-button gb-button-8c0f4c59 gb-button-text soin-autres-traitements-bouton\" href=\"https:\/\/www.docteur-barry.com\/en\/medecine-esthetique-du-visage\/les-rides-du-visage-compiegne-oise\/\">Facial wrinkles<\/a>\n<\/div><\/div>\n<\/div>\n\n<\/div>\n<\/div>\n<\/aside>\n\n<aside class=\"gb-container gb-container-dafe4cc9\">\n<div class=\"gb-container gb-container-1bcaf30f\">\n<div data-aos-duration=\"1000\" data-aos-once=\"true\" data-aos=\"fade\" class=\"gb-container gb-container-41ac15ca\">\n\n<h2 class=\"gb-headline gb-headline-7ddbce32 gb-headline-text\">Book your consultation<\/h2>\n\n\n\n<p class=\"gb-headline gb-headline-30f1cc6d gb-headline-text\">D\u00e9marrez votre protocole de soins personnalis\u00e9s<\/p>\n\n\n<div class=\"gb-container gb-container-54c8a8d7\"><\/div>\n\n\n<p class=\"gb-headline gb-headline-9216de00 gb-headline-text\">Meet Doctor Barry for a personalized approach and discover how she can help you achieve your beauty goals.<\/p>\n\n<\/div>\n\n<div data-aos-delay=\"500\" data-aos-duration=\"1000\" data-aos-once=\"true\" data-aos=\"fade\" class=\"gb-container gb-container-0dcf903a\">\n\n<a class=\"gb-button gb-button-383c0ef4 btn-default btn-icon-right-1\" href=\"https:\/\/www.doctolib.fr\/medecin-generaliste\/compiegne\/laurence-barry\" target=\"_blank\" rel=\"noopener noreferrer\"><span class=\"gb-button-text\">Book a consultation<\/span><span class=\"gb-icon\"><svg viewbox=\"0 0 16 16\" class=\"bi bi-arrow-right\" fill=\"currentColor\" height=\"16\" width=\"16\" xmlns=\"http:\/\/www.w3.org\/2000\/svg\">   <path d=\"M1 8a.5.5 0 0 1 .5-.5h11.793l-3.147-3.146a.5.5 0 0 1 .708-.708l4 4a.5.5 0 0 1 0 .708l-4 4a.5.5 0 0 1-.708-.708L13.293 8.5H1.5A.5.5 0 0 1 1 8\" fill-rule=\"evenodd\"><\/path> <\/svg><\/span><\/a>\n\n<\/div>\n<\/div>\n<\/aside>","protected":false},"excerpt":{"rendered":"<p>Le traitement des rides Aujourd\u2019hui, la m\u00e9decine esth\u00e9tique offre une palette de techniques et de mol\u00e9cules pour rester belle et bien vieillir, sans chirurgie. Le vieillissement du visage est principalement d\u00fb \u00e0 : Les techniques pour retarder le vieillissement en m\u00e9decine esth\u00e9tique La toxine botulique est la mol\u00e9cule \u00ab star \u00bb pour d\u00e9fatiguer et d\u00e9tendre &#8230; <a title=\"Rejuvenate without surgery\" class=\"read-more\" href=\"https:\/\/www.docteur-barry.com\/en\/medecine-esthetique-du-visage\/\" aria-label=\"Read more about Rajeunir sans chirurgie\">Read more<\/a><\/p>","protected":false},"author":1,"featured_media":0,"parent":0,"menu_order":0,"comment_status":"closed","ping_status":"closed","template":"","meta":{"_seopress_robots_primary_cat":"","_seopress_titles_title":"Rajeunir sans chirurgie \u00e0 Compi\u00e8gne - Dr Barry","_seopress_titles_desc":"Rajeunir sans chirurgie \u00e0 Compi\u00e8gne - Dr Barry, m\u00e9decin esth\u00e9tique utilise un panel de soins adapt\u00e9s \u00e0 chacun(e) : peeling, injections d'acide hyaluronique et de botox, m\u00e9soth\u00e9rapie, radiofr\u00e9quence, lumi\u00e8re puls\u00e9e...","_seopress_robots_index":"","_vp_format_video_url":"","_vp_image_focal_point":[],"footnotes":""},"a3w-page-category":[42],"class_list":{"0":"post-122","1":"page","2":"type-page","3":"status-publish","5":"a3w-page-category-visage"},"_links":{"self":[{"href":"https:\/\/www.docteur-barry.com\/en\/wp-json\/wp\/v2\/pages\/122","targetHints":{"allow":["GET"]}}],"collection":[{"href":"https:\/\/www.docteur-barry.com\/en\/wp-json\/wp\/v2\/pages"}],"about":[{"href":"https:\/\/www.docteur-barry.com\/en\/wp-json\/wp\/v2\/types\/page"}],"author":[{"embeddable":true,"href":"https:\/\/www.docteur-barry.com\/en\/wp-json\/wp\/v2\/users\/1"}],"replies":[{"embeddable":true,"href":"https:\/\/www.docteur-barry.com\/en\/wp-json\/wp\/v2\/comments?post=122"}],"version-history":[{"count":3,"href":"https:\/\/www.docteur-barry.com\/en\/wp-json\/wp\/v2\/pages\/122\/revisions"}],"predecessor-version":[{"id":2362,"href":"https:\/\/www.docteur-barry.com\/en\/wp-json\/wp\/v2\/pages\/122\/revisions\/2362"}],"wp:attachment":[{"href":"https:\/\/www.docteur-barry.com\/en\/wp-json\/wp\/v2\/media?parent=122"}],"wp:term":[{"taxonomy":"a3w-page-category","embeddable":true,"href":"https:\/\/www.docteur-barry.com\/en\/wp-json\/wp\/v2\/a3w-page-category?post=122"}],"curies":[{"name":"wp","href":"https:\/\/api.w.org\/{rel}","templated":true}]}}