{"id":123,"date":"2024-05-07T13:45:17","date_gmt":"2024-05-07T11:45:17","guid":{"rendered":"https:\/\/www.docteur-barry.com\/medecine-esthetique-du-corps\/"},"modified":"2024-07-10T18:01:54","modified_gmt":"2024-07-10T16:01:54","slug":"medecine-esthetique-du-corps","status":"publish","type":"page","link":"https:\/\/www.docteur-barry.com\/en\/medecine-esthetique-du-corps\/","title":{"rendered":"Aesthetic body medicine"},"content":{"rendered":"<section class=\"gb-container gb-container-2dadddae\">\n<div class=\"gb-container gb-container-1b819d7d\">\n<div class=\"gb-container gb-container-12c70c8e\"><\/div>\n\n<h1 class=\"gb-headline gb-headline-4904e363 gb-headline-text soin-h1\">Aesthetic body medicine<\/h1>\n\n<div class=\"gb-container gb-container-2f12f2e8 breadcrumb-presta\">\n<nav  aria-label=\"breadcrumb\"><ol class=\"breadcrumb\" itemscope itemtype=\"https:\/\/schema.org\/BreadcrumbList\"><li class=\"breadcrumb-item active\" aria-current=\"page\" itemprop=\"itemListElement\" itemscope itemtype=\"https:\/\/schema.org\/ListItem\"><span itemprop=\"name\">Welcome<\/span><meta itemprop=\"position\" content=\"1\"><\/li><\/ol><\/nav>\n\n<\/div>\n<\/div>\n<\/section>\n\n<section class=\"gb-container gb-container-71b6a204\">\n<div class=\"gb-container gb-container-28ca6a54\">\n\n<figure class=\"gb-block-image gb-block-image-7f2c91b1\"><img decoding=\"async\" width=\"915\" height=\"409\" class=\"gb-image gb-image-7f2c91b1 soin-header-image\" src=\"https:\/\/www.docteur-barry.com\/wp-content\/uploads\/2024\/07\/medecine-esthetique-corps-silhouette-compiegne-oise-dr-barry.jpg.webp\" alt=\"M\u00e9decine esth\u00e9tique de la silhouette \u00e0 Compi\u00e8gne dans l'Oise - Dr Barry\" title=\"medicine-esthetic-body-silhouette-compiegne-oise-dr-barry.jpg\" srcset=\"https:\/\/www.docteur-barry.com\/wp-content\/uploads\/2024\/07\/medecine-esthetique-corps-silhouette-compiegne-oise-dr-barry.jpg.webp 915w, https:\/\/www.docteur-barry.com\/wp-content\/uploads\/2024\/07\/medecine-esthetique-corps-silhouette-compiegne-oise-dr-barry.jpg-300x134.webp 300w, https:\/\/www.docteur-barry.com\/wp-content\/uploads\/2024\/07\/medecine-esthetique-corps-silhouette-compiegne-oise-dr-barry.jpg-768x343.webp 768w, https:\/\/www.docteur-barry.com\/wp-content\/uploads\/2024\/07\/medecine-esthetique-corps-silhouette-compiegne-oise-dr-barry.jpg-500x223.webp 500w, https:\/\/www.docteur-barry.com\/wp-content\/uploads\/2024\/07\/medecine-esthetique-corps-silhouette-compiegne-oise-dr-barry.jpg-800x358.webp 800w\" sizes=\"(max-width: 915px) 100vw, 915px\" \/><\/figure>\n\n\n\n<p>Discover how aesthetic medicine can transform and improve the body silhouette through innovative and personalized treatments.<\/p>\n\n\n\n<h2 class=\"gb-headline gb-headline-fc29476e gb-headline-text soin-h2--gold\">Beautify your silhouette<\/h2>\n\n\n<div class=\"gb-container gb-container-18a83200 soin-separateur-titre\"><\/div>\n\n\n<p>Body aesthetic medicine focuses on improving the silhouette and overall appearance through non-invasive and effective techniques. Whether you want to reduce localized fat deposits, firm the skin, fight cellulite or adopt a more balanced lifestyle, aesthetic treatments can help you achieve your goals.<\/p>\n\n\n\n<h3 class=\"gb-headline gb-headline-42466854 gb-headline-text soin-h3\">Cryolipolysis by CoolScultpting\u00ae<\/h3>\n\n\n\n<p>Cryolipolysis, also known as Coolsculpting\u00ae, is a revolutionary technique for eliminating localized fat without surgery. By using cold to target and destroy fat cells, this treatment sculpts the silhouette in a precise and natural way. Ideal for stubborn areas such as the abdomen, flanks, thighs and chin, Coolsculpting\u00ae offers visible and long-lasting results.<\/p>\n\n\n\n<h3 class=\"gb-headline gb-headline-01ea5af0 gb-headline-text soin-h3\">Cellulite and sagging<\/h3>\n\n\n\n<p>Cellulite and sagging skin are common concerns that can affect appearance and self-confidence. Thanks to advanced aesthetic treatments, it is possible to reduce cellulite and firm the skin. Techniques such as radiofrequency, shock waves and endermological massages are used to improve skin texture and restore firmness.<\/p>\n\n\n\n<h3 class=\"gb-headline gb-headline-b86b85e1 gb-headline-text soin-h3\">Balanced diet and sport<\/h3>\n\n\n\n<p>Body aesthetic medicine is not limited to external treatments. A healthy nutritional balance and regular physical activity are essential to maintain a harmonious figure and general well-being. Personalized nutritional advice and tailored exercise programs can complement aesthetic treatments for optimal, long-lasting results.<\/p>\n\n<\/div>\n<\/section>\n\n<aside class=\"gb-container gb-container-9f04b338\">\n\n<h2 class=\"gb-headline gb-headline-cd80a778 gb-headline-text soin-autres-traitements-h3\">Learn more about body aesthetic medicine<\/h2>\n\n\n<div class=\"gb-container gb-container-12e8fd28 soin-autres-traitements-separateur\"><\/div>\n\n<div class=\"gb-container gb-container-b9ebe231\">\n<div class=\"gb-container gb-container-e8999cf5\">\n\n<div class=\"gb-grid-wrapper gb-grid-wrapper-6f685752 gb-query-loop-wrapper\">\n<div class=\"gb-grid-column gb-grid-column-51542ccb gb-query-loop-item post-160 page type-page status-publish a3w-page-category-silhouette\"><div class=\"gb-container gb-container-51542ccb soin-autres-traitements-loop-inner-contanier\">\n<a class=\"gb-button gb-button-8c0f4c59 gb-button-text soin-autres-traitements-bouton\" href=\"https:\/\/www.docteur-barry.com\/en\/medecine-esthetique-du-corps\/cellulite-et-relachement\/\">Cellulite and sagging<\/a>\n<\/div><\/div>\n\n<div class=\"gb-grid-column gb-grid-column-51542ccb gb-query-loop-item post-136 page type-page status-publish a3w-page-category-silhouette\"><div class=\"gb-container gb-container-51542ccb soin-autres-traitements-loop-inner-contanier\">\n<a class=\"gb-button gb-button-8c0f4c59 gb-button-text soin-autres-traitements-bouton\" href=\"https:\/\/www.docteur-barry.com\/en\/medecine-esthetique-du-corps\/poids-et-sport\/\">Balanced diet and sport<\/a>\n<\/div><\/div>\n\n<div class=\"gb-grid-column gb-grid-column-51542ccb gb-query-loop-item post-172 page type-page status-publish a3w-page-category-cryolipolyse a3w-page-category-silhouette\"><div class=\"gb-container gb-container-51542ccb soin-autres-traitements-loop-inner-contanier\">\n<a class=\"gb-button gb-button-8c0f4c59 gb-button-text soin-autres-traitements-bouton\" href=\"https:\/\/www.docteur-barry.com\/en\/les-techniques-de-rajeunissement-de-la-peau\/cryolipolyse-coolsculpting-compiegne-oise\/la-cryolipolyse-par-coolsculpting\/\">Cryolipolysis by Coolsculpting<\/a>\n<\/div><\/div>\n<\/div>\n\n<\/div>\n<\/div>\n<\/aside>\n\n<aside class=\"gb-container gb-container-dafe4cc9\">\n<div class=\"gb-container gb-container-1bcaf30f\">\n<div data-aos-duration=\"1000\" data-aos-once=\"true\" data-aos=\"fade\" class=\"gb-container gb-container-41ac15ca\">\n\n<h2 class=\"gb-headline gb-headline-7ddbce32 gb-headline-text\">Book your consultation<\/h2>\n\n\n\n<p class=\"gb-headline gb-headline-30f1cc6d gb-headline-text\">D\u00e9marrez votre protocole de soins personnalis\u00e9s<\/p>\n\n\n<div class=\"gb-container gb-container-54c8a8d7\"><\/div>\n\n\n<p class=\"gb-headline gb-headline-9216de00 gb-headline-text\">Meet Doctor Barry for a personalized approach and discover how she can help you achieve your beauty goals.<\/p>\n\n<\/div>\n\n<div data-aos-delay=\"500\" data-aos-duration=\"1000\" data-aos-once=\"true\" data-aos=\"fade\" class=\"gb-container gb-container-0dcf903a\">\n\n<a class=\"gb-button gb-button-383c0ef4 btn-default btn-icon-right-1\" href=\"https:\/\/www.doctolib.fr\/medecin-generaliste\/compiegne\/laurence-barry\" target=\"_blank\" rel=\"noopener noreferrer\"><span class=\"gb-button-text\">Book a consultation<\/span><span class=\"gb-icon\"><svg viewbox=\"0 0 16 16\" class=\"bi bi-arrow-right\" fill=\"currentColor\" height=\"16\" width=\"16\" xmlns=\"http:\/\/www.w3.org\/2000\/svg\">   <path d=\"M1 8a.5.5 0 0 1 .5-.5h11.793l-3.147-3.146a.5.5 0 0 1 .708-.708l4 4a.5.5 0 0 1 0 .708l-4 4a.5.5 0 0 1-.708-.708L13.293 8.5H1.5A.5.5 0 0 1 1 8\" fill-rule=\"evenodd\"><\/path> <\/svg><\/span><\/a>\n\n<\/div>\n<\/div>\n<\/aside>","protected":false},"excerpt":{"rendered":"<p>D\u00e9couvrez comment la m\u00e9decine esth\u00e9tique peut transformer et am\u00e9liorer la silhouette du corps gr\u00e2ce \u00e0 des traitements innovants et personnalis\u00e9s. Embellissez votre silhouette La m\u00e9decine esth\u00e9tique du corps se concentre sur l&rsquo;am\u00e9lioration de la silhouette et de l&rsquo;apparence g\u00e9n\u00e9rale gr\u00e2ce \u00e0 des techniques non invasives et efficaces. Que vous souhaitiez r\u00e9duire les d\u00e9p\u00f4ts de graisse &#8230; <a title=\"Aesthetic body medicine\" class=\"read-more\" href=\"https:\/\/www.docteur-barry.com\/en\/medecine-esthetique-du-corps\/\" aria-label=\"Read more about M\u00e9decine esth\u00e9tique du corps\">Read more<\/a><\/p>","protected":false},"author":1,"featured_media":0,"parent":0,"menu_order":0,"comment_status":"closed","ping_status":"open","template":"","meta":{"_seopress_robots_primary_cat":"","_seopress_titles_title":"M\u00e9decine esth\u00e9tique pour le corps \u00e0 Compi\u00e8gne - Dr Barry","_seopress_titles_desc":"M\u00e9decine esth\u00e9tique pour le corps \u00e0 Compi\u00e8gne - Dr Barry : les traitements pour le corps permettent de sculpter et raffermir la silhouette.","_seopress_robots_index":"","_vp_format_video_url":"","_vp_image_focal_point":[],"footnotes":""},"a3w-page-category":[31],"class_list":{"0":"post-123","1":"page","2":"type-page","3":"status-publish","5":"a3w-page-category-silhouette"},"_links":{"self":[{"href":"https:\/\/www.docteur-barry.com\/en\/wp-json\/wp\/v2\/pages\/123","targetHints":{"allow":["GET"]}}],"collection":[{"href":"https:\/\/www.docteur-barry.com\/en\/wp-json\/wp\/v2\/pages"}],"about":[{"href":"https:\/\/www.docteur-barry.com\/en\/wp-json\/wp\/v2\/types\/page"}],"author":[{"embeddable":true,"href":"https:\/\/www.docteur-barry.com\/en\/wp-json\/wp\/v2\/users\/1"}],"replies":[{"embeddable":true,"href":"https:\/\/www.docteur-barry.com\/en\/wp-json\/wp\/v2\/comments?post=123"}],"version-history":[{"count":3,"href":"https:\/\/www.docteur-barry.com\/en\/wp-json\/wp\/v2\/pages\/123\/revisions"}],"predecessor-version":[{"id":2350,"href":"https:\/\/www.docteur-barry.com\/en\/wp-json\/wp\/v2\/pages\/123\/revisions\/2350"}],"wp:attachment":[{"href":"https:\/\/www.docteur-barry.com\/en\/wp-json\/wp\/v2\/media?parent=123"}],"wp:term":[{"taxonomy":"a3w-page-category","embeddable":true,"href":"https:\/\/www.docteur-barry.com\/en\/wp-json\/wp\/v2\/a3w-page-category?post=123"}],"curies":[{"name":"wp","href":"https:\/\/api.w.org\/{rel}","templated":true}]}}