{"id":127,"date":"2024-05-07T13:45:17","date_gmt":"2024-05-07T11:45:17","guid":{"rendered":"https:\/\/www.docteur-barry.com\/contact-medecine-esthetique-compiegne-oise-beauxmonts\/"},"modified":"2024-07-16T10:34:21","modified_gmt":"2024-07-16T08:34:21","slug":"contact-medecine-esthetique-compiegne-oise-beauxmonts","status":"publish","type":"page","link":"https:\/\/www.docteur-barry.com\/en\/contact-medecine-esthetique-compiegne-oise-beauxmonts\/","title":{"rendered":"Contact Doctor Barry\u2019s aesthetic medicine practice"},"content":{"rendered":"<section class=\"gb-container gb-container-2dadddae\">\n<div class=\"gb-container gb-container-1b819d7d\">\n<div class=\"gb-container gb-container-12c70c8e\"><\/div>\n\n<h1 class=\"gb-headline gb-headline-4904e363 gb-headline-text soin-h1\">Contact Doctor Barry\u2019s aesthetic medicine practice<\/h1>\n\n<div class=\"gb-container gb-container-2f12f2e8 breadcrumb-presta\">\n<nav  aria-label=\"breadcrumb\"><ol class=\"breadcrumb\" itemscope itemtype=\"https:\/\/schema.org\/BreadcrumbList\"><li class=\"breadcrumb-item active\" aria-current=\"page\" itemprop=\"itemListElement\" itemscope itemtype=\"https:\/\/schema.org\/ListItem\"><span itemprop=\"name\">Welcome<\/span><meta itemprop=\"position\" content=\"1\"><\/li><\/ol><\/nav>\n\n<\/div>\n<\/div>\n<\/section>\n\n<section class=\"gb-container gb-container-a2a99988\">\n<div class=\"gb-container gb-container-01fa8c8b\">\n\n<figure class=\"gb-block-image gb-block-image-5d4431df\"><img decoding=\"async\" width=\"1500\" height=\"1000\" class=\"gb-image gb-image-5d4431df soin-header-image\" src=\"https:\/\/www.docteur-barry.com\/wp-content\/uploads\/2024\/07\/NP-beauxmonts-8e.webp\" alt=\"Prendre rendez-vous avec le Docteur Barry pour une consultation en m\u00e9decine esth\u00e9tique \u00e0 Compi\u00e8gne\" srcset=\"https:\/\/www.docteur-barry.com\/wp-content\/uploads\/2024\/07\/NP-beauxmonts-8e.webp 1500w, https:\/\/www.docteur-barry.com\/wp-content\/uploads\/2024\/07\/NP-beauxmonts-8e-300x200.webp 300w, https:\/\/www.docteur-barry.com\/wp-content\/uploads\/2024\/07\/NP-beauxmonts-8e-1024x683.webp 1024w, https:\/\/www.docteur-barry.com\/wp-content\/uploads\/2024\/07\/NP-beauxmonts-8e-768x512.webp 768w, https:\/\/www.docteur-barry.com\/wp-content\/uploads\/2024\/07\/NP-beauxmonts-8e-500x333.webp 500w, https:\/\/www.docteur-barry.com\/wp-content\/uploads\/2024\/07\/NP-beauxmonts-8e-800x533.webp 800w, https:\/\/www.docteur-barry.com\/wp-content\/uploads\/2024\/07\/NP-beauxmonts-8e-1280x853.webp 1280w\" sizes=\"(max-width: 1500px) 100vw, 1500px\" \/><\/figure>\n\n\n\n<h2 class=\"gb-headline gb-headline-e2c8eea8 gb-headline-text soin-h2--gold\" id=\"formulaire\">Contact form<\/h2>\n\n\n<div class=\"gb-container gb-container-18a83200 soin-separateur-titre\"><\/div>\n\n<div class=\"gb-container gb-container-4b99bba1\">\n\n<div class=\"wp-block-contact-form-7-contact-form-selector\">\n<div class=\"wpcf7 no-js\" id=\"wpcf7-f46-o1\" lang=\"fr-FR\" dir=\"ltr\" data-wpcf7-id=\"46\">\n<div class=\"screen-reader-response\"><p role=\"status\" aria-live=\"polite\" aria-atomic=\"true\"><\/p> <ul><\/ul><\/div>\n<form action=\"\/en\/wp-json\/wp\/v2\/pages\/127#wpcf7-f46-o1\" method=\"post\" class=\"wpcf7-form init\" aria-label=\"Contact form\" novalidate=\"novalidate\" data-status=\"init\" data-trp-original-action=\"\/en\/wp-json\/wp\/v2\/pages\/127#wpcf7-f46-o1\">\n<fieldset class=\"hidden-fields-container\"><input type=\"hidden\" name=\"_wpcf7\" value=\"46\" \/><input type=\"hidden\" name=\"_wpcf7_version\" value=\"6.1.5\" \/><input type=\"hidden\" name=\"_wpcf7_locale\" value=\"fr_FR\" \/><input type=\"hidden\" name=\"_wpcf7_unit_tag\" value=\"wpcf7-f46-o1\" \/><input type=\"hidden\" name=\"_wpcf7_container_post\" value=\"0\" \/><input type=\"hidden\" name=\"_wpcf7_posted_data_hash\" value=\"\" \/>\n<\/fieldset>\n<div class=\"form-row --grid\"><label>First name<span class=\"required-label\">*<\/span> <span class=\"wpcf7-form-control-wrap\" data-name=\"prenom\"><input size=\"40\" maxlength=\"400\" class=\"wpcf7-form-control wpcf7-text wpcf7-validates-as-required\" aria-required=\"true\" aria-invalid=\"false\" placeholder=\"First name *\" value=\"\" type=\"text\" name=\"prenom\" \/><\/span><\/label><label>Name<span class=\"required-label\">*<\/span> <span class=\"wpcf7-form-control-wrap\" data-name=\"nom\"><input size=\"40\" maxlength=\"400\" class=\"wpcf7-form-control wpcf7-text wpcf7-validates-as-required\" aria-required=\"true\" aria-invalid=\"false\" placeholder=\"Name *\" value=\"\" type=\"text\" name=\"nom\" \/><\/span><\/label><\/div>\n<div class=\"form-row --grid\"><label>E-mail<span class=\"required-label\">*<\/span> <span class=\"wpcf7-form-control-wrap\" data-name=\"email\"><input size=\"40\" maxlength=\"400\" class=\"wpcf7-form-control wpcf7-email wpcf7-validates-as-required wpcf7-text wpcf7-validates-as-email\" aria-required=\"true\" aria-invalid=\"false\" placeholder=\"E-mail *\" value=\"\" type=\"email\" name=\"email\" \/><\/span><\/label><label>Phone<span class=\"required-label\">*<\/span> <span class=\"wpcf7-form-control-wrap\" data-name=\"tel\"><input size=\"40\" maxlength=\"400\" class=\"wpcf7-form-control wpcf7-tel wpcf7-validates-as-required wpcf7-text wpcf7-validates-as-tel\" aria-required=\"true\" aria-invalid=\"false\" placeholder=\"Phone *\" value=\"\" type=\"tel\" name=\"tel\" \/><\/span><\/label><\/div>\n<div class=\"form-row --wide\"><label>Message<span class=\"required-label\">*<\/span> <span class=\"wpcf7-form-control-wrap\" data-name=\"message\"><textarea cols=\"40\" rows=\"5\" maxlength=\"2000\" class=\"wpcf7-form-control wpcf7-textarea wpcf7-validates-as-required\" aria-required=\"true\" aria-invalid=\"false\" placeholder=\"Your message that begins with Hello,*\" name=\"message\"><\/textarea><\/span><\/label><\/div>\n<div class=\"form-row --grid\"><div class=\"cf7-cf-turnstile\" style=\"margin-top: 0px; margin-bottom: -15px;\"> <div id=\"cf-turnstile-cf7-3013929710\" class=\"cf-turnstile\" data-sitekey=\"0x4AAAAAAAX4xMcuHTLkac-O\" data-theme=\"light\" data-language=\"auto\" data-size=\"\" data-retry=\"auto\" data-retry-interval=\"1000\" data-refresh-expired=\"auto\" data-refresh-timeout=\"auto\" data-action=\"contact-form-7\" data-callback=\"turnstileCF7Callback\" data-appearance=\"interaction-only\"><\/div> <script>document.addEventListener(\"DOMContentLoaded\", function() { setTimeout(function(){ var e=document.getElementById(\"cf-turnstile-cf7-3013929710\"); if(e&&!e.innerHTML.trim()){turnstile.render(e, {sitekey:\"0x4AAAAAAAX4xMcuHTLkac-O\"});} }, 200); });<\/script> <style>#cf-turnstile-cf7-3013929710 iframe { margin-bottom: 15px; }<\/style> <style>#cf-turnstile-cf7-3013929710 { margin-left: -15px; }<\/style> <script>document.addEventListener(\"DOMContentLoaded\",function(){document.querySelectorAll('.wpcf7-form').forEach(function(e){e.addEventListener('submit',function(){if(document.getElementById('cf-turnstile-cf7-3013929710')){setTimeout(function(){turnstile.reset('#cf-turnstile-cf7-3013929710');},1000)}})})});<\/script> <\/div><\/div>\n<div class=\"form-row --wide\"><span class=\"wpcf7-form-control-wrap\" data-name=\"rgpd\"><span class=\"wpcf7-form-control wpcf7-acceptance\"><span class=\"wpcf7-list-item\"><label><input type=\"checkbox\" name=\"rgpd\" value=\"1\" aria-invalid=\"false\" \/><span class=\"wpcf7-list-item-label\">I authorize the <b>Doctor Laurence Barry<\/b> and her team to process the personal data provided in order to respond to the request and to keep this data in accordance with the provisions indicated in the <a href=\"https:\/\/www.docteur-barry.com\/en\/mentions-legales\/#confidentialite\" target=\"_blank\">Privacy Policy<\/a>.<\/span><\/label><\/span><\/span><\/span><\/div>\n<div class=\"submit-wrapper\"><input class=\"wpcf7-form-control wpcf7-submit has-spinner btn\" type=\"submit\" value=\"Send\" \/><\/div><div class=\"wpcf7-response-output\" aria-hidden=\"true\"><\/div>\n<input type=\"hidden\" name=\"trp-form-language\" value=\"en\"\/><\/form>\n<\/div>\n<\/div>\n\n<\/div>\n\n\n<h2 class=\"gb-headline gb-headline-b06ac92e gb-headline-text soin-h2--gold\">Useful information<\/h2>\n\n\n<div class=\"gb-container gb-container-18a83200 soin-separateur-titre\"><\/div>\n\n<div class=\"gb-container gb-container-b4c2a680\">\n<div class=\"gb-container gb-container-1eafa433\">\n\n<h3 class=\"gb-headline gb-headline-fdd7f3ea\"><span class=\"gb-icon\"><svg aria-hidden=\"true\" role=\"img\" height=\"1em\" width=\"1em\" viewbox=\"0 0 384 512\" xmlns=\"http:\/\/www.w3.org\/2000\/svg\"><path fill=\"currentColor\" d=\"M172.268 501.67C26.97 291.031 0 269.413 0 192 0 85.961 85.961 0 192 0s192 85.961 192 192c0 77.413-26.97 99.031-172.268 309.67-9.535 13.774-29.93 13.773-39.464 0zM192 272c44.183 0 80-35.817 80-80s-35.817-80-80-80-80 35.817-80 80 35.817 80 80 80z\"><\/path><\/svg><\/span><span class=\"gb-headline-text\">Address<\/span><\/h3>\n\n\n\n<p class=\"gb-headline gb-headline-5e51efdf gb-headline-text\">3 Place d&#039;Orl\u00e9ans, 60200 Compi\u00e8gne<\/p>\n\n\n\n<a class=\"gb-button gb-button-ccca1931 gb-button-text btn-default\" href=\"https:\/\/www.google.com\/maps\/dir\/\/3+Pl.+d'Orl%C3%A9ans+60200+Compi%C3%A8gne\/\" target=\"_blank\" rel=\"nofollow noopener noreferrer\">Directions Google Map<\/a>\n\n<\/div>\n\n<div class=\"gb-container gb-container-7cf98a57\">\n\n<h3 class=\"gb-headline gb-headline-d49fc816\"><span class=\"gb-icon\"><svg aria-hidden=\"true\" role=\"img\" height=\"1em\" width=\"1em\" viewbox=\"0 0 512 512\" xmlns=\"http:\/\/www.w3.org\/2000\/svg\"><path fill=\"currentColor\" d=\"M493.4 24.6l-104-24c-11.3-2.6-22.9 3.3-27.5 13.9l-48 112c-4.2 9.8-1.4 21.3 6.9 28l60.6 49.6c-36 76.7-98.9 140.5-177.2 177.2l-49.6-60.6c-6.8-8.3-18.2-11.1-28-6.9l-112 48C3.9 366.5-2 378.1.6 389.4l24 104C27.1 504.2 36.7 512 48 512c256.1 0 464-207.5 464-464 0-11.2-7.7-20.9-18.6-23.4z\"><\/path><\/svg><\/span><span class=\"gb-headline-text\">Phone<\/span><\/h3>\n\n\n\n<p class=\"gb-headline gb-headline-a1c1ad2c gb-headline-text\">03 44 40 36 64<\/p>\n\n\n\n<a class=\"gb-button gb-button-188ca6a7 gb-button-text btn-default\" href=\"tel:+33344403664\">To call<\/a>\n\n<\/div>\n\n<div class=\"gb-container gb-container-bca1e9cc\">\n\n<h3 class=\"gb-headline gb-headline-b09ad7fe\"><span class=\"gb-icon\"><svg aria-hidden=\"true\" role=\"img\" height=\"1em\" width=\"1em\" viewbox=\"0 0 512 512\" xmlns=\"http:\/\/www.w3.org\/2000\/svg\"><path fill=\"currentColor\" d=\"M464 64H48C21.49 64 0 85.49 0 112v288c0 26.51 21.49 48 48 48h416c26.51 0 48-21.49 48-48V112c0-26.51-21.49-48-48-48zm0 48v40.805c-22.422 18.259-58.168 46.651-134.587 106.49-16.841 13.247-50.201 45.072-73.413 44.701-23.208.375-56.579-31.459-73.413-44.701C106.18 199.465 70.425 171.067 48 152.805V112h416zM48 400V214.398c22.914 18.251 55.409 43.862 104.938 82.646 21.857 17.205 60.134 55.186 103.062 54.955 42.717.231 80.509-37.199 103.053-54.947 49.528-38.783 82.032-64.401 104.947-82.653V400H48z\"><\/path><\/svg><\/span><span class=\"gb-headline-text\">E-mail<\/span><\/h3>\n\n\n\n<p class=\"gb-headline gb-headline-6461ebec gb-headline-text\">contact@docteur-barry.com<\/p>\n\n\n\n<a class=\"gb-button gb-button-a7683427 gb-button-text btn-default\" href=\"#formulaire\">Send an email<\/a>\n\n<\/div>\n<\/div>\n\n<div class=\"gb-container gb-container-c4dcfe0b soin-video-container\">\n<div class=\"gb-container gb-container-a8500aa3\">\n\n<iframe src=\"https:\/\/www.google.com\/maps\/embed?pb=!1m18!1m12!1m3!1d648.8568492069573!2d2.829647630761351!3d49.41973330833149!2m3!1f0!2f0!3f0!3m2!1i1024!2i768!4f13.1!3m3!1m2!1s0x47e7d67d7866d92f%3A0xc85900df427fe0d1!2s3%20Pl.%20d&#39;Orl%C3%A9ans%2C%2060200%20Compi%C3%A8gne!5e0!3m2!1sfr!2sfr!4v1721052081448!5m2!1sfr!2sfr\" width=\"1100\" height=\"400\" style=\"border:0;\" allowfullscreen=\"\" loading=\"lazy\" referrerpolicy=\"no-referrer-when-downgrade\"><\/iframe>\n\n<\/div>\n<\/div>\n<\/div>\n<\/section>\n\n<aside class=\"gb-container gb-container-9f04b338\">\n<div class=\"gb-container gb-container-020b6d07\">\n\n<h2 class=\"gb-headline gb-headline-cd80a778 gb-headline-text soin-autres-traitements-h3\">Find out more about Doctor Barry\u2019s aesthetic medicine clinic in Compi\u00e8gne<\/h2>\n\n<\/div>\n\n<div class=\"gb-container gb-container-12e8fd28 soin-autres-traitements-separateur\"><\/div>\n\n<div class=\"gb-container gb-container-b9ebe231\">\n<div class=\"gb-container gb-container-e8999cf5\">\n\n<div class=\"gb-grid-wrapper gb-grid-wrapper-6f685752 gb-query-loop-wrapper\">\n<div class=\"gb-grid-column gb-grid-column-51542ccb gb-query-loop-item post-1815 page type-page status-publish has-post-thumbnail a3w-page-category-clinique-dr-barry\"><div class=\"gb-container gb-container-51542ccb soin-autres-traitements-loop-inner-contanier\">\n<a class=\"gb-button gb-button-8c0f4c59 gb-button-text soin-autres-traitements-bouton\" href=\"https:\/\/www.docteur-barry.com\/en\/les-cliniques-beauxmonts\/clinique-barry-compiegne\/\">Doctor Barry&#039;s Clinic in Compi\u00e8gne<\/a>\n<\/div><\/div>\n\n<div class=\"gb-grid-column gb-grid-column-51542ccb gb-query-loop-item post-121 page type-page status-publish has-post-thumbnail a3w-page-category-clinique-dr-barry\"><div class=\"gb-container gb-container-51542ccb soin-autres-traitements-loop-inner-contanier\">\n<a class=\"gb-button gb-button-8c0f4c59 gb-button-text soin-autres-traitements-bouton\" href=\"https:\/\/www.docteur-barry.com\/en\/dr-barry-medecin-esthetique-compiegne-beauxmonts\/\">Dr Barry, aesthetic doctor<\/a>\n<\/div><\/div>\n\n<div class=\"gb-grid-column gb-grid-column-51542ccb gb-query-loop-item post-1328 page type-page status-publish has-post-thumbnail a3w-page-category-clinique-dr-barry a3w-page-category-prestations\"><div class=\"gb-container gb-container-51542ccb soin-autres-traitements-loop-inner-contanier\">\n<a class=\"gb-button gb-button-8c0f4c59 gb-button-text soin-autres-traitements-bouton\" href=\"https:\/\/www.docteur-barry.com\/en\/dr-barry-medecin-esthetique-compiegne-beauxmonts\/specialites-docteur-barry\/injection-visage\/\">Facial Injections<\/a>\n<\/div><\/div>\n\n<div class=\"gb-grid-column gb-grid-column-51542ccb gb-query-loop-item post-162 page type-page status-publish a3w-page-category-clinique-dr-barry\"><div class=\"gb-container gb-container-51542ccb soin-autres-traitements-loop-inner-contanier\">\n<a class=\"gb-button gb-button-8c0f4c59 gb-button-text soin-autres-traitements-bouton\" href=\"https:\/\/www.docteur-barry.com\/en\/dr-barry-medecin-esthetique-compiegne-beauxmonts\/lequipe-beauxmonts\/\">The team<\/a>\n<\/div><\/div>\n\n<div class=\"gb-grid-column gb-grid-column-51542ccb gb-query-loop-item post-161 page type-page status-publish a3w-page-category-clinique-dr-barry\"><div class=\"gb-container gb-container-51542ccb soin-autres-traitements-loop-inner-contanier\">\n<a class=\"gb-button gb-button-8c0f4c59 gb-button-text soin-autres-traitements-bouton\" href=\"https:\/\/www.docteur-barry.com\/en\/dr-barry-medecin-esthetique-compiegne-beauxmonts\/le-centre-beauxmonts-compiegne\/\">The center<\/a>\n<\/div><\/div>\n\n<div class=\"gb-grid-column gb-grid-column-51542ccb gb-query-loop-item post-1799 page type-page status-publish a3w-page-category-clinique-dr-barry\"><div class=\"gb-container gb-container-51542ccb soin-autres-traitements-loop-inner-contanier\">\n<a class=\"gb-button gb-button-8c0f4c59 gb-button-text soin-autres-traitements-bouton\" href=\"https:\/\/www.docteur-barry.com\/en\/dr-barry-medecin-esthetique-compiegne-beauxmonts\/specialites-docteur-barry\/\">Doctor Barry&#039;s specialties<\/a>\n<\/div><\/div>\n\n<div class=\"gb-grid-column gb-grid-column-51542ccb gb-query-loop-item post-2480 page type-page status-publish a3w-page-category-clinique-dr-barry\"><div class=\"gb-container gb-container-51542ccb soin-autres-traitements-loop-inner-contanier\">\n<a class=\"gb-button gb-button-8c0f4c59 gb-button-text soin-autres-traitements-bouton\" href=\"https:\/\/www.docteur-barry.com\/en\/resultats-soins-en-medecine-esthetique-du-docteur-barry\/\">Results of aesthetic medicine treatments from Doctor Barry<\/a>\n<\/div><\/div>\n\n<div class=\"gb-grid-column gb-grid-column-51542ccb gb-query-loop-item post-1831 page type-page status-publish a3w-page-category-clinique-dr-barry\"><div class=\"gb-container gb-container-51542ccb soin-autres-traitements-loop-inner-contanier\">\n<a class=\"gb-button gb-button-8c0f4c59 gb-button-text soin-autres-traitements-bouton\" href=\"https:\/\/www.docteur-barry.com\/en\/dr-barry-medecin-esthetique-compiegne-beauxmonts\/specialites-docteur-barry\/traitement-des-levres-et-de-la-bouche\/\">Lip and mouth treatment<\/a>\n<\/div><\/div>\n\n<div class=\"gb-grid-column gb-grid-column-51542ccb gb-query-loop-item post-1835 page type-page status-publish a3w-page-category-clinique-dr-barry\"><div class=\"gb-container gb-container-51542ccb soin-autres-traitements-loop-inner-contanier\">\n<a class=\"gb-button gb-button-8c0f4c59 gb-button-text soin-autres-traitements-bouton\" href=\"https:\/\/www.docteur-barry.com\/en\/dr-barry-medecin-esthetique-compiegne-beauxmonts\/specialites-docteur-barry\/traitements-de-la-peau-du-visage\/\">Facial skin treatments<\/a>\n<\/div><\/div>\n<\/div>\n\n<\/div>\n<\/div>\n<\/aside>\n\n<aside class=\"gb-container gb-container-dafe4cc9\">\n<div class=\"gb-container gb-container-1bcaf30f\">\n<div data-aos-duration=\"1000\" data-aos-once=\"true\" data-aos=\"fade\" class=\"gb-container gb-container-41ac15ca\">\n\n<h2 class=\"gb-headline gb-headline-7ddbce32 gb-headline-text\">Book your consultation<\/h2>\n\n\n\n<p class=\"gb-headline gb-headline-30f1cc6d gb-headline-text\">D\u00e9marrez votre protocole de soins personnalis\u00e9s<\/p>\n\n\n<div class=\"gb-container gb-container-54c8a8d7\"><\/div>\n\n\n<p class=\"gb-headline gb-headline-9216de00 gb-headline-text\">Meet Doctor Barry for a personalized approach and discover how she can help you achieve your beauty goals.<\/p>\n\n<\/div>\n\n<div data-aos-delay=\"500\" data-aos-duration=\"1000\" data-aos-once=\"true\" data-aos=\"fade\" class=\"gb-container gb-container-0dcf903a\">\n\n<a class=\"gb-button gb-button-383c0ef4 btn-default btn-icon-right-1\" href=\"https:\/\/www.doctolib.fr\/medecin-generaliste\/compiegne\/laurence-barry\" target=\"_blank\" rel=\"noopener noreferrer\"><span class=\"gb-button-text\">Book a consultation<\/span><span class=\"gb-icon\"><svg viewbox=\"0 0 16 16\" class=\"bi bi-arrow-right\" fill=\"currentColor\" height=\"16\" width=\"16\" xmlns=\"http:\/\/www.w3.org\/2000\/svg\">   <path d=\"M1 8a.5.5 0 0 1 .5-.5h11.793l-3.147-3.146a.5.5 0 0 1 .708-.708l4 4a.5.5 0 0 1 0 .708l-4 4a.5.5 0 0 1-.708-.708L13.293 8.5H1.5A.5.5 0 0 1 1 8\" fill-rule=\"evenodd\"><\/path> <\/svg><\/span><\/a>\n\n<\/div>\n<\/div>\n<\/aside>","protected":false},"excerpt":{"rendered":"<p>Formulaire de contact Informations pratiques Adresse 3 Place d&rsquo;Orl\u00e9ans, 60200 Compi\u00e8gne T\u00e9l\u00e9phone 03 44 40 36 64 E-mail contact@docteur-barry.com<\/p>","protected":false},"author":1,"featured_media":0,"parent":0,"menu_order":0,"comment_status":"closed","ping_status":"open","template":"","meta":{"_seopress_robots_primary_cat":"","_seopress_titles_title":"Contacter le Centre m\u00e9dical du Dr Barry | BEAUXMONTS","_seopress_titles_desc":"Contactez le Centre BEAUXMONTS de m\u00e9decine esth\u00e9tique & laser du Dr Barry \u00e0 Compi\u00e8gne pour prendre un rendez-vous ou obtenir un renseignement.","_seopress_robots_index":"","_vp_format_video_url":"","_vp_image_focal_point":[],"footnotes":""},"a3w-page-category":[],"class_list":["post-127","page","type-page","status-publish"],"_links":{"self":[{"href":"https:\/\/www.docteur-barry.com\/en\/wp-json\/wp\/v2\/pages\/127","targetHints":{"allow":["GET"]}}],"collection":[{"href":"https:\/\/www.docteur-barry.com\/en\/wp-json\/wp\/v2\/pages"}],"about":[{"href":"https:\/\/www.docteur-barry.com\/en\/wp-json\/wp\/v2\/types\/page"}],"author":[{"embeddable":true,"href":"https:\/\/www.docteur-barry.com\/en\/wp-json\/wp\/v2\/users\/1"}],"replies":[{"embeddable":true,"href":"https:\/\/www.docteur-barry.com\/en\/wp-json\/wp\/v2\/comments?post=127"}],"version-history":[{"count":3,"href":"https:\/\/www.docteur-barry.com\/en\/wp-json\/wp\/v2\/pages\/127\/revisions"}],"predecessor-version":[{"id":2983,"href":"https:\/\/www.docteur-barry.com\/en\/wp-json\/wp\/v2\/pages\/127\/revisions\/2983"}],"wp:attachment":[{"href":"https:\/\/www.docteur-barry.com\/en\/wp-json\/wp\/v2\/media?parent=127"}],"wp:term":[{"taxonomy":"a3w-page-category","embeddable":true,"href":"https:\/\/www.docteur-barry.com\/en\/wp-json\/wp\/v2\/a3w-page-category?post=127"}],"curies":[{"name":"wp","href":"https:\/\/api.w.org\/{rel}","templated":true}]}}