{"id":129,"date":"2024-05-07T13:45:17","date_gmt":"2024-05-07T11:45:17","guid":{"rendered":"https:\/\/www.docteur-barry.com\/le-front-et-le-regard-compiegne-oise\/"},"modified":"2025-10-21T14:20:04","modified_gmt":"2025-10-21T12:20:04","slug":"le-front-et-le-regard-compiegne-oise","status":"publish","type":"page","link":"https:\/\/www.docteur-barry.com\/en\/le-front-et-le-regard-compiegne-oise\/","title":{"rendered":"The forehead and the gaze"},"content":{"rendered":"<section class=\"gb-container gb-container-2dadddae\">\n<div class=\"gb-container gb-container-1b819d7d\">\n<div class=\"gb-container gb-container-12c70c8e\"><\/div>\n\n<h1 class=\"gb-headline gb-headline-4904e363 gb-headline-text soin-h1\">The forehead and the gaze<\/h1>\n\n<div class=\"gb-container gb-container-2f12f2e8 breadcrumb-presta\">\n<nav  aria-label=\"breadcrumb\"><ol class=\"breadcrumb\" itemscope itemtype=\"https:\/\/schema.org\/BreadcrumbList\"><li class=\"breadcrumb-item active\" aria-current=\"page\" itemprop=\"itemListElement\" itemscope itemtype=\"https:\/\/schema.org\/ListItem\"><span itemprop=\"name\">Welcome<\/span><meta itemprop=\"position\" content=\"1\"><\/li><\/ol><\/nav>\n\n<\/div>\n<\/div>\n<\/section>\n\n<section class=\"gb-container gb-container-71b6a204\">\n<div class=\"gb-container gb-container-28ca6a54\">\n<div class=\"gb-container gb-container-43ba32bb\">\n<div class=\"gb-container gb-container-1bb55668\">\n\n<h2 class=\"gb-headline gb-headline-fc29476e gb-headline-text soin-h2--gold\"><strong>INJECTIONS: HOW TO PREVENT AND ERASE FOREHEAD WRINKLES<\/strong><\/h2>\n\n\n<div class=\"gb-container gb-container-18a83200 soin-separateur-titre\"><\/div>\n\n\n<p>The upper part of the face is constantly moving: many emotions are conveyed there.<\/p>\n\n\n\n<p>We furrow our eyebrows to express anger.<br>Eyebrows are raised and foreheads wrinkle to express astonishment.<br>We widen our eyes for surprise.<br>We squint our eyes to smile.<\/p>\n\n\n\n<p>The movement of this dynamic part of the face causes with each emotion the formation of folds, which, when at rest, disappear.<\/p>\n\n<\/div>\n\n<div class=\"gb-container gb-container-554f3bbf\">\n\n<figure class=\"gb-block-image gb-block-image-db0dcf37\"><img decoding=\"async\" width=\"2000\" height=\"1333\" class=\"gb-image gb-image-db0dcf37\" src=\"https:\/\/www.docteur-barry.com\/wp-content\/uploads\/2025\/10\/injection-front-regard-dr-barry-compiegne.webp\" alt=\"\" title=\"injection-front-regard-dr-barry-compiegne\" srcset=\"https:\/\/www.docteur-barry.com\/wp-content\/uploads\/2025\/10\/injection-front-regard-dr-barry-compiegne.webp 2000w, https:\/\/www.docteur-barry.com\/wp-content\/uploads\/2025\/10\/injection-front-regard-dr-barry-compiegne-300x200.webp 300w, https:\/\/www.docteur-barry.com\/wp-content\/uploads\/2025\/10\/injection-front-regard-dr-barry-compiegne-1024x682.webp 1024w, https:\/\/www.docteur-barry.com\/wp-content\/uploads\/2025\/10\/injection-front-regard-dr-barry-compiegne-768x512.webp 768w, https:\/\/www.docteur-barry.com\/wp-content\/uploads\/2025\/10\/injection-front-regard-dr-barry-compiegne-1536x1024.webp 1536w, https:\/\/www.docteur-barry.com\/wp-content\/uploads\/2025\/10\/injection-front-regard-dr-barry-compiegne-18x12.webp 18w, https:\/\/www.docteur-barry.com\/wp-content\/uploads\/2025\/10\/injection-front-regard-dr-barry-compiegne-500x333.webp 500w, https:\/\/www.docteur-barry.com\/wp-content\/uploads\/2025\/10\/injection-front-regard-dr-barry-compiegne-800x533.webp 800w, https:\/\/www.docteur-barry.com\/wp-content\/uploads\/2025\/10\/injection-front-regard-dr-barry-compiegne-1280x853.webp 1280w, https:\/\/www.docteur-barry.com\/wp-content\/uploads\/2025\/10\/injection-front-regard-dr-barry-compiegne-1920x1280.webp 1920w\" sizes=\"(max-width: 2000px) 100vw, 2000px\" \/><\/figure>\n\n<\/div>\n<\/div>\n\n\n<p>But over the years, these famous wrinkles in the upper part of the face end up remaining and giving the patient an aged, sad, severe or tired look. We note in particular:<\/p>\n\n\n\n<ul class=\"wp-block-list\">\n<li>The horizontal wrinkle located between the eyes, called the lion&#039;s wrinkle or glabellar wrinkle.<\/li>\n\n\n\n<li>Small wrinkles at the corners of the eyes, called crow&#039;s feet lines.<\/li>\n\n\n\n<li>Forehead wrinkles.<\/li>\n<\/ul>\n\n\n\n<p>There is a treatment of choice in aesthetic medicine to reduce the effects of time: injections. In aesthetics, injections are carried out to reduce strongly expressed muscular wrinkles which permanently mark the skin, without freezing the expression.<\/p>\n\n\n\n<p>For the upper part of the face, the injections will smooth the features and open the eyes. It is also possible to combine them with hyaluronic acid injections in order to fill an area hollowed out over time, such as the temples for example.<\/p>\n\n\n\n<h2 class=\"gb-headline gb-headline-c5b19663 gb-headline-text soin-h2--gold\">CORRECT WRINKLES OF THE GLABELLA, FOREHEAD AND CROWS\u2019 FEET<\/h2>\n\n\n<div class=\"gb-container gb-container-18a83200 soin-separateur-titre\"><\/div>\n\n\n<p>\u201cI want to look my best for my age and for it to be natural!\u201d &quot;. Here are your requests today.<\/p>\n\n\n\n<p>Through the injections, the face appears more relaxed and smoothed. My goal is to erase the wrinkles that bother you while keeping an expressive face and emotions intact, for an absolutely natural result.<\/p>\n\n\n\n<h2 class=\"gb-headline gb-headline-ae33d6c2 gb-headline-text soin-h2--gold\">INJECTIONS<\/h2>\n\n\n<div class=\"gb-container gb-container-18a83200 soin-separateur-titre\"><\/div>\n\n\n<p>During a first consultation, I welcome you to my office in order to:<\/p>\n\n\n\n<ul class=\"wp-block-list\">\n<li>on the one hand, to know precisely your needs, your motivations and your expectations<\/li>\n\n\n\n<li>on the other hand, to analyze your face at rest and in activity, when you contract the facial muscles: you smile, roll your eyes, or \u201croll your eyes\u201d\u2026.<\/li>\n<\/ul>\n\n\n\n<p>Before performing fine injections, a precise examination of the area to be treated is carried out in order to precisely determine the injection points.<\/p>\n\n\n\n<p>So, I know perfectly where to perform the injections for a perfect result.<\/p>\n\n\n\n<p>Each face is different, this treatment is tailor-made. Not all faces need the same amount of product in the same place: you must respect each person&#039;s morphology and emotions.<\/p>\n\n\n\n<p>For example, men often have stronger muscles and require more products than a woman. Another example: a 60 year old person will not need the same quantity of product as a 35 year old person.<\/p>\n\n\n\n<p>These injections are little or not painful, and there is no social eviction necessary after the session. You can resume your activities immediately. However, you are asked to avoid very hot places such as sauna or hammam for 48 hours.<\/p>\n\n\n\n<h2 class=\"gb-headline gb-headline-474a53d3 gb-headline-text soin-h2--gold\">RESULTS OBTAINED AFTER INJECTIONS<\/h2>\n\n\n<div class=\"gb-container gb-container-18a83200 soin-separateur-titre\"><\/div>\n\n\n<p>The results are progressive and reach their optimum at 15 days, the date of the control visit. Side effects are rare, mild and transient: some patients may experience slight redness or a small hematoma at the injection site, as well as a feeling of tension in the forehead. Don&#039;t worry, these little inconveniences disappear within 24 hours.<\/p>\n\n\n\n<p>The duration of this treatment is 4 to 6 months and it requires renewal in order to maintain a relaxed expression and skin free of wrinkles. It is both a preventive treatment for young skin and a rejuvenating treatment for marked skin.<\/p>\n\n\n\n<p>If the wrinkles are deep, it will be possible to carry out this treatment in 2 sessions, with hyaluronic acid injections.<\/p>\n\n<\/div>\n<\/section>\n\n<aside class=\"gb-container gb-container-9f04b338\">\n\n<h3 class=\"gb-headline gb-headline-cd80a778 gb-headline-text soin-autres-traitements-h3\">Discover our other hyaluronic acid treatments<\/h3>\n\n\n<div class=\"gb-container gb-container-12e8fd28 soin-autres-traitements-separateur\"><\/div>\n\n<div class=\"gb-container gb-container-b9ebe231\">\n<div class=\"gb-container gb-container-e8999cf5\">\n\n<div class=\"gb-grid-wrapper gb-grid-wrapper-6f685752 gb-query-loop-wrapper\">\n<div class=\"gb-grid-column gb-grid-column-51542ccb gb-query-loop-item post-143 page type-page status-publish a3w-page-category-acide-hyaluronique a3w-page-category-visage\"><div class=\"gb-container gb-container-51542ccb soin-autres-traitements-loop-inner-contanier\">\n<a class=\"gb-button gb-button-8c0f4c59 gb-button-text soin-autres-traitements-bouton\" href=\"https:\/\/www.docteur-barry.com\/en\/medecine-esthetique-du-visage\/ovale-du-visage-compiegne-oise\/\">The oval of the face<\/a>\n<\/div><\/div>\n\n<div class=\"gb-grid-column gb-grid-column-51542ccb gb-query-loop-item post-144 page type-page status-publish a3w-page-category-acide-hyaluronique a3w-page-category-visage\"><div class=\"gb-container gb-container-51542ccb soin-autres-traitements-loop-inner-contanier\">\n<a class=\"gb-button gb-button-8c0f4c59 gb-button-text soin-autres-traitements-bouton\" href=\"https:\/\/www.docteur-barry.com\/en\/medecine-esthetique-du-visage\/le-double-menton-compiegne-oise\/\">The double chin<\/a>\n<\/div><\/div>\n\n<div class=\"gb-grid-column gb-grid-column-51542ccb gb-query-loop-item post-129 page type-page status-publish a3w-page-category-acide-hyaluronique\"><div class=\"gb-container gb-container-51542ccb soin-autres-traitements-loop-inner-contanier\">\n<a class=\"gb-button gb-button-8c0f4c59 gb-button-text soin-autres-traitements-bouton\" href=\"https:\/\/www.docteur-barry.com\/en\/le-front-et-le-regard-compiegne-oise\/\">The forehead and the gaze<\/a>\n<\/div><\/div>\n\n<div class=\"gb-grid-column gb-grid-column-51542ccb gb-query-loop-item post-170 page type-page status-publish a3w-page-category-acide-hyaluronique a3w-page-category-techniques\"><div class=\"gb-container gb-container-51542ccb soin-autres-traitements-loop-inner-contanier\">\n<a class=\"gb-button gb-button-8c0f4c59 gb-button-text soin-autres-traitements-bouton\" href=\"https:\/\/www.docteur-barry.com\/en\/les-techniques-de-rajeunissement-de-la-peau\/le-lifting-medical\/\">The medical facelift<\/a>\n<\/div><\/div>\n\n<div class=\"gb-grid-column gb-grid-column-51542ccb gb-query-loop-item post-141 page type-page status-publish a3w-page-category-acide-hyaluronique a3w-page-category-visage\"><div class=\"gb-container gb-container-51542ccb soin-autres-traitements-loop-inner-contanier\">\n<a class=\"gb-button gb-button-8c0f4c59 gb-button-text soin-autres-traitements-bouton\" href=\"https:\/\/www.docteur-barry.com\/en\/medecine-esthetique-du-visage\/le-nez-sans-chirurgie-compiegne-oise\/\">The nose without surgery<\/a>\n<\/div><\/div>\n\n<div class=\"gb-grid-column gb-grid-column-51542ccb gb-query-loop-item post-138 page type-page status-publish a3w-page-category-acide-hyaluronique a3w-page-category-visage\"><div class=\"gb-container gb-container-51542ccb soin-autres-traitements-loop-inner-contanier\">\n<a class=\"gb-button gb-button-8c0f4c59 gb-button-text soin-autres-traitements-bouton\" href=\"https:\/\/www.docteur-barry.com\/en\/medecine-esthetique-du-visage\/cernes-creux-compiegne-oise\/\">Hollow dark circles<\/a>\n<\/div><\/div>\n\n<div class=\"gb-grid-column gb-grid-column-51542ccb gb-query-loop-item post-142 page type-page status-publish a3w-page-category-acide-hyaluronique a3w-page-category-visage\"><div class=\"gb-container gb-container-51542ccb soin-autres-traitements-loop-inner-contanier\">\n<a class=\"gb-button gb-button-8c0f4c59 gb-button-text soin-autres-traitements-bouton\" href=\"https:\/\/www.docteur-barry.com\/en\/medecine-esthetique-du-visage\/injection-levres-bouche-compiegne-oise\/\">Lips and mouth<\/a>\n<\/div><\/div>\n\n<div class=\"gb-grid-column gb-grid-column-51542ccb gb-query-loop-item post-139 page type-page status-publish a3w-page-category-acide-hyaluronique a3w-page-category-visage\"><div class=\"gb-container gb-container-51542ccb soin-autres-traitements-loop-inner-contanier\">\n<a class=\"gb-button gb-button-8c0f4c59 gb-button-text soin-autres-traitements-bouton\" href=\"https:\/\/www.docteur-barry.com\/en\/medecine-esthetique-du-visage\/paupieres-tombantes-compiegne-oise\/\">Drooping eyelids<\/a>\n<\/div><\/div>\n\n<div class=\"gb-grid-column gb-grid-column-51542ccb gb-query-loop-item post-140 page type-page status-publish a3w-page-category-acide-hyaluronique a3w-page-category-visage\"><div class=\"gb-container gb-container-51542ccb soin-autres-traitements-loop-inner-contanier\">\n<a class=\"gb-button gb-button-8c0f4c59 gb-button-text soin-autres-traitements-bouton\" href=\"https:\/\/www.docteur-barry.com\/en\/medecine-esthetique-du-visage\/injection-pommettes-joues-compiegne-oise\/\">Cheekbones and cheeks<\/a>\n<\/div><\/div>\n\n<div class=\"gb-grid-column gb-grid-column-51542ccb gb-query-loop-item post-137 page type-page status-publish a3w-page-category-acide-hyaluronique a3w-page-category-visage\"><div class=\"gb-container gb-container-51542ccb soin-autres-traitements-loop-inner-contanier\">\n<a class=\"gb-button gb-button-8c0f4c59 gb-button-text soin-autres-traitements-bouton\" href=\"https:\/\/www.docteur-barry.com\/en\/medecine-esthetique-du-visage\/les-rides-du-visage-compiegne-oise\/\">Facial wrinkles<\/a>\n<\/div><\/div>\n<\/div>\n\n<\/div>\n<\/div>\n<\/aside>\n\n<aside class=\"gb-container gb-container-dafe4cc9\">\n<div class=\"gb-container gb-container-1bcaf30f\">\n<div data-aos-duration=\"1000\" data-aos-once=\"true\" data-aos=\"fade\" class=\"gb-container gb-container-41ac15ca\">\n\n<h2 class=\"gb-headline gb-headline-7ddbce32 gb-headline-text\">Book your consultation<\/h2>\n\n\n\n<p class=\"gb-headline gb-headline-30f1cc6d gb-headline-text\">D\u00e9marrez votre protocole de soins personnalis\u00e9s<\/p>\n\n\n<div class=\"gb-container gb-container-54c8a8d7\"><\/div>\n\n\n<p class=\"gb-headline gb-headline-9216de00 gb-headline-text\">Meet Doctor Barry for a personalized approach and discover how she can help you achieve your beauty goals.<\/p>\n\n<\/div>\n\n<div data-aos-delay=\"500\" data-aos-duration=\"1000\" data-aos-once=\"true\" data-aos=\"fade\" class=\"gb-container gb-container-0dcf903a\">\n\n<a class=\"gb-button gb-button-383c0ef4 btn-default btn-icon-right-1\" href=\"https:\/\/www.doctolib.fr\/medecin-generaliste\/compiegne\/laurence-barry\" target=\"_blank\" rel=\"noopener noreferrer\"><span class=\"gb-button-text\">Book a consultation<\/span><span class=\"gb-icon\"><svg viewbox=\"0 0 16 16\" class=\"bi bi-arrow-right\" fill=\"currentColor\" height=\"16\" width=\"16\" xmlns=\"http:\/\/www.w3.org\/2000\/svg\">   <path d=\"M1 8a.5.5 0 0 1 .5-.5h11.793l-3.147-3.146a.5.5 0 0 1 .708-.708l4 4a.5.5 0 0 1 0 .708l-4 4a.5.5 0 0 1-.708-.708L13.293 8.5H1.5A.5.5 0 0 1 1 8\" fill-rule=\"evenodd\"><\/path> <\/svg><\/span><\/a>\n\n<\/div>\n<\/div>\n<\/aside>","protected":false},"excerpt":{"rendered":"<p>LES INJECTIONS : COMMENT PR\u00c9VENIR ET EFFACER DES RIDES DU FRONT La partie sup\u00e9rieure du visage bouge en permanence : de nombreuses \u00e9motions y sont v\u00e9hicul\u00e9es. On fronce nos sourcils pour exprimer la col\u00e8re.On hausse les sourcils et le front se plisse pour exprimer l\u2019\u00e9tonnement.On \u00e9carquille les yeux pour la surprise.On plisse les yeux pour &#8230; <a title=\"The forehead and the gaze\" class=\"read-more\" href=\"https:\/\/www.docteur-barry.com\/en\/le-front-et-le-regard-compiegne-oise\/\" aria-label=\"Read more about Le front et le regard\">Read more<\/a><\/p>","protected":false},"author":1,"featured_media":0,"parent":0,"menu_order":0,"comment_status":"closed","ping_status":"closed","template":"","meta":{"_seopress_robots_primary_cat":"","_seopress_titles_title":"Rides du Front par Injection Botox - Compi\u00e8gne - Dr. L. Barry","_seopress_titles_desc":"Les injections de Botox\u00ae diminuent la force des muscles faciaux du front et du contour des yeux et lissent la peau sans figer l'expression - Demandez conseil au Dr Barry, m\u00e9decin esth\u00e9tique \u00e0 Compi\u00e8gne - Creil, Beauvais, Oise","_seopress_robots_index":"","_seopress_analysis_target_kw":"","_vp_format_video_url":"","_vp_image_focal_point":[],"footnotes":""},"a3w-page-category":[23],"class_list":{"0":"post-129","1":"page","2":"type-page","3":"status-publish","5":"a3w-page-category-acide-hyaluronique"},"_links":{"self":[{"href":"https:\/\/www.docteur-barry.com\/en\/wp-json\/wp\/v2\/pages\/129","targetHints":{"allow":["GET"]}}],"collection":[{"href":"https:\/\/www.docteur-barry.com\/en\/wp-json\/wp\/v2\/pages"}],"about":[{"href":"https:\/\/www.docteur-barry.com\/en\/wp-json\/wp\/v2\/types\/page"}],"author":[{"embeddable":true,"href":"https:\/\/www.docteur-barry.com\/en\/wp-json\/wp\/v2\/users\/1"}],"replies":[{"embeddable":true,"href":"https:\/\/www.docteur-barry.com\/en\/wp-json\/wp\/v2\/comments?post=129"}],"version-history":[{"count":3,"href":"https:\/\/www.docteur-barry.com\/en\/wp-json\/wp\/v2\/pages\/129\/revisions"}],"predecessor-version":[{"id":3843,"href":"https:\/\/www.docteur-barry.com\/en\/wp-json\/wp\/v2\/pages\/129\/revisions\/3843"}],"wp:attachment":[{"href":"https:\/\/www.docteur-barry.com\/en\/wp-json\/wp\/v2\/media?parent=129"}],"wp:term":[{"taxonomy":"a3w-page-category","embeddable":true,"href":"https:\/\/www.docteur-barry.com\/en\/wp-json\/wp\/v2\/a3w-page-category?post=129"}],"curies":[{"name":"wp","href":"https:\/\/api.w.org\/{rel}","templated":true}]}}