{"id":130,"date":"2024-05-07T13:45:17","date_gmt":"2024-05-07T11:45:17","guid":{"rendered":"https:\/\/www.docteur-barry.com\/les-techniques-de-rajeunissement-de-la-peau\/"},"modified":"2024-07-10T18:26:32","modified_gmt":"2024-07-10T16:26:32","slug":"les-techniques-de-rajeunissement-de-la-peau","status":"publish","type":"page","link":"https:\/\/www.docteur-barry.com\/en\/les-techniques-de-rajeunissement-de-la-peau\/","title":{"rendered":"Skin rejuvenation techniques"},"content":{"rendered":"<section class=\"gb-container gb-container-2dadddae\">\n<div class=\"gb-container gb-container-1b819d7d\">\n<div class=\"gb-container gb-container-12c70c8e\"><\/div>\n\n<h1 class=\"gb-headline gb-headline-4904e363 gb-headline-text soin-h1\">Skin rejuvenation techniques<\/h1>\n\n<div class=\"gb-container gb-container-2f12f2e8 breadcrumb-presta\">\n<nav  aria-label=\"breadcrumb\"><ol class=\"breadcrumb\" itemscope itemtype=\"https:\/\/schema.org\/BreadcrumbList\"><li class=\"breadcrumb-item active\" aria-current=\"page\" itemprop=\"itemListElement\" itemscope itemtype=\"https:\/\/schema.org\/ListItem\"><span itemprop=\"name\">Welcome<\/span><meta itemprop=\"position\" content=\"1\"><\/li><\/ol><\/nav>\n\n<\/div>\n<\/div>\n<\/section>\n\n<section class=\"gb-container gb-container-71b6a204\">\n<div class=\"gb-container gb-container-28ca6a54\">\n\n<figure class=\"gb-block-image gb-block-image-e5af5381\"><img decoding=\"async\" width=\"1536\" height=\"674\" class=\"gb-image gb-image-e5af5381 soin-header-image\" src=\"https:\/\/www.docteur-barry.com\/wp-content\/uploads\/2024\/07\/rajeunissement-peau-docteur-barry-compiegne.webp\" alt=\"Rajeunissement de la peau gr\u00e2ce aux techniques m\u00e9dicales du Docteur Leaurence Barry, sp\u00e9cialiste en m\u00e9decine esth\u00e9tique \u00e0 Compi\u00e8gne\" srcset=\"https:\/\/www.docteur-barry.com\/wp-content\/uploads\/2024\/07\/rajeunissement-peau-docteur-barry-compiegne.webp 1536w, https:\/\/www.docteur-barry.com\/wp-content\/uploads\/2024\/07\/rajeunissement-peau-docteur-barry-compiegne-300x132.webp 300w, https:\/\/www.docteur-barry.com\/wp-content\/uploads\/2024\/07\/rajeunissement-peau-docteur-barry-compiegne-1024x449.webp 1024w, https:\/\/www.docteur-barry.com\/wp-content\/uploads\/2024\/07\/rajeunissement-peau-docteur-barry-compiegne-768x337.webp 768w, https:\/\/www.docteur-barry.com\/wp-content\/uploads\/2024\/07\/rajeunissement-peau-docteur-barry-compiegne-500x219.webp 500w, https:\/\/www.docteur-barry.com\/wp-content\/uploads\/2024\/07\/rajeunissement-peau-docteur-barry-compiegne-800x351.webp 800w, https:\/\/www.docteur-barry.com\/wp-content\/uploads\/2024\/07\/rajeunissement-peau-docteur-barry-compiegne-1280x562.webp 1280w\" sizes=\"(max-width: 1536px) 100vw, 1536px\" \/><\/figure>\n\n\n\n<h2 class=\"gb-headline gb-headline-fc29476e gb-headline-text soin-h2--gold\">Solutions for a luminous complexion and rehydrated skin<\/h2>\n\n\n<div class=\"gb-container gb-container-18a83200 soin-separateur-titre\"><\/div>\n\n\n<p>Blurred and dull complexion makes you look tired and sad. You would like\u2026<\/p>\n\n\n\n<ul class=\"wp-block-list\">\n<li>A brighter complexion,<\/li>\n\n\n\n<li>Smoother and softer skin,<\/li>\n\n\n\n<li>Tightened pores,<\/li>\n\n\n\n<li>Firmer skin,<\/li>\n\n\n\n<li>Rehydrated skin,<\/li>\n\n\n\n<li>A reduction in acne scars, pigmentation spots and fine lines.<\/li>\n<\/ul>\n\n\n\n<p>The superficial peel adapted to the skin type is the treatment of choice which will take place in 3 to 4 sessions.<\/p>\n\n\n\n<p>The medium peel, for its part, also allows you to treat spots and tone the skin by renewing the dermis.<\/p>\n\n\n\n<p>Photorejuvenation will act at the same time on redness, sun spots and the quality of the skin.<\/p>\n\n\n\n<p>Finally, Mesolift is a deep skin rehydration technique.<\/p>\n\n<\/div>\n<\/section>\n\n<aside class=\"gb-container gb-container-659eaa6c\">\n\n<h2 class=\"gb-headline gb-headline-b2e6254b gb-headline-text soin-autres-traitements-h3\">Learn more about aesthetic medicine techniques<\/h2>\n\n\n<div class=\"gb-container gb-container-c3c15813 soin-autres-traitements-separateur\"><\/div>\n\n<div class=\"gb-container gb-container-58c25d3a\">\n<div class=\"gb-container gb-container-38489930\">\n\n<div class=\"gb-grid-wrapper gb-grid-wrapper-552173c9 gb-query-loop-wrapper\">\n<div class=\"gb-grid-column gb-grid-column-ce6e8510 gb-query-loop-item post-169 page type-page status-publish a3w-page-category-techniques\"><div class=\"gb-container gb-container-ce6e8510 soin-autres-traitements-loop-inner-contanier\">\n<a class=\"gb-button gb-button-c54ad869 gb-button-text soin-autres-traitements-bouton\" href=\"https:\/\/www.docteur-barry.com\/en\/les-techniques-de-rajeunissement-de-la-peau\/fils-tenseurs\/\">Tensor threads<\/a>\n<\/div><\/div>\n\n<div class=\"gb-grid-column gb-grid-column-ce6e8510 gb-query-loop-item post-153 page type-page status-publish a3w-page-category-prestations a3w-page-category-techniques\"><div class=\"gb-container gb-container-ce6e8510 soin-autres-traitements-loop-inner-contanier\">\n<a class=\"gb-button gb-button-c54ad869 gb-button-text soin-autres-traitements-bouton\" href=\"https:\/\/www.docteur-barry.com\/en\/les-techniques-de-rajeunissement-de-la-peau\/acide-hyaluronique-pour-combler\/\">Hyaluronic acid to fill<\/a>\n<\/div><\/div>\n\n<div class=\"gb-grid-column gb-grid-column-ce6e8510 gb-query-loop-item post-159 page type-page status-publish a3w-page-category-techniques\"><div class=\"gb-container gb-container-ce6e8510 soin-autres-traitements-loop-inner-contanier\">\n<a class=\"gb-button gb-button-c54ad869 gb-button-text soin-autres-traitements-bouton\" href=\"https:\/\/www.docteur-barry.com\/en\/les-techniques-de-rajeunissement-de-la-peau\/la-cosmetique-sur-ordonnance\/\">Prescription cosmetics<\/a>\n<\/div><\/div>\n\n<div class=\"gb-grid-column gb-grid-column-ce6e8510 gb-query-loop-item post-134 page type-page status-publish a3w-page-category-cryolipolyse a3w-page-category-techniques\"><div class=\"gb-container gb-container-ce6e8510 soin-autres-traitements-loop-inner-contanier\">\n<a class=\"gb-button gb-button-c54ad869 gb-button-text soin-autres-traitements-bouton\" href=\"https:\/\/www.docteur-barry.com\/en\/les-techniques-de-rajeunissement-de-la-peau\/cryolipolyse-coolsculpting-compiegne-oise\/\">Cryolipolysis<\/a>\n<\/div><\/div>\n\n<div class=\"gb-grid-column gb-grid-column-ce6e8510 gb-query-loop-item post-135 page type-page status-publish a3w-page-category-techniques\"><div class=\"gb-container gb-container-ce6e8510 soin-autres-traitements-loop-inner-contanier\">\n<a class=\"gb-button gb-button-c54ad869 gb-button-text soin-autres-traitements-bouton\" href=\"https:\/\/www.docteur-barry.com\/en\/les-techniques-de-rajeunissement-de-la-peau\/radiofrequence-corps\/\">Radiofrequency for firming<\/a>\n<\/div><\/div>\n\n<div class=\"gb-grid-column gb-grid-column-ce6e8510 gb-query-loop-item post-170 page type-page status-publish a3w-page-category-acide-hyaluronique a3w-page-category-techniques\"><div class=\"gb-container gb-container-ce6e8510 soin-autres-traitements-loop-inner-contanier\">\n<a class=\"gb-button gb-button-c54ad869 gb-button-text soin-autres-traitements-bouton\" href=\"https:\/\/www.docteur-barry.com\/en\/les-techniques-de-rajeunissement-de-la-peau\/le-lifting-medical\/\">The medical facelift<\/a>\n<\/div><\/div>\n\n<div class=\"gb-grid-column gb-grid-column-ce6e8510 gb-query-loop-item post-158 page type-page status-publish a3w-page-category-techniques\"><div class=\"gb-container gb-container-ce6e8510 soin-autres-traitements-loop-inner-contanier\">\n<a class=\"gb-button gb-button-c54ad869 gb-button-text soin-autres-traitements-bouton\" href=\"https:\/\/www.docteur-barry.com\/en\/les-techniques-de-rajeunissement-de-la-peau\/le-mesolift-pour-repulper\/\">The mesolift to plump up<\/a>\n<\/div><\/div>\n\n<div class=\"gb-grid-column gb-grid-column-ce6e8510 gb-query-loop-item post-156 page type-page status-publish a3w-page-category-techniques\"><div class=\"gb-container gb-container-ce6e8510 soin-autres-traitements-loop-inner-contanier\">\n<a class=\"gb-button gb-button-c54ad869 gb-button-text soin-autres-traitements-bouton\" href=\"https:\/\/www.docteur-barry.com\/en\/les-techniques-de-rajeunissement-de-la-peau\/le-peeling-moyen-pour-renover\/\">The average peel to renovate<\/a>\n<\/div><\/div>\n\n<div class=\"gb-grid-column gb-grid-column-ce6e8510 gb-query-loop-item post-157 page type-page status-publish a3w-page-category-techniques\"><div class=\"gb-container gb-container-ce6e8510 soin-autres-traitements-loop-inner-contanier\">\n<a class=\"gb-button gb-button-c54ad869 gb-button-text soin-autres-traitements-bouton\" href=\"https:\/\/www.docteur-barry.com\/en\/les-techniques-de-rajeunissement-de-la-peau\/le-photorajeunissement-pour-rajeunir\/\">Photorejuvenation to rejuvenate<\/a>\n<\/div><\/div>\n\n<div class=\"gb-grid-column gb-grid-column-ce6e8510 gb-query-loop-item post-155 page type-page status-publish a3w-page-category-techniques\"><div class=\"gb-container gb-container-ce6e8510 soin-autres-traitements-loop-inner-contanier\">\n<a class=\"gb-button gb-button-c54ad869 gb-button-text soin-autres-traitements-bouton\" href=\"https:\/\/www.docteur-barry.com\/en\/les-techniques-de-rajeunissement-de-la-peau\/les-peelings-superficiels-pour-stimuler\/\">Superficial peels to stimulate<\/a>\n<\/div><\/div>\n<\/div>\n\n<\/div>\n<\/div>\n<\/aside>\n\n<aside class=\"gb-container gb-container-dafe4cc9\">\n<div class=\"gb-container gb-container-1bcaf30f\">\n<div data-aos-duration=\"1000\" data-aos-once=\"true\" data-aos=\"fade\" class=\"gb-container gb-container-41ac15ca\">\n\n<h2 class=\"gb-headline gb-headline-7ddbce32 gb-headline-text\">Book your consultation<\/h2>\n\n\n\n<p class=\"gb-headline gb-headline-30f1cc6d gb-headline-text\">D\u00e9marrez votre protocole de soins personnalis\u00e9s<\/p>\n\n\n<div class=\"gb-container gb-container-54c8a8d7\"><\/div>\n\n\n<p class=\"gb-headline gb-headline-9216de00 gb-headline-text\">Meet Doctor Barry for a personalized approach and discover how she can help you achieve your beauty goals.<\/p>\n\n<\/div>\n\n<div data-aos-delay=\"500\" data-aos-duration=\"1000\" data-aos-once=\"true\" data-aos=\"fade\" class=\"gb-container gb-container-0dcf903a\">\n\n<a class=\"gb-button gb-button-383c0ef4 btn-default btn-icon-right-1\" href=\"https:\/\/www.doctolib.fr\/medecin-generaliste\/compiegne\/laurence-barry\" target=\"_blank\" rel=\"noopener noreferrer\"><span class=\"gb-button-text\">Book a consultation<\/span><span class=\"gb-icon\"><svg viewbox=\"0 0 16 16\" class=\"bi bi-arrow-right\" fill=\"currentColor\" height=\"16\" width=\"16\" xmlns=\"http:\/\/www.w3.org\/2000\/svg\">   <path d=\"M1 8a.5.5 0 0 1 .5-.5h11.793l-3.147-3.146a.5.5 0 0 1 .708-.708l4 4a.5.5 0 0 1 0 .708l-4 4a.5.5 0 0 1-.708-.708L13.293 8.5H1.5A.5.5 0 0 1 1 8\" fill-rule=\"evenodd\"><\/path> <\/svg><\/span><\/a>\n\n<\/div>\n<\/div>\n<\/aside>","protected":false},"excerpt":{"rendered":"<p>Solutions pour un teint lumineux et une peau r\u00e9hydrat\u00e9e Le teint brouill\u00e9 et terne donne un air fatigu\u00e9 et triste. Vous souhaiteriez\u2026 Le peeling superficiel adapt\u00e9 au type de peau est le traitement de choix qui se d\u00e9roulera en 3 \u00e0 4 s\u00e9ances. Le peeling moyen, quant \u00e0 lui, permet \u00e9galement de traiter les t\u00e2ches &#8230; <a title=\"Skin rejuvenation techniques\" class=\"read-more\" href=\"https:\/\/www.docteur-barry.com\/en\/les-techniques-de-rajeunissement-de-la-peau\/\" aria-label=\"Read more about Les techniques de rajeunissement de la peau\">Read more<\/a><\/p>","protected":false},"author":1,"featured_media":0,"parent":0,"menu_order":0,"comment_status":"closed","ping_status":"closed","template":"","meta":{"_seopress_robots_primary_cat":"","_seopress_titles_title":"Rajeunissement de la peau \u00e0 Compi\u00e8gne - Dr Barry, m\u00e9decin esth\u00e9tique","_seopress_titles_desc":"Rajeunissement de la peau \u00e0 Compi\u00e8gne - Dr Barry, m\u00e9decin esth\u00e9tique : Les peelings, le laser, l' acide hyaluronique, le botox, la radiofr\u00e9quence et la lumi\u00e8re puls\u00e9e permettent de rajeunir la peau.","_seopress_robots_index":"","_vp_format_video_url":"","_vp_image_focal_point":[],"footnotes":""},"a3w-page-category":[34],"class_list":{"0":"post-130","1":"page","2":"type-page","3":"status-publish","5":"a3w-page-category-techniques"},"_links":{"self":[{"href":"https:\/\/www.docteur-barry.com\/en\/wp-json\/wp\/v2\/pages\/130","targetHints":{"allow":["GET"]}}],"collection":[{"href":"https:\/\/www.docteur-barry.com\/en\/wp-json\/wp\/v2\/pages"}],"about":[{"href":"https:\/\/www.docteur-barry.com\/en\/wp-json\/wp\/v2\/types\/page"}],"author":[{"embeddable":true,"href":"https:\/\/www.docteur-barry.com\/en\/wp-json\/wp\/v2\/users\/1"}],"replies":[{"embeddable":true,"href":"https:\/\/www.docteur-barry.com\/en\/wp-json\/wp\/v2\/comments?post=130"}],"version-history":[{"count":3,"href":"https:\/\/www.docteur-barry.com\/en\/wp-json\/wp\/v2\/pages\/130\/revisions"}],"predecessor-version":[{"id":2365,"href":"https:\/\/www.docteur-barry.com\/en\/wp-json\/wp\/v2\/pages\/130\/revisions\/2365"}],"wp:attachment":[{"href":"https:\/\/www.docteur-barry.com\/en\/wp-json\/wp\/v2\/media?parent=130"}],"wp:term":[{"taxonomy":"a3w-page-category","embeddable":true,"href":"https:\/\/www.docteur-barry.com\/en\/wp-json\/wp\/v2\/a3w-page-category?post=130"}],"curies":[{"name":"wp","href":"https:\/\/api.w.org\/{rel}","templated":true}]}}