{"id":132,"date":"2024-05-07T13:45:17","date_gmt":"2024-05-07T11:45:17","guid":{"rendered":"https:\/\/www.docteur-barry.com\/videos-medecine-esthetique\/"},"modified":"2024-07-15T15:56:14","modified_gmt":"2024-07-15T13:56:14","slug":"videos-medecine-esthetique","status":"publish","type":"page","link":"https:\/\/www.docteur-barry.com\/en\/videos-medecine-esthetique\/","title":{"rendered":"Vid\u00e9os"},"content":{"rendered":"<section class=\"gb-container gb-container-2dadddae\">\n<div class=\"gb-container gb-container-1b819d7d\">\n<div class=\"gb-container gb-container-12c70c8e\"><\/div>\n\n<h1 class=\"gb-headline gb-headline-4904e363 gb-headline-text soin-h1\">Vid\u00e9os<\/h1>\n\n<div class=\"gb-container gb-container-2f12f2e8 breadcrumb-presta\">\n<nav  aria-label=\"breadcrumb\"><ol class=\"breadcrumb\" itemscope itemtype=\"https:\/\/schema.org\/BreadcrumbList\"><li class=\"breadcrumb-item active\" aria-current=\"page\" itemprop=\"itemListElement\" itemscope itemtype=\"https:\/\/schema.org\/ListItem\"><span itemprop=\"name\">Welcome<\/span><meta itemprop=\"position\" content=\"1\"><\/li><\/ol><\/nav>\n\n<\/div>\n<\/div>\n<\/section>\n\n<section class=\"gb-container gb-container-71b6a204\">\n<div class=\"gb-container gb-container-7e44750b\">\n\n<p>D\u00e9couvrez les vid\u00e9os de pr\u00e9sentation des traitements en m\u00e9decine esth\u00e9tique et laser du Docteur Barry \u00e0 Compi\u00e8gne.<\/p>\n\n<\/div>\n\n<div class=\"gb-container gb-container-28ca6a54\">\n\n<a class=\"gb-button gb-button-f386fcd8 soin-autres-traitements-bouton\" href=\"#presentation\"><span class=\"gb-button-text\">Pr\u00e9sentation<\/span><span class=\"gb-icon\"><svg xmlns=\"http:\/\/www.w3.org\/2000\/svg\" width=\"16\" height=\"16\" fill=\"currentColor\" class=\"bi bi-play-btn-fill\" viewbox=\"0 0 16 16\"> <path d=\"M0 12V4a2 2 0 0 1 2-2h12a2 2 0 0 1 2 2v8a2 2 0 0 1-2 2H2a2 2 0 0 1-2-2m6.79-6.907A.5.5 0 0 0 6 5.5v5a.5.5 0 0 0 .79.407l3.5-2.5a.5.5 0 0 0 0-.814z\"><\/path><\/svg><\/span><\/a>\n\n\n\n<a class=\"gb-button gb-button-134b5294 soin-autres-traitements-bouton\" href=\"#injection-acide\"><span class=\"gb-button-text\">Injection Acide Hyaluronique<\/span><span class=\"gb-icon\"><svg xmlns=\"http:\/\/www.w3.org\/2000\/svg\" width=\"16\" height=\"16\" fill=\"currentColor\" class=\"bi bi-play-btn-fill\" viewbox=\"0 0 16 16\"> <path d=\"M0 12V4a2 2 0 0 1 2-2h12a2 2 0 0 1 2 2v8a2 2 0 0 1-2 2H2a2 2 0 0 1-2-2m6.79-6.907A.5.5 0 0 0 6 5.5v5a.5.5 0 0 0 .79.407l3.5-2.5a.5.5 0 0 0 0-.814z\"><\/path><\/svg><\/span><\/a>\n\n\n\n<a class=\"gb-button gb-button-6557e50d soin-autres-traitements-bouton\" href=\"#couperose\"><span class=\"gb-button-text\">Traitement Couperose<\/span><span class=\"gb-icon\"><svg xmlns=\"http:\/\/www.w3.org\/2000\/svg\" width=\"16\" height=\"16\" fill=\"currentColor\" class=\"bi bi-play-btn-fill\" viewbox=\"0 0 16 16\"> <path d=\"M0 12V4a2 2 0 0 1 2-2h12a2 2 0 0 1 2 2v8a2 2 0 0 1-2 2H2a2 2 0 0 1-2-2m6.79-6.907A.5.5 0 0 0 6 5.5v5a.5.5 0 0 0 .79.407l3.5-2.5a.5.5 0 0 0 0-.814z\"><\/path><\/svg><\/span><\/a>\n\n\n\n<a class=\"gb-button gb-button-eca9efb3 soin-autres-traitements-bouton\" href=\"#injection-botox\"><span class=\"gb-button-text\">Injection Botox<\/span><span class=\"gb-icon\"><svg xmlns=\"http:\/\/www.w3.org\/2000\/svg\" width=\"16\" height=\"16\" fill=\"currentColor\" class=\"bi bi-play-btn-fill\" viewbox=\"0 0 16 16\"> <path d=\"M0 12V4a2 2 0 0 1 2-2h12a2 2 0 0 1 2 2v8a2 2 0 0 1-2 2H2a2 2 0 0 1-2-2m6.79-6.907A.5.5 0 0 0 6 5.5v5a.5.5 0 0 0 .79.407l3.5-2.5a.5.5 0 0 0 0-.814z\"><\/path><\/svg><\/span><\/a>\n\n\n\n<a class=\"gb-button gb-button-034c09ea soin-autres-traitements-bouton\" href=\"#lisser-contour-bouche\"><span class=\"gb-button-text\">Lisser Contour Bouche<\/span><span class=\"gb-icon\"><svg xmlns=\"http:\/\/www.w3.org\/2000\/svg\" width=\"16\" height=\"16\" fill=\"currentColor\" class=\"bi bi-play-btn-fill\" viewbox=\"0 0 16 16\"> <path d=\"M0 12V4a2 2 0 0 1 2-2h12a2 2 0 0 1 2 2v8a2 2 0 0 1-2 2H2a2 2 0 0 1-2-2m6.79-6.907A.5.5 0 0 0 6 5.5v5a.5.5 0 0 0 .79.407l3.5-2.5a.5.5 0 0 0 0-.814z\"><\/path><\/svg><\/span><\/a>\n\n\n\n<a class=\"gb-button gb-button-f129f858 soin-autres-traitements-bouton\" href=\"#fils-tenseurs\"><span class=\"gb-button-text\">Fils Tenseurs<\/span><span class=\"gb-icon\"><svg xmlns=\"http:\/\/www.w3.org\/2000\/svg\" width=\"16\" height=\"16\" fill=\"currentColor\" class=\"bi bi-play-btn-fill\" viewbox=\"0 0 16 16\"> <path d=\"M0 12V4a2 2 0 0 1 2-2h12a2 2 0 0 1 2 2v8a2 2 0 0 1-2 2H2a2 2 0 0 1-2-2m6.79-6.907A.5.5 0 0 0 6 5.5v5a.5.5 0 0 0 .79.407l3.5-2.5a.5.5 0 0 0 0-.814z\"><\/path><\/svg><\/span><\/a>\n\n\n\n<a class=\"gb-button gb-button-7439cdaa soin-autres-traitements-bouton\" href=\"#taches-pigmentaires\"><span class=\"gb-button-text\">Traitement T\u00e2ches Pigmentaires<\/span><span class=\"gb-icon\"><svg xmlns=\"http:\/\/www.w3.org\/2000\/svg\" width=\"16\" height=\"16\" fill=\"currentColor\" class=\"bi bi-play-btn-fill\" viewbox=\"0 0 16 16\"> <path d=\"M0 12V4a2 2 0 0 1 2-2h12a2 2 0 0 1 2 2v8a2 2 0 0 1-2 2H2a2 2 0 0 1-2-2m6.79-6.907A.5.5 0 0 0 6 5.5v5a.5.5 0 0 0 .79.407l3.5-2.5a.5.5 0 0 0 0-.814z\"><\/path><\/svg><\/span><\/a>\n\n\n\n<a class=\"gb-button gb-button-3c051316 soin-autres-traitements-bouton\" href=\"#mesotherapie\"><span class=\"gb-button-text\">M\u00e9soth\u00e9rapie<\/span><span class=\"gb-icon\"><svg xmlns=\"http:\/\/www.w3.org\/2000\/svg\" width=\"16\" height=\"16\" fill=\"currentColor\" class=\"bi bi-play-btn-fill\" viewbox=\"0 0 16 16\"> <path d=\"M0 12V4a2 2 0 0 1 2-2h12a2 2 0 0 1 2 2v8a2 2 0 0 1-2 2H2a2 2 0 0 1-2-2m6.79-6.907A.5.5 0 0 0 6 5.5v5a.5.5 0 0 0 .79.407l3.5-2.5a.5.5 0 0 0 0-.814z\"><\/path><\/svg><\/span><\/a>\n\n\n\n<a class=\"gb-button gb-button-6e031d52 soin-autres-traitements-bouton\" href=\"#peeling\"><span class=\"gb-button-text\">Peeling<\/span><span class=\"gb-icon\"><svg xmlns=\"http:\/\/www.w3.org\/2000\/svg\" width=\"16\" height=\"16\" fill=\"currentColor\" class=\"bi bi-play-btn-fill\" viewbox=\"0 0 16 16\"> <path d=\"M0 12V4a2 2 0 0 1 2-2h12a2 2 0 0 1 2 2v8a2 2 0 0 1-2 2H2a2 2 0 0 1-2-2m6.79-6.907A.5.5 0 0 0 6 5.5v5a.5.5 0 0 0 .79.407l3.5-2.5a.5.5 0 0 0 0-.814z\"><\/path><\/svg><\/span><\/a>\n\n\n\n<a class=\"gb-button gb-button-88fd2789 soin-autres-traitements-bouton\" href=\"#photorajeunissement\"><span class=\"gb-button-text\">Photorajeunissement<\/span><span class=\"gb-icon\"><svg xmlns=\"http:\/\/www.w3.org\/2000\/svg\" width=\"16\" height=\"16\" fill=\"currentColor\" class=\"bi bi-play-btn-fill\" viewbox=\"0 0 16 16\"> <path d=\"M0 12V4a2 2 0 0 1 2-2h12a2 2 0 0 1 2 2v8a2 2 0 0 1-2 2H2a2 2 0 0 1-2-2m6.79-6.907A.5.5 0 0 0 6 5.5v5a.5.5 0 0 0 .79.407l3.5-2.5a.5.5 0 0 0 0-.814z\"><\/path><\/svg><\/span><\/a>\n\n<\/div>\n<\/section>\n\n<section class=\"gb-container gb-container-199ea10a\">\n<div class=\"gb-container gb-container-b8481df3\" id=\"presentation\">\n\n<h2 class=\"gb-headline gb-headline-fc29476e gb-headline-text soin-h2--gold\">Pr\u00e9sentation du dr barry<\/h2>\n\n\n<div class=\"gb-container gb-container-18a83200 soin-separateur-titre\"><\/div>\n\n<div class=\"gb-container gb-container-79324b31 soin-video-container\">\n\n<figure class=\"wp-block-embed is-type-video is-provider-youtube wp-block-embed-youtube wp-embed-aspect-16-9 wp-has-aspect-ratio\"><div class=\"wp-block-embed__wrapper\">\n<iframe title=\"Video Dr Laurence BARRY\" width=\"1200\" height=\"675\" src=\"https:\/\/www.youtube.com\/embed\/QFe9n9GCKfY?feature=oembed\" frameborder=\"0\" allow=\"accelerometer; autoplay; clipboard-write; encrypted-media; gyroscope; picture-in-picture; web-share\" referrerpolicy=\"strict-origin-when-cross-origin\" allowfullscreen><\/iframe>\n<\/div><\/figure>\n\n<\/div>\n<\/div>\n\n<div class=\"gb-container gb-container-8cf9630b\" id=\"injection-acide\">\n\n<h2 class=\"gb-headline gb-headline-85c01776 gb-headline-text soin-h2--gold\">Les injections d\u2019acide hyaluronique<\/h2>\n\n\n<div class=\"gb-container gb-container-18a83200 soin-separateur-titre\"><\/div>\n\n<div class=\"gb-container gb-container-47552875 soin-video-container\">\n\n<figure class=\"wp-block-embed is-type-video is-provider-youtube wp-block-embed-youtube wp-embed-aspect-16-9 wp-has-aspect-ratio\"><div class=\"wp-block-embed__wrapper\">\n<iframe title=\"Hyaluronic acid injections - Dr Barry\" width=\"1200\" height=\"675\" src=\"https:\/\/www.youtube.com\/embed\/2CPRgF3N_N8?feature=oembed\" frameborder=\"0\" allow=\"accelerometer; autoplay; clipboard-write; encrypted-media; gyroscope; picture-in-picture; web-share\" referrerpolicy=\"strict-origin-when-cross-origin\" allowfullscreen><\/iframe>\n<\/div><\/figure>\n\n<\/div>\n<\/div>\n\n<div class=\"gb-container gb-container-29aa85af\" id=\"couperose\">\n\n<h2 class=\"gb-headline gb-headline-c0751e4b gb-headline-text soin-h2--gold\">Le traitement de la couperose<\/h2>\n\n\n<div class=\"gb-container gb-container-18a83200 soin-separateur-titre\"><\/div>\n\n<div class=\"gb-container gb-container-b8a2d7fc soin-video-container\">\n\n<figure class=\"wp-block-embed is-type-video is-provider-youtube wp-block-embed-youtube wp-embed-aspect-16-9 wp-has-aspect-ratio\"><div class=\"wp-block-embed__wrapper\">\n<iframe title=\"Laser treatment of rosacea - Dr Barry\" width=\"1200\" height=\"675\" src=\"https:\/\/www.youtube.com\/embed\/caFWw5J9Y5g?feature=oembed\" frameborder=\"0\" allow=\"accelerometer; autoplay; clipboard-write; encrypted-media; gyroscope; picture-in-picture; web-share\" referrerpolicy=\"strict-origin-when-cross-origin\" allowfullscreen><\/iframe>\n<\/div><\/figure>\n\n<\/div>\n<\/div>\n\n<div class=\"gb-container gb-container-675d0a1e\" id=\"injection-botox\">\n\n<h2 class=\"gb-headline gb-headline-f872d90c gb-headline-text soin-h2--gold\">Les injections de botox<\/h2>\n\n\n<div class=\"gb-container gb-container-18a83200 soin-separateur-titre\"><\/div>\n\n<div class=\"gb-container gb-container-87b47a45 soin-video-container\">\n\n<figure class=\"wp-block-embed is-type-video is-provider-youtube wp-block-embed-youtube wp-embed-aspect-16-9 wp-has-aspect-ratio\"><div class=\"wp-block-embed__wrapper\">\n<iframe title=\"Botox injections - dr Barry\" width=\"1200\" height=\"675\" src=\"https:\/\/www.youtube.com\/embed\/PBQYqZqQOzM?feature=oembed\" frameborder=\"0\" allow=\"accelerometer; autoplay; clipboard-write; encrypted-media; gyroscope; picture-in-picture; web-share\" referrerpolicy=\"strict-origin-when-cross-origin\" allowfullscreen><\/iframe>\n<\/div><\/figure>\n\n<\/div>\n<\/div>\n\n<div class=\"gb-container gb-container-c93f6283\" id=\"lisser-contour-bouche\">\n\n<h2 class=\"gb-headline gb-headline-137cf59c gb-headline-text soin-h2--gold\">Lisser le contour de la bouche<\/h2>\n\n\n<div class=\"gb-container gb-container-18a83200 soin-separateur-titre\"><\/div>\n\n<div class=\"gb-container gb-container-06aa9a07 soin-video-container\">\n\n<figure class=\"wp-block-embed is-type-video is-provider-youtube wp-block-embed-youtube wp-embed-aspect-16-9 wp-has-aspect-ratio\"><div class=\"wp-block-embed__wrapper\">\n<iframe title=\"Lisser le contour de la bouche avec le laser - Dr Barry\" width=\"1200\" height=\"675\" src=\"https:\/\/www.youtube.com\/embed\/HQlR-B761yc?feature=oembed\" frameborder=\"0\" allow=\"accelerometer; autoplay; clipboard-write; encrypted-media; gyroscope; picture-in-picture; web-share\" referrerpolicy=\"strict-origin-when-cross-origin\" allowfullscreen><\/iframe>\n<\/div><\/figure>\n\n<\/div>\n<\/div>\n\n<div class=\"gb-container gb-container-ca3a931a\" id=\"fils-tenseurs\">\n\n<h2 class=\"gb-headline gb-headline-6981efd1 gb-headline-text soin-h2--gold\">Tensor threads<\/h2>\n\n\n<div class=\"gb-container gb-container-18a83200 soin-separateur-titre\"><\/div>\n\n<div class=\"gb-container gb-container-4603acc7 soin-video-container\">\n\n<figure class=\"wp-block-embed is-type-video is-provider-youtube wp-block-embed-youtube wp-embed-aspect-16-9 wp-has-aspect-ratio\"><div class=\"wp-block-embed__wrapper\">\n<iframe title=\"Tensor threads - Dr Barry\" width=\"1200\" height=\"675\" src=\"https:\/\/www.youtube.com\/embed\/kXcfC7kZh2M?feature=oembed\" frameborder=\"0\" allow=\"accelerometer; autoplay; clipboard-write; encrypted-media; gyroscope; picture-in-picture; web-share\" referrerpolicy=\"strict-origin-when-cross-origin\" allowfullscreen><\/iframe>\n<\/div><\/figure>\n\n<\/div>\n<\/div>\n\n<div class=\"gb-container gb-container-3a3dc9d7\" id=\"taches-pigmentaires\">\n\n<h2 class=\"gb-headline gb-headline-c4aea3b6 gb-headline-text soin-h2--gold\">Traitement des t\u00e2ches pigmentaires<\/h2>\n\n\n<div class=\"gb-container gb-container-18a83200 soin-separateur-titre\"><\/div>\n\n<div class=\"gb-container gb-container-dd5b8d48 soin-video-container\">\n\n<figure class=\"wp-block-embed is-type-video is-provider-youtube wp-block-embed-youtube wp-embed-aspect-16-9 wp-has-aspect-ratio\"><div class=\"wp-block-embed__wrapper\">\n<iframe title=\"Laser treatment of pigment spots - DR Barry\" width=\"1200\" height=\"675\" src=\"https:\/\/www.youtube.com\/embed\/3paof6oWcjo?feature=oembed\" frameborder=\"0\" allow=\"accelerometer; autoplay; clipboard-write; encrypted-media; gyroscope; picture-in-picture; web-share\" referrerpolicy=\"strict-origin-when-cross-origin\" allowfullscreen><\/iframe>\n<\/div><\/figure>\n\n<\/div>\n<\/div>\n\n<div class=\"gb-container gb-container-7b6ab5f3\">\n\n<h2 class=\"gb-headline gb-headline-6b2f6f1f gb-headline-text soin-h2--gold\" id=\"mesotherapie\">M\u00e9soth\u00e9rapie<\/h2>\n\n\n<div class=\"gb-container gb-container-18a83200 soin-separateur-titre\"><\/div>\n\n<div class=\"gb-container gb-container-a10e734b soin-video-container\">\n\n<figure class=\"wp-block-embed is-type-video is-provider-youtube wp-block-embed-youtube wp-embed-aspect-16-9 wp-has-aspect-ratio\"><div class=\"wp-block-embed__wrapper\">\n<iframe title=\"M\u00e9soth\u00e9rapie - Dr Barry\" width=\"1200\" height=\"675\" src=\"https:\/\/www.youtube.com\/embed\/YRlL2qlHIZc?feature=oembed\" frameborder=\"0\" allow=\"accelerometer; autoplay; clipboard-write; encrypted-media; gyroscope; picture-in-picture; web-share\" referrerpolicy=\"strict-origin-when-cross-origin\" allowfullscreen><\/iframe>\n<\/div><\/figure>\n\n<\/div>\n<\/div>\n\n<div class=\"gb-container gb-container-e84ac703\" id=\"peeling\">\n\n<h2 class=\"gb-headline gb-headline-c2a6615a gb-headline-text soin-h2--gold\">Le Peeling<\/h2>\n\n\n<div class=\"gb-container gb-container-18a83200 soin-separateur-titre\"><\/div>\n\n<div class=\"gb-container gb-container-02cde4e3 soin-video-container\">\n\n<figure class=\"wp-block-embed is-type-video is-provider-youtube wp-block-embed-youtube wp-embed-aspect-16-9 wp-has-aspect-ratio\"><div class=\"wp-block-embed__wrapper\">\n<iframe title=\"Peeling - Dr Bazrry\" width=\"1200\" height=\"675\" src=\"https:\/\/www.youtube.com\/embed\/Ipj-boeqpFs?feature=oembed\" frameborder=\"0\" allow=\"accelerometer; autoplay; clipboard-write; encrypted-media; gyroscope; picture-in-picture; web-share\" referrerpolicy=\"strict-origin-when-cross-origin\" allowfullscreen><\/iframe>\n<\/div><\/figure>\n\n<\/div>\n<\/div>\n\n<div class=\"gb-container gb-container-d42d66cc\" id=\"photorajeunissement\">\n\n<h2 class=\"gb-headline gb-headline-ebdb0180 gb-headline-text soin-h2--gold\">Le photorajeunissement<\/h2>\n\n\n<div class=\"gb-container gb-container-18a83200 soin-separateur-titre\"><\/div>\n\n<div class=\"gb-container gb-container-f5baa44a soin-video-container\">\n\n<figure class=\"wp-block-embed is-type-video is-provider-youtube wp-block-embed-youtube wp-embed-aspect-16-9 wp-has-aspect-ratio\"><div class=\"wp-block-embed__wrapper\">\n<iframe title=\"Photorejuvenation - Dr Barry\" width=\"1200\" height=\"675\" src=\"https:\/\/www.youtube.com\/embed\/Q48APJv3GHs?feature=oembed\" frameborder=\"0\" allow=\"accelerometer; autoplay; clipboard-write; encrypted-media; gyroscope; picture-in-picture; web-share\" referrerpolicy=\"strict-origin-when-cross-origin\" allowfullscreen><\/iframe>\n<\/div><\/figure>\n\n<\/div>\n<\/div>\n<\/section>\n\n<aside class=\"gb-container gb-container-9f04b338\">\n\n<h2 class=\"gb-headline gb-headline-cd80a778 gb-headline-text soin-autres-traitements-h3\">D\u00e9couvrez toutes nos techniques de rajeunissement du visage<\/h2>\n\n\n<div class=\"gb-container gb-container-12e8fd28 soin-autres-traitements-separateur\"><\/div>\n\n<div class=\"gb-container gb-container-b9ebe231\">\n<div class=\"gb-container gb-container-e8999cf5\">\n\n<div class=\"gb-grid-wrapper gb-grid-wrapper-6f685752 gb-query-loop-wrapper\">\n<div class=\"gb-grid-column gb-grid-column-51542ccb gb-query-loop-item post-169 page type-page status-publish a3w-page-category-techniques\"><div class=\"gb-container gb-container-51542ccb soin-autres-traitements-loop-inner-contanier\">\n<a class=\"gb-button gb-button-8c0f4c59 gb-button-text soin-autres-traitements-bouton\" href=\"https:\/\/www.docteur-barry.com\/en\/les-techniques-de-rajeunissement-de-la-peau\/fils-tenseurs\/\">Tensor threads<\/a>\n<\/div><\/div>\n\n<div class=\"gb-grid-column gb-grid-column-51542ccb gb-query-loop-item post-153 page type-page status-publish a3w-page-category-prestations a3w-page-category-techniques\"><div class=\"gb-container gb-container-51542ccb soin-autres-traitements-loop-inner-contanier\">\n<a class=\"gb-button gb-button-8c0f4c59 gb-button-text soin-autres-traitements-bouton\" href=\"https:\/\/www.docteur-barry.com\/en\/les-techniques-de-rajeunissement-de-la-peau\/acide-hyaluronique-pour-combler\/\">Hyaluronic acid to fill<\/a>\n<\/div><\/div>\n\n<div class=\"gb-grid-column gb-grid-column-51542ccb gb-query-loop-item post-159 page type-page status-publish a3w-page-category-techniques\"><div class=\"gb-container gb-container-51542ccb soin-autres-traitements-loop-inner-contanier\">\n<a class=\"gb-button gb-button-8c0f4c59 gb-button-text soin-autres-traitements-bouton\" href=\"https:\/\/www.docteur-barry.com\/en\/les-techniques-de-rajeunissement-de-la-peau\/la-cosmetique-sur-ordonnance\/\">Prescription cosmetics<\/a>\n<\/div><\/div>\n\n<div class=\"gb-grid-column gb-grid-column-51542ccb gb-query-loop-item post-134 page type-page status-publish a3w-page-category-cryolipolyse a3w-page-category-techniques\"><div class=\"gb-container gb-container-51542ccb soin-autres-traitements-loop-inner-contanier\">\n<a class=\"gb-button gb-button-8c0f4c59 gb-button-text soin-autres-traitements-bouton\" href=\"https:\/\/www.docteur-barry.com\/en\/les-techniques-de-rajeunissement-de-la-peau\/cryolipolyse-coolsculpting-compiegne-oise\/\">Cryolipolysis<\/a>\n<\/div><\/div>\n\n<div class=\"gb-grid-column gb-grid-column-51542ccb gb-query-loop-item post-135 page type-page status-publish a3w-page-category-techniques\"><div class=\"gb-container gb-container-51542ccb soin-autres-traitements-loop-inner-contanier\">\n<a class=\"gb-button gb-button-8c0f4c59 gb-button-text soin-autres-traitements-bouton\" href=\"https:\/\/www.docteur-barry.com\/en\/les-techniques-de-rajeunissement-de-la-peau\/radiofrequence-corps\/\">Radiofrequency for firming<\/a>\n<\/div><\/div>\n\n<div class=\"gb-grid-column gb-grid-column-51542ccb gb-query-loop-item post-170 page type-page status-publish a3w-page-category-acide-hyaluronique a3w-page-category-techniques\"><div class=\"gb-container gb-container-51542ccb soin-autres-traitements-loop-inner-contanier\">\n<a class=\"gb-button gb-button-8c0f4c59 gb-button-text soin-autres-traitements-bouton\" href=\"https:\/\/www.docteur-barry.com\/en\/les-techniques-de-rajeunissement-de-la-peau\/le-lifting-medical\/\">The medical facelift<\/a>\n<\/div><\/div>\n\n<div class=\"gb-grid-column gb-grid-column-51542ccb gb-query-loop-item post-158 page type-page status-publish a3w-page-category-techniques\"><div class=\"gb-container gb-container-51542ccb soin-autres-traitements-loop-inner-contanier\">\n<a class=\"gb-button gb-button-8c0f4c59 gb-button-text soin-autres-traitements-bouton\" href=\"https:\/\/www.docteur-barry.com\/en\/les-techniques-de-rajeunissement-de-la-peau\/le-mesolift-pour-repulper\/\">The mesolift to plump up<\/a>\n<\/div><\/div>\n\n<div class=\"gb-grid-column gb-grid-column-51542ccb gb-query-loop-item post-156 page type-page status-publish a3w-page-category-techniques\"><div class=\"gb-container gb-container-51542ccb soin-autres-traitements-loop-inner-contanier\">\n<a class=\"gb-button gb-button-8c0f4c59 gb-button-text soin-autres-traitements-bouton\" href=\"https:\/\/www.docteur-barry.com\/en\/les-techniques-de-rajeunissement-de-la-peau\/le-peeling-moyen-pour-renover\/\">The average peel to renovate<\/a>\n<\/div><\/div>\n\n<div class=\"gb-grid-column gb-grid-column-51542ccb gb-query-loop-item post-157 page type-page status-publish a3w-page-category-techniques\"><div class=\"gb-container gb-container-51542ccb soin-autres-traitements-loop-inner-contanier\">\n<a class=\"gb-button gb-button-8c0f4c59 gb-button-text soin-autres-traitements-bouton\" href=\"https:\/\/www.docteur-barry.com\/en\/les-techniques-de-rajeunissement-de-la-peau\/le-photorajeunissement-pour-rajeunir\/\">Photorejuvenation to rejuvenate<\/a>\n<\/div><\/div>\n\n<div class=\"gb-grid-column gb-grid-column-51542ccb gb-query-loop-item post-155 page type-page status-publish a3w-page-category-techniques\"><div class=\"gb-container gb-container-51542ccb soin-autres-traitements-loop-inner-contanier\">\n<a class=\"gb-button gb-button-8c0f4c59 gb-button-text soin-autres-traitements-bouton\" href=\"https:\/\/www.docteur-barry.com\/en\/les-techniques-de-rajeunissement-de-la-peau\/les-peelings-superficiels-pour-stimuler\/\">Superficial peels to stimulate<\/a>\n<\/div><\/div>\n<\/div>\n\n<\/div>\n<\/div>\n<\/aside>\n\n<aside class=\"gb-container gb-container-dafe4cc9\">\n<div class=\"gb-container gb-container-1bcaf30f\">\n<div data-aos-duration=\"1000\" data-aos-once=\"true\" data-aos=\"fade\" class=\"gb-container gb-container-41ac15ca\">\n\n<h2 class=\"gb-headline gb-headline-7ddbce32 gb-headline-text\">Book your consultation<\/h2>\n\n\n\n<p class=\"gb-headline gb-headline-30f1cc6d gb-headline-text\">D\u00e9marrez votre protocole de soins personnalis\u00e9s<\/p>\n\n\n<div class=\"gb-container gb-container-54c8a8d7\"><\/div>\n\n\n<p class=\"gb-headline gb-headline-9216de00 gb-headline-text\">Meet Doctor Barry for a personalized approach and discover how she can help you achieve your beauty goals.<\/p>\n\n<\/div>\n\n<div data-aos-delay=\"500\" data-aos-duration=\"1000\" data-aos-once=\"true\" data-aos=\"fade\" class=\"gb-container gb-container-0dcf903a\">\n\n<a class=\"gb-button gb-button-383c0ef4 btn-default btn-icon-right-1\" href=\"https:\/\/www.doctolib.fr\/medecin-generaliste\/compiegne\/laurence-barry\" target=\"_blank\" rel=\"noopener noreferrer\"><span class=\"gb-button-text\">Book a consultation<\/span><span class=\"gb-icon\"><svg viewbox=\"0 0 16 16\" class=\"bi bi-arrow-right\" fill=\"currentColor\" height=\"16\" width=\"16\" xmlns=\"http:\/\/www.w3.org\/2000\/svg\">   <path d=\"M1 8a.5.5 0 0 1 .5-.5h11.793l-3.147-3.146a.5.5 0 0 1 .708-.708l4 4a.5.5 0 0 1 0 .708l-4 4a.5.5 0 0 1-.708-.708L13.293 8.5H1.5A.5.5 0 0 1 1 8\" fill-rule=\"evenodd\"><\/path> <\/svg><\/span><\/a>\n\n<\/div>\n<\/div>\n<\/aside>","protected":false},"excerpt":{"rendered":"<p>D\u00e9couvrez les vid\u00e9os de pr\u00e9sentation des traitements en m\u00e9decine esth\u00e9tique et laser du Docteur Barry \u00e0 Compi\u00e8gne. Pr\u00e9sentation du dr barry Les injections d\u2019acide hyaluronique Le traitement de la couperose Les injections de botox Lisser le contour de la bouche Les fils tenseurs Traitement des t\u00e2ches pigmentaires M\u00e9soth\u00e9rapie Le Peeling Le photorajeunissement D\u00e9couvrez toutes nos &#8230; <a title=\"Vid\u00e9os\" class=\"read-more\" href=\"https:\/\/www.docteur-barry.com\/en\/videos-medecine-esthetique\/\" aria-label=\"Read more about Vid\u00e9os\">Read more<\/a><\/p>","protected":false},"author":1,"featured_media":0,"parent":0,"menu_order":0,"comment_status":"closed","ping_status":"open","template":"","meta":{"_seopress_robots_primary_cat":"","_seopress_titles_title":"Toutes les vid\u00e9os du dr Laurence Barry, m\u00e9decin esth\u00e9tique \u00e0 Compi\u00e8gne","_seopress_titles_desc":"Retrouvez toutes les vid\u00e9os du dr Laurence Barry, m\u00e9decin esth\u00e9tique \u00e0 Compi\u00e8gne dans l'OIse : cryolipolyse, injections, peeling...","_seopress_robots_index":"","_vp_format_video_url":"","_vp_image_focal_point":[],"footnotes":""},"a3w-page-category":[],"class_list":["post-132","page","type-page","status-publish"],"_links":{"self":[{"href":"https:\/\/www.docteur-barry.com\/en\/wp-json\/wp\/v2\/pages\/132","targetHints":{"allow":["GET"]}}],"collection":[{"href":"https:\/\/www.docteur-barry.com\/en\/wp-json\/wp\/v2\/pages"}],"about":[{"href":"https:\/\/www.docteur-barry.com\/en\/wp-json\/wp\/v2\/types\/page"}],"author":[{"embeddable":true,"href":"https:\/\/www.docteur-barry.com\/en\/wp-json\/wp\/v2\/users\/1"}],"replies":[{"embeddable":true,"href":"https:\/\/www.docteur-barry.com\/en\/wp-json\/wp\/v2\/comments?post=132"}],"version-history":[{"count":3,"href":"https:\/\/www.docteur-barry.com\/en\/wp-json\/wp\/v2\/pages\/132\/revisions"}],"predecessor-version":[{"id":2605,"href":"https:\/\/www.docteur-barry.com\/en\/wp-json\/wp\/v2\/pages\/132\/revisions\/2605"}],"wp:attachment":[{"href":"https:\/\/www.docteur-barry.com\/en\/wp-json\/wp\/v2\/media?parent=132"}],"wp:term":[{"taxonomy":"a3w-page-category","embeddable":true,"href":"https:\/\/www.docteur-barry.com\/en\/wp-json\/wp\/v2\/a3w-page-category?post=132"}],"curies":[{"name":"wp","href":"https:\/\/api.w.org\/{rel}","templated":true}]}}