{"id":134,"date":"2024-05-07T13:49:56","date_gmt":"2024-05-07T11:49:56","guid":{"rendered":"https:\/\/www.docteur-barry.com\/les-techniques-de-rajeunissement-de-la-peau\/cryolipolyse-coolsculpting-compiegne-oise\/"},"modified":"2025-10-21T14:37:47","modified_gmt":"2025-10-21T12:37:47","slug":"cryolipolyse-coolsculpting-compiegne-oise","status":"publish","type":"page","link":"https:\/\/www.docteur-barry.com\/en\/les-techniques-de-rajeunissement-de-la-peau\/cryolipolyse-coolsculpting-compiegne-oise\/","title":{"rendered":"Cryolipolysis"},"content":{"rendered":"<section class=\"gb-container gb-container-2dadddae\">\n<div class=\"gb-container gb-container-1b819d7d\">\n<div class=\"gb-container gb-container-12c70c8e\"><\/div>\n\n<h1 class=\"gb-headline gb-headline-4904e363 gb-headline-text soin-h1\">Cryolipolysis<\/h1>\n\n<div class=\"gb-container gb-container-2f12f2e8 breadcrumb-presta\">\n<nav  aria-label=\"breadcrumb\"><ol class=\"breadcrumb\" itemscope itemtype=\"https:\/\/schema.org\/BreadcrumbList\"><li class=\"breadcrumb-item active\" aria-current=\"page\" itemprop=\"itemListElement\" itemscope itemtype=\"https:\/\/schema.org\/ListItem\"><span itemprop=\"name\">Welcome<\/span><meta itemprop=\"position\" content=\"1\"><\/li><\/ol><\/nav>\n\n<\/div>\n<\/div>\n<\/section>\n\n<section class=\"gb-container gb-container-71b6a204\">\n<div class=\"gb-container gb-container-28ca6a54\">\n<div class=\"gb-grid-wrapper gb-grid-wrapper-f49148bf\">\n<div class=\"gb-grid-column gb-grid-column-d7b582fc\"><div class=\"gb-container gb-container-d7b582fc\">\n\n<p class=\"gb-headline gb-headline-1fce0a45 gb-headline-text soin-titre-page-strong--gold\"><strong>Cryolipolysis by CoolScultpting<\/strong>\u00ae: the technique<\/p>\n\n\n\n<h2 class=\"gb-headline gb-headline-fc29476e gb-headline-text soin-h2--gold\">What is Cryolipolysis by CoolSculpting\u00ae?<\/h2>\n\n\n<div class=\"gb-container gb-container-18a83200 soin-separateur-titre\"><\/div>\n\n\n<p>Cryolipolysis by <a href=\"https:\/\/www.docteur-barry.com\/en\/les-techniques-de-rajeunissement-de-la-peau\/cryolipolyse-coolsculpting-compiegne-oise\/pourquoi-choisir-le-coolsculpting\/\" data-type=\"page\" data-id=\"176\">CoolSculpting\u00ae<\/a> is a medical technique that destroys stubborn fat using cold. This is the most innovative and effective non-surgical cryolipolysis method for losing unsightly curves and bulges while refining and reshaping the silhouette. It is to a group of medical engineers led by Professor Rox Anderson, inventor of medical lasers at the prestigious Wellman Institute at Massachusetts General Hospital in Boston, that we owe this technology, the result of 10 years of research and development. .<\/p>\n\n\n\n<p>How does CoolSculpting\u00ae work? By the cold: unlike the skin and other tissues, fat cells are permanently destroyed by very low temperatures. This cryolipolysis technique allows you to lose a third of the fatty area treated in a single 35-minute session, in complete safety and without surgery. On the other hand, it is not a suitable treatment for cellulite.<\/p>\n\n\n\n<p>Cryolipolysis is aimed at <a href=\"https:\/\/www.docteur-barry.com\/en\/les-techniques-de-rajeunissement-de-la-peau\/cryolipolyse-coolsculpting-compiegne-oise\/le-body-contouring-coolsculpting-chez-les-hommes\/\" data-type=\"page\" data-id=\"171\">men<\/a> and women who are not overweight. Most patients have a healthy lifestyle and play sports. But despite all these efforts, there still remains an unsightly bulge that can make things complex...<\/p>\n\n<\/div><\/div>\n\n<div class=\"gb-grid-column gb-grid-column-2f4056cd\"><div class=\"gb-container gb-container-2f4056cd\">\n\n<figure class=\"gb-block-image gb-block-image-d9d86a3e\"><img decoding=\"async\" width=\"1920\" height=\"2560\" class=\"gb-image gb-image-d9d86a3e\" src=\"https:\/\/www.docteur-barry.com\/wp-content\/uploads\/2025\/10\/cryolipolyse-coolsculpting-compiegne-dr-barry-scaled.webp\" alt=\"\" title=\"cryolipolyse-coolsculpting-compiegne-dr-barry\" srcset=\"https:\/\/www.docteur-barry.com\/wp-content\/uploads\/2025\/10\/cryolipolyse-coolsculpting-compiegne-dr-barry-scaled.webp 1920w, https:\/\/www.docteur-barry.com\/wp-content\/uploads\/2025\/10\/cryolipolyse-coolsculpting-compiegne-dr-barry-225x300.webp 225w, https:\/\/www.docteur-barry.com\/wp-content\/uploads\/2025\/10\/cryolipolyse-coolsculpting-compiegne-dr-barry-768x1024.webp 768w, https:\/\/www.docteur-barry.com\/wp-content\/uploads\/2025\/10\/cryolipolyse-coolsculpting-compiegne-dr-barry-1152x1536.webp 1152w, https:\/\/www.docteur-barry.com\/wp-content\/uploads\/2025\/10\/cryolipolyse-coolsculpting-compiegne-dr-barry-1536x2048.webp 1536w, https:\/\/www.docteur-barry.com\/wp-content\/uploads\/2025\/10\/cryolipolyse-coolsculpting-compiegne-dr-barry-9x12.webp 9w, https:\/\/www.docteur-barry.com\/wp-content\/uploads\/2025\/10\/cryolipolyse-coolsculpting-compiegne-dr-barry-500x667.webp 500w, https:\/\/www.docteur-barry.com\/wp-content\/uploads\/2025\/10\/cryolipolyse-coolsculpting-compiegne-dr-barry-800x1067.webp 800w, https:\/\/www.docteur-barry.com\/wp-content\/uploads\/2025\/10\/cryolipolyse-coolsculpting-compiegne-dr-barry-1280x1707.webp 1280w\" sizes=\"(max-width: 1920px) 100vw, 1920px\" \/><\/figure>\n\n<\/div><\/div>\n<\/div>\n\n\n<h2 class=\"gb-headline gb-headline-96dadbe5 gb-headline-text soin-h2--gold\">Cryolipolysis by CoolSculpting\u00ae: the ideal locations<\/h2>\n\n\n<div class=\"gb-container gb-container-18a83200 soin-separateur-titre\"><\/div>\n\n\n<ul class=\"wp-block-list\">\n<li>Male chest, bra folds,<\/li>\n\n\n\n<li>Abdomen, stomach,<\/li>\n\n\n\n<li>Love handles,<\/li>\n\n\n\n<li>Horse breeches,<\/li>\n\n\n\n<li>Inner surface of the thighs,<\/li>\n\n\n\n<li>Outer side of the arms,<\/li>\n\n\n\n<li>Double chin<\/li>\n<\/ul>\n\n\n\n<h2 class=\"gb-headline gb-headline-3aa82026 gb-headline-text soin-h2--gold\">A session for a flat stomach with CoolSculpting\u00ae<\/h2>\n\n\n<div class=\"gb-container gb-container-18a83200 soin-separateur-titre\"><\/div>\n\n\n<p>The treatment cycle for one area lasts 35 minutes. The thicker and more extensive the area, the greater the number of cycles will be.<\/p>\n\n\n\n<p>I apply a gel wipe to protect the skin then I apply an applicator to the area to be treated, combining the effects of suction and cold. You feel a pinching as well as a moderate cold. Tingling may also occur but disappears as the treated area becomes numb. Sitting comfortably, you can read, listen to music, check your emails or take a nap during the treatment.<\/p>\n\n\n\n<p>In a few minutes, the temperature, continuously monitored by the device, is lowered to approximately -10 degrees. CoolSculpting controls the temperature on the treated area at all times, allowing it to maintain intense cold for the duration required to eliminate fat.<\/p>\n\n\n\n<p>Refrigeration treatment results in the natural death of targeted fat cells. Less sensitive to cold, neighboring cells and muscles are not affected. Over the next few weeks, the body begins to eliminate dead fat cells on its own.<\/p>\n\n\n\n<p>The elimination of fat cells leads to a concentration of the remaining cells, a general decrease in the fat layer.<\/p>\n\n\n\n<p>During the session, the doctor&#039;s assistant regularly checks that the treatment is going well. The applicators come in various shapes and sizes to adapt to the natural contours of the body and to treat large areas in one go.<\/p>\n\n\n\n<h2 class=\"gb-headline gb-headline-dbf62f39 gb-headline-text soin-h2--gold\">Aftermath of CoolSculpting\u00ae cyolipolysis treatment<\/h2>\n\n\n<div class=\"gb-container gb-container-18a83200 soin-separateur-titre\"><\/div>\n\n\n<p>Resumption of activities is immediate after CoolSculpting. The treated area is red and slightly numb for a few hours. Sometimes, following aspiration of the skin, some hematomas may appear but they disappear after a few days. You may experience soreness for seven to ten days.<\/p>\n\n\n\n<h2 class=\"gb-headline gb-headline-375806e0 gb-headline-text soin-h2--gold\">Cryolipolysis by CoolSculpting\u00ae: the results<\/h2>\n\n\n<div class=\"gb-container gb-container-18a83200 soin-separateur-titre\"><\/div>\n\n\n<p>After 7 years of follow-up, we have not noticed any reappearance of fat in the treated areas.<\/p>\n\n\n\n<p>Non-responsive fats are very rare, in some patients the result is insufficient after a single hour of treatment so a second hour must be planned on the same area.<\/p>\n\n\n\n<p>Much more often, the destruction of fat cells is major and the results are stunning after an hour of cold delivered by Coolsculpting.<\/p>\n\n\n\n<p>If you gain weight again, it will be distributed elsewhere and very moderately in the treated area.<\/p>\n\n\n\n<h2 class=\"gb-headline gb-headline-59512939 gb-headline-text soin-h2--gold\">Cryolipolysis prices by CoolSculpting\u00ae<\/h2>\n\n\n<div class=\"gb-container gb-container-18a83200 soin-separateur-titre\"><\/div>\n<\/div>\n<\/section>\n\n<aside class=\"gb-container gb-container-9f04b338\">\n\n<h2 class=\"gb-headline gb-headline-cd80a778 gb-headline-text soin-autres-traitements-h3\">Learn more about cryolipolysis and CoolSculpting\u00ae<\/h2>\n\n\n<div class=\"gb-container gb-container-12e8fd28 soin-autres-traitements-separateur\"><\/div>\n\n<div class=\"gb-container gb-container-b9ebe231\">\n<div class=\"gb-container gb-container-e8999cf5\">\n\n<div class=\"gb-grid-wrapper gb-grid-wrapper-6f685752 gb-query-loop-wrapper\">\n<div class=\"gb-grid-column gb-grid-column-51542ccb gb-query-loop-item post-172 page type-page status-publish a3w-page-category-cryolipolyse a3w-page-category-silhouette\"><div class=\"gb-container gb-container-51542ccb soin-autres-traitements-loop-inner-contanier\">\n<a class=\"gb-button gb-button-8c0f4c59 gb-button-text soin-autres-traitements-bouton\" href=\"https:\/\/www.docteur-barry.com\/en\/les-techniques-de-rajeunissement-de-la-peau\/cryolipolyse-coolsculpting-compiegne-oise\/la-cryolipolyse-par-coolsculpting\/\">Cryolipolysis by Coolsculpting<\/a>\n<\/div><\/div>\n\n<div class=\"gb-grid-column gb-grid-column-51542ccb gb-query-loop-item post-174 page type-page status-publish a3w-page-category-cryolipolyse\"><div class=\"gb-container gb-container-51542ccb soin-autres-traitements-loop-inner-contanier\">\n<a class=\"gb-button gb-button-8c0f4c59 gb-button-text soin-autres-traitements-bouton\" href=\"https:\/\/www.docteur-barry.com\/en\/les-techniques-de-rajeunissement-de-la-peau\/cryolipolyse-coolsculpting-compiegne-oise\/la-cryolipolyse-comment-ca-marche\/\">Cryolipolysis, how does it work?<\/a>\n<\/div><\/div>\n\n<div class=\"gb-grid-column gb-grid-column-51542ccb gb-query-loop-item post-171 page type-page status-publish a3w-page-category-cryolipolyse\"><div class=\"gb-container gb-container-51542ccb soin-autres-traitements-loop-inner-contanier\">\n<a class=\"gb-button gb-button-8c0f4c59 gb-button-text soin-autres-traitements-bouton\" href=\"https:\/\/www.docteur-barry.com\/en\/les-techniques-de-rajeunissement-de-la-peau\/cryolipolyse-coolsculpting-compiegne-oise\/le-body-contouring-coolsculpting-chez-les-hommes\/\">Body contouring (Coolsculpting) for men<\/a>\n<\/div><\/div>\n\n<div class=\"gb-grid-column gb-grid-column-51542ccb gb-query-loop-item post-173 page type-page status-publish a3w-page-category-cryolipolyse\"><div class=\"gb-container gb-container-51542ccb soin-autres-traitements-loop-inner-contanier\">\n<a class=\"gb-button gb-button-8c0f4c59 gb-button-text soin-autres-traitements-bouton\" href=\"https:\/\/www.docteur-barry.com\/en\/les-techniques-de-rajeunissement-de-la-peau\/cryolipolyse-coolsculpting-compiegne-oise\/les-facteurs-emotionnels-derriere-le-besoin-de-maigrir-facilement\/\">The emotional factors behind the need to lose weight easily<\/a>\n<\/div><\/div>\n\n<div class=\"gb-grid-column gb-grid-column-51542ccb gb-query-loop-item post-175 page type-page status-publish a3w-page-category-cryolipolyse\"><div class=\"gb-container gb-container-51542ccb soin-autres-traitements-loop-inner-contanier\">\n<a class=\"gb-button gb-button-8c0f4c59 gb-button-text soin-autres-traitements-bouton\" href=\"https:\/\/www.docteur-barry.com\/en\/les-techniques-de-rajeunissement-de-la-peau\/cryolipolyse-coolsculpting-compiegne-oise\/les-resultats-et-suites-du-traitement\/\">The results and consequences of the treatment<\/a>\n<\/div><\/div>\n\n<div class=\"gb-grid-column gb-grid-column-51542ccb gb-query-loop-item post-176 page type-page status-publish a3w-page-category-cryolipolyse\"><div class=\"gb-container gb-container-51542ccb soin-autres-traitements-loop-inner-contanier\">\n<a class=\"gb-button gb-button-8c0f4c59 gb-button-text soin-autres-traitements-bouton\" href=\"https:\/\/www.docteur-barry.com\/en\/les-techniques-de-rajeunissement-de-la-peau\/cryolipolyse-coolsculpting-compiegne-oise\/pourquoi-choisir-le-coolsculpting\/\">Why choose Coolsculpting\u00ae?<\/a>\n<\/div><\/div>\n<\/div>\n\n<\/div>\n<\/div>\n<\/aside>\n\n<aside class=\"gb-container gb-container-659eaa6c\">\n\n<h2 class=\"gb-headline gb-headline-b2e6254b gb-headline-text soin-autres-traitements-h3\">Learn more about aesthetic medicine techniques<\/h2>\n\n\n<div class=\"gb-container gb-container-c3c15813 soin-autres-traitements-separateur\"><\/div>\n\n<div class=\"gb-container gb-container-58c25d3a\">\n<div class=\"gb-container gb-container-38489930\">\n\n<div class=\"gb-grid-wrapper gb-grid-wrapper-552173c9 gb-query-loop-wrapper\">\n<div class=\"gb-grid-column gb-grid-column-ce6e8510 gb-query-loop-item post-169 page type-page status-publish a3w-page-category-techniques\"><div class=\"gb-container gb-container-ce6e8510 soin-autres-traitements-loop-inner-contanier\">\n<a class=\"gb-button gb-button-c54ad869 gb-button-text soin-autres-traitements-bouton\" href=\"https:\/\/www.docteur-barry.com\/en\/les-techniques-de-rajeunissement-de-la-peau\/fils-tenseurs\/\">Tensor threads<\/a>\n<\/div><\/div>\n\n<div class=\"gb-grid-column gb-grid-column-ce6e8510 gb-query-loop-item post-153 page type-page status-publish a3w-page-category-prestations a3w-page-category-techniques\"><div class=\"gb-container gb-container-ce6e8510 soin-autres-traitements-loop-inner-contanier\">\n<a class=\"gb-button gb-button-c54ad869 gb-button-text soin-autres-traitements-bouton\" href=\"https:\/\/www.docteur-barry.com\/en\/les-techniques-de-rajeunissement-de-la-peau\/acide-hyaluronique-pour-combler\/\">Hyaluronic acid to fill<\/a>\n<\/div><\/div>\n\n<div class=\"gb-grid-column gb-grid-column-ce6e8510 gb-query-loop-item post-159 page type-page status-publish a3w-page-category-techniques\"><div class=\"gb-container gb-container-ce6e8510 soin-autres-traitements-loop-inner-contanier\">\n<a class=\"gb-button gb-button-c54ad869 gb-button-text soin-autres-traitements-bouton\" href=\"https:\/\/www.docteur-barry.com\/en\/les-techniques-de-rajeunissement-de-la-peau\/la-cosmetique-sur-ordonnance\/\">Prescription cosmetics<\/a>\n<\/div><\/div>\n\n<div class=\"gb-grid-column gb-grid-column-ce6e8510 gb-query-loop-item post-135 page type-page status-publish a3w-page-category-techniques\"><div class=\"gb-container gb-container-ce6e8510 soin-autres-traitements-loop-inner-contanier\">\n<a class=\"gb-button gb-button-c54ad869 gb-button-text soin-autres-traitements-bouton\" href=\"https:\/\/www.docteur-barry.com\/en\/les-techniques-de-rajeunissement-de-la-peau\/radiofrequence-corps\/\">Radiofrequency for firming<\/a>\n<\/div><\/div>\n\n<div class=\"gb-grid-column gb-grid-column-ce6e8510 gb-query-loop-item post-170 page type-page status-publish a3w-page-category-acide-hyaluronique a3w-page-category-techniques\"><div class=\"gb-container gb-container-ce6e8510 soin-autres-traitements-loop-inner-contanier\">\n<a class=\"gb-button gb-button-c54ad869 gb-button-text soin-autres-traitements-bouton\" href=\"https:\/\/www.docteur-barry.com\/en\/les-techniques-de-rajeunissement-de-la-peau\/le-lifting-medical\/\">The medical facelift<\/a>\n<\/div><\/div>\n\n<div class=\"gb-grid-column gb-grid-column-ce6e8510 gb-query-loop-item post-158 page type-page status-publish a3w-page-category-techniques\"><div class=\"gb-container gb-container-ce6e8510 soin-autres-traitements-loop-inner-contanier\">\n<a class=\"gb-button gb-button-c54ad869 gb-button-text soin-autres-traitements-bouton\" href=\"https:\/\/www.docteur-barry.com\/en\/les-techniques-de-rajeunissement-de-la-peau\/le-mesolift-pour-repulper\/\">The mesolift to plump up<\/a>\n<\/div><\/div>\n\n<div class=\"gb-grid-column gb-grid-column-ce6e8510 gb-query-loop-item post-156 page type-page status-publish a3w-page-category-techniques\"><div class=\"gb-container gb-container-ce6e8510 soin-autres-traitements-loop-inner-contanier\">\n<a class=\"gb-button gb-button-c54ad869 gb-button-text soin-autres-traitements-bouton\" href=\"https:\/\/www.docteur-barry.com\/en\/les-techniques-de-rajeunissement-de-la-peau\/le-peeling-moyen-pour-renover\/\">The average peel to renovate<\/a>\n<\/div><\/div>\n\n<div class=\"gb-grid-column gb-grid-column-ce6e8510 gb-query-loop-item post-157 page type-page status-publish a3w-page-category-techniques\"><div class=\"gb-container gb-container-ce6e8510 soin-autres-traitements-loop-inner-contanier\">\n<a class=\"gb-button gb-button-c54ad869 gb-button-text soin-autres-traitements-bouton\" href=\"https:\/\/www.docteur-barry.com\/en\/les-techniques-de-rajeunissement-de-la-peau\/le-photorajeunissement-pour-rajeunir\/\">Photorejuvenation to rejuvenate<\/a>\n<\/div><\/div>\n\n<div class=\"gb-grid-column gb-grid-column-ce6e8510 gb-query-loop-item post-155 page type-page status-publish a3w-page-category-techniques\"><div class=\"gb-container gb-container-ce6e8510 soin-autres-traitements-loop-inner-contanier\">\n<a class=\"gb-button gb-button-c54ad869 gb-button-text soin-autres-traitements-bouton\" href=\"https:\/\/www.docteur-barry.com\/en\/les-techniques-de-rajeunissement-de-la-peau\/les-peelings-superficiels-pour-stimuler\/\">Superficial peels to stimulate<\/a>\n<\/div><\/div>\n\n<div class=\"gb-grid-column gb-grid-column-ce6e8510 gb-query-loop-item post-130 page type-page status-publish a3w-page-category-techniques\"><div class=\"gb-container gb-container-ce6e8510 soin-autres-traitements-loop-inner-contanier\">\n<a class=\"gb-button gb-button-c54ad869 gb-button-text soin-autres-traitements-bouton\" href=\"https:\/\/www.docteur-barry.com\/en\/les-techniques-de-rajeunissement-de-la-peau\/\">Skin rejuvenation techniques<\/a>\n<\/div><\/div>\n<\/div>\n\n<\/div>\n<\/div>\n<\/aside>\n\n<aside class=\"gb-container gb-container-dafe4cc9\">\n<div class=\"gb-container gb-container-1bcaf30f\">\n<div data-aos-duration=\"1000\" data-aos-once=\"true\" data-aos=\"fade\" class=\"gb-container gb-container-41ac15ca\">\n\n<h2 class=\"gb-headline gb-headline-7ddbce32 gb-headline-text\">Book your consultation<\/h2>\n\n\n\n<p class=\"gb-headline gb-headline-30f1cc6d gb-headline-text\">D\u00e9marrez votre protocole de soins personnalis\u00e9s<\/p>\n\n\n<div class=\"gb-container gb-container-54c8a8d7\"><\/div>\n\n\n<p class=\"gb-headline gb-headline-9216de00 gb-headline-text\">Meet Doctor Barry for a personalized approach and discover how she can help you achieve your beauty goals.<\/p>\n\n<\/div>\n\n<div data-aos-delay=\"500\" data-aos-duration=\"1000\" data-aos-once=\"true\" data-aos=\"fade\" class=\"gb-container gb-container-0dcf903a\">\n\n<a class=\"gb-button gb-button-383c0ef4 btn-default btn-icon-right-1\" href=\"https:\/\/www.doctolib.fr\/medecin-generaliste\/compiegne\/laurence-barry\" target=\"_blank\" rel=\"noopener noreferrer\"><span class=\"gb-button-text\">Book a consultation<\/span><span class=\"gb-icon\"><svg viewbox=\"0 0 16 16\" class=\"bi bi-arrow-right\" fill=\"currentColor\" height=\"16\" width=\"16\" xmlns=\"http:\/\/www.w3.org\/2000\/svg\">   <path d=\"M1 8a.5.5 0 0 1 .5-.5h11.793l-3.147-3.146a.5.5 0 0 1 .708-.708l4 4a.5.5 0 0 1 0 .708l-4 4a.5.5 0 0 1-.708-.708L13.293 8.5H1.5A.5.5 0 0 1 1 8\" fill-rule=\"evenodd\"><\/path> <\/svg><\/span><\/a>\n\n<\/div>\n<\/div>\n<\/aside>","protected":false},"excerpt":{"rendered":"<p>Cryolipolyse par CoolSculpting\u00ae : les localisations id\u00e9ales Une s\u00e9ance pour un ventre plat avec CoolSculpting\u00ae Le cycle de traitement d\u2019une zone dure 35 minutes. Plus la zone est \u00e9paisse et \u00e9tendue, plus le nombre de cycles sera important. Je pose une lingette de gel pour prot\u00e9ger la peau puis j\u2019applique sur la zone \u00e0 traiter &#8230; <a title=\"Cryolipolysis\" class=\"read-more\" href=\"https:\/\/www.docteur-barry.com\/en\/les-techniques-de-rajeunissement-de-la-peau\/cryolipolyse-coolsculpting-compiegne-oise\/\" aria-label=\"Read more about La Cryolipolyse\">Read more<\/a><\/p>","protected":false},"author":1,"featured_media":0,"parent":130,"menu_order":0,"comment_status":"closed","ping_status":"closed","template":"","meta":{"_seopress_robots_primary_cat":"","_seopress_titles_title":"La Cryolipolyse Coolsculpting \u00e0 Compi\u00e8gne - Dr L. Barry (Oise)","_seopress_titles_desc":"D\u00e9couvriez la nouvelle technique m\u00e9dicale d\u00e9truisant par le froid les graisses situ\u00e9es sur le ventre, les hanches, la culotte de cheval et les cuisses, les bras et le menton - Creil, Beauvais","_seopress_robots_index":"","_vp_format_video_url":"","_vp_image_focal_point":[],"footnotes":""},"a3w-page-category":[35,34],"class_list":{"0":"post-134","1":"page","2":"type-page","3":"status-publish","5":"a3w-page-category-cryolipolyse","6":"a3w-page-category-techniques"},"_links":{"self":[{"href":"https:\/\/www.docteur-barry.com\/en\/wp-json\/wp\/v2\/pages\/134","targetHints":{"allow":["GET"]}}],"collection":[{"href":"https:\/\/www.docteur-barry.com\/en\/wp-json\/wp\/v2\/pages"}],"about":[{"href":"https:\/\/www.docteur-barry.com\/en\/wp-json\/wp\/v2\/types\/page"}],"author":[{"embeddable":true,"href":"https:\/\/www.docteur-barry.com\/en\/wp-json\/wp\/v2\/users\/1"}],"replies":[{"embeddable":true,"href":"https:\/\/www.docteur-barry.com\/en\/wp-json\/wp\/v2\/comments?post=134"}],"version-history":[{"count":3,"href":"https:\/\/www.docteur-barry.com\/en\/wp-json\/wp\/v2\/pages\/134\/revisions"}],"predecessor-version":[{"id":3856,"href":"https:\/\/www.docteur-barry.com\/en\/wp-json\/wp\/v2\/pages\/134\/revisions\/3856"}],"up":[{"embeddable":true,"href":"https:\/\/www.docteur-barry.com\/en\/wp-json\/wp\/v2\/pages\/130"}],"wp:attachment":[{"href":"https:\/\/www.docteur-barry.com\/en\/wp-json\/wp\/v2\/media?parent=134"}],"wp:term":[{"taxonomy":"a3w-page-category","embeddable":true,"href":"https:\/\/www.docteur-barry.com\/en\/wp-json\/wp\/v2\/a3w-page-category?post=134"}],"curies":[{"name":"wp","href":"https:\/\/api.w.org\/{rel}","templated":true}]}}