{"id":135,"date":"2024-05-07T13:49:56","date_gmt":"2024-05-07T11:49:56","guid":{"rendered":"https:\/\/www.docteur-barry.com\/les-techniques-de-rajeunissement-de-la-peau\/radiofrequence-corps\/"},"modified":"2025-10-21T14:40:02","modified_gmt":"2025-10-21T12:40:02","slug":"radiofrequence-corps","status":"publish","type":"page","link":"https:\/\/www.docteur-barry.com\/en\/les-techniques-de-rajeunissement-de-la-peau\/radiofrequence-corps\/","title":{"rendered":"Radiofrequency for firming"},"content":{"rendered":"<section class=\"gb-container gb-container-2dadddae\">\n<div class=\"gb-container gb-container-1b819d7d\">\n<div class=\"gb-container gb-container-12c70c8e\"><\/div>\n\n<h1 class=\"gb-headline gb-headline-4904e363 gb-headline-text soin-h1\">Radiofrequency for firming<\/h1>\n\n<div class=\"gb-container gb-container-2f12f2e8 breadcrumb-presta\">\n<nav  aria-label=\"breadcrumb\"><ol class=\"breadcrumb\" itemscope itemtype=\"https:\/\/schema.org\/BreadcrumbList\"><li class=\"breadcrumb-item active\" aria-current=\"page\" itemprop=\"itemListElement\" itemscope itemtype=\"https:\/\/schema.org\/ListItem\"><span itemprop=\"name\">Welcome<\/span><meta itemprop=\"position\" content=\"1\"><\/li><\/ol><\/nav>\n\n<\/div>\n<\/div>\n<\/section>\n\n<section class=\"gb-container gb-container-71b6a204\">\n<div class=\"gb-container gb-container-28ca6a54\">\n<div class=\"gb-container gb-container-57aa6b49\">\n<div class=\"gb-container gb-container-397f5acf\">\n\n<h2 class=\"gb-headline gb-headline-fc29476e gb-headline-text soin-h2--gold\">How to firm sagging skin?<\/h2>\n\n\n<div class=\"gb-container gb-container-18a83200 soin-separateur-titre\"><\/div>\n\n\n<p>Treatment with monopolar Radio Frequency coupled with focused ultrasound makes it possible to strengthen existing collagen fibers weakened over time on the body and face. For smoother, more supple and firmer skin.<\/p>\n\n\n\n<p>Radio Frequency is a skin firming technique using heat production in the dermis (middle layer of the skin). Radio Frequency is based on the emission of high frequency electrical waves which penetrate the skin, causing an increase in the heat of the dermis which will stimulate the production of collagen at the cell level. Thus, this technique stimulates and tightens the existing collagen fibers giving the skin a firmer, tighter appearance.<\/p>\n\n<\/div>\n\n<div class=\"gb-container gb-container-4210866e\">\n\n<figure class=\"gb-block-image gb-block-image-7f2c91b1\"><img decoding=\"async\" width=\"1536\" height=\"674\" class=\"gb-image gb-image-7f2c91b1 soin-header-image\" src=\"https:\/\/www.docteur-barry.com\/wp-content\/uploads\/2024\/07\/Amelioration-cellulite-relachement-cutane-Radiofrequence-compiegne-dr-barry-1536x674.jpg.webp\" alt=\"Radiofr\u00e9quence \u00e0 Compi\u00e8gne dans l'Oise - Dr Barry\" srcset=\"https:\/\/www.docteur-barry.com\/wp-content\/uploads\/2024\/07\/Amelioration-cellulite-relachement-cutane-Radiofrequence-compiegne-dr-barry-1536x674.jpg.webp 1536w, https:\/\/www.docteur-barry.com\/wp-content\/uploads\/2024\/07\/Amelioration-cellulite-relachement-cutane-Radiofrequence-compiegne-dr-barry-1536x674.jpg-300x132.webp 300w, https:\/\/www.docteur-barry.com\/wp-content\/uploads\/2024\/07\/Amelioration-cellulite-relachement-cutane-Radiofrequence-compiegne-dr-barry-1536x674.jpg-1024x449.webp 1024w, https:\/\/www.docteur-barry.com\/wp-content\/uploads\/2024\/07\/Amelioration-cellulite-relachement-cutane-Radiofrequence-compiegne-dr-barry-1536x674.jpg-768x337.webp 768w, https:\/\/www.docteur-barry.com\/wp-content\/uploads\/2024\/07\/Amelioration-cellulite-relachement-cutane-Radiofrequence-compiegne-dr-barry-1536x674.jpg-500x219.webp 500w, https:\/\/www.docteur-barry.com\/wp-content\/uploads\/2024\/07\/Amelioration-cellulite-relachement-cutane-Radiofrequence-compiegne-dr-barry-1536x674.jpg-800x351.webp 800w, https:\/\/www.docteur-barry.com\/wp-content\/uploads\/2024\/07\/Amelioration-cellulite-relachement-cutane-Radiofrequence-compiegne-dr-barry-1536x674.jpg-1280x562.webp 1280w\" sizes=\"(max-width: 1536px) 100vw, 1536px\" \/><\/figure>\n\n<\/div>\n<\/div>\n\n\n<p>It is also called <em>skin tightening<\/em> Or <em>body contouring<\/em>.<\/p>\n\n\n\n<p>Skin firming using the EXILIS ELITE device (Exilis Elite, BTL Industries Inc., Boston, MA, USA) combines monopolar radiofrequency with ultrasound. It has received approval from the FDA (American health authority) and has been marketed since 2009 in the United States.<\/p>\n\n\n\n<p>This technique is aimed at people who are looking for skin firming or improvement in skin texture.<\/p>\n\n\n\n<h2 class=\"gb-headline gb-headline-7be918e6 gb-headline-text soin-h2--gold\">Body firming<\/h2>\n\n\n<div class=\"gb-container gb-container-18a83200 soin-separateur-titre\"><\/div>\n\n\n<ul class=\"wp-block-list\">\n<li>Stomach (slackness- stretch marks),<\/li>\n\n\n\n<li>Thighs,<\/li>\n\n\n\n<li>Arm,<\/li>\n\n\n\n<li>Hands,<\/li>\n\n\n\n<li>Knees,<\/li>\n\n\n\n<li>Thighs,<\/li>\n\n\n\n<li>Flanks<\/li>\n\n\n\n<li>Cellulite localized in the thighs, stomach, back and knees.<\/li>\n<\/ul>\n\n\n\n<h2 class=\"gb-headline gb-headline-b860fa73 gb-headline-text soin-h2--gold\">Facial firming<\/h2>\n\n\n<div class=\"gb-container gb-container-18a83200 soin-separateur-titre\"><\/div>\n\n\n<ul class=\"wp-block-list\">\n<li>Improved tone of the oval<\/li>\n\n\n\n<li>Reduction of double chin<\/li>\n\n\n\n<li>Treatment of emerging jowls<\/li>\n\n\n\n<li>Neck smoothing<\/li>\n\n\n\n<li>Fade of fine lines on the face and neck<\/li>\n\n\n\n<li>Eye lifting, smoothing of the eye contour<\/li>\n\n\n\n<li>Facial contouring<\/li>\n<\/ul>\n\n\n\n<p>The texture of the skin will gradually firm up over the course of the sessions. An average of 3 to 6 sessions spaced 2 weeks apart is recommended. Then an interview of one session per quarter.<\/p>\n\n\n\n<p>The effects are visible from the 2nd session and will intensify as the sessions progress and even up to several months after the treatment.<\/p>\n\n\n\n<p>Radio Frequency skin sagging treatment is suitable for all skin types, even tanned skin. It can therefore be carried out all year round.<\/p>\n\n\n\n<h2 class=\"gb-headline gb-headline-6452face gb-headline-text soin-h2--gold\">During the radiofrequency session<\/h2>\n\n\n<div class=\"gb-container gb-container-18a83200 soin-separateur-titre\"><\/div>\n\n\n<p>Radio Frequency is applied by handpieces directly to the skin. The patient feels heat.<\/p>\n\n\n\n<h2 class=\"gb-headline gb-headline-316f53b9 gb-headline-text soin-h2--gold\">Duration of treatment<\/h2>\n\n\n<div class=\"gb-container gb-container-18a83200 soin-separateur-titre\"><\/div>\n\n\n<p>30 to 60 minutes depending on the area to be treated.<\/p>\n\n\n\n<p>After the session, a slight erythema (pink skin) may be observed. But no social eviction is to be expected: the resumption of your activities is immediate!<\/p>\n\n\n\n<h2 class=\"gb-headline gb-headline-3bafec43 gb-headline-text soin-h2--gold\">Contraindications to radiofrequency treatment<\/h2>\n\n\n<div class=\"gb-container gb-container-18a83200 soin-separateur-titre\"><\/div>\n\n\n<ul class=\"wp-block-list\">\n<li>Pregnant or breastfeeding women<\/li>\n\n\n\n<li>Pacemaker carriers<\/li>\n\n\n\n<li>Wearers of metal devices in the area to be treated (hip prosthesis, IUD)<\/li>\n\n\n\n<li>People with skin cancer<\/li>\n\n\n\n<li>People with skin lesions in the area to be treated<\/li>\n<\/ul>\n\n\n\n<h2 class=\"gb-headline gb-headline-d18c88ec gb-headline-text soin-h2--gold\">Radio frequency prices<\/h2>\n\n\n<div class=\"gb-container gb-container-18a83200 soin-separateur-titre\"><\/div>\n\n\n<p>Exilis Elite\u00ae radiofrequency (skin sagging treatment)<\/p>\n\n\n\n<ul class=\"wp-block-list\">\n<li>Look: \u20ac150 including tax\/session<\/li>\n\n\n\n<li>Oval + neck: \u20ac280 including tax\/session<\/li>\n\n\n\n<li>Neck: \u20ac180 including tax\/session<\/li>\n\n\n\n<li>Abdomen: \u20ac190 including tax\/session<\/li>\n\n\n\n<li>Inner side of the arms: \u20ac190 including tax\/session<\/li>\n<\/ul>\n\n<\/div>\n<\/section>\n\n<aside class=\"gb-container gb-container-659eaa6c\">\n\n<h2 class=\"gb-headline gb-headline-b2e6254b gb-headline-text soin-autres-traitements-h3\">Learn more about aesthetic medicine techniques<\/h2>\n\n\n<div class=\"gb-container gb-container-c3c15813 soin-autres-traitements-separateur\"><\/div>\n\n<div class=\"gb-container gb-container-58c25d3a\">\n<div class=\"gb-container gb-container-38489930\">\n\n<div class=\"gb-grid-wrapper gb-grid-wrapper-552173c9 gb-query-loop-wrapper\">\n<div class=\"gb-grid-column gb-grid-column-ce6e8510 gb-query-loop-item post-169 page type-page status-publish a3w-page-category-techniques\"><div class=\"gb-container gb-container-ce6e8510 soin-autres-traitements-loop-inner-contanier\">\n<a class=\"gb-button gb-button-c54ad869 gb-button-text soin-autres-traitements-bouton\" href=\"https:\/\/www.docteur-barry.com\/en\/les-techniques-de-rajeunissement-de-la-peau\/fils-tenseurs\/\">Tensor threads<\/a>\n<\/div><\/div>\n\n<div class=\"gb-grid-column gb-grid-column-ce6e8510 gb-query-loop-item post-153 page type-page status-publish a3w-page-category-prestations a3w-page-category-techniques\"><div class=\"gb-container gb-container-ce6e8510 soin-autres-traitements-loop-inner-contanier\">\n<a class=\"gb-button gb-button-c54ad869 gb-button-text soin-autres-traitements-bouton\" href=\"https:\/\/www.docteur-barry.com\/en\/les-techniques-de-rajeunissement-de-la-peau\/acide-hyaluronique-pour-combler\/\">Hyaluronic acid to fill<\/a>\n<\/div><\/div>\n\n<div class=\"gb-grid-column gb-grid-column-ce6e8510 gb-query-loop-item post-159 page type-page status-publish a3w-page-category-techniques\"><div class=\"gb-container gb-container-ce6e8510 soin-autres-traitements-loop-inner-contanier\">\n<a class=\"gb-button gb-button-c54ad869 gb-button-text soin-autres-traitements-bouton\" href=\"https:\/\/www.docteur-barry.com\/en\/les-techniques-de-rajeunissement-de-la-peau\/la-cosmetique-sur-ordonnance\/\">Prescription cosmetics<\/a>\n<\/div><\/div>\n\n<div class=\"gb-grid-column gb-grid-column-ce6e8510 gb-query-loop-item post-134 page type-page status-publish a3w-page-category-cryolipolyse a3w-page-category-techniques\"><div class=\"gb-container gb-container-ce6e8510 soin-autres-traitements-loop-inner-contanier\">\n<a class=\"gb-button gb-button-c54ad869 gb-button-text soin-autres-traitements-bouton\" href=\"https:\/\/www.docteur-barry.com\/en\/les-techniques-de-rajeunissement-de-la-peau\/cryolipolyse-coolsculpting-compiegne-oise\/\">Cryolipolysis<\/a>\n<\/div><\/div>\n\n<div class=\"gb-grid-column gb-grid-column-ce6e8510 gb-query-loop-item post-170 page type-page status-publish a3w-page-category-acide-hyaluronique a3w-page-category-techniques\"><div class=\"gb-container gb-container-ce6e8510 soin-autres-traitements-loop-inner-contanier\">\n<a class=\"gb-button gb-button-c54ad869 gb-button-text soin-autres-traitements-bouton\" href=\"https:\/\/www.docteur-barry.com\/en\/les-techniques-de-rajeunissement-de-la-peau\/le-lifting-medical\/\">The medical facelift<\/a>\n<\/div><\/div>\n\n<div class=\"gb-grid-column gb-grid-column-ce6e8510 gb-query-loop-item post-158 page type-page status-publish a3w-page-category-techniques\"><div class=\"gb-container gb-container-ce6e8510 soin-autres-traitements-loop-inner-contanier\">\n<a class=\"gb-button gb-button-c54ad869 gb-button-text soin-autres-traitements-bouton\" href=\"https:\/\/www.docteur-barry.com\/en\/les-techniques-de-rajeunissement-de-la-peau\/le-mesolift-pour-repulper\/\">The mesolift to plump up<\/a>\n<\/div><\/div>\n\n<div class=\"gb-grid-column gb-grid-column-ce6e8510 gb-query-loop-item post-156 page type-page status-publish a3w-page-category-techniques\"><div class=\"gb-container gb-container-ce6e8510 soin-autres-traitements-loop-inner-contanier\">\n<a class=\"gb-button gb-button-c54ad869 gb-button-text soin-autres-traitements-bouton\" href=\"https:\/\/www.docteur-barry.com\/en\/les-techniques-de-rajeunissement-de-la-peau\/le-peeling-moyen-pour-renover\/\">The average peel to renovate<\/a>\n<\/div><\/div>\n\n<div class=\"gb-grid-column gb-grid-column-ce6e8510 gb-query-loop-item post-157 page type-page status-publish a3w-page-category-techniques\"><div class=\"gb-container gb-container-ce6e8510 soin-autres-traitements-loop-inner-contanier\">\n<a class=\"gb-button gb-button-c54ad869 gb-button-text soin-autres-traitements-bouton\" href=\"https:\/\/www.docteur-barry.com\/en\/les-techniques-de-rajeunissement-de-la-peau\/le-photorajeunissement-pour-rajeunir\/\">Photorejuvenation to rejuvenate<\/a>\n<\/div><\/div>\n\n<div class=\"gb-grid-column gb-grid-column-ce6e8510 gb-query-loop-item post-155 page type-page status-publish a3w-page-category-techniques\"><div class=\"gb-container gb-container-ce6e8510 soin-autres-traitements-loop-inner-contanier\">\n<a class=\"gb-button gb-button-c54ad869 gb-button-text soin-autres-traitements-bouton\" href=\"https:\/\/www.docteur-barry.com\/en\/les-techniques-de-rajeunissement-de-la-peau\/les-peelings-superficiels-pour-stimuler\/\">Superficial peels to stimulate<\/a>\n<\/div><\/div>\n\n<div class=\"gb-grid-column gb-grid-column-ce6e8510 gb-query-loop-item post-130 page type-page status-publish a3w-page-category-techniques\"><div class=\"gb-container gb-container-ce6e8510 soin-autres-traitements-loop-inner-contanier\">\n<a class=\"gb-button gb-button-c54ad869 gb-button-text soin-autres-traitements-bouton\" href=\"https:\/\/www.docteur-barry.com\/en\/les-techniques-de-rajeunissement-de-la-peau\/\">Skin rejuvenation techniques<\/a>\n<\/div><\/div>\n<\/div>\n\n<\/div>\n<\/div>\n<\/aside>\n\n<aside class=\"gb-container gb-container-dafe4cc9\">\n<div class=\"gb-container gb-container-1bcaf30f\">\n<div data-aos-duration=\"1000\" data-aos-once=\"true\" data-aos=\"fade\" class=\"gb-container gb-container-41ac15ca\">\n\n<h2 class=\"gb-headline gb-headline-7ddbce32 gb-headline-text\">Book your consultation<\/h2>\n\n\n\n<p class=\"gb-headline gb-headline-30f1cc6d gb-headline-text\">D\u00e9marrez votre protocole de soins personnalis\u00e9s<\/p>\n\n\n<div class=\"gb-container gb-container-54c8a8d7\"><\/div>\n\n\n<p class=\"gb-headline gb-headline-9216de00 gb-headline-text\">Meet Doctor Barry for a personalized approach and discover how she can help you achieve your beauty goals.<\/p>\n\n<\/div>\n\n<div data-aos-delay=\"500\" data-aos-duration=\"1000\" data-aos-once=\"true\" data-aos=\"fade\" class=\"gb-container gb-container-0dcf903a\">\n\n<a class=\"gb-button gb-button-383c0ef4 btn-default btn-icon-right-1\" href=\"https:\/\/www.doctolib.fr\/medecin-generaliste\/compiegne\/laurence-barry\" target=\"_blank\" rel=\"noopener noreferrer\"><span class=\"gb-button-text\">Book a consultation<\/span><span class=\"gb-icon\"><svg viewbox=\"0 0 16 16\" class=\"bi bi-arrow-right\" fill=\"currentColor\" height=\"16\" width=\"16\" xmlns=\"http:\/\/www.w3.org\/2000\/svg\">   <path d=\"M1 8a.5.5 0 0 1 .5-.5h11.793l-3.147-3.146a.5.5 0 0 1 .708-.708l4 4a.5.5 0 0 1 0 .708l-4 4a.5.5 0 0 1-.708-.708L13.293 8.5H1.5A.5.5 0 0 1 1 8\" fill-rule=\"evenodd\"><\/path> <\/svg><\/span><\/a>\n\n<\/div>\n<\/div>\n<\/aside>","protected":false},"excerpt":{"rendered":"<p>Comment raffermir une peau rel\u00e2ch\u00e9e ? Le traitement par la Radio Fr\u00e9quence monopolaire coupl\u00e9e \u00e0 des ultrasons focalis\u00e9s permet de renforcer sur le corps comme le visage les fibres existantes de collag\u00e8ne affaiblies avec le temps. Pour une peau plus lisse, plus souple et plus ferme. La Radio Fr\u00e9quence est une technique de raffermissement cutan\u00e9 &#8230; <a title=\"Radiofrequency for firming\" class=\"read-more\" href=\"https:\/\/www.docteur-barry.com\/en\/les-techniques-de-rajeunissement-de-la-peau\/radiofrequence-corps\/\" aria-label=\"Read more about La radiofr\u00e9quence pour raffermir\">Read more<\/a><\/p>","protected":false},"author":1,"featured_media":0,"parent":130,"menu_order":0,"comment_status":"closed","ping_status":"closed","template":"","meta":{"_seopress_robots_primary_cat":"","_seopress_titles_title":"Radiofr\u00e9quence \u00e0 Compi\u00e8gne - Dr Laurence Barry","_seopress_titles_desc":"Radiofr\u00e9quence \u00e0 Compi\u00e8gne - Dr Barry, m\u00e9decin esth\u00e9tique : la Radio Fr\u00e9quence coupl\u00e9e \u00e0 des ultrasons pour\u00a0renforcer les fibres existantes de collag\u00e8ne","_seopress_robots_index":"","_vp_format_video_url":"","_vp_image_focal_point":[],"footnotes":""},"a3w-page-category":[34],"class_list":{"0":"post-135","1":"page","2":"type-page","3":"status-publish","5":"a3w-page-category-techniques"},"_links":{"self":[{"href":"https:\/\/www.docteur-barry.com\/en\/wp-json\/wp\/v2\/pages\/135","targetHints":{"allow":["GET"]}}],"collection":[{"href":"https:\/\/www.docteur-barry.com\/en\/wp-json\/wp\/v2\/pages"}],"about":[{"href":"https:\/\/www.docteur-barry.com\/en\/wp-json\/wp\/v2\/types\/page"}],"author":[{"embeddable":true,"href":"https:\/\/www.docteur-barry.com\/en\/wp-json\/wp\/v2\/users\/1"}],"replies":[{"embeddable":true,"href":"https:\/\/www.docteur-barry.com\/en\/wp-json\/wp\/v2\/comments?post=135"}],"version-history":[{"count":3,"href":"https:\/\/www.docteur-barry.com\/en\/wp-json\/wp\/v2\/pages\/135\/revisions"}],"predecessor-version":[{"id":3859,"href":"https:\/\/www.docteur-barry.com\/en\/wp-json\/wp\/v2\/pages\/135\/revisions\/3859"}],"up":[{"embeddable":true,"href":"https:\/\/www.docteur-barry.com\/en\/wp-json\/wp\/v2\/pages\/130"}],"wp:attachment":[{"href":"https:\/\/www.docteur-barry.com\/en\/wp-json\/wp\/v2\/media?parent=135"}],"wp:term":[{"taxonomy":"a3w-page-category","embeddable":true,"href":"https:\/\/www.docteur-barry.com\/en\/wp-json\/wp\/v2\/a3w-page-category?post=135"}],"curies":[{"name":"wp","href":"https:\/\/api.w.org\/{rel}","templated":true}]}}