{"id":137,"date":"2024-05-07T13:49:56","date_gmt":"2024-05-07T11:49:56","guid":{"rendered":"https:\/\/www.docteur-barry.com\/medecine-esthetique-du-visage\/les-rides-du-visage-compiegne-oise\/"},"modified":"2025-10-13T13:48:05","modified_gmt":"2025-10-13T11:48:05","slug":"les-rides-du-visage-compiegne-oise","status":"publish","type":"page","link":"https:\/\/www.docteur-barry.com\/en\/medecine-esthetique-du-visage\/les-rides-du-visage-compiegne-oise\/","title":{"rendered":"Facial wrinkles"},"content":{"rendered":"<section class=\"gb-container gb-container-2dadddae\">\n<div class=\"gb-container gb-container-1b819d7d\">\n<div class=\"gb-container gb-container-12c70c8e\"><\/div>\n\n<h1 class=\"gb-headline gb-headline-4904e363 gb-headline-text soin-h1\">Facial wrinkles<\/h1>\n\n<div class=\"gb-container gb-container-2f12f2e8 breadcrumb-presta\">\n<nav  aria-label=\"breadcrumb\"><ol class=\"breadcrumb\" itemscope itemtype=\"https:\/\/schema.org\/BreadcrumbList\"><li class=\"breadcrumb-item active\" aria-current=\"page\" itemprop=\"itemListElement\" itemscope itemtype=\"https:\/\/schema.org\/ListItem\"><span itemprop=\"name\">Welcome<\/span><meta itemprop=\"position\" content=\"1\"><\/li><\/ol><\/nav>\n\n<\/div>\n<\/div>\n<\/section>\n\n<section class=\"gb-container gb-container-71b6a204\">\n<div class=\"gb-container gb-container-28ca6a54\">\n<div class=\"gb-container gb-container-8fafcf16\">\n<div class=\"gb-container gb-container-3c8b71f0\">\n\n<p class=\"gb-headline gb-headline-1fce0a45 gb-headline-text soin-titre-page-strong--gold\"><strong>FACIAL WRINKLES<\/strong><\/p>\n\n\n\n<h2 class=\"gb-headline gb-headline-fc29476e gb-headline-text soin-h2--gold\"><strong>GOODBYE UNSGRACEFUL WRINKLES!<\/strong><\/h2>\n\n\n<div class=\"gb-container gb-container-18a83200 soin-separateur-titre\"><\/div>\n\n\n<p>The hunt for wrinkles begins at the age of 30: all women and men are affected by this inevitable phenomenon. However, wrinkles arrive more or less early... In this unequal fight, the genetic factor obviously counts, but also the quality and thickness of the skin. These phenomena are beyond your control.<\/p>\n\n\n\n<p>There are also external factors that accelerate skin aging such as pollution, wind, cold, sun and tobacco.<\/p>\n\n<\/div>\n\n<div class=\"gb-container gb-container-fd0cf4af\">\n\n<figure class=\"gb-block-image gb-block-image-7f2c91b1\"><img decoding=\"async\" width=\"2000\" height=\"1333\" class=\"gb-image gb-image-7f2c91b1 soin-header-image\" src=\"https:\/\/www.docteur-barry.com\/wp-content\/uploads\/2025\/10\/les-rides-du-visage-dr-barry-compiegne.webp\" alt=\"\" title=\"les-rides-du-visage-dr-barry-compiegne\" srcset=\"https:\/\/www.docteur-barry.com\/wp-content\/uploads\/2025\/10\/les-rides-du-visage-dr-barry-compiegne.webp 2000w, https:\/\/www.docteur-barry.com\/wp-content\/uploads\/2025\/10\/les-rides-du-visage-dr-barry-compiegne-300x200.webp 300w, https:\/\/www.docteur-barry.com\/wp-content\/uploads\/2025\/10\/les-rides-du-visage-dr-barry-compiegne-1024x682.webp 1024w, https:\/\/www.docteur-barry.com\/wp-content\/uploads\/2025\/10\/les-rides-du-visage-dr-barry-compiegne-768x512.webp 768w, https:\/\/www.docteur-barry.com\/wp-content\/uploads\/2025\/10\/les-rides-du-visage-dr-barry-compiegne-1536x1024.webp 1536w, https:\/\/www.docteur-barry.com\/wp-content\/uploads\/2025\/10\/les-rides-du-visage-dr-barry-compiegne-18x12.webp 18w, https:\/\/www.docteur-barry.com\/wp-content\/uploads\/2025\/10\/les-rides-du-visage-dr-barry-compiegne-500x333.webp 500w, https:\/\/www.docteur-barry.com\/wp-content\/uploads\/2025\/10\/les-rides-du-visage-dr-barry-compiegne-800x533.webp 800w, https:\/\/www.docteur-barry.com\/wp-content\/uploads\/2025\/10\/les-rides-du-visage-dr-barry-compiegne-1280x853.webp 1280w, https:\/\/www.docteur-barry.com\/wp-content\/uploads\/2025\/10\/les-rides-du-visage-dr-barry-compiegne-1920x1280.webp 1920w\" sizes=\"(max-width: 2000px) 100vw, 2000px\" \/><\/figure>\n\n<\/div>\n<\/div>\n\n\n<p>My first tip: take care of your skin to keep it beautiful and luminous. Protect it against harmful UV rays with protection 50, eat healthily and avoid cigarettes. But these recommendations are not always easy to apply throughout life!<\/p>\n\n\n\n<p>Fortunately, aesthetic medicine offers a range of treatments to help us age well and keep skin luminous and well hydrated, without the need for a scalpel.<\/p>\n\n\n\n<p><strong>Rejuvenate you but above all keep you young<\/strong> thanks to early care of the skin, without letting the marks of time set in and even improve a disgrace, this is my job. Very targeted techniques specific to each skin type offer very nice results.<\/p>\n\n\n\n<h2 class=\"gb-headline gb-headline-c5b19663 gb-headline-text soin-h2--gold\">INDICATIONS FOR THE TREATMENT OF WRINKLES<\/h2>\n\n\n<div class=\"gb-container gb-container-18a83200 soin-separateur-titre\"><\/div>\n\n\n<p>The sagging of the skin and the loss of volume of the face contributes to the overall relaxation of the oval and the appearance of bitter folds. It is therefore a question of restoring tension to the tissues, without surgical lifting, but by optimizing the subcutaneous support by injections of hyaluronic acid with a specific technique without weighing down the lower face.<\/p>\n\n\n\n<p>Dark circles and the mouth are also corrected with very targeted and subtle injections, thanks to a specific hyaluronic acid that is respectful of these delicate tissues. These treatments cause neither overload nor projection, for an impeccable and absolutely natural result.<\/p>\n\n\n\n<p>Hyaluronic acid injections can also be combined with peels to obtain impeccable skin texture, radiofrequency and photo-rejuvenation to firm, mesotherapy to plump, or botox to smooth.<\/p>\n\n\n\n<h2 class=\"gb-headline gb-headline-ae33d6c2 gb-headline-text soin-h2--gold\">CONSULTATION FOR THE TREATMENT OF WRINKLES<\/h2>\n\n\n<div class=\"gb-container gb-container-18a83200 soin-separateur-titre\"><\/div>\n\n\n<p>Many men and women come to see me with this observation:<\/p>\n\n\n\n<p>\u201c- I am told that:<\/p>\n\n\n\n<p>\u201cI look tired\u201d<\/p>\n\n\n\n<p>\u201cI look sad\u201d<\/p>\n\n\n\n<p>\u201cI look harsh\u201d<\/p>\n\n\n\n<p>While I am in great shape \u00bb<\/p>\n\n\n\n<p>During a first consultation, I receive you in my office located in the heart of Compi\u00e8gne. During this exchange, you will be able to express your motivations, your needs and your expectations. For my part, after a detailed analysis of your face and your medical history, I offer you a personalized treatment plan with the objective of respecting the balance and harmony of your face, for an absolutely natural result.<\/p>\n\n\n\n<h2 class=\"gb-headline gb-headline-474a53d3 gb-headline-text soin-h2--gold\">PRICES FOR WRINKLE TREATMENT<\/h2>\n\n\n<div class=\"gb-container gb-container-18a83200 soin-separateur-titre\"><\/div>\n\n\n<p>A quote is established based on the areas to be treated and the quantity of product needed.<br><\/p>\n\n\n\n<a class=\"gb-button gb-button-98538b4a gb-button-text smooth-scroll\" href=\"https:\/\/www.docteur-barry.com\/en\/tarifs-prix-medecine-esthetique\/#visage\">Voir les tarifs<\/a>\n\n<\/div>\n<\/section>\n\n<aside class=\"gb-container gb-container-9f04b338\">\n\n<h3 class=\"gb-headline gb-headline-cd80a778 gb-headline-text soin-autres-traitements-h3\">Discover our other facial aesthetic medicine treatments<\/h3>\n\n\n<div class=\"gb-container gb-container-12e8fd28 soin-autres-traitements-separateur\"><\/div>\n\n<div class=\"gb-container gb-container-b9ebe231\">\n<div class=\"gb-container gb-container-e8999cf5\">\n\n<div class=\"gb-grid-wrapper gb-grid-wrapper-6f685752 gb-query-loop-wrapper\">\n<div class=\"gb-grid-column gb-grid-column-51542ccb gb-query-loop-item post-143 page type-page status-publish a3w-page-category-acide-hyaluronique a3w-page-category-visage\"><div class=\"gb-container gb-container-51542ccb soin-autres-traitements-loop-inner-contanier\">\n<a class=\"gb-button gb-button-8c0f4c59 gb-button-text soin-autres-traitements-bouton\" href=\"https:\/\/www.docteur-barry.com\/en\/medecine-esthetique-du-visage\/ovale-du-visage-compiegne-oise\/\">The oval of the face<\/a>\n<\/div><\/div>\n\n<div class=\"gb-grid-column gb-grid-column-51542ccb gb-query-loop-item post-144 page type-page status-publish a3w-page-category-acide-hyaluronique a3w-page-category-visage\"><div class=\"gb-container gb-container-51542ccb soin-autres-traitements-loop-inner-contanier\">\n<a class=\"gb-button gb-button-8c0f4c59 gb-button-text soin-autres-traitements-bouton\" href=\"https:\/\/www.docteur-barry.com\/en\/medecine-esthetique-du-visage\/le-double-menton-compiegne-oise\/\">The double chin<\/a>\n<\/div><\/div>\n\n<div class=\"gb-grid-column gb-grid-column-51542ccb gb-query-loop-item post-141 page type-page status-publish a3w-page-category-acide-hyaluronique a3w-page-category-visage\"><div class=\"gb-container gb-container-51542ccb soin-autres-traitements-loop-inner-contanier\">\n<a class=\"gb-button gb-button-8c0f4c59 gb-button-text soin-autres-traitements-bouton\" href=\"https:\/\/www.docteur-barry.com\/en\/medecine-esthetique-du-visage\/le-nez-sans-chirurgie-compiegne-oise\/\">The nose without surgery<\/a>\n<\/div><\/div>\n\n<div class=\"gb-grid-column gb-grid-column-51542ccb gb-query-loop-item post-138 page type-page status-publish a3w-page-category-acide-hyaluronique a3w-page-category-visage\"><div class=\"gb-container gb-container-51542ccb soin-autres-traitements-loop-inner-contanier\">\n<a class=\"gb-button gb-button-8c0f4c59 gb-button-text soin-autres-traitements-bouton\" href=\"https:\/\/www.docteur-barry.com\/en\/medecine-esthetique-du-visage\/cernes-creux-compiegne-oise\/\">Hollow dark circles<\/a>\n<\/div><\/div>\n\n<div class=\"gb-grid-column gb-grid-column-51542ccb gb-query-loop-item post-142 page type-page status-publish a3w-page-category-acide-hyaluronique a3w-page-category-visage\"><div class=\"gb-container gb-container-51542ccb soin-autres-traitements-loop-inner-contanier\">\n<a class=\"gb-button gb-button-8c0f4c59 gb-button-text soin-autres-traitements-bouton\" href=\"https:\/\/www.docteur-barry.com\/en\/medecine-esthetique-du-visage\/injection-levres-bouche-compiegne-oise\/\">Lips and mouth<\/a>\n<\/div><\/div>\n\n<div class=\"gb-grid-column gb-grid-column-51542ccb gb-query-loop-item post-139 page type-page status-publish a3w-page-category-acide-hyaluronique a3w-page-category-visage\"><div class=\"gb-container gb-container-51542ccb soin-autres-traitements-loop-inner-contanier\">\n<a class=\"gb-button gb-button-8c0f4c59 gb-button-text soin-autres-traitements-bouton\" href=\"https:\/\/www.docteur-barry.com\/en\/medecine-esthetique-du-visage\/paupieres-tombantes-compiegne-oise\/\">Drooping eyelids<\/a>\n<\/div><\/div>\n\n<div class=\"gb-grid-column gb-grid-column-51542ccb gb-query-loop-item post-140 page type-page status-publish a3w-page-category-acide-hyaluronique a3w-page-category-visage\"><div class=\"gb-container gb-container-51542ccb soin-autres-traitements-loop-inner-contanier\">\n<a class=\"gb-button gb-button-8c0f4c59 gb-button-text soin-autres-traitements-bouton\" href=\"https:\/\/www.docteur-barry.com\/en\/medecine-esthetique-du-visage\/injection-pommettes-joues-compiegne-oise\/\">Cheekbones and cheeks<\/a>\n<\/div><\/div>\n<\/div>\n\n<\/div>\n<\/div>\n<\/aside>\n\n<aside class=\"gb-container gb-container-dafe4cc9\">\n<div class=\"gb-container gb-container-1bcaf30f\">\n<div data-aos-duration=\"1000\" data-aos-once=\"true\" data-aos=\"fade\" class=\"gb-container gb-container-41ac15ca\">\n\n<h2 class=\"gb-headline gb-headline-7ddbce32 gb-headline-text\">Book your consultation<\/h2>\n\n\n\n<p class=\"gb-headline gb-headline-30f1cc6d gb-headline-text\">D\u00e9marrez votre protocole de soins personnalis\u00e9s<\/p>\n\n\n<div class=\"gb-container gb-container-54c8a8d7\"><\/div>\n\n\n<p class=\"gb-headline gb-headline-9216de00 gb-headline-text\">Meet Doctor Barry for a personalized approach and discover how she can help you achieve your beauty goals.<\/p>\n\n<\/div>\n\n<div data-aos-delay=\"500\" data-aos-duration=\"1000\" data-aos-once=\"true\" data-aos=\"fade\" class=\"gb-container gb-container-0dcf903a\">\n\n<a class=\"gb-button gb-button-383c0ef4 btn-default btn-icon-right-1\" href=\"https:\/\/www.doctolib.fr\/medecin-generaliste\/compiegne\/laurence-barry\" target=\"_blank\" rel=\"noopener noreferrer\"><span class=\"gb-button-text\">Book a consultation<\/span><span class=\"gb-icon\"><svg viewbox=\"0 0 16 16\" class=\"bi bi-arrow-right\" fill=\"currentColor\" height=\"16\" width=\"16\" xmlns=\"http:\/\/www.w3.org\/2000\/svg\">   <path d=\"M1 8a.5.5 0 0 1 .5-.5h11.793l-3.147-3.146a.5.5 0 0 1 .708-.708l4 4a.5.5 0 0 1 0 .708l-4 4a.5.5 0 0 1-.708-.708L13.293 8.5H1.5A.5.5 0 0 1 1 8\" fill-rule=\"evenodd\"><\/path> <\/svg><\/span><\/a>\n\n<\/div>\n<\/div>\n<\/aside>","protected":false},"excerpt":{"rendered":"<p>LES RIDES DU VISAGE ADIEU RIDES DISGRACIEUSES ! La traque aux rides commence d\u00e8s l\u2019\u00e2ge de 30 ans : toutes les femmes et hommes sont concern\u00e9s par ce ph\u00e9nom\u00e8ne in\u00e9luctable.&nbsp; Toutefois, les rides arrivent plus ou moins t\u00f4t\u2026 Dans ce combat in\u00e9gal, le facteur g\u00e9n\u00e9tique compte bien \u00e9videmment, mais \u00e9galement la qualit\u00e9 et l\u2019\u00e9paisseur de &#8230; <a title=\"Facial wrinkles\" class=\"read-more\" href=\"https:\/\/www.docteur-barry.com\/en\/medecine-esthetique-du-visage\/les-rides-du-visage-compiegne-oise\/\" aria-label=\"Read more about Les rides du visage\">Read more<\/a><\/p>","protected":false},"author":1,"featured_media":0,"parent":122,"menu_order":0,"comment_status":"closed","ping_status":"closed","template":"","meta":{"_seopress_robots_primary_cat":"","_seopress_titles_title":"Rides du visage par injections - Compi\u00e8gne - Dr. L. Barry","_seopress_titles_desc":"D\u00e9couvrez les diff\u00e9rents traitements d'injection d'Acide Hyaluronique pour rajeunir le visage sans chirurgie au cabinet de m\u00e9decine esth\u00e9tique du dr Barry \u00e0 Compi\u00e8gne - Creil, Beauvais, Oise","_seopress_robots_index":"","_seopress_analysis_target_kw":"","_vp_format_video_url":"","_vp_image_focal_point":[],"footnotes":""},"a3w-page-category":[23,42],"class_list":{"0":"post-137","1":"page","2":"type-page","3":"status-publish","5":"a3w-page-category-acide-hyaluronique","6":"a3w-page-category-visage"},"_links":{"self":[{"href":"https:\/\/www.docteur-barry.com\/en\/wp-json\/wp\/v2\/pages\/137","targetHints":{"allow":["GET"]}}],"collection":[{"href":"https:\/\/www.docteur-barry.com\/en\/wp-json\/wp\/v2\/pages"}],"about":[{"href":"https:\/\/www.docteur-barry.com\/en\/wp-json\/wp\/v2\/types\/page"}],"author":[{"embeddable":true,"href":"https:\/\/www.docteur-barry.com\/en\/wp-json\/wp\/v2\/users\/1"}],"replies":[{"embeddable":true,"href":"https:\/\/www.docteur-barry.com\/en\/wp-json\/wp\/v2\/comments?post=137"}],"version-history":[{"count":3,"href":"https:\/\/www.docteur-barry.com\/en\/wp-json\/wp\/v2\/pages\/137\/revisions"}],"predecessor-version":[{"id":3759,"href":"https:\/\/www.docteur-barry.com\/en\/wp-json\/wp\/v2\/pages\/137\/revisions\/3759"}],"up":[{"embeddable":true,"href":"https:\/\/www.docteur-barry.com\/en\/wp-json\/wp\/v2\/pages\/122"}],"wp:attachment":[{"href":"https:\/\/www.docteur-barry.com\/en\/wp-json\/wp\/v2\/media?parent=137"}],"wp:term":[{"taxonomy":"a3w-page-category","embeddable":true,"href":"https:\/\/www.docteur-barry.com\/en\/wp-json\/wp\/v2\/a3w-page-category?post=137"}],"curies":[{"name":"wp","href":"https:\/\/api.w.org\/{rel}","templated":true}]}}