{"id":138,"date":"2024-05-07T13:49:56","date_gmt":"2024-05-07T11:49:56","guid":{"rendered":"https:\/\/www.docteur-barry.com\/medecine-esthetique-du-visage\/cernes-creux-compiegne-oise\/"},"modified":"2025-10-22T14:54:47","modified_gmt":"2025-10-22T12:54:47","slug":"cernes-creux-compiegne-oise","status":"publish","type":"page","link":"https:\/\/www.docteur-barry.com\/en\/medecine-esthetique-du-visage\/cernes-creux-compiegne-oise\/","title":{"rendered":"Hollow dark circles"},"content":{"rendered":"<section class=\"gb-container gb-container-2dadddae\">\n<div class=\"gb-container gb-container-1b819d7d\">\n<div class=\"gb-container gb-container-12c70c8e\"><\/div>\n\n<h1 class=\"gb-headline gb-headline-4904e363 gb-headline-text soin-h1\">Hollow dark circles<\/h1>\n\n<div class=\"gb-container gb-container-2f12f2e8 breadcrumb-presta\">\n<nav  aria-label=\"breadcrumb\"><ol class=\"breadcrumb\" itemscope itemtype=\"https:\/\/schema.org\/BreadcrumbList\"><li class=\"breadcrumb-item active\" aria-current=\"page\" itemprop=\"itemListElement\" itemscope itemtype=\"https:\/\/schema.org\/ListItem\"><span itemprop=\"name\">Welcome<\/span><meta itemprop=\"position\" content=\"1\"><\/li><\/ol><\/nav>\n\n<\/div>\n<\/div>\n<\/section>\n\n<section class=\"gb-container gb-container-71b6a204\">\n<div class=\"gb-container gb-container-28ca6a54\">\n<div class=\"gb-container gb-container-ce4432e3\">\n<div class=\"gb-container gb-container-b9a93336\">\n\n<h2 class=\"gb-headline gb-headline-fc29476e gb-headline-text soin-h2--gold\">TREATMENT OF DARK DARKNESS BY INJECTION OF HYALURONIC ACID<\/h2>\n\n\n<div class=\"gb-container gb-container-18a83200 soin-separateur-titre\"><\/div>\n\n\n<p>Hollow dark circles make a face look tired and sad. As we age, our body produces less and less hyaluronic acid, and the loss of fat spreads throughout the face up to the eye area. The orbital part sinks, the dark circle appears as a hollow circle and the face becomes tired. Sometimes the dark circle can extend to the cheekbone creating the valley of tears. Hyaluronic acid is the treatment of choice for hollow dark circles, semicircular dark circles surrounding the eye: injections can be carried out into the dark circles in order to restore a rested appearance to the face.<\/p>\n\n<\/div>\n\n<div class=\"gb-container gb-container-9b809c7d\">\n\n<figure class=\"gb-block-image gb-block-image-7f2c91b1\"><img decoding=\"async\" width=\"2000\" height=\"1333\" class=\"gb-image gb-image-7f2c91b1 soin-header-image\" src=\"https:\/\/www.docteur-barry.com\/wp-content\/uploads\/2025\/10\/injection-acide-hyaluronique-cernes-creux-oise-compiegne-dr-barry.jpg\" alt=\"\" title=\"injection-acide-hyaluronique-cernes-creux-oise-compiegne-dr-barry\" srcset=\"https:\/\/www.docteur-barry.com\/wp-content\/uploads\/2025\/10\/injection-acide-hyaluronique-cernes-creux-oise-compiegne-dr-barry.jpg 2000w, https:\/\/www.docteur-barry.com\/wp-content\/uploads\/2025\/10\/injection-acide-hyaluronique-cernes-creux-oise-compiegne-dr-barry-300x200.jpg 300w, https:\/\/www.docteur-barry.com\/wp-content\/uploads\/2025\/10\/injection-acide-hyaluronique-cernes-creux-oise-compiegne-dr-barry-1024x682.jpg 1024w, https:\/\/www.docteur-barry.com\/wp-content\/uploads\/2025\/10\/injection-acide-hyaluronique-cernes-creux-oise-compiegne-dr-barry-768x512.jpg 768w, https:\/\/www.docteur-barry.com\/wp-content\/uploads\/2025\/10\/injection-acide-hyaluronique-cernes-creux-oise-compiegne-dr-barry-1536x1024.jpg 1536w, https:\/\/www.docteur-barry.com\/wp-content\/uploads\/2025\/10\/injection-acide-hyaluronique-cernes-creux-oise-compiegne-dr-barry-18x12.jpg 18w, https:\/\/www.docteur-barry.com\/wp-content\/uploads\/2025\/10\/injection-acide-hyaluronique-cernes-creux-oise-compiegne-dr-barry-500x333.jpg 500w, https:\/\/www.docteur-barry.com\/wp-content\/uploads\/2025\/10\/injection-acide-hyaluronique-cernes-creux-oise-compiegne-dr-barry-800x533.jpg 800w, https:\/\/www.docteur-barry.com\/wp-content\/uploads\/2025\/10\/injection-acide-hyaluronique-cernes-creux-oise-compiegne-dr-barry-1280x853.jpg 1280w, https:\/\/www.docteur-barry.com\/wp-content\/uploads\/2025\/10\/injection-acide-hyaluronique-cernes-creux-oise-compiegne-dr-barry-1920x1280.jpg 1920w\" sizes=\"(max-width: 2000px) 100vw, 2000px\" \/><\/figure>\n\n<\/div>\n<\/div>\n\n\n<h3 class=\"gb-headline gb-headline-54545cd7 gb-headline-text soin-h3\">The technique<\/h3>\n\n\n\n<p>The skin is very thin under the eye, and the area is delicate. This treatment must be carried out by expert hands with a specific hyaluronic acid. I therefore inject hyaluronic acid into the area of the dark circle with the help of a fine cannula in order to avoid possible bruising.<\/p>\n\n\n\n<p>By the volume injected, the hyaluronic acid gel will fill in the dark circles which will become less hollow and therefore less visible: the dark circles fade. The coloring of dark circles also decreases because hyaluronic acid creates an interface between the skin and the congestive vessels, which are no longer visible.<\/p>\n\n\n\n<h3 class=\"gb-headline gb-headline-df28abe1 gb-headline-text soin-h3\">The course of the session<\/h3>\n\n\n\n<p>I see my patients during a first appointment. <strong>This first meeting is essential<\/strong>.<\/p>\n\n\n\n<p>I ask my patients about their medical history, and take photos before and after treatment. The objective of this consultation is also to know the patient&#039;s motivation and to carry out an overall analysis of the face in order to propose an effective and personalized treatment plan. Each patient, each face is different: therefore each treatment is tailor-made.<\/p>\n\n\n\n<p>It is this tailor-made product that offers an optimal, natural result that respects the harmony of the face.<\/p>\n\n\n\n<p>Hyaluronic acid injections into the dark circle are carried out in the medical and aesthetic center in 30 minutes. The product contains an anesthetic for the greatest comfort of the patient.<\/p>\n\n\n\n<p>This treatment is painless. The consequences are simple with slight redness at the injection site or a slight bruise. No social eviction is to be expected. The patient can resume activities immediately after the injections.<\/p>\n\n\n\n<h3 class=\"gb-headline gb-headline-70245458 gb-headline-text soin-h3\">The results<\/h3>\n\n\n\n<p>The results are immediate. You will find a refreshed, refreshed and rested look for approximately 1 and a half years.<\/p>\n\n\n\n<p>More precisely, the results obtained are:<\/p>\n\n\n\n<ul class=\"wp-block-list\">\n<li>A rested face;<\/li>\n\n\n\n<li>Marks of fatigue and sadness erased;<\/li>\n\n\n\n<li>A rejuvenated air;<\/li>\n\n\n\n<li>A less hollow face;<\/li>\n\n\n\n<li>Smoothed features.<\/li>\n<\/ul>\n\n\n\n<h3 class=\"gb-headline gb-headline-756dede8 gb-headline-text soin-h3\">Other issues concerning dark circles<\/h3>\n\n\n\n<p>There are also other types of problems in the dark circle area: colored dark circles or bags under the eyes.<\/p>\n\n\n\n<p><strong>Colored dark circles<\/strong><\/p>\n\n\n\n<p>Some people, even very young people, can suffer. There are two types:<\/p>\n\n\n\n<ul class=\"wp-block-list\">\n<li>Blue circles, of vascular origin (visibility of the micro-circulation under the thin skin)<\/li>\n\n\n\n<li>So-called \u201cethnic\u201d brown circles of genetic origin (hyperpigmentation of the periocular skin)<\/li>\n<\/ul>\n\n\n\n<p>For these last 2 cases, concealer is the most suitable solution to camouflage the coloring.<\/p>\n\n\n\n<p><strong>Bags under the eyes<\/strong><\/p>\n\n\n\n<p>For bags under the eyes, it is advisable to meet a cosmetic surgeon: surgical treatment is more suitable for this problem. I can suggest one of my plastic surgeon colleagues.<\/p>\n\n\n\n<h3 class=\"gb-headline gb-headline-355c9d36 gb-headline-text soin-h3\">Prices for hyaluronic acid injection for dark circles<\/h3>\n\n\n\n<p>The cost of filling dark circles is \u20ac650 including tax. The duration of the result obtained is 2 years minimum.<\/p>\n\n<\/div>\n<\/section>\n\n<aside class=\"gb-container gb-container-9f04b338\">\n\n<h3 class=\"gb-headline gb-headline-cd80a778 gb-headline-text soin-autres-traitements-h3\">Discover our other facial aesthetic medicine treatments<\/h3>\n\n\n<div class=\"gb-container gb-container-12e8fd28 soin-autres-traitements-separateur\"><\/div>\n\n<div class=\"gb-container gb-container-b9ebe231\">\n<div class=\"gb-container gb-container-e8999cf5\">\n\n<div class=\"gb-grid-wrapper gb-grid-wrapper-6f685752 gb-query-loop-wrapper\">\n<div class=\"gb-grid-column gb-grid-column-51542ccb gb-query-loop-item post-143 page type-page status-publish a3w-page-category-acide-hyaluronique a3w-page-category-visage\"><div class=\"gb-container gb-container-51542ccb soin-autres-traitements-loop-inner-contanier\">\n<a class=\"gb-button gb-button-8c0f4c59 gb-button-text soin-autres-traitements-bouton\" href=\"https:\/\/www.docteur-barry.com\/en\/medecine-esthetique-du-visage\/ovale-du-visage-compiegne-oise\/\">The oval of the face<\/a>\n<\/div><\/div>\n\n<div class=\"gb-grid-column gb-grid-column-51542ccb gb-query-loop-item post-144 page type-page status-publish a3w-page-category-acide-hyaluronique a3w-page-category-visage\"><div class=\"gb-container gb-container-51542ccb soin-autres-traitements-loop-inner-contanier\">\n<a class=\"gb-button gb-button-8c0f4c59 gb-button-text soin-autres-traitements-bouton\" href=\"https:\/\/www.docteur-barry.com\/en\/medecine-esthetique-du-visage\/le-double-menton-compiegne-oise\/\">The double chin<\/a>\n<\/div><\/div>\n\n<div class=\"gb-grid-column gb-grid-column-51542ccb gb-query-loop-item post-141 page type-page status-publish a3w-page-category-acide-hyaluronique a3w-page-category-visage\"><div class=\"gb-container gb-container-51542ccb soin-autres-traitements-loop-inner-contanier\">\n<a class=\"gb-button gb-button-8c0f4c59 gb-button-text soin-autres-traitements-bouton\" href=\"https:\/\/www.docteur-barry.com\/en\/medecine-esthetique-du-visage\/le-nez-sans-chirurgie-compiegne-oise\/\">The nose without surgery<\/a>\n<\/div><\/div>\n\n<div class=\"gb-grid-column gb-grid-column-51542ccb gb-query-loop-item post-142 page type-page status-publish a3w-page-category-acide-hyaluronique a3w-page-category-visage\"><div class=\"gb-container gb-container-51542ccb soin-autres-traitements-loop-inner-contanier\">\n<a class=\"gb-button gb-button-8c0f4c59 gb-button-text soin-autres-traitements-bouton\" href=\"https:\/\/www.docteur-barry.com\/en\/medecine-esthetique-du-visage\/injection-levres-bouche-compiegne-oise\/\">Lips and mouth<\/a>\n<\/div><\/div>\n\n<div class=\"gb-grid-column gb-grid-column-51542ccb gb-query-loop-item post-139 page type-page status-publish a3w-page-category-acide-hyaluronique a3w-page-category-visage\"><div class=\"gb-container gb-container-51542ccb soin-autres-traitements-loop-inner-contanier\">\n<a class=\"gb-button gb-button-8c0f4c59 gb-button-text soin-autres-traitements-bouton\" href=\"https:\/\/www.docteur-barry.com\/en\/medecine-esthetique-du-visage\/paupieres-tombantes-compiegne-oise\/\">Drooping eyelids<\/a>\n<\/div><\/div>\n\n<div class=\"gb-grid-column gb-grid-column-51542ccb gb-query-loop-item post-140 page type-page status-publish a3w-page-category-acide-hyaluronique a3w-page-category-visage\"><div class=\"gb-container gb-container-51542ccb soin-autres-traitements-loop-inner-contanier\">\n<a class=\"gb-button gb-button-8c0f4c59 gb-button-text soin-autres-traitements-bouton\" href=\"https:\/\/www.docteur-barry.com\/en\/medecine-esthetique-du-visage\/injection-pommettes-joues-compiegne-oise\/\">Cheekbones and cheeks<\/a>\n<\/div><\/div>\n\n<div class=\"gb-grid-column gb-grid-column-51542ccb gb-query-loop-item post-137 page type-page status-publish a3w-page-category-acide-hyaluronique a3w-page-category-visage\"><div class=\"gb-container gb-container-51542ccb soin-autres-traitements-loop-inner-contanier\">\n<a class=\"gb-button gb-button-8c0f4c59 gb-button-text soin-autres-traitements-bouton\" href=\"https:\/\/www.docteur-barry.com\/en\/medecine-esthetique-du-visage\/les-rides-du-visage-compiegne-oise\/\">Facial wrinkles<\/a>\n<\/div><\/div>\n<\/div>\n\n<\/div>\n<\/div>\n<\/aside>\n\n<aside class=\"gb-container gb-container-dafe4cc9\">\n<div class=\"gb-container gb-container-1bcaf30f\">\n<div data-aos-duration=\"1000\" data-aos-once=\"true\" data-aos=\"fade\" class=\"gb-container gb-container-41ac15ca\">\n\n<h2 class=\"gb-headline gb-headline-7ddbce32 gb-headline-text\">Book your consultation<\/h2>\n\n\n\n<p class=\"gb-headline gb-headline-30f1cc6d gb-headline-text\">D\u00e9marrez votre protocole de soins personnalis\u00e9s<\/p>\n\n\n<div class=\"gb-container gb-container-54c8a8d7\"><\/div>\n\n\n<p class=\"gb-headline gb-headline-9216de00 gb-headline-text\">Meet Doctor Barry for a personalized approach and discover how she can help you achieve your beauty goals.<\/p>\n\n<\/div>\n\n<div data-aos-delay=\"500\" data-aos-duration=\"1000\" data-aos-once=\"true\" data-aos=\"fade\" class=\"gb-container gb-container-0dcf903a\">\n\n<a class=\"gb-button gb-button-383c0ef4 btn-default btn-icon-right-1\" href=\"https:\/\/www.doctolib.fr\/medecin-generaliste\/compiegne\/laurence-barry\" target=\"_blank\" rel=\"noopener noreferrer\"><span class=\"gb-button-text\">Book a consultation<\/span><span class=\"gb-icon\"><svg viewbox=\"0 0 16 16\" class=\"bi bi-arrow-right\" fill=\"currentColor\" height=\"16\" width=\"16\" xmlns=\"http:\/\/www.w3.org\/2000\/svg\">   <path d=\"M1 8a.5.5 0 0 1 .5-.5h11.793l-3.147-3.146a.5.5 0 0 1 .708-.708l4 4a.5.5 0 0 1 0 .708l-4 4a.5.5 0 0 1-.708-.708L13.293 8.5H1.5A.5.5 0 0 1 1 8\" fill-rule=\"evenodd\"><\/path> <\/svg><\/span><\/a>\n\n<\/div>\n<\/div>\n<\/aside>","protected":false},"excerpt":{"rendered":"<p>LE TRAITEMENT DES CERNES PAR INJECTION D\u2019ACIDE HYALURONIQUE Les cernes creux donnent un air fatigu\u00e9 et triste \u00e0 un visage. En prenant de l\u2019\u00e2ge, notre corps fabrique de moins en moins d\u2019acide hyaluronique, et la fonte des graisses gagne tout le visage jusqu\u2019au contour de l\u2019\u0153il. La partie orbitale s\u2019enfonce, le cerne appara\u00eet comme un &#8230; <a title=\"Hollow dark circles\" class=\"read-more\" href=\"https:\/\/www.docteur-barry.com\/en\/medecine-esthetique-du-visage\/cernes-creux-compiegne-oise\/\" aria-label=\"Read more about Les cernes creux\">Read more<\/a><\/p>","protected":false},"author":1,"featured_media":0,"parent":122,"menu_order":0,"comment_status":"closed","ping_status":"closed","template":"","meta":{"_seopress_robots_primary_cat":"","_seopress_titles_title":"Injections d'Acide Hyaluronique et Cernes - Compi\u00e8gne - Dr. L. Barry","_seopress_titles_desc":"L\u2019injection d'Acide Hyaluronique est efficace pour les cernes creux, h\u00e9micercle entourant l'\u0153il. Un v\u00e9ritable anti-cernes de longue dur\u00e9e ! - Contactez le Dr Barry, m\u00e9decin esth\u00e9tique \u00e0 Compi\u00e8gne - Creil, Beauvais, Oise","_seopress_robots_index":"","_seopress_analysis_target_kw":"","_vp_format_video_url":"","_vp_image_focal_point":[],"footnotes":""},"a3w-page-category":[23,42],"class_list":{"0":"post-138","1":"page","2":"type-page","3":"status-publish","5":"a3w-page-category-acide-hyaluronique","6":"a3w-page-category-visage"},"_links":{"self":[{"href":"https:\/\/www.docteur-barry.com\/en\/wp-json\/wp\/v2\/pages\/138","targetHints":{"allow":["GET"]}}],"collection":[{"href":"https:\/\/www.docteur-barry.com\/en\/wp-json\/wp\/v2\/pages"}],"about":[{"href":"https:\/\/www.docteur-barry.com\/en\/wp-json\/wp\/v2\/types\/page"}],"author":[{"embeddable":true,"href":"https:\/\/www.docteur-barry.com\/en\/wp-json\/wp\/v2\/users\/1"}],"replies":[{"embeddable":true,"href":"https:\/\/www.docteur-barry.com\/en\/wp-json\/wp\/v2\/comments?post=138"}],"version-history":[{"count":3,"href":"https:\/\/www.docteur-barry.com\/en\/wp-json\/wp\/v2\/pages\/138\/revisions"}],"predecessor-version":[{"id":3874,"href":"https:\/\/www.docteur-barry.com\/en\/wp-json\/wp\/v2\/pages\/138\/revisions\/3874"}],"up":[{"embeddable":true,"href":"https:\/\/www.docteur-barry.com\/en\/wp-json\/wp\/v2\/pages\/122"}],"wp:attachment":[{"href":"https:\/\/www.docteur-barry.com\/en\/wp-json\/wp\/v2\/media?parent=138"}],"wp:term":[{"taxonomy":"a3w-page-category","embeddable":true,"href":"https:\/\/www.docteur-barry.com\/en\/wp-json\/wp\/v2\/a3w-page-category?post=138"}],"curies":[{"name":"wp","href":"https:\/\/api.w.org\/{rel}","templated":true}]}}