{"id":139,"date":"2024-05-07T13:49:56","date_gmt":"2024-05-07T11:49:56","guid":{"rendered":"https:\/\/www.docteur-barry.com\/medecine-esthetique-du-visage\/paupieres-tombantes-compiegne-oise\/"},"modified":"2025-12-18T16:35:22","modified_gmt":"2025-12-18T15:35:22","slug":"paupieres-tombantes-compiegne-oise","status":"publish","type":"page","link":"https:\/\/www.docteur-barry.com\/en\/medecine-esthetique-du-visage\/paupieres-tombantes-compiegne-oise\/","title":{"rendered":"Drooping eyelids"},"content":{"rendered":"<section class=\"gb-container gb-container-2dadddae\">\n<div class=\"gb-container gb-container-1b819d7d\">\n<div class=\"gb-container gb-container-12c70c8e\"><\/div>\n\n<h1 class=\"gb-headline gb-headline-4904e363 gb-headline-text soin-h1\">Drooping eyelids<\/h1>\n\n<div class=\"gb-container gb-container-2f12f2e8 breadcrumb-presta\">\n<nav  aria-label=\"breadcrumb\"><ol class=\"breadcrumb\" itemscope itemtype=\"https:\/\/schema.org\/BreadcrumbList\"><li class=\"breadcrumb-item active\" aria-current=\"page\" itemprop=\"itemListElement\" itemscope itemtype=\"https:\/\/schema.org\/ListItem\"><span itemprop=\"name\">Welcome<\/span><meta itemprop=\"position\" content=\"1\"><\/li><\/ol><\/nav>\n\n<\/div>\n<\/div>\n<\/section>\n\n<section class=\"gb-container gb-container-71b6a204\">\n<div class=\"gb-container gb-container-28ca6a54\">\n<div class=\"gb-container gb-container-7da92974\">\n<div class=\"gb-container gb-container-c8d07938\">\n\n<h2 class=\"gb-headline gb-headline-fc29476e gb-headline-text soin-h2--gold\">Drooping eyelids<\/h2>\n\n\n<div class=\"gb-container gb-container-18a83200 soin-separateur-titre\"><\/div>\n\n\n<p>The skin of the eyelids is the thinnest in the body, barely 0.5 mm thick.<\/p>\n\n\n\n<p>The eyelid moves intensely: we blink 28,000 times a day.<\/p>\n\n\n\n<p>The eyelid in women is also subjected to a severe test: makeup during the day, makeup removal in the evening.  Over the years, the reduction in dermal thickness causes the eyelids to sag.<\/p>\n\n\n\n<p>This sagging leads to excess skin which makes the eyelid heavy.<\/p>\n\n<\/div>\n\n<div class=\"gb-container gb-container-ee27d468\">\n\n<figure class=\"gb-block-image gb-block-image-7f2c91b1\"><img decoding=\"async\" width=\"1870\" height=\"820\" class=\"gb-image gb-image-7f2c91b1 soin-header-image\" src=\"https:\/\/www.docteur-barry.com\/wp-content\/uploads\/2024\/07\/correction-relachement-paupiere-plexr-compiegne-dr-barry.webp\" alt=\"Traitement des paupi\u00e8res \u00e0 Compi\u00e8gne dans l'Oise - Dr Barry\" srcset=\"https:\/\/www.docteur-barry.com\/wp-content\/uploads\/2024\/07\/correction-relachement-paupiere-plexr-compiegne-dr-barry.webp 1870w, https:\/\/www.docteur-barry.com\/wp-content\/uploads\/2024\/07\/correction-relachement-paupiere-plexr-compiegne-dr-barry-300x132.webp 300w, https:\/\/www.docteur-barry.com\/wp-content\/uploads\/2024\/07\/correction-relachement-paupiere-plexr-compiegne-dr-barry-1024x449.webp 1024w, https:\/\/www.docteur-barry.com\/wp-content\/uploads\/2024\/07\/correction-relachement-paupiere-plexr-compiegne-dr-barry-768x337.webp 768w, https:\/\/www.docteur-barry.com\/wp-content\/uploads\/2024\/07\/correction-relachement-paupiere-plexr-compiegne-dr-barry-1536x674.webp 1536w, https:\/\/www.docteur-barry.com\/wp-content\/uploads\/2024\/07\/correction-relachement-paupiere-plexr-compiegne-dr-barry-500x219.webp 500w, https:\/\/www.docteur-barry.com\/wp-content\/uploads\/2024\/07\/correction-relachement-paupiere-plexr-compiegne-dr-barry-800x351.webp 800w, https:\/\/www.docteur-barry.com\/wp-content\/uploads\/2024\/07\/correction-relachement-paupiere-plexr-compiegne-dr-barry-1280x561.webp 1280w\" sizes=\"(max-width: 1870px) 100vw, 1870px\" \/><\/figure>\n\n<\/div>\n<\/div>\n\n\n<p>The consequence of this excess skin consists of:<\/p>\n\n\n\n<ul class=\"wp-block-list\">\n<li>In a more closed look<\/li>\n\n\n\n<li>In a sad way<\/li>\n\n\n\n<li>And sometimes inconvenience for the patient on a daily basis who has the impression of having a weight on the eye.<\/li>\n<\/ul>\n\n\n\n<p>Il existe en m\u00e9decine esth\u00e9tique une alternative \u00e0 la chirurgie, une technique non-invasive qui permet de r\u00e9duire cet exc\u00e8s de peau et d\u2019ouvrir le regard : <strong>un traitement par laser appel\u00e9 PLexr.<\/strong><\/p>\n\n\n\n<p>This laser treatment contributes to the production of new, thicker collagen which will redensify the eyelid and combat this sagging.<\/p>\n\n\n\n<h2 class=\"gb-headline gb-headline-c5b19663 gb-headline-text soin-h2--gold\">THE MEDICAL BLEPHAROPLASTY TECHNIQUE<\/h2>\n\n\n<div class=\"gb-container gb-container-18a83200 soin-separateur-titre\"><\/div>\n\n\n<p>The correction of eyelid sagging is now carried out in the office thanks to a medical technique called Plexr (Plasma exeresis by creating an arc of plasma to sublimate the treated tissues), which performs a non-invasive and incision-free blepharoplasty, for a result without scar.<\/p>\n\n\n\n<p>This is a technique allowing retraction of the skin by surface action, without reflection and without heat transfer into the underlying tissues. There is therefore no bleeding or scarring.<\/p>\n\n\n\n<p>Without contact with the skin, located less than 1 mm from the area to be treated, a potential difference is created between the tip of the device and the tissue to be treated. The air is then ionized, and an arc delivering a large quantity of energy appears. The heat released by the Joule effect is limited to the firing point and causes the sublimation of the corneocytes, without involving the epithelial basal lamina, and without damage to the surrounding tissues.<\/p>\n\n\n\n<h2 class=\"gb-headline gb-headline-ae33d6c2 gb-headline-text soin-h2--gold\">THE PROGRESS OF THE MEDICAL BLEPHAROPLASTY SESSION<\/h2>\n\n\n<div class=\"gb-container gb-container-18a83200 soin-separateur-titre\"><\/div>\n\n\n<p>The patient applies an anesthetic cream (EMLA) 30 minutes before the treatment.<\/p>\n\n\n\n<p>Before starting, using your hand, highlight the folds to be treated. The operating mode used is SPOT mode: points (microscopic of 500 microns) are arranged in a triangle or zig-zag on the identified areas to obtain a 360\u00b0 lifting effect.<\/p>\n\n\n\n<p>The session lasts on average 20 to 30 minutes.<\/p>\n\n\n\n<p>The consequences are marked by slight swelling of the eyelids for 24 to 48 hours, fine crusts fall off on the 3rd day. The pinkness of the eyelid, which can sometimes last up to 1 month, is completely makeupable. Resumption of activities is immediate with fluid beige makeup.<\/p>\n\n\n\n<p>It is advisable to apply high factor sun protection for 2-3 months.<\/p>\n\n\n\n<p>2 to 3 sessions are necessary (depending on the excess tissue to be removed), carried out 6 weeks apart to obtain a result equivalent to that of a surgical blepharoplasty.<\/p>\n\n\n\n<p>This technique also makes it possible to intervene on dermatological lesions (xanthelasma, warts, skin growths) or scar imperfections, where it is very difficult to use the laser.<\/p>\n\n\n\n<h2 class=\"gb-headline gb-headline-474a53d3 gb-headline-text soin-h2--gold\">MEDICAL BLEPHAROPLASTY PRICES<\/h2>\n\n\n<div class=\"gb-container gb-container-18a83200 soin-separateur-titre\"><\/div>\n\n\n<p>PLEX\u2019R : 550\u20ac TTC\/s\u00e9ance. Pr\u00e9voir 1 \u00e0 3 s\u00e9ances selon l\u2019importance du rel\u00e2chement.<\/p>\n\n<\/div>\n<\/section>\n\n<aside class=\"gb-container gb-container-9f04b338\">\n\n<h3 class=\"gb-headline gb-headline-cd80a778 gb-headline-text soin-autres-traitements-h3\">Discover our other facial aesthetic medicine treatments<\/h3>\n\n\n<div class=\"gb-container gb-container-12e8fd28 soin-autres-traitements-separateur\"><\/div>\n\n<div class=\"gb-container gb-container-b9ebe231\">\n<div class=\"gb-container gb-container-e8999cf5\">\n\n<div class=\"gb-grid-wrapper gb-grid-wrapper-6f685752 gb-query-loop-wrapper\">\n<div class=\"gb-grid-column gb-grid-column-51542ccb gb-query-loop-item post-143 page type-page status-publish a3w-page-category-acide-hyaluronique a3w-page-category-visage\"><div class=\"gb-container gb-container-51542ccb soin-autres-traitements-loop-inner-contanier\">\n<a class=\"gb-button gb-button-8c0f4c59 gb-button-text soin-autres-traitements-bouton\" href=\"https:\/\/www.docteur-barry.com\/en\/medecine-esthetique-du-visage\/ovale-du-visage-compiegne-oise\/\">The oval of the face<\/a>\n<\/div><\/div>\n\n<div class=\"gb-grid-column gb-grid-column-51542ccb gb-query-loop-item post-144 page type-page status-publish a3w-page-category-acide-hyaluronique a3w-page-category-visage\"><div class=\"gb-container gb-container-51542ccb soin-autres-traitements-loop-inner-contanier\">\n<a class=\"gb-button gb-button-8c0f4c59 gb-button-text soin-autres-traitements-bouton\" href=\"https:\/\/www.docteur-barry.com\/en\/medecine-esthetique-du-visage\/le-double-menton-compiegne-oise\/\">The double chin<\/a>\n<\/div><\/div>\n\n<div class=\"gb-grid-column gb-grid-column-51542ccb gb-query-loop-item post-141 page type-page status-publish a3w-page-category-acide-hyaluronique a3w-page-category-visage\"><div class=\"gb-container gb-container-51542ccb soin-autres-traitements-loop-inner-contanier\">\n<a class=\"gb-button gb-button-8c0f4c59 gb-button-text soin-autres-traitements-bouton\" href=\"https:\/\/www.docteur-barry.com\/en\/medecine-esthetique-du-visage\/le-nez-sans-chirurgie-compiegne-oise\/\">The nose without surgery<\/a>\n<\/div><\/div>\n\n<div class=\"gb-grid-column gb-grid-column-51542ccb gb-query-loop-item post-138 page type-page status-publish a3w-page-category-acide-hyaluronique a3w-page-category-visage\"><div class=\"gb-container gb-container-51542ccb soin-autres-traitements-loop-inner-contanier\">\n<a class=\"gb-button gb-button-8c0f4c59 gb-button-text soin-autres-traitements-bouton\" href=\"https:\/\/www.docteur-barry.com\/en\/medecine-esthetique-du-visage\/cernes-creux-compiegne-oise\/\">Hollow dark circles<\/a>\n<\/div><\/div>\n\n<div class=\"gb-grid-column gb-grid-column-51542ccb gb-query-loop-item post-142 page type-page status-publish a3w-page-category-acide-hyaluronique a3w-page-category-visage\"><div class=\"gb-container gb-container-51542ccb soin-autres-traitements-loop-inner-contanier\">\n<a class=\"gb-button gb-button-8c0f4c59 gb-button-text soin-autres-traitements-bouton\" href=\"https:\/\/www.docteur-barry.com\/en\/medecine-esthetique-du-visage\/injection-levres-bouche-compiegne-oise\/\">Lips and mouth<\/a>\n<\/div><\/div>\n\n<div class=\"gb-grid-column gb-grid-column-51542ccb gb-query-loop-item post-140 page type-page status-publish a3w-page-category-acide-hyaluronique a3w-page-category-visage\"><div class=\"gb-container gb-container-51542ccb soin-autres-traitements-loop-inner-contanier\">\n<a class=\"gb-button gb-button-8c0f4c59 gb-button-text soin-autres-traitements-bouton\" href=\"https:\/\/www.docteur-barry.com\/en\/medecine-esthetique-du-visage\/injection-pommettes-joues-compiegne-oise\/\">Cheekbones and cheeks<\/a>\n<\/div><\/div>\n\n<div class=\"gb-grid-column gb-grid-column-51542ccb gb-query-loop-item post-137 page type-page status-publish a3w-page-category-acide-hyaluronique a3w-page-category-visage\"><div class=\"gb-container gb-container-51542ccb soin-autres-traitements-loop-inner-contanier\">\n<a class=\"gb-button gb-button-8c0f4c59 gb-button-text soin-autres-traitements-bouton\" href=\"https:\/\/www.docteur-barry.com\/en\/medecine-esthetique-du-visage\/les-rides-du-visage-compiegne-oise\/\">Facial wrinkles<\/a>\n<\/div><\/div>\n<\/div>\n\n<\/div>\n<\/div>\n<\/aside>\n\n<aside class=\"gb-container gb-container-dafe4cc9\">\n<div class=\"gb-container gb-container-1bcaf30f\">\n<div data-aos-duration=\"1000\" data-aos-once=\"true\" data-aos=\"fade\" class=\"gb-container gb-container-41ac15ca\">\n\n<h2 class=\"gb-headline gb-headline-7ddbce32 gb-headline-text\">Book your consultation<\/h2>\n\n\n\n<p class=\"gb-headline gb-headline-30f1cc6d gb-headline-text\">D\u00e9marrez votre protocole de soins personnalis\u00e9s<\/p>\n\n\n<div class=\"gb-container gb-container-54c8a8d7\"><\/div>\n\n\n<p class=\"gb-headline gb-headline-9216de00 gb-headline-text\">Meet Doctor Barry for a personalized approach and discover how she can help you achieve your beauty goals.<\/p>\n\n<\/div>\n\n<div data-aos-delay=\"500\" data-aos-duration=\"1000\" data-aos-once=\"true\" data-aos=\"fade\" class=\"gb-container gb-container-0dcf903a\">\n\n<a class=\"gb-button gb-button-383c0ef4 btn-default btn-icon-right-1\" href=\"https:\/\/www.doctolib.fr\/medecin-generaliste\/compiegne\/laurence-barry\" target=\"_blank\" rel=\"noopener noreferrer\"><span class=\"gb-button-text\">Book a consultation<\/span><span class=\"gb-icon\"><svg viewbox=\"0 0 16 16\" class=\"bi bi-arrow-right\" fill=\"currentColor\" height=\"16\" width=\"16\" xmlns=\"http:\/\/www.w3.org\/2000\/svg\">   <path d=\"M1 8a.5.5 0 0 1 .5-.5h11.793l-3.147-3.146a.5.5 0 0 1 .708-.708l4 4a.5.5 0 0 1 0 .708l-4 4a.5.5 0 0 1-.708-.708L13.293 8.5H1.5A.5.5 0 0 1 1 8\" fill-rule=\"evenodd\"><\/path> <\/svg><\/span><\/a>\n\n<\/div>\n<\/div>\n<\/aside>","protected":false},"excerpt":{"rendered":"<p>Les paupi\u00e8res tombantes La peau des paupi\u00e8res est la plus fine de l\u2018organisme, avec \u00e9paisseur d\u2019\u00e0 peine 0,5 mm. La paupi\u00e8re bouge intens\u00e9ment : on cligne des yeux 28 000 fois par jour. La paupi\u00e8re chez la femme est \u00e9galement soumise \u00e0 rude \u00e9preuve&nbsp;: le maquillage le jour, le d\u00e9maquillage le soir. &nbsp;Avec les ann\u00e9es, &#8230; <a title=\"Drooping eyelids\" class=\"read-more\" href=\"https:\/\/www.docteur-barry.com\/en\/medecine-esthetique-du-visage\/paupieres-tombantes-compiegne-oise\/\" aria-label=\"Read more about Les paupi\u00e8res tombantes\">Read more<\/a><\/p>","protected":false},"author":1,"featured_media":0,"parent":122,"menu_order":0,"comment_status":"closed","ping_status":"closed","template":"","meta":{"_seopress_robots_primary_cat":"","_seopress_titles_title":"Bl\u00e9pharoplastie M\u00e9dicale par Plexr \u00e0 Compi\u00e8gne - Dr. L. Barry","_seopress_titles_desc":"Gr\u00e2ce \u00e0 la nouvelle technique m\u00e9dicale Plexr, la bl\u00e9pharoplastie ou la correction du rel\u00e2chement des paupi\u00e8res est r\u00e9alis\u00e9e sans chirurgie au cabinet de m\u00e9decine esth\u00e9tique du dr Barry \u00e0 Compi\u00e8gne - Creil, Beauvais, Oise","_seopress_robots_index":"","_seopress_analysis_target_kw":"","_vp_format_video_url":"","_vp_image_focal_point":[],"footnotes":""},"a3w-page-category":[23,42],"class_list":{"0":"post-139","1":"page","2":"type-page","3":"status-publish","5":"a3w-page-category-acide-hyaluronique","6":"a3w-page-category-visage"},"_links":{"self":[{"href":"https:\/\/www.docteur-barry.com\/en\/wp-json\/wp\/v2\/pages\/139","targetHints":{"allow":["GET"]}}],"collection":[{"href":"https:\/\/www.docteur-barry.com\/en\/wp-json\/wp\/v2\/pages"}],"about":[{"href":"https:\/\/www.docteur-barry.com\/en\/wp-json\/wp\/v2\/types\/page"}],"author":[{"embeddable":true,"href":"https:\/\/www.docteur-barry.com\/en\/wp-json\/wp\/v2\/users\/1"}],"replies":[{"embeddable":true,"href":"https:\/\/www.docteur-barry.com\/en\/wp-json\/wp\/v2\/comments?post=139"}],"version-history":[{"count":3,"href":"https:\/\/www.docteur-barry.com\/en\/wp-json\/wp\/v2\/pages\/139\/revisions"}],"predecessor-version":[{"id":3971,"href":"https:\/\/www.docteur-barry.com\/en\/wp-json\/wp\/v2\/pages\/139\/revisions\/3971"}],"up":[{"embeddable":true,"href":"https:\/\/www.docteur-barry.com\/en\/wp-json\/wp\/v2\/pages\/122"}],"wp:attachment":[{"href":"https:\/\/www.docteur-barry.com\/en\/wp-json\/wp\/v2\/media?parent=139"}],"wp:term":[{"taxonomy":"a3w-page-category","embeddable":true,"href":"https:\/\/www.docteur-barry.com\/en\/wp-json\/wp\/v2\/a3w-page-category?post=139"}],"curies":[{"name":"wp","href":"https:\/\/api.w.org\/{rel}","templated":true}]}}