{"id":140,"date":"2024-05-07T13:49:56","date_gmt":"2024-05-07T11:49:56","guid":{"rendered":"https:\/\/www.docteur-barry.com\/medecine-esthetique-du-visage\/injection-pommettes-joues-compiegne-oise\/"},"modified":"2025-10-21T14:30:24","modified_gmt":"2025-10-21T12:30:24","slug":"injection-pommettes-joues-compiegne-oise","status":"publish","type":"page","link":"https:\/\/www.docteur-barry.com\/en\/medecine-esthetique-du-visage\/injection-pommettes-joues-compiegne-oise\/","title":{"rendered":"Cheekbones and cheeks"},"content":{"rendered":"<section class=\"gb-container gb-container-2dadddae\">\n<div class=\"gb-container gb-container-1b819d7d\">\n<div class=\"gb-container gb-container-12c70c8e\"><\/div>\n\n<h1 class=\"gb-headline gb-headline-4904e363 gb-headline-text soin-h1\">Cheekbones and cheeks<\/h1>\n\n<div class=\"gb-container gb-container-2f12f2e8 breadcrumb-presta\">\n<nav  aria-label=\"breadcrumb\"><ol class=\"breadcrumb\" itemscope itemtype=\"https:\/\/schema.org\/BreadcrumbList\"><li class=\"breadcrumb-item active\" aria-current=\"page\" itemprop=\"itemListElement\" itemscope itemtype=\"https:\/\/schema.org\/ListItem\"><span itemprop=\"name\">Welcome<\/span><meta itemprop=\"position\" content=\"1\"><\/li><\/ol><\/nav>\n\n<\/div>\n<\/div>\n<\/section>\n\n<section class=\"gb-container gb-container-71b6a204\">\n<div class=\"gb-container gb-container-28ca6a54\">\n<div class=\"gb-container gb-container-ee7d8f8a\">\n<div class=\"gb-container gb-container-09bac55f\">\n\n<h2 class=\"gb-headline gb-headline-fc29476e gb-headline-text soin-h2--gold\">A TIRED AND SAD FACE IS REJUVENATE BY VOLUMA\u00ae VOLUMETRIC RESTORATION<\/h2>\n\n\n<div class=\"gb-container gb-container-18a83200 soin-separateur-titre\"><\/div>\n\n\n<p>As we age, the nasolabial folds deepen, the cheekbones sag and small \u201cjowls\u201d form. The sagging of muscles and fat associated with repeated expressions, coupled with the effects of gravity, makes an attractive woman or handsome man look tired, lax and severe decades later. The face ages.<\/p>\n\n\n\n<p>All these symptoms result in a tired and sad look on the face even though we feel in great shape. There is a real gap between what these men and women feel and the image they give off.<\/p>\n\n<\/div>\n\n<div class=\"gb-container gb-container-a228df6f\">\n\n<figure class=\"gb-block-image gb-block-image-7f2c91b1\"><img decoding=\"async\" width=\"915\" height=\"409\" class=\"gb-image gb-image-7f2c91b1 soin-header-image\" src=\"https:\/\/www.docteur-barry.com\/wp-content\/uploads\/2024\/07\/pommettes-joues-campiegne-dr-barry.webp\" alt=\"Traitement des pommettes et des joues \u00e0 Compi\u00e8gne dans l'OIse - Dr Barry\" srcset=\"https:\/\/www.docteur-barry.com\/wp-content\/uploads\/2024\/07\/pommettes-joues-campiegne-dr-barry.webp 915w, https:\/\/www.docteur-barry.com\/wp-content\/uploads\/2024\/07\/pommettes-joues-campiegne-dr-barry-300x134.webp 300w, https:\/\/www.docteur-barry.com\/wp-content\/uploads\/2024\/07\/pommettes-joues-campiegne-dr-barry-768x343.webp 768w, https:\/\/www.docteur-barry.com\/wp-content\/uploads\/2024\/07\/pommettes-joues-campiegne-dr-barry-500x223.webp 500w, https:\/\/www.docteur-barry.com\/wp-content\/uploads\/2024\/07\/pommettes-joues-campiegne-dr-barry-800x358.webp 800w\" sizes=\"(max-width: 915px) 100vw, 915px\" \/><\/figure>\n\n<\/div>\n<\/div>\n\n\n<p>Hyaluronic acid injections are a solution of choice to restore volume to a sunken face, but also to enhance cheekbones, fill nasolabial folds and lift a sagging face.<\/p>\n\n\n\n<p>I use a dense hyaluronic acid (Juvederm Voluma\u00ae) to support the sagging of the skin, correct the hollowness of the cheeks, harmonize the oval and improve the overall support of the face in order to obtain&nbsp;<strong>natural and lasting results.<\/strong><\/p>\n\n\n\n<p><strong>In fact, the results of hyaluronic acid injections in the middle third of the face last up to 18 to 24 months.&nbsp;<\/strong>without creating artificial volume and respecting the proportions of your face.<\/p>\n\n\n\n<p>Thus, by restoring the curve of the cheekbones, we will correct the small ptosis of the cheek which forms the nasolabial fold and the valley of tears in order to naturally erase the sad or tired appearance of the face.<\/p>\n\n\n\n<h3 class=\"gb-headline gb-headline-05adb3e5 gb-headline-text soin-h3\">Indications for Juvederm Voluma\u00ae hyaluronic acid injections<\/h3>\n\n\n\n<ul class=\"wp-block-list\">\n<li>Restoration of cheekbone volume;<\/li>\n\n\n\n<li>Chin remodeling (chin pulled back);<\/li>\n\n\n\n<li>Restoration of the oval of the lower face;<\/li>\n\n\n\n<li>Correction of sunken temples.<\/li>\n<\/ul>\n\n\n\n<h3 class=\"gb-headline gb-headline-aa2bd96a gb-headline-text soin-h3\">The hyaluronic acid injection session<\/h3>\n\n\n\n<p>I will welcome you in the heart of Compi\u00e8gne for a first consultation appointment.<\/p>\n\n\n\n<p>This first meeting is the way for the patient to express their feelings, their needs, their motivations and to point out their \u201ccomplexes\u201d. It also allows me to know all of his medical history.<\/p>\n\n\n\n<p>After an overall analysis of the face, I offer my patients a treatment plan adapted to each person\u2019s needs.<\/p>\n\n\n\n<p>Before and after photos are taken.<\/p>\n\n\n\n<p>The objective is to obtain a result that meets patients&#039; demands, absolutely natural and respectful of the balance of the face. The contours will be redrawn naturally, without excess, with an immediate effect.<\/p>\n\n\n\n<p>The injections are performed in my Aesthetic Center in 45 minutes. Hyaluronic acid contains lidocaine, a local anesthetic, the injections are done with more comfort and without pain.<\/p>\n\n\n\n<p>After treatment, patients can return to their activities. The results are immediate.<\/p>\n\n\n\n<p>A small temporary bruise may appear. Don&#039;t panic: with a little bit of makeup, the patient can camouflage it.<\/p>\n\n\n\n<h3 class=\"gb-headline gb-headline-54545cd7 gb-headline-text soin-h3\">Prices to rejuvenate, look fit and dapper<\/h3>\n\n\n\n<p>Restructuring the volumes of the young face from \u20ac480 including tax.<\/p>\n\n\n\n<p>Restructuring of the volumes of the less youthful face from \u20ac650 including tax.<\/p>\n\n\n\n<p>Restructuring of facial volumes that are truly less youthful from \u20ac850 including tax.<\/p>\n\n<\/div>\n<\/section>\n\n<aside class=\"gb-container gb-container-9f04b338\">\n\n<h3 class=\"gb-headline gb-headline-cd80a778 gb-headline-text soin-autres-traitements-h3\">Discover our other facial aesthetic medicine treatments<\/h3>\n\n\n<div class=\"gb-container gb-container-12e8fd28 soin-autres-traitements-separateur\"><\/div>\n\n<div class=\"gb-container gb-container-b9ebe231\">\n<div class=\"gb-container gb-container-e8999cf5\">\n\n<div class=\"gb-grid-wrapper gb-grid-wrapper-6f685752 gb-query-loop-wrapper\">\n<div class=\"gb-grid-column gb-grid-column-51542ccb gb-query-loop-item post-143 page type-page status-publish a3w-page-category-acide-hyaluronique a3w-page-category-visage\"><div class=\"gb-container gb-container-51542ccb soin-autres-traitements-loop-inner-contanier\">\n<a class=\"gb-button gb-button-8c0f4c59 gb-button-text soin-autres-traitements-bouton\" href=\"https:\/\/www.docteur-barry.com\/en\/medecine-esthetique-du-visage\/ovale-du-visage-compiegne-oise\/\">The oval of the face<\/a>\n<\/div><\/div>\n\n<div class=\"gb-grid-column gb-grid-column-51542ccb gb-query-loop-item post-144 page type-page status-publish a3w-page-category-acide-hyaluronique a3w-page-category-visage\"><div class=\"gb-container gb-container-51542ccb soin-autres-traitements-loop-inner-contanier\">\n<a class=\"gb-button gb-button-8c0f4c59 gb-button-text soin-autres-traitements-bouton\" href=\"https:\/\/www.docteur-barry.com\/en\/medecine-esthetique-du-visage\/le-double-menton-compiegne-oise\/\">The double chin<\/a>\n<\/div><\/div>\n\n<div class=\"gb-grid-column gb-grid-column-51542ccb gb-query-loop-item post-141 page type-page status-publish a3w-page-category-acide-hyaluronique a3w-page-category-visage\"><div class=\"gb-container gb-container-51542ccb soin-autres-traitements-loop-inner-contanier\">\n<a class=\"gb-button gb-button-8c0f4c59 gb-button-text soin-autres-traitements-bouton\" href=\"https:\/\/www.docteur-barry.com\/en\/medecine-esthetique-du-visage\/le-nez-sans-chirurgie-compiegne-oise\/\">The nose without surgery<\/a>\n<\/div><\/div>\n\n<div class=\"gb-grid-column gb-grid-column-51542ccb gb-query-loop-item post-138 page type-page status-publish a3w-page-category-acide-hyaluronique a3w-page-category-visage\"><div class=\"gb-container gb-container-51542ccb soin-autres-traitements-loop-inner-contanier\">\n<a class=\"gb-button gb-button-8c0f4c59 gb-button-text soin-autres-traitements-bouton\" href=\"https:\/\/www.docteur-barry.com\/en\/medecine-esthetique-du-visage\/cernes-creux-compiegne-oise\/\">Hollow dark circles<\/a>\n<\/div><\/div>\n\n<div class=\"gb-grid-column gb-grid-column-51542ccb gb-query-loop-item post-142 page type-page status-publish a3w-page-category-acide-hyaluronique a3w-page-category-visage\"><div class=\"gb-container gb-container-51542ccb soin-autres-traitements-loop-inner-contanier\">\n<a class=\"gb-button gb-button-8c0f4c59 gb-button-text soin-autres-traitements-bouton\" href=\"https:\/\/www.docteur-barry.com\/en\/medecine-esthetique-du-visage\/injection-levres-bouche-compiegne-oise\/\">Lips and mouth<\/a>\n<\/div><\/div>\n\n<div class=\"gb-grid-column gb-grid-column-51542ccb gb-query-loop-item post-139 page type-page status-publish a3w-page-category-acide-hyaluronique a3w-page-category-visage\"><div class=\"gb-container gb-container-51542ccb soin-autres-traitements-loop-inner-contanier\">\n<a class=\"gb-button gb-button-8c0f4c59 gb-button-text soin-autres-traitements-bouton\" href=\"https:\/\/www.docteur-barry.com\/en\/medecine-esthetique-du-visage\/paupieres-tombantes-compiegne-oise\/\">Drooping eyelids<\/a>\n<\/div><\/div>\n\n<div class=\"gb-grid-column gb-grid-column-51542ccb gb-query-loop-item post-137 page type-page status-publish a3w-page-category-acide-hyaluronique a3w-page-category-visage\"><div class=\"gb-container gb-container-51542ccb soin-autres-traitements-loop-inner-contanier\">\n<a class=\"gb-button gb-button-8c0f4c59 gb-button-text soin-autres-traitements-bouton\" href=\"https:\/\/www.docteur-barry.com\/en\/medecine-esthetique-du-visage\/les-rides-du-visage-compiegne-oise\/\">Facial wrinkles<\/a>\n<\/div><\/div>\n<\/div>\n\n<\/div>\n<\/div>\n<\/aside>\n\n<aside class=\"gb-container gb-container-dafe4cc9\">\n<div class=\"gb-container gb-container-1bcaf30f\">\n<div data-aos-duration=\"1000\" data-aos-once=\"true\" data-aos=\"fade\" class=\"gb-container gb-container-41ac15ca\">\n\n<h2 class=\"gb-headline gb-headline-7ddbce32 gb-headline-text\">Book your consultation<\/h2>\n\n\n\n<p class=\"gb-headline gb-headline-30f1cc6d gb-headline-text\">D\u00e9marrez votre protocole de soins personnalis\u00e9s<\/p>\n\n\n<div class=\"gb-container gb-container-54c8a8d7\"><\/div>\n\n\n<p class=\"gb-headline gb-headline-9216de00 gb-headline-text\">Meet Doctor Barry for a personalized approach and discover how she can help you achieve your beauty goals.<\/p>\n\n<\/div>\n\n<div data-aos-delay=\"500\" data-aos-duration=\"1000\" data-aos-once=\"true\" data-aos=\"fade\" class=\"gb-container gb-container-0dcf903a\">\n\n<a class=\"gb-button gb-button-383c0ef4 btn-default btn-icon-right-1\" href=\"https:\/\/www.doctolib.fr\/medecin-generaliste\/compiegne\/laurence-barry\" target=\"_blank\" rel=\"noopener noreferrer\"><span class=\"gb-button-text\">Book a consultation<\/span><span class=\"gb-icon\"><svg viewbox=\"0 0 16 16\" class=\"bi bi-arrow-right\" fill=\"currentColor\" height=\"16\" width=\"16\" xmlns=\"http:\/\/www.w3.org\/2000\/svg\">   <path d=\"M1 8a.5.5 0 0 1 .5-.5h11.793l-3.147-3.146a.5.5 0 0 1 .708-.708l4 4a.5.5 0 0 1 0 .708l-4 4a.5.5 0 0 1-.708-.708L13.293 8.5H1.5A.5.5 0 0 1 1 8\" fill-rule=\"evenodd\"><\/path> <\/svg><\/span><\/a>\n\n<\/div>\n<\/div>\n<\/aside>","protected":false},"excerpt":{"rendered":"<p>UN VISAGE FATIGU\u00c9 ET TRISTE EST RAJEUNI PAR&nbsp;LA&nbsp;RESTAURATION VOLUM\u00c9TRIQUE VOLUMA\u00ae En vieillissant, les sillons naso-g\u00e9niens se creusent, les pommettes s\u2019affaissent et des petites \u00ab bajoues \u00bb se forment. L\u2019affaissement des muscles et de la graisse li\u00e9es aux expressions r\u00e9p\u00e9t\u00e9es, coupl\u00e9 aux effets de la gravit\u00e9, donnent \u00e0 une jolie femme ou un bel homme un &#8230; <a title=\"Cheekbones and cheeks\" class=\"read-more\" href=\"https:\/\/www.docteur-barry.com\/en\/medecine-esthetique-du-visage\/injection-pommettes-joues-compiegne-oise\/\" aria-label=\"Read more about Les pommettes et les joues\">Read more<\/a><\/p>","protected":false},"author":1,"featured_media":0,"parent":122,"menu_order":0,"comment_status":"closed","ping_status":"closed","template":"","meta":{"_seopress_robots_primary_cat":"","_seopress_titles_title":"Injection d'Acide Hyaluronique Pommettes - Compi\u00e8gne - Dr Barry","_seopress_titles_desc":"Le Dr Barry, m\u00e9decin esth\u00e9tique \u00e0 Compi\u00e8gne, utilise l\u2019Acide Hyaluronique (Juv\u00e9derm Voluma\u00ae) pour soutenir le rel\u00e2chement de la peau, corriger le creux des joues et le soutien du visage - Creil, Beauvais, Oise","_seopress_robots_index":"","_vp_format_video_url":"","_vp_image_focal_point":[],"footnotes":""},"a3w-page-category":[23,42],"class_list":{"0":"post-140","1":"page","2":"type-page","3":"status-publish","5":"a3w-page-category-acide-hyaluronique","6":"a3w-page-category-visage"},"_links":{"self":[{"href":"https:\/\/www.docteur-barry.com\/en\/wp-json\/wp\/v2\/pages\/140","targetHints":{"allow":["GET"]}}],"collection":[{"href":"https:\/\/www.docteur-barry.com\/en\/wp-json\/wp\/v2\/pages"}],"about":[{"href":"https:\/\/www.docteur-barry.com\/en\/wp-json\/wp\/v2\/types\/page"}],"author":[{"embeddable":true,"href":"https:\/\/www.docteur-barry.com\/en\/wp-json\/wp\/v2\/users\/1"}],"replies":[{"embeddable":true,"href":"https:\/\/www.docteur-barry.com\/en\/wp-json\/wp\/v2\/comments?post=140"}],"version-history":[{"count":3,"href":"https:\/\/www.docteur-barry.com\/en\/wp-json\/wp\/v2\/pages\/140\/revisions"}],"predecessor-version":[{"id":3847,"href":"https:\/\/www.docteur-barry.com\/en\/wp-json\/wp\/v2\/pages\/140\/revisions\/3847"}],"up":[{"embeddable":true,"href":"https:\/\/www.docteur-barry.com\/en\/wp-json\/wp\/v2\/pages\/122"}],"wp:attachment":[{"href":"https:\/\/www.docteur-barry.com\/en\/wp-json\/wp\/v2\/media?parent=140"}],"wp:term":[{"taxonomy":"a3w-page-category","embeddable":true,"href":"https:\/\/www.docteur-barry.com\/en\/wp-json\/wp\/v2\/a3w-page-category?post=140"}],"curies":[{"name":"wp","href":"https:\/\/api.w.org\/{rel}","templated":true}]}}