{"id":141,"date":"2024-05-07T13:49:56","date_gmt":"2024-05-07T11:49:56","guid":{"rendered":"https:\/\/www.docteur-barry.com\/medecine-esthetique-du-visage\/le-nez-sans-chirurgie-compiegne-oise\/"},"modified":"2025-10-22T11:00:01","modified_gmt":"2025-10-22T09:00:01","slug":"le-nez-sans-chirurgie-compiegne-oise","status":"publish","type":"page","link":"https:\/\/www.docteur-barry.com\/en\/medecine-esthetique-du-visage\/le-nez-sans-chirurgie-compiegne-oise\/","title":{"rendered":"The nose without surgery"},"content":{"rendered":"<section class=\"gb-container gb-container-2dadddae\">\n<div class=\"gb-container gb-container-1b819d7d\">\n<div class=\"gb-container gb-container-12c70c8e\"><\/div>\n\n<h1 class=\"gb-headline gb-headline-4904e363 gb-headline-text soin-h1\">The nose without surgery<\/h1>\n\n<div class=\"gb-container gb-container-2f12f2e8 breadcrumb-presta\">\n<nav  aria-label=\"breadcrumb\"><ol class=\"breadcrumb\" itemscope itemtype=\"https:\/\/schema.org\/BreadcrumbList\"><li class=\"breadcrumb-item active\" aria-current=\"page\" itemprop=\"itemListElement\" itemscope itemtype=\"https:\/\/schema.org\/ListItem\"><span itemprop=\"name\">Welcome<\/span><meta itemprop=\"position\" content=\"1\"><\/li><\/ol><\/nav>\n\n<\/div>\n<\/div>\n<\/section>\n\n<section class=\"gb-container gb-container-71b6a204\">\n<div class=\"gb-container gb-container-28ca6a54\">\n<div class=\"gb-container gb-container-d8566c3f\">\n<div class=\"gb-container gb-container-ebdc5740\">\n\n<h2 class=\"gb-headline gb-headline-fc29476e gb-headline-text soin-h2--gold\">THE NON-SURGICAL NOSE<\/h2>\n\n\n<div class=\"gb-container gb-container-18a83200 soin-separateur-titre\"><\/div>\n\n\n<p>The nose asserts the character of the face both from the front and in profile. There are many nose shapes, small noses but also large ones, large ones, noses with bumps, hollows. There is no perfect nose, but the nose, located in the center, must be in harmony with the rest of the face. Sometimes, certain imperfections unbalance this harmony. Aesthetic medicine offers possibilities to remedy these imperfections.<\/p>\n\n\n\n<p>We speak of surgical or medical rhinoplasty, depending on the treatments and the practitioner.<\/p>\n\n<\/div>\n\n<div class=\"gb-container gb-container-2a135f95\">\n\n<figure class=\"gb-block-image gb-block-image-7f2c91b1\"><img decoding=\"async\" width=\"2000\" height=\"1500\" class=\"gb-image gb-image-7f2c91b1 soin-header-image\" src=\"https:\/\/www.docteur-barry.com\/wp-content\/uploads\/2025\/10\/rhinoplastie-sans-chirurgie-compiegne-dr-barry.webp\" alt=\"\" title=\"rhinoplastie-sans-chirurgie-compiegne-dr-barry\" srcset=\"https:\/\/www.docteur-barry.com\/wp-content\/uploads\/2025\/10\/rhinoplastie-sans-chirurgie-compiegne-dr-barry.webp 2000w, https:\/\/www.docteur-barry.com\/wp-content\/uploads\/2025\/10\/rhinoplastie-sans-chirurgie-compiegne-dr-barry-300x225.webp 300w, https:\/\/www.docteur-barry.com\/wp-content\/uploads\/2025\/10\/rhinoplastie-sans-chirurgie-compiegne-dr-barry-1024x768.webp 1024w, https:\/\/www.docteur-barry.com\/wp-content\/uploads\/2025\/10\/rhinoplastie-sans-chirurgie-compiegne-dr-barry-768x576.webp 768w, https:\/\/www.docteur-barry.com\/wp-content\/uploads\/2025\/10\/rhinoplastie-sans-chirurgie-compiegne-dr-barry-1536x1152.webp 1536w, https:\/\/www.docteur-barry.com\/wp-content\/uploads\/2025\/10\/rhinoplastie-sans-chirurgie-compiegne-dr-barry-16x12.webp 16w, https:\/\/www.docteur-barry.com\/wp-content\/uploads\/2025\/10\/rhinoplastie-sans-chirurgie-compiegne-dr-barry-500x375.webp 500w, https:\/\/www.docteur-barry.com\/wp-content\/uploads\/2025\/10\/rhinoplastie-sans-chirurgie-compiegne-dr-barry-800x600.webp 800w, https:\/\/www.docteur-barry.com\/wp-content\/uploads\/2025\/10\/rhinoplastie-sans-chirurgie-compiegne-dr-barry-1280x960.webp 1280w, https:\/\/www.docteur-barry.com\/wp-content\/uploads\/2025\/10\/rhinoplastie-sans-chirurgie-compiegne-dr-barry-1920x1440.webp 1920w\" sizes=\"(max-width: 2000px) 100vw, 2000px\" \/><\/figure>\n\n<\/div>\n<\/div>\n\n\n<p><strong>Surgical rhinoplasty<\/strong> is carried out by a plastic surgeon. It requires an operation, general anesthesia and leads to surgical consequences requiring social eviction.<\/p>\n\n\n\n<p>Surgery can correct large defects.<\/p>\n\n\n\n<p>On the other hand, for lighter defects, there is a solution in aesthetic medicine: <strong>medical rhinoplasty<\/strong>. This solution is hyaluronic acid injections with immediate and tailor-made results, and without social exclusion.<\/p>\n\n\n\n<h2 class=\"gb-headline gb-headline-c5b19663 gb-headline-text soin-h2--gold\">Indications for medical rhinoplasty<\/h2>\n\n\n<div class=\"gb-container gb-container-18a83200 soin-separateur-titre\"><\/div>\n\n\n<p>If your nose has hollows or notches, nasal injections<a href=\"http:\/\/www.centre-esthetique-lyon.fr\/acide-hyaluronique\/\">hyaluronic acid<\/a> carried out at the level of the bridge of the nose will allow you to draw a straighter profile line. These injections are performed with very fine needles to ensure comfortable care. The results are visible immediately. The nose area moves little: therefore, it is not uncommon to see the results of hyaluronic acid injections last for at least 2 years.<\/p>\n\n\n\n<p>Medical rhinoplasty can correct a hump, a drooping tip of the nose, a nose that is too flat:<\/p>\n\n\n\n<ul class=\"wp-block-list\">\n<li>For a hollow or a bump, a volumizing hyaluronic acid is used.<\/li>\n\n\n\n<li>For \u201cbunny lines\u201d (small wrinkles on the side of the nose that appear like a smile), Botox injections will be more appropriate.<\/li>\n\n\n\n<li>To enhance a drooping nose tip, botox injections will also be the ideal choice.<\/li>\n<\/ul>\n\n\n\n<h2 class=\"gb-headline gb-headline-ae33d6c2 gb-headline-text soin-h2--gold\">Consultation for a medical rhinoplasty<\/h2>\n\n\n<div class=\"gb-container gb-container-18a83200 soin-separateur-titre\"><\/div>\n\n\n<p>I welcome you in the heart of Compi\u00e8gne in my aesthetic center for a first consultation appointment.<\/p>\n\n\n\n<p>This first meeting is the way for you to express your feelings, your needs, your motivations and to point out your \u201ccomplexes\u201d.<\/p>\n\n\n\n<p>I need to know all of my patients&#039; medical histories.<\/p>\n\n\n\n<p>After an overall analysis of the face, I offer my patients a treatment plan adapted to each person&#039;s needs.<\/p>\n\n\n\n<p>Before and after photos are taken so that we can compare and evaluate the results with you.<\/p>\n\n\n\n<p>The objective is to obtain a result that meets patients&#039; demands, with two objectives: to remain absolutely natural and to fully respect the balance of the face.<\/p>\n\n\n\n<p>After having carried out hyaluronic acid injections in the nose, I can suggest that you correct the chin in order to respect the balance of the face from the front and in profile. We are talking about <strong>profiloplasty<\/strong>.<\/p>\n\n\n\n<h2 class=\"gb-headline gb-headline-474a53d3 gb-headline-text soin-h2--gold\">Hyaluronic acid injections for medical rhinoplasty.<\/h2>\n\n\n<div class=\"gb-container gb-container-18a83200 soin-separateur-titre\"><\/div>\n\n\n<p>After disinfecting the skin, I carry out the injections using very fine needles. Hyaluronic acid is injected deep into the nose, directly in contact with the bone or cartilage.<\/p>\n\n\n\n<p>The injections are performed in my Aesthetic Center in 30 minutes. Hyaluronic acid contains lidocaine for pain-free injections.<\/p>\n\n\n\n<p>After treatment, patients can return directly to their activities. The results are immediate.<\/p>\n\n\n\n<p>However, a small bruise may appear temporarily. With a little bit of makeup, camouflage is possible. The nose may be sensitive after treatment for a few days, but this sensitivity disappears quickly.<\/p>\n\n\n\n<p>I advise avoiding pressing on the nose for 24 hours so as not to displace the freshly injected product. Sun exposure, sauna or hammam should be avoided for two weeks. It is advisable to wait one to two days before resuming sport.<\/p>\n\n<\/div>\n<\/section>\n\n<aside class=\"gb-container gb-container-9f04b338\">\n\n<h3 class=\"gb-headline gb-headline-cd80a778 gb-headline-text soin-autres-traitements-h3\">Discover our other facial aesthetic medicine treatments<\/h3>\n\n\n<div class=\"gb-container gb-container-12e8fd28 soin-autres-traitements-separateur\"><\/div>\n\n<div class=\"gb-container gb-container-b9ebe231\">\n<div class=\"gb-container gb-container-e8999cf5\">\n\n<div class=\"gb-grid-wrapper gb-grid-wrapper-6f685752 gb-query-loop-wrapper\">\n<div class=\"gb-grid-column gb-grid-column-51542ccb gb-query-loop-item post-143 page type-page status-publish a3w-page-category-acide-hyaluronique a3w-page-category-visage\"><div class=\"gb-container gb-container-51542ccb soin-autres-traitements-loop-inner-contanier\">\n<a class=\"gb-button gb-button-8c0f4c59 gb-button-text soin-autres-traitements-bouton\" href=\"https:\/\/www.docteur-barry.com\/en\/medecine-esthetique-du-visage\/ovale-du-visage-compiegne-oise\/\">The oval of the face<\/a>\n<\/div><\/div>\n\n<div class=\"gb-grid-column gb-grid-column-51542ccb gb-query-loop-item post-144 page type-page status-publish a3w-page-category-acide-hyaluronique a3w-page-category-visage\"><div class=\"gb-container gb-container-51542ccb soin-autres-traitements-loop-inner-contanier\">\n<a class=\"gb-button gb-button-8c0f4c59 gb-button-text soin-autres-traitements-bouton\" href=\"https:\/\/www.docteur-barry.com\/en\/medecine-esthetique-du-visage\/le-double-menton-compiegne-oise\/\">The double chin<\/a>\n<\/div><\/div>\n\n<div class=\"gb-grid-column gb-grid-column-51542ccb gb-query-loop-item post-138 page type-page status-publish a3w-page-category-acide-hyaluronique a3w-page-category-visage\"><div class=\"gb-container gb-container-51542ccb soin-autres-traitements-loop-inner-contanier\">\n<a class=\"gb-button gb-button-8c0f4c59 gb-button-text soin-autres-traitements-bouton\" href=\"https:\/\/www.docteur-barry.com\/en\/medecine-esthetique-du-visage\/cernes-creux-compiegne-oise\/\">Hollow dark circles<\/a>\n<\/div><\/div>\n\n<div class=\"gb-grid-column gb-grid-column-51542ccb gb-query-loop-item post-142 page type-page status-publish a3w-page-category-acide-hyaluronique a3w-page-category-visage\"><div class=\"gb-container gb-container-51542ccb soin-autres-traitements-loop-inner-contanier\">\n<a class=\"gb-button gb-button-8c0f4c59 gb-button-text soin-autres-traitements-bouton\" href=\"https:\/\/www.docteur-barry.com\/en\/medecine-esthetique-du-visage\/injection-levres-bouche-compiegne-oise\/\">Lips and mouth<\/a>\n<\/div><\/div>\n\n<div class=\"gb-grid-column gb-grid-column-51542ccb gb-query-loop-item post-139 page type-page status-publish a3w-page-category-acide-hyaluronique a3w-page-category-visage\"><div class=\"gb-container gb-container-51542ccb soin-autres-traitements-loop-inner-contanier\">\n<a class=\"gb-button gb-button-8c0f4c59 gb-button-text soin-autres-traitements-bouton\" href=\"https:\/\/www.docteur-barry.com\/en\/medecine-esthetique-du-visage\/paupieres-tombantes-compiegne-oise\/\">Drooping eyelids<\/a>\n<\/div><\/div>\n\n<div class=\"gb-grid-column gb-grid-column-51542ccb gb-query-loop-item post-140 page type-page status-publish a3w-page-category-acide-hyaluronique a3w-page-category-visage\"><div class=\"gb-container gb-container-51542ccb soin-autres-traitements-loop-inner-contanier\">\n<a class=\"gb-button gb-button-8c0f4c59 gb-button-text soin-autres-traitements-bouton\" href=\"https:\/\/www.docteur-barry.com\/en\/medecine-esthetique-du-visage\/injection-pommettes-joues-compiegne-oise\/\">Cheekbones and cheeks<\/a>\n<\/div><\/div>\n\n<div class=\"gb-grid-column gb-grid-column-51542ccb gb-query-loop-item post-137 page type-page status-publish a3w-page-category-acide-hyaluronique a3w-page-category-visage\"><div class=\"gb-container gb-container-51542ccb soin-autres-traitements-loop-inner-contanier\">\n<a class=\"gb-button gb-button-8c0f4c59 gb-button-text soin-autres-traitements-bouton\" href=\"https:\/\/www.docteur-barry.com\/en\/medecine-esthetique-du-visage\/les-rides-du-visage-compiegne-oise\/\">Facial wrinkles<\/a>\n<\/div><\/div>\n<\/div>\n\n<\/div>\n<\/div>\n<\/aside>\n\n<aside class=\"gb-container gb-container-dafe4cc9\">\n<div class=\"gb-container gb-container-1bcaf30f\">\n<div data-aos-duration=\"1000\" data-aos-once=\"true\" data-aos=\"fade\" class=\"gb-container gb-container-41ac15ca\">\n\n<h2 class=\"gb-headline gb-headline-7ddbce32 gb-headline-text\">Book your consultation<\/h2>\n\n\n\n<p class=\"gb-headline gb-headline-30f1cc6d gb-headline-text\">D\u00e9marrez votre protocole de soins personnalis\u00e9s<\/p>\n\n\n<div class=\"gb-container gb-container-54c8a8d7\"><\/div>\n\n\n<p class=\"gb-headline gb-headline-9216de00 gb-headline-text\">Meet Doctor Barry for a personalized approach and discover how she can help you achieve your beauty goals.<\/p>\n\n<\/div>\n\n<div data-aos-delay=\"500\" data-aos-duration=\"1000\" data-aos-once=\"true\" data-aos=\"fade\" class=\"gb-container gb-container-0dcf903a\">\n\n<a class=\"gb-button gb-button-383c0ef4 btn-default btn-icon-right-1\" href=\"https:\/\/www.doctolib.fr\/medecin-generaliste\/compiegne\/laurence-barry\" target=\"_blank\" rel=\"noopener noreferrer\"><span class=\"gb-button-text\">Book a consultation<\/span><span class=\"gb-icon\"><svg viewbox=\"0 0 16 16\" class=\"bi bi-arrow-right\" fill=\"currentColor\" height=\"16\" width=\"16\" xmlns=\"http:\/\/www.w3.org\/2000\/svg\">   <path d=\"M1 8a.5.5 0 0 1 .5-.5h11.793l-3.147-3.146a.5.5 0 0 1 .708-.708l4 4a.5.5 0 0 1 0 .708l-4 4a.5.5 0 0 1-.708-.708L13.293 8.5H1.5A.5.5 0 0 1 1 8\" fill-rule=\"evenodd\"><\/path> <\/svg><\/span><\/a>\n\n<\/div>\n<\/div>\n<\/aside>","protected":false},"excerpt":{"rendered":"<p>LE NEZ NON CHIRURGICAL Le nez affirme le caract\u00e8re du visage tant de face que de profil. Les formes de nez sont multiples, des petits nez mais aussi des grands, des gros, des nez avec des bosses, des creux. Il n\u2019y a pas de nez parfait mais le nez, situ\u00e9 au centre, doit \u00eatre en &#8230; <a title=\"The nose without surgery\" class=\"read-more\" href=\"https:\/\/www.docteur-barry.com\/en\/medecine-esthetique-du-visage\/le-nez-sans-chirurgie-compiegne-oise\/\" aria-label=\"Read more about Le nez sans chirurgie\">Read more<\/a><\/p>","protected":false},"author":1,"featured_media":0,"parent":122,"menu_order":0,"comment_status":"closed","ping_status":"closed","template":"","meta":{"_seopress_robots_primary_cat":"","_seopress_titles_title":"Rhinoplastie m\u00e9dicale (sans chirurgie) - Compi\u00e8gne - Dr. L. Barry","_seopress_titles_desc":"Gr\u00e2ce aux injections d\u2019Acide Hyaluronique, le Dr Barry, m\u00e9decin esth\u00e9tique \u00e0 Compi\u00e8gne, apporte de l\u00e9g\u00e8res corrections et modifications sur le nez","_seopress_robots_index":"","_seopress_analysis_target_kw":"","_vp_format_video_url":"","_vp_image_focal_point":[],"footnotes":""},"a3w-page-category":[23,42],"class_list":{"0":"post-141","1":"page","2":"type-page","3":"status-publish","5":"a3w-page-category-acide-hyaluronique","6":"a3w-page-category-visage"},"_links":{"self":[{"href":"https:\/\/www.docteur-barry.com\/en\/wp-json\/wp\/v2\/pages\/141","targetHints":{"allow":["GET"]}}],"collection":[{"href":"https:\/\/www.docteur-barry.com\/en\/wp-json\/wp\/v2\/pages"}],"about":[{"href":"https:\/\/www.docteur-barry.com\/en\/wp-json\/wp\/v2\/types\/page"}],"author":[{"embeddable":true,"href":"https:\/\/www.docteur-barry.com\/en\/wp-json\/wp\/v2\/users\/1"}],"replies":[{"embeddable":true,"href":"https:\/\/www.docteur-barry.com\/en\/wp-json\/wp\/v2\/comments?post=141"}],"version-history":[{"count":3,"href":"https:\/\/www.docteur-barry.com\/en\/wp-json\/wp\/v2\/pages\/141\/revisions"}],"predecessor-version":[{"id":3872,"href":"https:\/\/www.docteur-barry.com\/en\/wp-json\/wp\/v2\/pages\/141\/revisions\/3872"}],"up":[{"embeddable":true,"href":"https:\/\/www.docteur-barry.com\/en\/wp-json\/wp\/v2\/pages\/122"}],"wp:attachment":[{"href":"https:\/\/www.docteur-barry.com\/en\/wp-json\/wp\/v2\/media?parent=141"}],"wp:term":[{"taxonomy":"a3w-page-category","embeddable":true,"href":"https:\/\/www.docteur-barry.com\/en\/wp-json\/wp\/v2\/a3w-page-category?post=141"}],"curies":[{"name":"wp","href":"https:\/\/api.w.org\/{rel}","templated":true}]}}