{"id":142,"date":"2024-05-07T13:49:56","date_gmt":"2024-05-07T11:49:56","guid":{"rendered":"https:\/\/www.docteur-barry.com\/medecine-esthetique-du-visage\/injection-levres-bouche-compiegne-oise\/"},"modified":"2025-10-15T11:39:29","modified_gmt":"2025-10-15T09:39:29","slug":"injection-levres-bouche-compiegne-oise","status":"publish","type":"page","link":"https:\/\/www.docteur-barry.com\/en\/medecine-esthetique-du-visage\/injection-levres-bouche-compiegne-oise\/","title":{"rendered":"Lips and mouth"},"content":{"rendered":"<section class=\"gb-container gb-container-2dadddae\">\n<div class=\"gb-container gb-container-1b819d7d\">\n<div class=\"gb-container gb-container-12c70c8e\"><\/div>\n\n<h1 class=\"gb-headline gb-headline-4904e363 gb-headline-text soin-h1\">Lips and mouth<\/h1>\n\n<div class=\"gb-container gb-container-2f12f2e8 breadcrumb-presta\">\n<nav  aria-label=\"breadcrumb\"><ol class=\"breadcrumb\" itemscope itemtype=\"https:\/\/schema.org\/BreadcrumbList\"><li class=\"breadcrumb-item active\" aria-current=\"page\" itemprop=\"itemListElement\" itemscope itemtype=\"https:\/\/schema.org\/ListItem\"><span itemprop=\"name\">Welcome<\/span><meta itemprop=\"position\" content=\"1\"><\/li><\/ol><\/nav>\n\n<\/div>\n<\/div>\n<\/section>\n\n<section class=\"gb-container gb-container-71b6a204\">\n<div class=\"gb-container gb-container-28ca6a54\">\n<div class=\"gb-container gb-container-a6749ee4\">\n<div class=\"gb-container gb-container-e32b846e\">\n\n<h2 class=\"gb-headline gb-headline-fc29476e gb-headline-text soin-h2--gold\">YOUR MOUTH SPEAKS TO ME:<\/h2>\n\n\n<div class=\"gb-container gb-container-18a83200 soin-separateur-titre\"><\/div>\n\n\n<p>They kiss, chat, smoke, wear rouge when they are young and then pencil\u2026<\/p>\n\n\n\n<p>The mouth moves incessantly, to speak or eat, but also to convey emotions: the pouting mouth, the laughing mouth, the crying mouth, the sad mouth...<\/p>\n\n\n\n<p>The lips are also a seductive asset. Full, curved lips make you want them and lipstick helps emphasize this asset.<\/p>\n\n\n\n<p>As we age, lips become thinner, small fine lines nicknamed \u201cbar codes\u201d appear and allow lipstick to fade.  Sometimes, a wrinkle starts from the corner of the mouth towards the chin: we speak of the bitterness fold, which gives a tired and sad look to a face.<\/p>\n\n<\/div>\n\n<div class=\"gb-container gb-container-3fb1791c\">\n\n<figure class=\"gb-block-image gb-block-image-2fa70a72\"><img decoding=\"async\" width=\"2560\" height=\"1920\" class=\"gb-image gb-image-2fa70a72\" src=\"https:\/\/www.docteur-barry.com\/wp-content\/uploads\/2025\/10\/injection-acide-hyaluronique-levres-bouche-compiegne-dr-barry-scaled.webp\" alt=\"\" title=\"injection-acide-hyaluronique-levres-bouche-compiegne-dr-barry\" srcset=\"https:\/\/www.docteur-barry.com\/wp-content\/uploads\/2025\/10\/injection-acide-hyaluronique-levres-bouche-compiegne-dr-barry-scaled.webp 2560w, https:\/\/www.docteur-barry.com\/wp-content\/uploads\/2025\/10\/injection-acide-hyaluronique-levres-bouche-compiegne-dr-barry-300x225.webp 300w, https:\/\/www.docteur-barry.com\/wp-content\/uploads\/2025\/10\/injection-acide-hyaluronique-levres-bouche-compiegne-dr-barry-1024x768.webp 1024w, https:\/\/www.docteur-barry.com\/wp-content\/uploads\/2025\/10\/injection-acide-hyaluronique-levres-bouche-compiegne-dr-barry-768x576.webp 768w, https:\/\/www.docteur-barry.com\/wp-content\/uploads\/2025\/10\/injection-acide-hyaluronique-levres-bouche-compiegne-dr-barry-1536x1152.webp 1536w, https:\/\/www.docteur-barry.com\/wp-content\/uploads\/2025\/10\/injection-acide-hyaluronique-levres-bouche-compiegne-dr-barry-2048x1536.webp 2048w, https:\/\/www.docteur-barry.com\/wp-content\/uploads\/2025\/10\/injection-acide-hyaluronique-levres-bouche-compiegne-dr-barry-16x12.webp 16w, https:\/\/www.docteur-barry.com\/wp-content\/uploads\/2025\/10\/injection-acide-hyaluronique-levres-bouche-compiegne-dr-barry-500x375.webp 500w, https:\/\/www.docteur-barry.com\/wp-content\/uploads\/2025\/10\/injection-acide-hyaluronique-levres-bouche-compiegne-dr-barry-800x600.webp 800w, https:\/\/www.docteur-barry.com\/wp-content\/uploads\/2025\/10\/injection-acide-hyaluronique-levres-bouche-compiegne-dr-barry-1280x960.webp 1280w, https:\/\/www.docteur-barry.com\/wp-content\/uploads\/2025\/10\/injection-acide-hyaluronique-levres-bouche-compiegne-dr-barry-1920x1440.webp 1920w\" sizes=\"(max-width: 2560px) 100vw, 2560px\" \/><\/figure>\n\n<\/div>\n<\/div>\n\n\n<p>Some young women and men naturally have very thin mouths and seek to increase their volume.<\/p>\n\n\n\n<p>From 20 to 80 years old, it is possible to correct a lip that is too thin or a thinned and wrinkled mouth without changing either the personality or the expression.<\/p>\n\n\n\n<p>It is therefore a question of revising one&#039;s fears about the results of mouth injections by relying on careful correction by an experienced doctor and a specific hyaluronic acid.<\/p>\n\n\n\n<h2 class=\"gb-headline gb-headline-c5b19663 gb-headline-text soin-h2--gold\">TREATMENT OF THE MOUTH AND LIPS<\/h2>\n\n\n<div class=\"gb-container gb-container-18a83200 soin-separateur-titre\"><\/div>\n\n\n<p>Young lips that are too thin or asymmetrical can be corrected with hyaluronic acid injections to add volume.<\/p>\n\n\n\n<p>As we age, the mouth becomes thinner and dehydrated: the contour becomes irregular, the cupid&#039;s bow flattens, the corners turn downward, fine lines remain marked and lipstick fades. Their flat, sluggish appearance can give a bitter expression to the entire face.<\/p>\n\n\n\n<p>The treatment consists of respecting the natural architecture of the mouth for a natural result. It is therefore necessary to use a specific flexible hyaluronic acid (Restylane Kyss\u00ae, Volift\u00ae, Juvederm 3\u00ae) in order to maintain all the usual mobility and to preserve your expression and personality both at rest and when smiling.<\/p>\n\n\n\n<p>This is a very conservative, skillful and delicate correction that ensures that the thickened and projected appearance of an unsightly mouth is avoided. The objective is to respect the balance of the face with an absolutely natural result.<\/p>\n\n\n\n<h2 class=\"gb-headline gb-headline-ae33d6c2 gb-headline-text soin-h2--gold\">THE HYALURONIC ACID INJECTION SESSION OF THE MOUTH AND LIPS<\/h2>\n\n\n<div class=\"gb-container gb-container-18a83200 soin-separateur-titre\"><\/div>\n\n\n<p>The treatment is carried out with or without anesthetic cream depending on the sensitivity of each person.<\/p>\n\n\n\n<p>Hyaluronic acid injections in the mouth take place in 30 minutes at the aesthetic center, located in the heart of Compi\u00e8gne.<\/p>\n\n\n\n<p>During your first consultation, you will be able to express your motivations, your needs and your expectations. The primary objective is to satisfy you while respecting the proportions of your face.<\/p>\n\n\n\n<p>The hyaluronic acid chosen contains an anesthetic called lidocaine. The consequences of this treatment are simple: rare redness and discreet edema for approximately 12 hours. We apply a specific gloss after the treatment to make your day go smoothly. I will see you again in 15 days to appreciate the result.<\/p>\n\n\n\n<p>A little edema may occur after the injections and give a swollen appearance to the lips. Don&#039;t panic: in 24 to 48 hours, the edema disappears and the effect and expected result are optimal.<\/p>\n\n\n\n<h2 class=\"gb-headline gb-headline-474a53d3 gb-headline-text soin-h2--gold\">PRICES FOR HYALURONIC ACID INJECTIONS IN MOUTH AND LIPS<\/h2>\n\n\n<div class=\"gb-container gb-container-18a83200 soin-separateur-titre\"><\/div>\n\n\n<p>Lip contouring, treatment of perioral wrinkles, rehydration of the red lip: from \u20ac280 to \u20ac480 including tax.<\/p>\n\n\n\n<p>It is recommended to repeat the treatment once a year.<\/p>\n\n<\/div>\n<\/section>\n\n<aside class=\"gb-container gb-container-9f04b338\">\n\n<h3 class=\"gb-headline gb-headline-cd80a778 gb-headline-text soin-autres-traitements-h3\">Discover our other facial aesthetic medicine treatments<\/h3>\n\n\n<div class=\"gb-container gb-container-12e8fd28 soin-autres-traitements-separateur\"><\/div>\n\n<div class=\"gb-container gb-container-b9ebe231\">\n<div class=\"gb-container gb-container-e8999cf5\">\n\n<div class=\"gb-grid-wrapper gb-grid-wrapper-6f685752 gb-query-loop-wrapper\">\n<div class=\"gb-grid-column gb-grid-column-51542ccb gb-query-loop-item post-143 page type-page status-publish a3w-page-category-acide-hyaluronique a3w-page-category-visage\"><div class=\"gb-container gb-container-51542ccb soin-autres-traitements-loop-inner-contanier\">\n<a class=\"gb-button gb-button-8c0f4c59 gb-button-text soin-autres-traitements-bouton\" href=\"https:\/\/www.docteur-barry.com\/en\/medecine-esthetique-du-visage\/ovale-du-visage-compiegne-oise\/\">The oval of the face<\/a>\n<\/div><\/div>\n\n<div class=\"gb-grid-column gb-grid-column-51542ccb gb-query-loop-item post-144 page type-page status-publish a3w-page-category-acide-hyaluronique a3w-page-category-visage\"><div class=\"gb-container gb-container-51542ccb soin-autres-traitements-loop-inner-contanier\">\n<a class=\"gb-button gb-button-8c0f4c59 gb-button-text soin-autres-traitements-bouton\" href=\"https:\/\/www.docteur-barry.com\/en\/medecine-esthetique-du-visage\/le-double-menton-compiegne-oise\/\">The double chin<\/a>\n<\/div><\/div>\n\n<div class=\"gb-grid-column gb-grid-column-51542ccb gb-query-loop-item post-141 page type-page status-publish a3w-page-category-acide-hyaluronique a3w-page-category-visage\"><div class=\"gb-container gb-container-51542ccb soin-autres-traitements-loop-inner-contanier\">\n<a class=\"gb-button gb-button-8c0f4c59 gb-button-text soin-autres-traitements-bouton\" href=\"https:\/\/www.docteur-barry.com\/en\/medecine-esthetique-du-visage\/le-nez-sans-chirurgie-compiegne-oise\/\">The nose without surgery<\/a>\n<\/div><\/div>\n\n<div class=\"gb-grid-column gb-grid-column-51542ccb gb-query-loop-item post-138 page type-page status-publish a3w-page-category-acide-hyaluronique a3w-page-category-visage\"><div class=\"gb-container gb-container-51542ccb soin-autres-traitements-loop-inner-contanier\">\n<a class=\"gb-button gb-button-8c0f4c59 gb-button-text soin-autres-traitements-bouton\" href=\"https:\/\/www.docteur-barry.com\/en\/medecine-esthetique-du-visage\/cernes-creux-compiegne-oise\/\">Hollow dark circles<\/a>\n<\/div><\/div>\n\n<div class=\"gb-grid-column gb-grid-column-51542ccb gb-query-loop-item post-139 page type-page status-publish a3w-page-category-acide-hyaluronique a3w-page-category-visage\"><div class=\"gb-container gb-container-51542ccb soin-autres-traitements-loop-inner-contanier\">\n<a class=\"gb-button gb-button-8c0f4c59 gb-button-text soin-autres-traitements-bouton\" href=\"https:\/\/www.docteur-barry.com\/en\/medecine-esthetique-du-visage\/paupieres-tombantes-compiegne-oise\/\">Drooping eyelids<\/a>\n<\/div><\/div>\n\n<div class=\"gb-grid-column gb-grid-column-51542ccb gb-query-loop-item post-140 page type-page status-publish a3w-page-category-acide-hyaluronique a3w-page-category-visage\"><div class=\"gb-container gb-container-51542ccb soin-autres-traitements-loop-inner-contanier\">\n<a class=\"gb-button gb-button-8c0f4c59 gb-button-text soin-autres-traitements-bouton\" href=\"https:\/\/www.docteur-barry.com\/en\/medecine-esthetique-du-visage\/injection-pommettes-joues-compiegne-oise\/\">Cheekbones and cheeks<\/a>\n<\/div><\/div>\n\n<div class=\"gb-grid-column gb-grid-column-51542ccb gb-query-loop-item post-137 page type-page status-publish a3w-page-category-acide-hyaluronique a3w-page-category-visage\"><div class=\"gb-container gb-container-51542ccb soin-autres-traitements-loop-inner-contanier\">\n<a class=\"gb-button gb-button-8c0f4c59 gb-button-text soin-autres-traitements-bouton\" href=\"https:\/\/www.docteur-barry.com\/en\/medecine-esthetique-du-visage\/les-rides-du-visage-compiegne-oise\/\">Facial wrinkles<\/a>\n<\/div><\/div>\n<\/div>\n\n<\/div>\n<\/div>\n<\/aside>\n\n<aside class=\"gb-container gb-container-dafe4cc9\">\n<div class=\"gb-container gb-container-1bcaf30f\">\n<div data-aos-duration=\"1000\" data-aos-once=\"true\" data-aos=\"fade\" class=\"gb-container gb-container-41ac15ca\">\n\n<h2 class=\"gb-headline gb-headline-7ddbce32 gb-headline-text\">Book your consultation<\/h2>\n\n\n\n<p class=\"gb-headline gb-headline-30f1cc6d gb-headline-text\">D\u00e9marrez votre protocole de soins personnalis\u00e9s<\/p>\n\n\n<div class=\"gb-container gb-container-54c8a8d7\"><\/div>\n\n\n<p class=\"gb-headline gb-headline-9216de00 gb-headline-text\">Meet Doctor Barry for a personalized approach and discover how she can help you achieve your beauty goals.<\/p>\n\n<\/div>\n\n<div data-aos-delay=\"500\" data-aos-duration=\"1000\" data-aos-once=\"true\" data-aos=\"fade\" class=\"gb-container gb-container-0dcf903a\">\n\n<a class=\"gb-button gb-button-383c0ef4 btn-default btn-icon-right-1\" href=\"https:\/\/www.doctolib.fr\/medecin-generaliste\/compiegne\/laurence-barry\" target=\"_blank\" rel=\"noopener noreferrer\"><span class=\"gb-button-text\">Book a consultation<\/span><span class=\"gb-icon\"><svg viewbox=\"0 0 16 16\" class=\"bi bi-arrow-right\" fill=\"currentColor\" height=\"16\" width=\"16\" xmlns=\"http:\/\/www.w3.org\/2000\/svg\">   <path d=\"M1 8a.5.5 0 0 1 .5-.5h11.793l-3.147-3.146a.5.5 0 0 1 .708-.708l4 4a.5.5 0 0 1 0 .708l-4 4a.5.5 0 0 1-.708-.708L13.293 8.5H1.5A.5.5 0 0 1 1 8\" fill-rule=\"evenodd\"><\/path> <\/svg><\/span><\/a>\n\n<\/div>\n<\/div>\n<\/aside>","protected":false},"excerpt":{"rendered":"<p>VOTRE BOUCHE ME PARLE : Elles embrassent, papotent, fument, portent du rouge lorsqu\u2019elles sont jeunes puis du crayon\u2026 La bouche bouge de mani\u00e8re incessante, pour parler ou manger, mais aussi pour faire passer des \u00e9motions : la bouche qui fait la moue, la bouche rieuse, la bouche pleureuse, la bouche triste \u2026 Les l\u00e8vres sont &#8230; <a title=\"Lips and mouth\" class=\"read-more\" href=\"https:\/\/www.docteur-barry.com\/en\/medecine-esthetique-du-visage\/injection-levres-bouche-compiegne-oise\/\" aria-label=\"Read more about Les l\u00e8vres et la bouche\">Read more<\/a><\/p>","protected":false},"author":1,"featured_media":0,"parent":122,"menu_order":0,"comment_status":"closed","ping_status":"closed","template":"","meta":{"_seopress_robots_primary_cat":"","_seopress_titles_title":"Injections d'Acide Hyaluronique l\u00e8vres - Compi\u00e8gne - Dr. Barry","_seopress_titles_desc":"Gr\u00e2ce aux injections d'Acide Hyaluronique au niveau de la bouche, le dr Barry, m\u00e9decin esth\u00e9tique \u00e0 Copi\u00e8gne, comble les rides, redessine et embellis la forme des l\u00e8vres - Creil, Beauvais, Oise","_seopress_robots_index":"","_vp_format_video_url":"","_vp_image_focal_point":[],"footnotes":""},"a3w-page-category":[23,42],"class_list":{"0":"post-142","1":"page","2":"type-page","3":"status-publish","5":"a3w-page-category-acide-hyaluronique","6":"a3w-page-category-visage"},"_links":{"self":[{"href":"https:\/\/www.docteur-barry.com\/en\/wp-json\/wp\/v2\/pages\/142","targetHints":{"allow":["GET"]}}],"collection":[{"href":"https:\/\/www.docteur-barry.com\/en\/wp-json\/wp\/v2\/pages"}],"about":[{"href":"https:\/\/www.docteur-barry.com\/en\/wp-json\/wp\/v2\/types\/page"}],"author":[{"embeddable":true,"href":"https:\/\/www.docteur-barry.com\/en\/wp-json\/wp\/v2\/users\/1"}],"replies":[{"embeddable":true,"href":"https:\/\/www.docteur-barry.com\/en\/wp-json\/wp\/v2\/comments?post=142"}],"version-history":[{"count":3,"href":"https:\/\/www.docteur-barry.com\/en\/wp-json\/wp\/v2\/pages\/142\/revisions"}],"predecessor-version":[{"id":3780,"href":"https:\/\/www.docteur-barry.com\/en\/wp-json\/wp\/v2\/pages\/142\/revisions\/3780"}],"up":[{"embeddable":true,"href":"https:\/\/www.docteur-barry.com\/en\/wp-json\/wp\/v2\/pages\/122"}],"wp:attachment":[{"href":"https:\/\/www.docteur-barry.com\/en\/wp-json\/wp\/v2\/media?parent=142"}],"wp:term":[{"taxonomy":"a3w-page-category","embeddable":true,"href":"https:\/\/www.docteur-barry.com\/en\/wp-json\/wp\/v2\/a3w-page-category?post=142"}],"curies":[{"name":"wp","href":"https:\/\/api.w.org\/{rel}","templated":true}]}}