{"id":143,"date":"2024-05-07T13:49:56","date_gmt":"2024-05-07T11:49:56","guid":{"rendered":"https:\/\/www.docteur-barry.com\/medecine-esthetique-du-visage\/ovale-du-visage-compiegne-oise\/"},"modified":"2025-10-21T14:27:22","modified_gmt":"2025-10-21T12:27:22","slug":"ovale-du-visage-compiegne-oise","status":"publish","type":"page","link":"https:\/\/www.docteur-barry.com\/en\/medecine-esthetique-du-visage\/ovale-du-visage-compiegne-oise\/","title":{"rendered":"The oval of the face"},"content":{"rendered":"<section class=\"gb-container gb-container-2dadddae\">\n<div class=\"gb-container gb-container-1b819d7d\">\n<div class=\"gb-container gb-container-12c70c8e\"><\/div>\n\n<h1 class=\"gb-headline gb-headline-4904e363 gb-headline-text soin-h1\">The oval of the face<\/h1>\n\n<div class=\"gb-container gb-container-2f12f2e8 breadcrumb-presta\">\n<nav  aria-label=\"breadcrumb\"><ol class=\"breadcrumb\" itemscope itemtype=\"https:\/\/schema.org\/BreadcrumbList\"><li class=\"breadcrumb-item active\" aria-current=\"page\" itemprop=\"itemListElement\" itemscope itemtype=\"https:\/\/schema.org\/ListItem\"><span itemprop=\"name\">Welcome<\/span><meta itemprop=\"position\" content=\"1\"><\/li><\/ol><\/nav>\n\n<\/div>\n<\/div>\n<\/section>\n\n<section class=\"gb-container gb-container-71b6a204\">\n<div class=\"gb-container gb-container-28ca6a54\">\n<div class=\"gb-container gb-container-c67e6b9f\">\n<div class=\"gb-container gb-container-efe7bc59\">\n\n<p>Look at a photo of yourself at 30, observe the contour of your face, you notice the perfect line that highlights your oval.<\/p>\n\n\n\n<p>As we age, the law of gravity takes on its full meaning. We are talking about the inverted V of the face. Jowls appear, the face sags, the features relax. If, every time you look in the mirror, you stretch your face upwards and sigh, rest assured: there are several non-invasive techniques in aesthetic medicine, which do not require any surgery.<\/p>\n\n\n\n<p>A face that ages is a face that loses its contours, whether at:<\/p>\n\n\n\n<ul class=\"wp-block-list\">\n<li>From the oval of the upper face with the hollowing of the temples;<\/li>\n\n\n\n<li>From the oval of the lower face with the appearance of the jowls.<\/li>\n<\/ul>\n\n<\/div>\n\n<div class=\"gb-container gb-container-ff7aad97\">\n\n<figure class=\"gb-block-image gb-block-image-7f2c91b1\"><img decoding=\"async\" width=\"2000\" height=\"1334\" class=\"gb-image gb-image-7f2c91b1 soin-header-image\" src=\"https:\/\/www.docteur-barry.com\/wp-content\/uploads\/2025\/10\/ovale-du-visage-dr-barry-compiegne-oise.webp\" alt=\"L'ovale du visage \u00e0 Compi\u00e8gne dans l'Oise - Dr Barry\" title=\"ovale-du-visage-dr-barry-compiegne-oise\" srcset=\"https:\/\/www.docteur-barry.com\/wp-content\/uploads\/2025\/10\/ovale-du-visage-dr-barry-compiegne-oise.webp 2000w, https:\/\/www.docteur-barry.com\/wp-content\/uploads\/2025\/10\/ovale-du-visage-dr-barry-compiegne-oise-300x200.webp 300w, https:\/\/www.docteur-barry.com\/wp-content\/uploads\/2025\/10\/ovale-du-visage-dr-barry-compiegne-oise-1024x683.webp 1024w, https:\/\/www.docteur-barry.com\/wp-content\/uploads\/2025\/10\/ovale-du-visage-dr-barry-compiegne-oise-768x512.webp 768w, https:\/\/www.docteur-barry.com\/wp-content\/uploads\/2025\/10\/ovale-du-visage-dr-barry-compiegne-oise-1536x1025.webp 1536w, https:\/\/www.docteur-barry.com\/wp-content\/uploads\/2025\/10\/ovale-du-visage-dr-barry-compiegne-oise-18x12.webp 18w, https:\/\/www.docteur-barry.com\/wp-content\/uploads\/2025\/10\/ovale-du-visage-dr-barry-compiegne-oise-500x334.webp 500w, https:\/\/www.docteur-barry.com\/wp-content\/uploads\/2025\/10\/ovale-du-visage-dr-barry-compiegne-oise-800x534.webp 800w, https:\/\/www.docteur-barry.com\/wp-content\/uploads\/2025\/10\/ovale-du-visage-dr-barry-compiegne-oise-1280x854.webp 1280w, https:\/\/www.docteur-barry.com\/wp-content\/uploads\/2025\/10\/ovale-du-visage-dr-barry-compiegne-oise-1920x1281.webp 1920w\" sizes=\"(max-width: 2000px) 100vw, 2000px\" \/><\/figure>\n\n<\/div>\n<\/div>\n\n\n<p>Volumes back in place and an oval subtly redesigned will restore the face to all its splendor.<\/p>\n\n\n\n<h2 class=\"gb-headline gb-headline-fc29476e gb-headline-text soin-h2--gold\">TENSOR WIRE<\/h2>\n\n\n<div class=\"gb-container gb-container-18a83200 soin-separateur-titre\"><\/div>\n\n\n<h3 class=\"gb-headline gb-headline-aa2bd96a gb-headline-text soin-h3\">What are Tensor Threads?<\/h3>\n\n\n\n<p>Tensor Threads are an innovative technique for treating moderate skin sagging on the face.<\/p>\n\n\n\n<p>The Tensor Threads are introduced under the skin. They are resorbable, meaning they break down in the body. An inflammatory reaction then takes place, which stimulates the production of collagen, which will in turn firm the skin and maintain the tightening result for twelve, even eighteen months!<\/p>\n\n\n\n<h3 class=\"gb-headline gb-headline-2842d8e4 gb-headline-text soin-h3\">2 expected effects of Tensor Threads<\/h3>\n\n\n\n<ol class=\"wp-block-list\">\n<li>An action &quot; <strong>lift<\/strong> \u00bb for an immediate and natural effect: the results are visible instantly.<\/li>\n\n\n\n<li>An action &quot; <strong>regenerating<\/strong> \u00bb for progressive and natural results: as it absorbs, the component restores lost collagen month after month and thus restores tone to the face.<\/li>\n<\/ol>\n\n\n\n<p>The oval is redrawn, lifted.<\/p>\n\n\n\n<h3 class=\"gb-headline gb-headline-204a2c51 gb-headline-text soin-h3\">The technique of installing Tensor Wires<\/h3>\n\n\n\n<p>After a light local anesthesia, the Tensor Thread is inserted using a microneedle.<\/p>\n\n\n\n<p>After treatment, you can return to your normal life. The results are simple or may be marked by a slight blue.<\/p>\n\n\n\n<p>It can be used as a single treatment or in addition to filler products.<\/p>\n\n\n\n<h3 class=\"gb-headline gb-headline-d6ab9361 gb-headline-text soin-h3\">My favorite indications for Tensor Threads<\/h3>\n\n\n\n<p>Tensor threads allow you to lift:<\/p>\n\n\n\n<ul class=\"wp-block-list\">\n<li>The folds of bitterness;<\/li>\n\n\n\n<li>The oval of the face;<\/li>\n\n\n\n<li>Skin sagging beginning to moderate.<\/li>\n<\/ul>\n\n\n\n<p>The absorbable threads will provide improvement for 9 to 18 months.<\/p>\n\n\n\n<p>Certain areas of the body can also be treated such as the neck, d\u00e9collet\u00e9, stomach, inner thighs and knees.<\/p>\n\n\n\n<h3 class=\"gb-headline gb-headline-16278312 gb-headline-text soin-h3\">Price for installing tension wires<\/h3>\n\n\n\n<p>Notched dermal and subdermal resorbable sutures: from \u20ac450 including tax.<\/p>\n\n\n\n<h2 class=\"gb-headline gb-headline-c5b19663 gb-headline-text soin-h2--gold\">HYALURONIC ACID<\/h2>\n\n\n<div class=\"gb-container gb-container-18a83200 soin-separateur-titre\"><\/div>\n\n\n<p>A loose oval can also be corrected with hyaluronic acid injections.<\/p>\n\n\n\n<h3 class=\"gb-headline gb-headline-95591082 gb-headline-text soin-h3\">The hyaluronic acid injection technique to reshape the oval<\/h3>\n\n\n\n<p>The injections improve the contours of the lower face and redefine the oval of the face. We speak of a \u201cmini medical facelift\u201d.<\/p>\n\n\n\n<p>Hyaluronic acid injections are performed along the lower jaw, in front and behind the lower cheek in order to reshape a more youthful mandibular contour.<\/p>\n\n\n\n<p>It is also possible to treat bitterness lines at the same time, if necessary.<\/p>\n\n\n\n<p>The results are immediate and last for 12 to 18 months.<\/p>\n\n\n\n<p>During an initial consultation, we can discuss together the different possible techniques and which one is best suited to your needs as well as your morphology. These techniques are aimed at both men and women.<\/p>\n\n\n\n<h3 class=\"gb-headline gb-headline-87478de9 gb-headline-text soin-h3\">Hyaluronic acid price for the oval of the face<\/h3>\n\n\n\n<p>From 250\u20ac including tax.<\/p>\n\n<\/div>\n<\/section>\n\n<aside class=\"gb-container gb-container-9f04b338\">\n\n<h3 class=\"gb-headline gb-headline-cd80a778 gb-headline-text soin-autres-traitements-h3\">Discover our other facial aesthetic medicine treatments<\/h3>\n\n\n<div class=\"gb-container gb-container-12e8fd28 soin-autres-traitements-separateur\"><\/div>\n\n<div class=\"gb-container gb-container-b9ebe231\">\n<div class=\"gb-container gb-container-e8999cf5\">\n\n<div class=\"gb-grid-wrapper gb-grid-wrapper-6f685752 gb-query-loop-wrapper\">\n<div class=\"gb-grid-column gb-grid-column-51542ccb gb-query-loop-item post-144 page type-page status-publish a3w-page-category-acide-hyaluronique a3w-page-category-visage\"><div class=\"gb-container gb-container-51542ccb soin-autres-traitements-loop-inner-contanier\">\n<a class=\"gb-button gb-button-8c0f4c59 gb-button-text soin-autres-traitements-bouton\" href=\"https:\/\/www.docteur-barry.com\/en\/medecine-esthetique-du-visage\/le-double-menton-compiegne-oise\/\">The double chin<\/a>\n<\/div><\/div>\n\n<div class=\"gb-grid-column gb-grid-column-51542ccb gb-query-loop-item post-141 page type-page status-publish a3w-page-category-acide-hyaluronique a3w-page-category-visage\"><div class=\"gb-container gb-container-51542ccb soin-autres-traitements-loop-inner-contanier\">\n<a class=\"gb-button gb-button-8c0f4c59 gb-button-text soin-autres-traitements-bouton\" href=\"https:\/\/www.docteur-barry.com\/en\/medecine-esthetique-du-visage\/le-nez-sans-chirurgie-compiegne-oise\/\">The nose without surgery<\/a>\n<\/div><\/div>\n\n<div class=\"gb-grid-column gb-grid-column-51542ccb gb-query-loop-item post-138 page type-page status-publish a3w-page-category-acide-hyaluronique a3w-page-category-visage\"><div class=\"gb-container gb-container-51542ccb soin-autres-traitements-loop-inner-contanier\">\n<a class=\"gb-button gb-button-8c0f4c59 gb-button-text soin-autres-traitements-bouton\" href=\"https:\/\/www.docteur-barry.com\/en\/medecine-esthetique-du-visage\/cernes-creux-compiegne-oise\/\">Hollow dark circles<\/a>\n<\/div><\/div>\n\n<div class=\"gb-grid-column gb-grid-column-51542ccb gb-query-loop-item post-142 page type-page status-publish a3w-page-category-acide-hyaluronique a3w-page-category-visage\"><div class=\"gb-container gb-container-51542ccb soin-autres-traitements-loop-inner-contanier\">\n<a class=\"gb-button gb-button-8c0f4c59 gb-button-text soin-autres-traitements-bouton\" href=\"https:\/\/www.docteur-barry.com\/en\/medecine-esthetique-du-visage\/injection-levres-bouche-compiegne-oise\/\">Lips and mouth<\/a>\n<\/div><\/div>\n\n<div class=\"gb-grid-column gb-grid-column-51542ccb gb-query-loop-item post-139 page type-page status-publish a3w-page-category-acide-hyaluronique a3w-page-category-visage\"><div class=\"gb-container gb-container-51542ccb soin-autres-traitements-loop-inner-contanier\">\n<a class=\"gb-button gb-button-8c0f4c59 gb-button-text soin-autres-traitements-bouton\" href=\"https:\/\/www.docteur-barry.com\/en\/medecine-esthetique-du-visage\/paupieres-tombantes-compiegne-oise\/\">Drooping eyelids<\/a>\n<\/div><\/div>\n\n<div class=\"gb-grid-column gb-grid-column-51542ccb gb-query-loop-item post-140 page type-page status-publish a3w-page-category-acide-hyaluronique a3w-page-category-visage\"><div class=\"gb-container gb-container-51542ccb soin-autres-traitements-loop-inner-contanier\">\n<a class=\"gb-button gb-button-8c0f4c59 gb-button-text soin-autres-traitements-bouton\" href=\"https:\/\/www.docteur-barry.com\/en\/medecine-esthetique-du-visage\/injection-pommettes-joues-compiegne-oise\/\">Cheekbones and cheeks<\/a>\n<\/div><\/div>\n\n<div class=\"gb-grid-column gb-grid-column-51542ccb gb-query-loop-item post-137 page type-page status-publish a3w-page-category-acide-hyaluronique a3w-page-category-visage\"><div class=\"gb-container gb-container-51542ccb soin-autres-traitements-loop-inner-contanier\">\n<a class=\"gb-button gb-button-8c0f4c59 gb-button-text soin-autres-traitements-bouton\" href=\"https:\/\/www.docteur-barry.com\/en\/medecine-esthetique-du-visage\/les-rides-du-visage-compiegne-oise\/\">Facial wrinkles<\/a>\n<\/div><\/div>\n<\/div>\n\n<\/div>\n<\/div>\n<\/aside>\n\n<aside class=\"gb-container gb-container-dafe4cc9\">\n<div class=\"gb-container gb-container-1bcaf30f\">\n<div data-aos-duration=\"1000\" data-aos-once=\"true\" data-aos=\"fade\" class=\"gb-container gb-container-41ac15ca\">\n\n<h2 class=\"gb-headline gb-headline-7ddbce32 gb-headline-text\">Book your consultation<\/h2>\n\n\n\n<p class=\"gb-headline gb-headline-30f1cc6d gb-headline-text\">D\u00e9marrez votre protocole de soins personnalis\u00e9s<\/p>\n\n\n<div class=\"gb-container gb-container-54c8a8d7\"><\/div>\n\n\n<p class=\"gb-headline gb-headline-9216de00 gb-headline-text\">Meet Doctor Barry for a personalized approach and discover how she can help you achieve your beauty goals.<\/p>\n\n<\/div>\n\n<div data-aos-delay=\"500\" data-aos-duration=\"1000\" data-aos-once=\"true\" data-aos=\"fade\" class=\"gb-container gb-container-0dcf903a\">\n\n<a class=\"gb-button gb-button-383c0ef4 btn-default btn-icon-right-1\" href=\"https:\/\/www.doctolib.fr\/medecin-generaliste\/compiegne\/laurence-barry\" target=\"_blank\" rel=\"noopener noreferrer\"><span class=\"gb-button-text\">Book a consultation<\/span><span class=\"gb-icon\"><svg viewbox=\"0 0 16 16\" class=\"bi bi-arrow-right\" fill=\"currentColor\" height=\"16\" width=\"16\" xmlns=\"http:\/\/www.w3.org\/2000\/svg\">   <path d=\"M1 8a.5.5 0 0 1 .5-.5h11.793l-3.147-3.146a.5.5 0 0 1 .708-.708l4 4a.5.5 0 0 1 0 .708l-4 4a.5.5 0 0 1-.708-.708L13.293 8.5H1.5A.5.5 0 0 1 1 8\" fill-rule=\"evenodd\"><\/path> <\/svg><\/span><\/a>\n\n<\/div>\n<\/div>\n<\/aside>","protected":false},"excerpt":{"rendered":"<p>Regardez une photo de-vous \u00e0 30 ans, observez le contour de votre visage, vous remarquez la ligne parfaite qui souligne votre ovale. En prenant de l\u2019\u00e2ge, la loi de la gravit\u00e9 prend tout son sens. On parle du V du visage qui s\u2019inverse. Des bajoues apparaissent, le visage s\u2019affaisse, les traits se rel\u00e2chent. Si, \u00e0 &#8230; <a title=\"The oval of the face\" class=\"read-more\" href=\"https:\/\/www.docteur-barry.com\/en\/medecine-esthetique-du-visage\/ovale-du-visage-compiegne-oise\/\" aria-label=\"Read more about L&rsquo;ovale du visage\">Read more<\/a><\/p>","protected":false},"author":1,"featured_media":0,"parent":122,"menu_order":0,"comment_status":"closed","ping_status":"closed","template":"","meta":{"_seopress_robots_primary_cat":"","_seopress_titles_title":"L'ovale du visage avec les fils tenseurs - Compi\u00e8gne - Dr Barry","_seopress_titles_desc":"Le lifting du visage aux Fils Tenseurs est une technique innovante permettant de corriger le rel\u00e2chement cutan\u00e9 mod\u00e9r\u00e9 du visage- Dr Barry, m\u00e9decin esth\u00e9tique \u00e0 Compi\u00e8gne - Creil, Beauvais, Oise","_seopress_robots_index":"","_seopress_analysis_target_kw":"","_vp_format_video_url":"","_vp_image_focal_point":[],"footnotes":""},"a3w-page-category":[23,42],"class_list":{"0":"post-143","1":"page","2":"type-page","3":"status-publish","5":"a3w-page-category-acide-hyaluronique","6":"a3w-page-category-visage"},"_links":{"self":[{"href":"https:\/\/www.docteur-barry.com\/en\/wp-json\/wp\/v2\/pages\/143","targetHints":{"allow":["GET"]}}],"collection":[{"href":"https:\/\/www.docteur-barry.com\/en\/wp-json\/wp\/v2\/pages"}],"about":[{"href":"https:\/\/www.docteur-barry.com\/en\/wp-json\/wp\/v2\/types\/page"}],"author":[{"embeddable":true,"href":"https:\/\/www.docteur-barry.com\/en\/wp-json\/wp\/v2\/users\/1"}],"replies":[{"embeddable":true,"href":"https:\/\/www.docteur-barry.com\/en\/wp-json\/wp\/v2\/comments?post=143"}],"version-history":[{"count":3,"href":"https:\/\/www.docteur-barry.com\/en\/wp-json\/wp\/v2\/pages\/143\/revisions"}],"predecessor-version":[{"id":3845,"href":"https:\/\/www.docteur-barry.com\/en\/wp-json\/wp\/v2\/pages\/143\/revisions\/3845"}],"up":[{"embeddable":true,"href":"https:\/\/www.docteur-barry.com\/en\/wp-json\/wp\/v2\/pages\/122"}],"wp:attachment":[{"href":"https:\/\/www.docteur-barry.com\/en\/wp-json\/wp\/v2\/media?parent=143"}],"wp:term":[{"taxonomy":"a3w-page-category","embeddable":true,"href":"https:\/\/www.docteur-barry.com\/en\/wp-json\/wp\/v2\/a3w-page-category?post=143"}],"curies":[{"name":"wp","href":"https:\/\/api.w.org\/{rel}","templated":true}]}}