{"id":145,"date":"2024-05-07T13:49:56","date_gmt":"2024-05-07T11:49:56","guid":{"rendered":"https:\/\/www.docteur-barry.com\/medecine-esthetique-de-la-peau\/les-imperfections-de-la-peau\/"},"modified":"2025-10-21T14:35:50","modified_gmt":"2025-10-21T12:35:50","slug":"les-imperfections-de-la-peau","status":"publish","type":"page","link":"https:\/\/www.docteur-barry.com\/en\/medecine-esthetique-de-la-peau\/les-imperfections-de-la-peau\/","title":{"rendered":"Erythrosis, rosacea, rosacea, angioma"},"content":{"rendered":"<section class=\"gb-container gb-container-2dadddae\">\n<div class=\"gb-container gb-container-1b819d7d\">\n<div class=\"gb-container gb-container-12c70c8e\"><\/div>\n\n<h1 class=\"gb-headline gb-headline-4904e363 gb-headline-text soin-h1\">Erythrosis, rosacea, rosacea, angioma<\/h1>\n\n<div class=\"gb-container gb-container-2f12f2e8 breadcrumb-presta\">\n<nav  aria-label=\"breadcrumb\"><ol class=\"breadcrumb\" itemscope itemtype=\"https:\/\/schema.org\/BreadcrumbList\"><li class=\"breadcrumb-item active\" aria-current=\"page\" itemprop=\"itemListElement\" itemscope itemtype=\"https:\/\/schema.org\/ListItem\"><span itemprop=\"name\">Welcome<\/span><meta itemprop=\"position\" content=\"1\"><\/li><\/ol><\/nav>\n\n<\/div>\n<\/div>\n<\/section>\n\n<section class=\"gb-container gb-container-71b6a204\">\n<div class=\"gb-container gb-container-28ca6a54\">\n<div class=\"gb-container gb-container-8b589a94\">\n<div class=\"gb-container gb-container-8849db3b\">\n\n<h4 class=\"wp-block-heading has-accent-6-color has-text-color has-link-color wp-elements-d72b25bf134443edec1cd38e71a46c53\">What&#039;s more embarrassing than redness on the face or body that gets worse over time?<\/h4>\n\n\n\n<p>Also called erythrosis and\/or rosacea, the visibility of small vessels is due to the definitive vasodilation of the skin&#039;s capillaries in conjunction with the refinement of the skin.<\/p>\n\n\n\n<p>We can also treat angiomas, rosacea and ruby spots located on the body.<\/p>\n\n\n\n<h2 class=\"gb-headline gb-headline-fc29476e gb-headline-text soin-h2--gold\">TREATMENT OF ERYTHROSIS- COUPEROSE- ROSACEA- ANGIOMA- RUBY: THE TECHNIQUE<\/h2>\n\n<\/div>\n\n<div class=\"gb-container gb-container-0df16e4d\">\n\n<figure class=\"gb-block-image gb-block-image-7f2c91b1\"><img decoding=\"async\" width=\"1870\" height=\"820\" class=\"gb-image gb-image-7f2c91b1 soin-header-image\" src=\"https:\/\/www.docteur-barry.com\/wp-content\/uploads\/2024\/07\/traitement-peau-compiegne-dr-barry.jpg.webp\" alt=\"Traitement erythrose \u00e0 Compi\u00e8gne dans l'Oise - Dr Barry\" srcset=\"https:\/\/www.docteur-barry.com\/wp-content\/uploads\/2024\/07\/traitement-peau-compiegne-dr-barry.jpg.webp 1870w, https:\/\/www.docteur-barry.com\/wp-content\/uploads\/2024\/07\/traitement-peau-compiegne-dr-barry.jpg-300x132.webp 300w, https:\/\/www.docteur-barry.com\/wp-content\/uploads\/2024\/07\/traitement-peau-compiegne-dr-barry.jpg-1024x449.webp 1024w, https:\/\/www.docteur-barry.com\/wp-content\/uploads\/2024\/07\/traitement-peau-compiegne-dr-barry.jpg-768x337.webp 768w, https:\/\/www.docteur-barry.com\/wp-content\/uploads\/2024\/07\/traitement-peau-compiegne-dr-barry.jpg-1536x674.webp 1536w, https:\/\/www.docteur-barry.com\/wp-content\/uploads\/2024\/07\/traitement-peau-compiegne-dr-barry.jpg-500x219.webp 500w, https:\/\/www.docteur-barry.com\/wp-content\/uploads\/2024\/07\/traitement-peau-compiegne-dr-barry.jpg-800x351.webp 800w, https:\/\/www.docteur-barry.com\/wp-content\/uploads\/2024\/07\/traitement-peau-compiegne-dr-barry.jpg-1280x561.webp 1280w\" sizes=\"(max-width: 1870px) 100vw, 1870px\" \/><\/figure>\n\n<\/div>\n<\/div>\n\n<div class=\"gb-container gb-container-18a83200 soin-separateur-titre\"><\/div>\n\n\n<p>The Nd Yag laser and I2PL (Intense Pulsed Light) developed in the mid-90s are today widely used to treat rosacea as well as angiomas, spider veins, etc.<\/p>\n\n\n\n<p>Thanks to these 2 techniques, the different stages of erythro-rosacea or rosacea can be treated in 1 to 4 sessions spaced at least 4 weeks apart. This involves destroying the superficial vessels of the dermis and reducing localized inflammation of the skin. The \u201cflushes\u201d (redness occurring in cases of emotion, hot or cold or taking alcoholic beverages) are much improved.<\/p>\n\n\n\n<p>A treatment session usually begins with the application of a cold gel to the skin. Although rarely necessary, a numbing cream may also be applied to limit pain. We then travel over the surface of the skin with the handpiece which has an integrated cooling system and which therefore makes it possible to control the temperature of the epidermis. The session lasts around twenty minutes for a face with eye protection.<\/p>\n\n\n\n<h2 class=\"gb-headline gb-headline-7c9c04c9 gb-headline-text soin-h2--gold\">TREATMENT OF ERYTHROSIS- COUPEROSE- ROSACEA- ANGIOMA- RUBY: THE FOLLOW-UP<\/h2>\n\n\n<div class=\"gb-container gb-container-18a83200 soin-separateur-titre\"><\/div>\n\n\n<p>Immediately after treatment, the skin is reddened; this erythema generally disappears within a few hours. However, it may persist for one or two days for particularly sensitive people.<\/p>\n\n\n\n<p>Several days are often necessary to observe the first improvements. Then, these improvements can continue gradually over the 4 weeks following each session.<\/p>\n\n\n\n<p>A maintenance session can be considered approximately every 18 months. It is strongly recommended not to expose yourself to the sun after the session for 1 month.<\/p>\n\n\n\n<h2 class=\"gb-headline gb-headline-f6c545a9 gb-headline-text soin-h2--gold\">ERYTHROSIS, COUPEROSEA, ROSACEA, ANGIOMA, RUBY LASER PRICES:<\/h2>\n\n\n<div class=\"gb-container gb-container-18a83200 soin-separateur-titre\"><\/div>\n\n\n<p>Treatment of rosacea or rosacea: 100 to 150\u20ac incl. tax\/session, allow 2 to 3.<\/p>\n\n\n\n<p>Treatment of angiomas, ruby spots: 80 to 150\u20ac incl. tax\/session<\/p>\n\n<\/div>\n<\/section>\n\n<aside class=\"gb-container gb-container-9f04b338\">\n\n<h3 class=\"gb-headline gb-headline-cd80a778 gb-headline-text soin-autres-traitements-h3\">Discover our other treatments for skin imperfections<\/h3>\n\n\n<div class=\"gb-container gb-container-12e8fd28 soin-autres-traitements-separateur\"><\/div>\n\n<div class=\"gb-container gb-container-b9ebe231\">\n<div class=\"gb-container gb-container-e8999cf5\">\n\n<div class=\"gb-grid-wrapper gb-grid-wrapper-6f685752 gb-query-loop-wrapper\">\n<div class=\"gb-grid-column gb-grid-column-51542ccb gb-query-loop-item post-147 page type-page status-publish a3w-page-category-peau\"><div class=\"gb-container gb-container-51542ccb soin-autres-traitements-loop-inner-contanier\">\n<a class=\"gb-button gb-button-8c0f4c59 gb-button-text soin-autres-traitements-bouton\" href=\"https:\/\/www.docteur-barry.com\/en\/medecine-esthetique-de-la-peau\/acne-et-les-cicatrices\/\">Acne and scars<\/a>\n<\/div><\/div>\n\n<div class=\"gb-grid-column gb-grid-column-51542ccb gb-query-loop-item post-150 page type-page status-publish a3w-page-category-peau\"><div class=\"gb-container gb-container-51542ccb soin-autres-traitements-loop-inner-contanier\">\n<a class=\"gb-button gb-button-8c0f4c59 gb-button-text soin-autres-traitements-bouton\" href=\"https:\/\/www.docteur-barry.com\/en\/medecine-esthetique-de-la-peau\/la-chute-des-cheveux\/\">Hair loss<\/a>\n<\/div><\/div>\n\n<div class=\"gb-grid-column gb-grid-column-51542ccb gb-query-loop-item post-146 page type-page status-publish a3w-page-category-peau\"><div class=\"gb-container gb-container-51542ccb soin-autres-traitements-loop-inner-contanier\">\n<a class=\"gb-button gb-button-8c0f4c59 gb-button-text soin-autres-traitements-bouton\" href=\"https:\/\/www.docteur-barry.com\/en\/medecine-esthetique-de-la-peau\/les-taches-brunes\/\">Brown spots<\/a>\n<\/div><\/div>\n\n<div class=\"gb-grid-column gb-grid-column-51542ccb gb-query-loop-item post-148 page type-page status-publish a3w-page-category-peau\"><div class=\"gb-container gb-container-51542ccb soin-autres-traitements-loop-inner-contanier\">\n<a class=\"gb-button gb-button-8c0f4c59 gb-button-text soin-autres-traitements-bouton\" href=\"https:\/\/www.docteur-barry.com\/en\/medecine-esthetique-de-la-peau\/les-varicosites\/\">Spider veins<\/a>\n<\/div><\/div>\n\n<div class=\"gb-grid-column gb-grid-column-51542ccb gb-query-loop-item post-149 page type-page status-publish a3w-page-category-peau\"><div class=\"gb-container gb-container-51542ccb soin-autres-traitements-loop-inner-contanier\">\n<a class=\"gb-button gb-button-8c0f4c59 gb-button-text soin-autres-traitements-bouton\" href=\"https:\/\/www.docteur-barry.com\/en\/medecine-esthetique-de-la-peau\/les-vergetures\/\">Stretch marks<\/a>\n<\/div><\/div>\n<\/div>\n\n<\/div>\n<\/div>\n<\/aside>\n\n<aside class=\"gb-container gb-container-dafe4cc9\">\n<div class=\"gb-container gb-container-1bcaf30f\">\n<div data-aos-duration=\"1000\" data-aos-once=\"true\" data-aos=\"fade\" class=\"gb-container gb-container-41ac15ca\">\n\n<h2 class=\"gb-headline gb-headline-7ddbce32 gb-headline-text\">Book your consultation<\/h2>\n\n\n\n<p class=\"gb-headline gb-headline-30f1cc6d gb-headline-text\">D\u00e9marrez votre protocole de soins personnalis\u00e9s<\/p>\n\n\n<div class=\"gb-container gb-container-54c8a8d7\"><\/div>\n\n\n<p class=\"gb-headline gb-headline-9216de00 gb-headline-text\">Meet Doctor Barry for a personalized approach and discover how she can help you achieve your beauty goals.<\/p>\n\n<\/div>\n\n<div data-aos-delay=\"500\" data-aos-duration=\"1000\" data-aos-once=\"true\" data-aos=\"fade\" class=\"gb-container gb-container-0dcf903a\">\n\n<a class=\"gb-button gb-button-383c0ef4 btn-default btn-icon-right-1\" href=\"https:\/\/www.doctolib.fr\/medecin-generaliste\/compiegne\/laurence-barry\" target=\"_blank\" rel=\"noopener noreferrer\"><span class=\"gb-button-text\">Book a consultation<\/span><span class=\"gb-icon\"><svg viewbox=\"0 0 16 16\" class=\"bi bi-arrow-right\" fill=\"currentColor\" height=\"16\" width=\"16\" xmlns=\"http:\/\/www.w3.org\/2000\/svg\">   <path d=\"M1 8a.5.5 0 0 1 .5-.5h11.793l-3.147-3.146a.5.5 0 0 1 .708-.708l4 4a.5.5 0 0 1 0 .708l-4 4a.5.5 0 0 1-.708-.708L13.293 8.5H1.5A.5.5 0 0 1 1 8\" fill-rule=\"evenodd\"><\/path> <\/svg><\/span><\/a>\n\n<\/div>\n<\/div>\n<\/aside>","protected":false},"excerpt":{"rendered":"<p>Quoi de plus embarrassant que ces rougeurs sur le visage ou sur le corps qui s\u2019accentuent avec le temps ? Aussi appel\u00e9e \u00e9rythrose et\/ou&nbsp;couperose, la visibilit\u00e9 des petits vaisseaux est d\u00fbe \u00e0 la vasodilataion d\u00e9finitive des capillaires de la peau conjointement \u00e0 l\u2019affinement de celle ci. Nous pouvons \u00e9galement traiter les angiomes, la rosac\u00e9e et &#8230; <a title=\"Erythrosis, rosacea, rosacea, angioma\" class=\"read-more\" href=\"https:\/\/www.docteur-barry.com\/en\/medecine-esthetique-de-la-peau\/les-imperfections-de-la-peau\/\" aria-label=\"Read more about \u00c9rythrose, couperose, rosac\u00e9e, angiome\">Read more<\/a><\/p>","protected":false},"author":1,"featured_media":0,"parent":124,"menu_order":0,"comment_status":"closed","ping_status":"closed","template":"","meta":{"_seopress_robots_primary_cat":"","_seopress_titles_title":"Traitement des rougeurs \u00e0 Compi\u00e8gne - Dr Barry","_seopress_titles_desc":"Traitement des rougeurs \u00e0 Compi\u00e8gne - Dr Barry : L'\u00e9rythrose, la couperose, la rosace, les angiomes, les taches rubis sont \u00e9limin\u00e9es par la Laser Nd-Yag et par la lumi\u00e8re puls\u00e9e.","_seopress_robots_index":"","_seopress_analysis_target_kw":"","_vp_format_video_url":"","_vp_image_focal_point":[],"footnotes":""},"a3w-page-category":[43],"class_list":{"0":"post-145","1":"page","2":"type-page","3":"status-publish","5":"a3w-page-category-peau"},"_links":{"self":[{"href":"https:\/\/www.docteur-barry.com\/en\/wp-json\/wp\/v2\/pages\/145","targetHints":{"allow":["GET"]}}],"collection":[{"href":"https:\/\/www.docteur-barry.com\/en\/wp-json\/wp\/v2\/pages"}],"about":[{"href":"https:\/\/www.docteur-barry.com\/en\/wp-json\/wp\/v2\/types\/page"}],"author":[{"embeddable":true,"href":"https:\/\/www.docteur-barry.com\/en\/wp-json\/wp\/v2\/users\/1"}],"replies":[{"embeddable":true,"href":"https:\/\/www.docteur-barry.com\/en\/wp-json\/wp\/v2\/comments?post=145"}],"version-history":[{"count":3,"href":"https:\/\/www.docteur-barry.com\/en\/wp-json\/wp\/v2\/pages\/145\/revisions"}],"predecessor-version":[{"id":3854,"href":"https:\/\/www.docteur-barry.com\/en\/wp-json\/wp\/v2\/pages\/145\/revisions\/3854"}],"up":[{"embeddable":true,"href":"https:\/\/www.docteur-barry.com\/en\/wp-json\/wp\/v2\/pages\/124"}],"wp:attachment":[{"href":"https:\/\/www.docteur-barry.com\/en\/wp-json\/wp\/v2\/media?parent=145"}],"wp:term":[{"taxonomy":"a3w-page-category","embeddable":true,"href":"https:\/\/www.docteur-barry.com\/en\/wp-json\/wp\/v2\/a3w-page-category?post=145"}],"curies":[{"name":"wp","href":"https:\/\/api.w.org\/{rel}","templated":true}]}}