{"id":147,"date":"2024-05-07T13:49:56","date_gmt":"2024-05-07T11:49:56","guid":{"rendered":"https:\/\/www.docteur-barry.com\/medecine-esthetique-de-la-peau\/acne-et-les-cicatrices\/"},"modified":"2025-10-21T14:35:13","modified_gmt":"2025-10-21T12:35:13","slug":"acne-et-les-cicatrices","status":"publish","type":"page","link":"https:\/\/www.docteur-barry.com\/en\/medecine-esthetique-de-la-peau\/acne-et-les-cicatrices\/","title":{"rendered":"Acne and scars"},"content":{"rendered":"<section class=\"gb-container gb-container-2dadddae\">\n<div class=\"gb-container gb-container-1b819d7d\">\n<div class=\"gb-container gb-container-12c70c8e\"><\/div>\n\n<h1 class=\"gb-headline gb-headline-4904e363 gb-headline-text soin-h1\">Acne and scars<\/h1>\n\n<div class=\"gb-container gb-container-2f12f2e8 breadcrumb-presta\">\n<nav  aria-label=\"breadcrumb\"><ol class=\"breadcrumb\" itemscope itemtype=\"https:\/\/schema.org\/BreadcrumbList\"><li class=\"breadcrumb-item active\" aria-current=\"page\" itemprop=\"itemListElement\" itemscope itemtype=\"https:\/\/schema.org\/ListItem\"><span itemprop=\"name\">Welcome<\/span><meta itemprop=\"position\" content=\"1\"><\/li><\/ol><\/nav>\n\n<\/div>\n<\/div>\n<\/section>\n\n<section class=\"gb-container gb-container-71b6a204\">\n<div class=\"gb-container gb-container-28ca6a54\">\n<div class=\"gb-container gb-container-41a9ac5d\">\n<div class=\"gb-container gb-container-12dc1d0c\">\n\n<p><strong>Acne is a very common dermatological condition, sometimes difficult to treat and cope with because this condition is located on the face, back and\/or neckline and can leave very visible scars.<\/strong><\/p>\n\n\n\n<p>There are many ointments, creams, gels and medications used to treat acne. They are necessary but not sufficient to overcome this multi-factorial skin condition.<\/p>\n\n\n\n<h2 class=\"gb-headline gb-headline-fc29476e gb-headline-text soin-h2--gold\">THE DIFFERENT STAGES OF ACNE<\/h2>\n\n\n<div class=\"gb-container gb-container-18a83200 soin-separateur-titre\"><\/div>\n\n\n<ul class=\"wp-block-list\">\n<li>retentional (comedones, cold cysts)<\/li>\n\n\n\n<li>inflammatory<\/li>\n\n\n\n<li>multicystic infected<\/li>\n\n\n\n<li>acne scars<\/li>\n<\/ul>\n\n<\/div>\n\n<div class=\"gb-container gb-container-98b2a07a\">\n\n<figure class=\"gb-block-image gb-block-image-7f2c91b1\"><img decoding=\"async\" width=\"2000\" height=\"1333\" class=\"gb-image gb-image-7f2c91b1 soin-header-image\" src=\"https:\/\/www.docteur-barry.com\/wp-content\/uploads\/2025\/10\/traitements-cicatrices-laser-CO2-dr-barry.webp\" alt=\"Traitement de l'acn\u00e9 \u00e0 Compi\u00e8gne dans l'Oise - Dr Barry\" title=\"traitements-cicatrices-laser-CO2-dr-barry\" srcset=\"https:\/\/www.docteur-barry.com\/wp-content\/uploads\/2025\/10\/traitements-cicatrices-laser-CO2-dr-barry.webp 2000w, https:\/\/www.docteur-barry.com\/wp-content\/uploads\/2025\/10\/traitements-cicatrices-laser-CO2-dr-barry-300x200.webp 300w, https:\/\/www.docteur-barry.com\/wp-content\/uploads\/2025\/10\/traitements-cicatrices-laser-CO2-dr-barry-1024x682.webp 1024w, https:\/\/www.docteur-barry.com\/wp-content\/uploads\/2025\/10\/traitements-cicatrices-laser-CO2-dr-barry-768x512.webp 768w, https:\/\/www.docteur-barry.com\/wp-content\/uploads\/2025\/10\/traitements-cicatrices-laser-CO2-dr-barry-1536x1024.webp 1536w, https:\/\/www.docteur-barry.com\/wp-content\/uploads\/2025\/10\/traitements-cicatrices-laser-CO2-dr-barry-18x12.webp 18w, https:\/\/www.docteur-barry.com\/wp-content\/uploads\/2025\/10\/traitements-cicatrices-laser-CO2-dr-barry-500x333.webp 500w, https:\/\/www.docteur-barry.com\/wp-content\/uploads\/2025\/10\/traitements-cicatrices-laser-CO2-dr-barry-800x533.webp 800w, https:\/\/www.docteur-barry.com\/wp-content\/uploads\/2025\/10\/traitements-cicatrices-laser-CO2-dr-barry-1280x853.webp 1280w, https:\/\/www.docteur-barry.com\/wp-content\/uploads\/2025\/10\/traitements-cicatrices-laser-CO2-dr-barry-1920x1280.webp 1920w\" sizes=\"(max-width: 2000px) 100vw, 2000px\" \/><\/figure>\n\n<\/div>\n<\/div>\n\n\n<h2 class=\"gb-headline gb-headline-7c9c04c9 gb-headline-text soin-h2--gold\">STEPS IN ACNE TREATMENT<\/h2>\n\n\n<div class=\"gb-container gb-container-18a83200 soin-separateur-titre\"><\/div>\n\n\n<ol class=\"wp-block-list\">\n<li>Application for 15 days before skin cleansing of a preparation cream, which refines the most superficial layer of the epidermis (stratum corneum) and will facilitate the evacuation of comedones.<\/li>\n\n\n\n<li>Essential medical skin cleansing to eliminate all the micro-cysts and comedones that give rise to infection. Moisturizing mask with micronized hyaluronic acid applied for 20 minutes. Facial massage to penetrate the mask&#039;s active ingredients and soothe the skin and mind...<\/li>\n\n\n\n<li>Superficial peeling for anti-sebum, anti-inflammatory and anti-infectious purposes.<\/li>\n\n\n\n<li>Vascular laser and I2PL to reduce inflammation (redness of the skin) or CO2 laser to treat scars. The session lasts on average 15 minutes with protective glasses. Often, several sessions (3 or 4) spaced 2 to 4 weeks apart are necessary. Apart from the feeling of heat, some patients experience a temporary slight redness.<\/li>\n\n\n\n<li>LED.<\/li>\n\n\n\n<li>Prescription of anti-acne creams and anti-sebum masks adapted to the stage of acne: the objective is to achieve results equivalent to oral treatments without the constraints or side effects linked to them (intolerances, daily intake of drugs\u2026).<\/li>\n<\/ol>\n\n\n\n<p>As with any anti-acne treatment, a prescription for scrubbing cleansers, anti-acne masks and active creams as well as rigorous sun protection will be established and re-evaluated month by month depending on progress.<\/p>\n\n\n\n<h2 class=\"gb-headline gb-headline-f6c545a9 gb-headline-text soin-h2--gold\">ACNE SCARS<\/h2>\n\n\n<div class=\"gb-container gb-container-18a83200 soin-separateur-titre\"><\/div>\n\n\n<p>Treatment of scars should only be considered when the inflammatory and infectious outbreaks are over. The scars are more or less deep and require abrasion of the superficial and middle layers of the dermis, allowing regeneration of the skin. In the office, the CO2 Laser will smooth the skin in 1 to 3 sessions. The treatment is carried out under local anesthesia (anesthetic cream applied 3\/4 hours before the procedure). The sensation is that of multiple hot stings that are uncomfortable but not very painful. The aftermath of the treatment is marked by facial redness for 5 days. Sun avoidance is 6 to 8 weeks after treatment.<\/p>\n\n\n\n<h2 class=\"gb-headline gb-headline-ec26d6c6 gb-headline-text soin-h2--gold\">ACNE PRICES<\/h2>\n\n\n<div class=\"gb-container gb-container-18a83200 soin-separateur-titre\"><\/div>\n\n<div class=\"gb-container gb-container-fc6a4f1b\">\n\n<a class=\"gb-button gb-button-d4912b69 gb-button-text\" href=\"https:\/\/www.docteur-barry.com\/en\/tarifs-prix-medecine-esthetique\/#votre-peau\">Voir les tarifs<\/a>\n\n<\/div>\n<\/div>\n<\/section>\n\n<aside class=\"gb-container gb-container-9f04b338\">\n\n<h3 class=\"gb-headline gb-headline-cd80a778 gb-headline-text soin-autres-traitements-h3\">Discover our other treatments for skin imperfections<\/h3>\n\n\n<div class=\"gb-container gb-container-12e8fd28 soin-autres-traitements-separateur\"><\/div>\n\n<div class=\"gb-container gb-container-b9ebe231\">\n<div class=\"gb-container gb-container-e8999cf5\">\n\n<div class=\"gb-grid-wrapper gb-grid-wrapper-6f685752 gb-query-loop-wrapper\">\n<div class=\"gb-grid-column gb-grid-column-51542ccb gb-query-loop-item post-145 page type-page status-publish a3w-page-category-peau\"><div class=\"gb-container gb-container-51542ccb soin-autres-traitements-loop-inner-contanier\">\n<a class=\"gb-button gb-button-8c0f4c59 gb-button-text soin-autres-traitements-bouton\" href=\"https:\/\/www.docteur-barry.com\/en\/medecine-esthetique-de-la-peau\/les-imperfections-de-la-peau\/\">Erythrosis, rosacea, rosacea, angioma<\/a>\n<\/div><\/div>\n\n<div class=\"gb-grid-column gb-grid-column-51542ccb gb-query-loop-item post-150 page type-page status-publish a3w-page-category-peau\"><div class=\"gb-container gb-container-51542ccb soin-autres-traitements-loop-inner-contanier\">\n<a class=\"gb-button gb-button-8c0f4c59 gb-button-text soin-autres-traitements-bouton\" href=\"https:\/\/www.docteur-barry.com\/en\/medecine-esthetique-de-la-peau\/la-chute-des-cheveux\/\">Hair loss<\/a>\n<\/div><\/div>\n\n<div class=\"gb-grid-column gb-grid-column-51542ccb gb-query-loop-item post-146 page type-page status-publish a3w-page-category-peau\"><div class=\"gb-container gb-container-51542ccb soin-autres-traitements-loop-inner-contanier\">\n<a class=\"gb-button gb-button-8c0f4c59 gb-button-text soin-autres-traitements-bouton\" href=\"https:\/\/www.docteur-barry.com\/en\/medecine-esthetique-de-la-peau\/les-taches-brunes\/\">Brown spots<\/a>\n<\/div><\/div>\n\n<div class=\"gb-grid-column gb-grid-column-51542ccb gb-query-loop-item post-148 page type-page status-publish a3w-page-category-peau\"><div class=\"gb-container gb-container-51542ccb soin-autres-traitements-loop-inner-contanier\">\n<a class=\"gb-button gb-button-8c0f4c59 gb-button-text soin-autres-traitements-bouton\" href=\"https:\/\/www.docteur-barry.com\/en\/medecine-esthetique-de-la-peau\/les-varicosites\/\">Spider veins<\/a>\n<\/div><\/div>\n\n<div class=\"gb-grid-column gb-grid-column-51542ccb gb-query-loop-item post-149 page type-page status-publish a3w-page-category-peau\"><div class=\"gb-container gb-container-51542ccb soin-autres-traitements-loop-inner-contanier\">\n<a class=\"gb-button gb-button-8c0f4c59 gb-button-text soin-autres-traitements-bouton\" href=\"https:\/\/www.docteur-barry.com\/en\/medecine-esthetique-de-la-peau\/les-vergetures\/\">Stretch marks<\/a>\n<\/div><\/div>\n<\/div>\n\n<\/div>\n<\/div>\n<\/aside>\n\n<aside class=\"gb-container gb-container-dafe4cc9\">\n<div class=\"gb-container gb-container-1bcaf30f\">\n<div data-aos-duration=\"1000\" data-aos-once=\"true\" data-aos=\"fade\" class=\"gb-container gb-container-41ac15ca\">\n\n<h2 class=\"gb-headline gb-headline-7ddbce32 gb-headline-text\">Book your consultation<\/h2>\n\n\n\n<p class=\"gb-headline gb-headline-30f1cc6d gb-headline-text\">D\u00e9marrez votre protocole de soins personnalis\u00e9s<\/p>\n\n\n<div class=\"gb-container gb-container-54c8a8d7\"><\/div>\n\n\n<p class=\"gb-headline gb-headline-9216de00 gb-headline-text\">Meet Doctor Barry for a personalized approach and discover how she can help you achieve your beauty goals.<\/p>\n\n<\/div>\n\n<div data-aos-delay=\"500\" data-aos-duration=\"1000\" data-aos-once=\"true\" data-aos=\"fade\" class=\"gb-container gb-container-0dcf903a\">\n\n<a class=\"gb-button gb-button-383c0ef4 btn-default btn-icon-right-1\" href=\"https:\/\/www.doctolib.fr\/medecin-generaliste\/compiegne\/laurence-barry\" target=\"_blank\" rel=\"noopener noreferrer\"><span class=\"gb-button-text\">Book a consultation<\/span><span class=\"gb-icon\"><svg viewbox=\"0 0 16 16\" class=\"bi bi-arrow-right\" fill=\"currentColor\" height=\"16\" width=\"16\" xmlns=\"http:\/\/www.w3.org\/2000\/svg\">   <path d=\"M1 8a.5.5 0 0 1 .5-.5h11.793l-3.147-3.146a.5.5 0 0 1 .708-.708l4 4a.5.5 0 0 1 0 .708l-4 4a.5.5 0 0 1-.708-.708L13.293 8.5H1.5A.5.5 0 0 1 1 8\" fill-rule=\"evenodd\"><\/path> <\/svg><\/span><\/a>\n\n<\/div>\n<\/div>\n<\/aside>","protected":false},"excerpt":{"rendered":"<p>L\u2019acn\u00e9 est une affection dermatologique tr\u00e8s fr\u00e9quente,&nbsp;parfois difficile \u00e0 traiter et \u00e0 assumer car cette affection se situe&nbsp;sur le visage,&nbsp;le dos et\/ou sur le d\u00e9collet\u00e9 et peut laisser des cicatrices tr\u00e8s visibles. Les pommades, cr\u00e8mes, gels et m\u00e9dicaments sont nombreux dans le traitement de l\u2019acn\u00e9. Ils sont n\u00e9cessaires mais pas suffisants pour venir \u00e0 bout &#8230; <a title=\"L&rsquo;acn\u00e9 et les cicatrices\" class=\"read-more\" href=\"https:\/\/www.docteur-barry.com\/en\/medecine-esthetique-de-la-peau\/acne-et-les-cicatrices\/\" aria-label=\"Read more about L&rsquo;acn\u00e9 et les cicatrices\">Read more<\/a><\/p>","protected":false},"author":1,"featured_media":0,"parent":124,"menu_order":0,"comment_status":"closed","ping_status":"closed","template":"","meta":{"_seopress_robots_primary_cat":"","_seopress_titles_title":"Traitement de l' acn\u00e9 et des cicatrices \u00e0 Compi\u00e8gne - Dr Barry","_seopress_titles_desc":"Traitement de l' acn\u00e9 et des cicatrices \u00e0 Compi\u00e8gne - Dr Barry, m\u00e9decin esth\u00e9tique : le traitement anti-acn\u00e9 doit \u00eatre adapt\u00e9 au stade de l'acn\u00e9 et pr\u00e9coce afin d'\u00e9viter les cicatrices.","_seopress_robots_index":"","_seopress_analysis_target_kw":"","_vp_format_video_url":"","_vp_image_focal_point":[],"footnotes":""},"a3w-page-category":[43],"class_list":{"0":"post-147","1":"page","2":"type-page","3":"status-publish","5":"a3w-page-category-peau"},"_links":{"self":[{"href":"https:\/\/www.docteur-barry.com\/en\/wp-json\/wp\/v2\/pages\/147","targetHints":{"allow":["GET"]}}],"collection":[{"href":"https:\/\/www.docteur-barry.com\/en\/wp-json\/wp\/v2\/pages"}],"about":[{"href":"https:\/\/www.docteur-barry.com\/en\/wp-json\/wp\/v2\/types\/page"}],"author":[{"embeddable":true,"href":"https:\/\/www.docteur-barry.com\/en\/wp-json\/wp\/v2\/users\/1"}],"replies":[{"embeddable":true,"href":"https:\/\/www.docteur-barry.com\/en\/wp-json\/wp\/v2\/comments?post=147"}],"version-history":[{"count":3,"href":"https:\/\/www.docteur-barry.com\/en\/wp-json\/wp\/v2\/pages\/147\/revisions"}],"predecessor-version":[{"id":3853,"href":"https:\/\/www.docteur-barry.com\/en\/wp-json\/wp\/v2\/pages\/147\/revisions\/3853"}],"up":[{"embeddable":true,"href":"https:\/\/www.docteur-barry.com\/en\/wp-json\/wp\/v2\/pages\/124"}],"wp:attachment":[{"href":"https:\/\/www.docteur-barry.com\/en\/wp-json\/wp\/v2\/media?parent=147"}],"wp:term":[{"taxonomy":"a3w-page-category","embeddable":true,"href":"https:\/\/www.docteur-barry.com\/en\/wp-json\/wp\/v2\/a3w-page-category?post=147"}],"curies":[{"name":"wp","href":"https:\/\/api.w.org\/{rel}","templated":true}]}}