{"id":148,"date":"2024-05-07T13:49:56","date_gmt":"2024-05-07T11:49:56","guid":{"rendered":"https:\/\/www.docteur-barry.com\/medecine-esthetique-de-la-peau\/les-varicosites\/"},"modified":"2025-10-21T14:34:17","modified_gmt":"2025-10-21T12:34:17","slug":"les-varicosites","status":"publish","type":"page","link":"https:\/\/www.docteur-barry.com\/en\/medecine-esthetique-de-la-peau\/les-varicosites\/","title":{"rendered":"Spider veins"},"content":{"rendered":"<section class=\"gb-container gb-container-2dadddae\">\n<div class=\"gb-container gb-container-1b819d7d\">\n<div class=\"gb-container gb-container-12c70c8e\"><\/div>\n\n<h1 class=\"gb-headline gb-headline-4904e363 gb-headline-text soin-h1\">Spider veins<\/h1>\n\n<div class=\"gb-container gb-container-2f12f2e8 breadcrumb-presta\">\n<nav  aria-label=\"breadcrumb\"><ol class=\"breadcrumb\" itemscope itemtype=\"https:\/\/schema.org\/BreadcrumbList\"><li class=\"breadcrumb-item active\" aria-current=\"page\" itemprop=\"itemListElement\" itemscope itemtype=\"https:\/\/schema.org\/ListItem\"><span itemprop=\"name\">Welcome<\/span><meta itemprop=\"position\" content=\"1\"><\/li><\/ol><\/nav>\n\n<\/div>\n<\/div>\n<\/section>\n\n<section class=\"gb-container gb-container-71b6a204\">\n<div class=\"gb-container gb-container-28ca6a54\">\n<div class=\"gb-container gb-container-bafbe57d\">\n<div class=\"gb-container gb-container-3dd736c5\">\n\n<h2 class=\"gb-headline gb-headline-b5ff760e gb-headline-text soin-h2--gold\">CLEAN LEGS, WITHOUT REDNESS?<br>YES, THANKS TO THE LASER!<\/h2>\n\n\n<div class=\"gb-container gb-container-18a83200 soin-separateur-titre\"><\/div>\n\n\n<p>Tiny red or purplish \u201chairs\u201d, visible on the skin, varicosities are not a disease, but they indicate veno-capillary fragility.<\/p>\n\n\n\n<h2 class=\"gb-headline gb-headline-7c9c04c9 gb-headline-text soin-h2--gold\">WHY DO WE HAVE VARICOSITIES?<\/h2>\n\n\n<div class=\"gb-container gb-container-18a83200 soin-separateur-titre\"><\/div>\n\n\n<p>In the dermis run small veinlets that are invisible in their natural state. When the veins expand beyond 0.1 mm, they become visible through the skin and form what are called varicosities or telangiectasias.<\/p>\n\n<\/div>\n\n<div class=\"gb-container gb-container-e20c894f\">\n\n<figure class=\"gb-block-image gb-block-image-7f2c91b1\"><img decoding=\"async\" width=\"2000\" height=\"1333\" class=\"gb-image gb-image-7f2c91b1 soin-header-image\" src=\"https:\/\/www.docteur-barry.com\/wp-content\/uploads\/2025\/10\/traitement-vacirosites-dr-barry-compiegne-oise.webp\" alt=\"\" title=\"traitement-vacirosites-dr-barry-compiegne-oise\" srcset=\"https:\/\/www.docteur-barry.com\/wp-content\/uploads\/2025\/10\/traitement-vacirosites-dr-barry-compiegne-oise.webp 2000w, https:\/\/www.docteur-barry.com\/wp-content\/uploads\/2025\/10\/traitement-vacirosites-dr-barry-compiegne-oise-300x200.webp 300w, https:\/\/www.docteur-barry.com\/wp-content\/uploads\/2025\/10\/traitement-vacirosites-dr-barry-compiegne-oise-1024x682.webp 1024w, https:\/\/www.docteur-barry.com\/wp-content\/uploads\/2025\/10\/traitement-vacirosites-dr-barry-compiegne-oise-768x512.webp 768w, https:\/\/www.docteur-barry.com\/wp-content\/uploads\/2025\/10\/traitement-vacirosites-dr-barry-compiegne-oise-1536x1024.webp 1536w, https:\/\/www.docteur-barry.com\/wp-content\/uploads\/2025\/10\/traitement-vacirosites-dr-barry-compiegne-oise-18x12.webp 18w, https:\/\/www.docteur-barry.com\/wp-content\/uploads\/2025\/10\/traitement-vacirosites-dr-barry-compiegne-oise-500x333.webp 500w, https:\/\/www.docteur-barry.com\/wp-content\/uploads\/2025\/10\/traitement-vacirosites-dr-barry-compiegne-oise-800x533.webp 800w, https:\/\/www.docteur-barry.com\/wp-content\/uploads\/2025\/10\/traitement-vacirosites-dr-barry-compiegne-oise-1280x853.webp 1280w, https:\/\/www.docteur-barry.com\/wp-content\/uploads\/2025\/10\/traitement-vacirosites-dr-barry-compiegne-oise-1920x1280.webp 1920w\" sizes=\"(max-width: 2000px) 100vw, 2000px\" \/><\/figure>\n\n<\/div>\n<\/div>\n\n\n<p>They always form on a predisposed basis (family history) and are accentuated by aggravating factors:<\/p>\n\n\n\n<ul class=\"wp-block-list\">\n<li>Hormonal influence in women: pregnancy, oral contraception, etc.<\/li>\n\n\n\n<li>Obesity,<\/li>\n\n\n\n<li>Tobacco,<\/li>\n\n\n\n<li>Trauma to the leg veins,<\/li>\n\n\n\n<li>Prolonged standing position,<\/li>\n\n\n\n<li>Floor heating.<\/li>\n<\/ul>\n\n\n\n<h2 class=\"gb-headline gb-headline-f6c545a9 gb-headline-text soin-h2--gold\">TREATMENT OF VARICOSITIES<\/h2>\n\n\n<div class=\"gb-container gb-container-18a83200 soin-separateur-titre\"><\/div>\n\n\n<p>THE&nbsp;<strong>micro-sclerosis<\/strong>&nbsp;are micro-injections, using a very fine needle, of sclerosing products which will make the visible vessels disappear. They are carried out by your phlebologist. In the immediate aftermath, they will leave a small hematoma which will disappear within 10 days following the session.<\/p>\n\n\n\n<p>THE&nbsp;<strong>Yag laser<\/strong>&nbsp;is used for very fine varicosities inaccessible to sclerosis or in combined treatment combining sclerosis and laser. The results obtained with the laser depend on the age of the varicosities. When they are less than a year old, complete eradication can be obtained in two or three Laser sessions.<\/p>\n\n\n\n<p>I will perform this Yag laser treatment in the office, on your untanned skin.<\/p>\n\n\n\n<h2 class=\"gb-headline gb-headline-ec26d6c6 gb-headline-text soin-h2--gold\">SOME VENOUS HYGIENE TIPS<\/h2>\n\n\n<div class=\"gb-container gb-container-18a83200 soin-separateur-titre\"><\/div>\n\n\n<ul class=\"wp-block-list\">\n<li>Avoid crossing your legs too much, wear support stockings.<\/li>\n\n\n\n<li>Do gentle sports: walking, swimming, cycling, walking in water.<\/li>\n\n\n\n<li>Avoid hot baths, prolonged standing, underfloor heating and exposing your legs to the sun.<\/li>\n<\/ul>\n\n\n\n<h2 class=\"gb-headline gb-headline-448cebe7 gb-headline-text soin-h2--gold\">VARICOSITIES RATE<\/h2>\n\n\n<div class=\"gb-container gb-container-18a83200 soin-separateur-titre\"><\/div>\n\n\n<p>Red and blue spider veins on the legs: \u20ac150 including tax\/session.<\/p>\n\n<\/div>\n<\/section>\n\n<aside class=\"gb-container gb-container-9f04b338\">\n\n<h3 class=\"gb-headline gb-headline-cd80a778 gb-headline-text soin-autres-traitements-h3\">Discover our other treatments for skin imperfections<\/h3>\n\n\n<div class=\"gb-container gb-container-12e8fd28 soin-autres-traitements-separateur\"><\/div>\n\n<div class=\"gb-container gb-container-b9ebe231\">\n<div class=\"gb-container gb-container-e8999cf5\">\n\n<div class=\"gb-grid-wrapper gb-grid-wrapper-6f685752 gb-query-loop-wrapper\">\n<div class=\"gb-grid-column gb-grid-column-51542ccb gb-query-loop-item post-145 page type-page status-publish a3w-page-category-peau\"><div class=\"gb-container gb-container-51542ccb soin-autres-traitements-loop-inner-contanier\">\n<a class=\"gb-button gb-button-8c0f4c59 gb-button-text soin-autres-traitements-bouton\" href=\"https:\/\/www.docteur-barry.com\/en\/medecine-esthetique-de-la-peau\/les-imperfections-de-la-peau\/\">Erythrosis, rosacea, rosacea, angioma<\/a>\n<\/div><\/div>\n\n<div class=\"gb-grid-column gb-grid-column-51542ccb gb-query-loop-item post-147 page type-page status-publish a3w-page-category-peau\"><div class=\"gb-container gb-container-51542ccb soin-autres-traitements-loop-inner-contanier\">\n<a class=\"gb-button gb-button-8c0f4c59 gb-button-text soin-autres-traitements-bouton\" href=\"https:\/\/www.docteur-barry.com\/en\/medecine-esthetique-de-la-peau\/acne-et-les-cicatrices\/\">Acne and scars<\/a>\n<\/div><\/div>\n\n<div class=\"gb-grid-column gb-grid-column-51542ccb gb-query-loop-item post-150 page type-page status-publish a3w-page-category-peau\"><div class=\"gb-container gb-container-51542ccb soin-autres-traitements-loop-inner-contanier\">\n<a class=\"gb-button gb-button-8c0f4c59 gb-button-text soin-autres-traitements-bouton\" href=\"https:\/\/www.docteur-barry.com\/en\/medecine-esthetique-de-la-peau\/la-chute-des-cheveux\/\">Hair loss<\/a>\n<\/div><\/div>\n\n<div class=\"gb-grid-column gb-grid-column-51542ccb gb-query-loop-item post-146 page type-page status-publish a3w-page-category-peau\"><div class=\"gb-container gb-container-51542ccb soin-autres-traitements-loop-inner-contanier\">\n<a class=\"gb-button gb-button-8c0f4c59 gb-button-text soin-autres-traitements-bouton\" href=\"https:\/\/www.docteur-barry.com\/en\/medecine-esthetique-de-la-peau\/les-taches-brunes\/\">Brown spots<\/a>\n<\/div><\/div>\n\n<div class=\"gb-grid-column gb-grid-column-51542ccb gb-query-loop-item post-149 page type-page status-publish a3w-page-category-peau\"><div class=\"gb-container gb-container-51542ccb soin-autres-traitements-loop-inner-contanier\">\n<a class=\"gb-button gb-button-8c0f4c59 gb-button-text soin-autres-traitements-bouton\" href=\"https:\/\/www.docteur-barry.com\/en\/medecine-esthetique-de-la-peau\/les-vergetures\/\">Stretch marks<\/a>\n<\/div><\/div>\n<\/div>\n\n<\/div>\n<\/div>\n<\/aside>\n\n<aside class=\"gb-container gb-container-dafe4cc9\">\n<div class=\"gb-container gb-container-1bcaf30f\">\n<div data-aos-duration=\"1000\" data-aos-once=\"true\" data-aos=\"fade\" class=\"gb-container gb-container-41ac15ca\">\n\n<h2 class=\"gb-headline gb-headline-7ddbce32 gb-headline-text\">Book your consultation<\/h2>\n\n\n\n<p class=\"gb-headline gb-headline-30f1cc6d gb-headline-text\">D\u00e9marrez votre protocole de soins personnalis\u00e9s<\/p>\n\n\n<div class=\"gb-container gb-container-54c8a8d7\"><\/div>\n\n\n<p class=\"gb-headline gb-headline-9216de00 gb-headline-text\">Meet Doctor Barry for a personalized approach and discover how she can help you achieve your beauty goals.<\/p>\n\n<\/div>\n\n<div data-aos-delay=\"500\" data-aos-duration=\"1000\" data-aos-once=\"true\" data-aos=\"fade\" class=\"gb-container gb-container-0dcf903a\">\n\n<a class=\"gb-button gb-button-383c0ef4 btn-default btn-icon-right-1\" href=\"https:\/\/www.doctolib.fr\/medecin-generaliste\/compiegne\/laurence-barry\" target=\"_blank\" rel=\"noopener noreferrer\"><span class=\"gb-button-text\">Book a consultation<\/span><span class=\"gb-icon\"><svg viewbox=\"0 0 16 16\" class=\"bi bi-arrow-right\" fill=\"currentColor\" height=\"16\" width=\"16\" xmlns=\"http:\/\/www.w3.org\/2000\/svg\">   <path d=\"M1 8a.5.5 0 0 1 .5-.5h11.793l-3.147-3.146a.5.5 0 0 1 .708-.708l4 4a.5.5 0 0 1 0 .708l-4 4a.5.5 0 0 1-.708-.708L13.293 8.5H1.5A.5.5 0 0 1 1 8\" fill-rule=\"evenodd\"><\/path> <\/svg><\/span><\/a>\n\n<\/div>\n<\/div>\n<\/aside>","protected":false},"excerpt":{"rendered":"<p>DES JAMBES NETTES, SANS ROUGEUR ?OUI, GR\u00c2CE AU LASER ! Minuscules \u00ab cheveux \u00bb rouges ou violac\u00e9s, visibles sur la peau, les varicosit\u00e9s ne sont pas une maladie, mais elles t\u00e9moignent d\u2019une fragilit\u00e9 veino-capillaire. POURQUOI A-T-ON DES VARICOSIT\u00c9S ? Dans le derme cheminent de petites veinules invisibles \u00e0 l\u2019\u00e9tat naturel. Lorsque les veinules se dilatent &#8230; <a title=\"Spider veins\" class=\"read-more\" href=\"https:\/\/www.docteur-barry.com\/en\/medecine-esthetique-de-la-peau\/les-varicosites\/\" aria-label=\"Read more about Les varicosit\u00e9s\">Read more<\/a><\/p>","protected":false},"author":1,"featured_media":0,"parent":124,"menu_order":0,"comment_status":"closed","ping_status":"closed","template":"","meta":{"_seopress_robots_primary_cat":"","_seopress_titles_title":"Traitement des varicosit\u00e9s \u00e0 Compi\u00e8gne dans l'Oise - Dr Barry","_seopress_titles_desc":"Traitement des varicosit\u00e9s \u00e0 Compi\u00e8gne dans l'Oise - Le Dr Barry, m\u00e9decin esth\u00e9tique, utilise une technologie au laser pour des jambes nettes et sans rougeur !","_seopress_robots_index":"","_vp_format_video_url":"","_vp_image_focal_point":[],"footnotes":""},"a3w-page-category":[43],"class_list":{"0":"post-148","1":"page","2":"type-page","3":"status-publish","5":"a3w-page-category-peau"},"_links":{"self":[{"href":"https:\/\/www.docteur-barry.com\/en\/wp-json\/wp\/v2\/pages\/148","targetHints":{"allow":["GET"]}}],"collection":[{"href":"https:\/\/www.docteur-barry.com\/en\/wp-json\/wp\/v2\/pages"}],"about":[{"href":"https:\/\/www.docteur-barry.com\/en\/wp-json\/wp\/v2\/types\/page"}],"author":[{"embeddable":true,"href":"https:\/\/www.docteur-barry.com\/en\/wp-json\/wp\/v2\/users\/1"}],"replies":[{"embeddable":true,"href":"https:\/\/www.docteur-barry.com\/en\/wp-json\/wp\/v2\/comments?post=148"}],"version-history":[{"count":3,"href":"https:\/\/www.docteur-barry.com\/en\/wp-json\/wp\/v2\/pages\/148\/revisions"}],"predecessor-version":[{"id":3852,"href":"https:\/\/www.docteur-barry.com\/en\/wp-json\/wp\/v2\/pages\/148\/revisions\/3852"}],"up":[{"embeddable":true,"href":"https:\/\/www.docteur-barry.com\/en\/wp-json\/wp\/v2\/pages\/124"}],"wp:attachment":[{"href":"https:\/\/www.docteur-barry.com\/en\/wp-json\/wp\/v2\/media?parent=148"}],"wp:term":[{"taxonomy":"a3w-page-category","embeddable":true,"href":"https:\/\/www.docteur-barry.com\/en\/wp-json\/wp\/v2\/a3w-page-category?post=148"}],"curies":[{"name":"wp","href":"https:\/\/api.w.org\/{rel}","templated":true}]}}