{"id":149,"date":"2024-05-07T13:49:56","date_gmt":"2024-05-07T11:49:56","guid":{"rendered":"https:\/\/www.docteur-barry.com\/medecine-esthetique-de-la-peau\/les-vergetures\/"},"modified":"2025-10-21T14:33:01","modified_gmt":"2025-10-21T12:33:01","slug":"les-vergetures","status":"publish","type":"page","link":"https:\/\/www.docteur-barry.com\/en\/medecine-esthetique-de-la-peau\/les-vergetures\/","title":{"rendered":"Stretch marks"},"content":{"rendered":"<section class=\"gb-container gb-container-2dadddae\">\n<div class=\"gb-container gb-container-1b819d7d\">\n<div class=\"gb-container gb-container-12c70c8e\"><\/div>\n\n<h1 class=\"gb-headline gb-headline-4904e363 gb-headline-text soin-h1\">Stretch marks<\/h1>\n\n<div class=\"gb-container gb-container-2f12f2e8 breadcrumb-presta\">\n<nav  aria-label=\"breadcrumb\"><ol class=\"breadcrumb\" itemscope itemtype=\"https:\/\/schema.org\/BreadcrumbList\"><li class=\"breadcrumb-item active\" aria-current=\"page\" itemprop=\"itemListElement\" itemscope itemtype=\"https:\/\/schema.org\/ListItem\"><span itemprop=\"name\">Welcome<\/span><meta itemprop=\"position\" content=\"1\"><\/li><\/ol><\/nav>\n\n<\/div>\n<\/div>\n<\/section>\n\n<section class=\"gb-container gb-container-71b6a204\">\n<div class=\"gb-container gb-container-28ca6a54\">\n<div class=\"gb-container gb-container-f573c044\">\n<div class=\"gb-container gb-container-2e2218ec\">\n\n<p>Stretch marks are scars that can be observed at different stages:<\/p>\n\n\n\n<ul class=\"wp-block-list\">\n<li>Inflammatory stage: red-purple stretch marks, smooth and tense.<\/li>\n\n\n\n<li>Healed stage: white stretch marks, with visible depression.<\/li>\n<\/ul>\n\n\n\n<p>Or ? On the entire body: stomach, buttocks, hips, breasts and inner thighs.<\/p>\n\n\n\n<p>When? During growth, puberty and especially pregnancy, as well as when certain hormonal pathologies are triggered.<\/p>\n\n\n\n<h2 class=\"gb-headline gb-headline-fc29476e gb-headline-text soin-h2--gold\">THE TREATMENT OF STRETCH MARKS WILL BE CARRIED OUT ACCORDING TO THEIR AGE<\/h2>\n\n<\/div>\n\n<div class=\"gb-container gb-container-65438d6b\">\n\n<figure class=\"gb-block-image gb-block-image-7f2c91b1\"><img decoding=\"async\" width=\"2000\" height=\"1333\" class=\"gb-image gb-image-7f2c91b1 soin-header-image\" src=\"https:\/\/www.docteur-barry.com\/wp-content\/uploads\/2025\/10\/traitement-vergetures-dr-barry-compiegne-oise.webp\" alt=\"Traitement des vergetures \u00e0 Compi\u00e8gne dans l'Oise - Dr Barry\" title=\"traitement-vergetures-dr-barry-compiegne-oise\" srcset=\"https:\/\/www.docteur-barry.com\/wp-content\/uploads\/2025\/10\/traitement-vergetures-dr-barry-compiegne-oise.webp 2000w, https:\/\/www.docteur-barry.com\/wp-content\/uploads\/2025\/10\/traitement-vergetures-dr-barry-compiegne-oise-300x200.webp 300w, https:\/\/www.docteur-barry.com\/wp-content\/uploads\/2025\/10\/traitement-vergetures-dr-barry-compiegne-oise-1024x682.webp 1024w, https:\/\/www.docteur-barry.com\/wp-content\/uploads\/2025\/10\/traitement-vergetures-dr-barry-compiegne-oise-768x512.webp 768w, https:\/\/www.docteur-barry.com\/wp-content\/uploads\/2025\/10\/traitement-vergetures-dr-barry-compiegne-oise-1536x1024.webp 1536w, https:\/\/www.docteur-barry.com\/wp-content\/uploads\/2025\/10\/traitement-vergetures-dr-barry-compiegne-oise-18x12.webp 18w, https:\/\/www.docteur-barry.com\/wp-content\/uploads\/2025\/10\/traitement-vergetures-dr-barry-compiegne-oise-500x333.webp 500w, https:\/\/www.docteur-barry.com\/wp-content\/uploads\/2025\/10\/traitement-vergetures-dr-barry-compiegne-oise-800x533.webp 800w, https:\/\/www.docteur-barry.com\/wp-content\/uploads\/2025\/10\/traitement-vergetures-dr-barry-compiegne-oise-1280x853.webp 1280w, https:\/\/www.docteur-barry.com\/wp-content\/uploads\/2025\/10\/traitement-vergetures-dr-barry-compiegne-oise-1920x1280.webp 1920w\" sizes=\"(max-width: 2000px) 100vw, 2000px\" \/><\/figure>\n\n<\/div>\n<\/div>\n\n<div class=\"gb-container gb-container-18a83200 soin-separateur-titre\"><\/div>\n\n\n<p><strong>Recent stretch marks<\/strong><br>Intense Pulsed Light combined with LED Lamp sessions improves red stretch marks by restructuring the collagen fibers through a thermal effect.<\/p>\n\n\n\n<p><strong>Old stretch marks<\/strong><br>For older stretch marks, we will combine microneedling to activate local micro-circulation and the penetration of restructuring chemical active ingredients (trichloroacetic acid), followed by a bio-stimulating LED session. It is also possible to carry out fractional CO2 Laser sessions.<\/p>\n\n\n\n<p>These treatments are carried out after cream anesthesia placed in occlusion for one hour.<\/p>\n\n\n\n<p>The skin is red, then brown, and peels in 4-5 days. The application of repair cream several times a day is necessary during this phase.<\/p>\n\n\n\n<p>Depending on the results, 3 to 5 sessions are necessary.<\/p>\n\n\n\n<h2 class=\"gb-headline gb-headline-c5b19663 gb-headline-text soin-h2--gold\">STRETCH MARK PREVENTION<\/h2>\n\n\n<div class=\"gb-container gb-container-18a83200 soin-separateur-titre\"><\/div>\n\n\n<p>Prevention remains the best treatment: avoid sudden weight variations, avoid overly sugary meals, massage the skin regularly to activate micro-circulation and flexibility.<\/p>\n\n\n\n<h2 class=\"gb-headline gb-headline-ae33d6c2 gb-headline-text soin-h2--gold\">STRETCH MARKS PRICES<\/h2>\n\n\n<div class=\"gb-container gb-container-18a83200 soin-separateur-titre\"><\/div>\n\n\n<p>From 180 euros including tax per session.<\/p>\n\n<\/div>\n<\/section>\n\n<aside class=\"gb-container gb-container-9f04b338\">\n\n<h3 class=\"gb-headline gb-headline-cd80a778 gb-headline-text soin-autres-traitements-h3\">Discover our other treatments for skin imperfections<\/h3>\n\n\n<div class=\"gb-container gb-container-12e8fd28 soin-autres-traitements-separateur\"><\/div>\n\n<div class=\"gb-container gb-container-b9ebe231\">\n<div class=\"gb-container gb-container-e8999cf5\">\n\n<div class=\"gb-grid-wrapper gb-grid-wrapper-6f685752 gb-query-loop-wrapper\">\n<div class=\"gb-grid-column gb-grid-column-51542ccb gb-query-loop-item post-145 page type-page status-publish a3w-page-category-peau\"><div class=\"gb-container gb-container-51542ccb soin-autres-traitements-loop-inner-contanier\">\n<a class=\"gb-button gb-button-8c0f4c59 gb-button-text soin-autres-traitements-bouton\" href=\"https:\/\/www.docteur-barry.com\/en\/medecine-esthetique-de-la-peau\/les-imperfections-de-la-peau\/\">Erythrosis, rosacea, rosacea, angioma<\/a>\n<\/div><\/div>\n\n<div class=\"gb-grid-column gb-grid-column-51542ccb gb-query-loop-item post-147 page type-page status-publish a3w-page-category-peau\"><div class=\"gb-container gb-container-51542ccb soin-autres-traitements-loop-inner-contanier\">\n<a class=\"gb-button gb-button-8c0f4c59 gb-button-text soin-autres-traitements-bouton\" href=\"https:\/\/www.docteur-barry.com\/en\/medecine-esthetique-de-la-peau\/acne-et-les-cicatrices\/\">Acne and scars<\/a>\n<\/div><\/div>\n\n<div class=\"gb-grid-column gb-grid-column-51542ccb gb-query-loop-item post-150 page type-page status-publish a3w-page-category-peau\"><div class=\"gb-container gb-container-51542ccb soin-autres-traitements-loop-inner-contanier\">\n<a class=\"gb-button gb-button-8c0f4c59 gb-button-text soin-autres-traitements-bouton\" href=\"https:\/\/www.docteur-barry.com\/en\/medecine-esthetique-de-la-peau\/la-chute-des-cheveux\/\">Hair loss<\/a>\n<\/div><\/div>\n\n<div class=\"gb-grid-column gb-grid-column-51542ccb gb-query-loop-item post-146 page type-page status-publish a3w-page-category-peau\"><div class=\"gb-container gb-container-51542ccb soin-autres-traitements-loop-inner-contanier\">\n<a class=\"gb-button gb-button-8c0f4c59 gb-button-text soin-autres-traitements-bouton\" href=\"https:\/\/www.docteur-barry.com\/en\/medecine-esthetique-de-la-peau\/les-taches-brunes\/\">Brown spots<\/a>\n<\/div><\/div>\n\n<div class=\"gb-grid-column gb-grid-column-51542ccb gb-query-loop-item post-148 page type-page status-publish a3w-page-category-peau\"><div class=\"gb-container gb-container-51542ccb soin-autres-traitements-loop-inner-contanier\">\n<a class=\"gb-button gb-button-8c0f4c59 gb-button-text soin-autres-traitements-bouton\" href=\"https:\/\/www.docteur-barry.com\/en\/medecine-esthetique-de-la-peau\/les-varicosites\/\">Spider veins<\/a>\n<\/div><\/div>\n<\/div>\n\n<\/div>\n<\/div>\n<\/aside>\n\n<aside class=\"gb-container gb-container-dafe4cc9\">\n<div class=\"gb-container gb-container-1bcaf30f\">\n<div data-aos-duration=\"1000\" data-aos-once=\"true\" data-aos=\"fade\" class=\"gb-container gb-container-41ac15ca\">\n\n<h2 class=\"gb-headline gb-headline-7ddbce32 gb-headline-text\">Book your consultation<\/h2>\n\n\n\n<p class=\"gb-headline gb-headline-30f1cc6d gb-headline-text\">D\u00e9marrez votre protocole de soins personnalis\u00e9s<\/p>\n\n\n<div class=\"gb-container gb-container-54c8a8d7\"><\/div>\n\n\n<p class=\"gb-headline gb-headline-9216de00 gb-headline-text\">Meet Doctor Barry for a personalized approach and discover how she can help you achieve your beauty goals.<\/p>\n\n<\/div>\n\n<div data-aos-delay=\"500\" data-aos-duration=\"1000\" data-aos-once=\"true\" data-aos=\"fade\" class=\"gb-container gb-container-0dcf903a\">\n\n<a class=\"gb-button gb-button-383c0ef4 btn-default btn-icon-right-1\" href=\"https:\/\/www.doctolib.fr\/medecin-generaliste\/compiegne\/laurence-barry\" target=\"_blank\" rel=\"noopener noreferrer\"><span class=\"gb-button-text\">Book a consultation<\/span><span class=\"gb-icon\"><svg viewbox=\"0 0 16 16\" class=\"bi bi-arrow-right\" fill=\"currentColor\" height=\"16\" width=\"16\" xmlns=\"http:\/\/www.w3.org\/2000\/svg\">   <path d=\"M1 8a.5.5 0 0 1 .5-.5h11.793l-3.147-3.146a.5.5 0 0 1 .708-.708l4 4a.5.5 0 0 1 0 .708l-4 4a.5.5 0 0 1-.708-.708L13.293 8.5H1.5A.5.5 0 0 1 1 8\" fill-rule=\"evenodd\"><\/path> <\/svg><\/span><\/a>\n\n<\/div>\n<\/div>\n<\/aside>","protected":false},"excerpt":{"rendered":"<p>Les vergetures sont des cicatrices que l\u2019on peut observer \u00e0 diff\u00e9rents stades : O\u00f9 ? Sur l\u2019ensemble du corps : le ventre, les fesses, les hanches, les seins et la face interne des cuisses. Quand? Lors de la croissance, de la&nbsp; pubert\u00e9 et surtout de la grossesse, ainsi que lorsque se d\u00e9clenchent certaines pathologies hormonales. &#8230; <a title=\"Stretch marks\" class=\"read-more\" href=\"https:\/\/www.docteur-barry.com\/en\/medecine-esthetique-de-la-peau\/les-vergetures\/\" aria-label=\"Read more about Les vergetures\">Read more<\/a><\/p>","protected":false},"author":1,"featured_media":0,"parent":124,"menu_order":0,"comment_status":"closed","ping_status":"closed","template":"","meta":{"_seopress_robots_primary_cat":"","_seopress_titles_title":"Traitement des Vergetures \u00e0 Compi\u00e8gne dans l'Oise - Dr Barry","_seopress_titles_desc":"Traitement des Vergetures \u00e0 Compi\u00e8gne dans l'Oise - Dr Barry, m\u00e9decin esth\u00e9tique - La Lumi\u00e8re Intense Puls\u00e9e combin\u00e9e \u00e0 des s\u00e9ances de Lampe LED","_seopress_robots_index":"","_vp_format_video_url":"","_vp_image_focal_point":[],"footnotes":""},"a3w-page-category":[43],"class_list":{"0":"post-149","1":"page","2":"type-page","3":"status-publish","5":"a3w-page-category-peau"},"_links":{"self":[{"href":"https:\/\/www.docteur-barry.com\/en\/wp-json\/wp\/v2\/pages\/149","targetHints":{"allow":["GET"]}}],"collection":[{"href":"https:\/\/www.docteur-barry.com\/en\/wp-json\/wp\/v2\/pages"}],"about":[{"href":"https:\/\/www.docteur-barry.com\/en\/wp-json\/wp\/v2\/types\/page"}],"author":[{"embeddable":true,"href":"https:\/\/www.docteur-barry.com\/en\/wp-json\/wp\/v2\/users\/1"}],"replies":[{"embeddable":true,"href":"https:\/\/www.docteur-barry.com\/en\/wp-json\/wp\/v2\/comments?post=149"}],"version-history":[{"count":3,"href":"https:\/\/www.docteur-barry.com\/en\/wp-json\/wp\/v2\/pages\/149\/revisions"}],"predecessor-version":[{"id":3850,"href":"https:\/\/www.docteur-barry.com\/en\/wp-json\/wp\/v2\/pages\/149\/revisions\/3850"}],"up":[{"embeddable":true,"href":"https:\/\/www.docteur-barry.com\/en\/wp-json\/wp\/v2\/pages\/124"}],"wp:attachment":[{"href":"https:\/\/www.docteur-barry.com\/en\/wp-json\/wp\/v2\/media?parent=149"}],"wp:term":[{"taxonomy":"a3w-page-category","embeddable":true,"href":"https:\/\/www.docteur-barry.com\/en\/wp-json\/wp\/v2\/a3w-page-category?post=149"}],"curies":[{"name":"wp","href":"https:\/\/api.w.org\/{rel}","templated":true}]}}