{"id":150,"date":"2024-05-07T13:49:56","date_gmt":"2024-05-07T11:49:56","guid":{"rendered":"https:\/\/www.docteur-barry.com\/medecine-esthetique-de-la-peau\/la-chute-des-cheveux\/"},"modified":"2025-12-11T18:45:17","modified_gmt":"2025-12-11T17:45:17","slug":"la-chute-des-cheveux","status":"publish","type":"page","link":"https:\/\/www.docteur-barry.com\/en\/medecine-esthetique-de-la-peau\/la-chute-des-cheveux\/","title":{"rendered":"Hair loss"},"content":{"rendered":"<section class=\"gb-container gb-container-2dadddae\">\n<div class=\"gb-container gb-container-1b819d7d\">\n<div class=\"gb-container gb-container-12c70c8e\"><\/div>\n\n<h1 class=\"gb-headline gb-headline-4904e363 gb-headline-text soin-h1\">Hair loss<\/h1>\n\n<div class=\"gb-container gb-container-2f12f2e8 breadcrumb-presta\">\n<nav  aria-label=\"breadcrumb\"><ol class=\"breadcrumb\" itemscope itemtype=\"https:\/\/schema.org\/BreadcrumbList\"><li class=\"breadcrumb-item active\" aria-current=\"page\" itemprop=\"itemListElement\" itemscope itemtype=\"https:\/\/schema.org\/ListItem\"><span itemprop=\"name\">Welcome<\/span><meta itemprop=\"position\" content=\"1\"><\/li><\/ol><\/nav>\n\n<\/div>\n<\/div>\n<\/section>\n\n<section class=\"gb-container gb-container-71b6a204\">\n<div class=\"gb-container gb-container-28ca6a54\">\n<div class=\"gb-container gb-container-0032bf4b\">\n<div class=\"gb-container gb-container-76273033\">\n\n<h2 class=\"gb-headline gb-headline-fc29476e gb-headline-text soin-h2--gold\">LA CAUSE DE LA CHUTE DES CHEVEUX<\/h2>\n\n\n<div class=\"gb-container gb-container-18a83200 soin-separateur-titre\"><\/div>\n\n\n<p>La chute de cheveux (alop\u00e9cie) est le plus souvent d\u2019origine hormonale, androg\u00e9nique chez l\u2019homme (70\/80%) ou post-m\u00e9nopause chez la femme (42 %).&nbsp; Elle peut \u00e9galement \u00eatre li\u00e9e \u00e0 divers facteurs non-hormonaux (tabac, soleil, \u00e9motions, m\u00e9dicaments ou alimentation d\u00e9s\u00e9quilibr\u00e9e)<\/p>\n\n\n\n<p>Le vieillissement du follicule pileux favorise l\u2019apparition d\u2019un cheveux fin, cassant, d\u00e9pigment\u00e9 et clairsem\u00e9.<\/p>\n\n<\/div>\n\n<div class=\"gb-container gb-container-c48f9070\">\n\n<figure class=\"gb-block-image gb-block-image-7f2c91b1\"><img decoding=\"async\" width=\"1870\" height=\"820\" class=\"gb-image gb-image-7f2c91b1 soin-header-image\" src=\"https:\/\/www.docteur-barry.com\/wp-content\/uploads\/2024\/07\/Traitement-chute-cheveux-compiegne-dr-barry.webp\" alt=\"Traitement de la chute des cheveux \u00e0 Compi\u00e8gne ans l'OIse - Dr Barry\" srcset=\"https:\/\/www.docteur-barry.com\/wp-content\/uploads\/2024\/07\/Traitement-chute-cheveux-compiegne-dr-barry.webp 1870w, https:\/\/www.docteur-barry.com\/wp-content\/uploads\/2024\/07\/Traitement-chute-cheveux-compiegne-dr-barry-300x132.webp 300w, https:\/\/www.docteur-barry.com\/wp-content\/uploads\/2024\/07\/Traitement-chute-cheveux-compiegne-dr-barry-1024x449.webp 1024w, https:\/\/www.docteur-barry.com\/wp-content\/uploads\/2024\/07\/Traitement-chute-cheveux-compiegne-dr-barry-768x337.webp 768w, https:\/\/www.docteur-barry.com\/wp-content\/uploads\/2024\/07\/Traitement-chute-cheveux-compiegne-dr-barry-1536x674.webp 1536w, https:\/\/www.docteur-barry.com\/wp-content\/uploads\/2024\/07\/Traitement-chute-cheveux-compiegne-dr-barry-500x219.webp 500w, https:\/\/www.docteur-barry.com\/wp-content\/uploads\/2024\/07\/Traitement-chute-cheveux-compiegne-dr-barry-800x351.webp 800w, https:\/\/www.docteur-barry.com\/wp-content\/uploads\/2024\/07\/Traitement-chute-cheveux-compiegne-dr-barry-1280x561.webp 1280w\" sizes=\"(max-width: 1870px) 100vw, 1870px\" \/><\/figure>\n\n<\/div>\n<\/div>\n\n\n<h2 class=\"gb-headline gb-headline-c5b19663 gb-headline-text soin-h2--gold\">LE TRAITEMENT DE LA CHUTE DES CHEVEUX : LA M\u00c9SOTHERAPIE ET LA LED<\/h2>\n\n\n<div class=\"gb-container gb-container-18a83200 soin-separateur-titre\"><\/div>\n\n\n<p>Un protocole de traitements m\u00e9dicaux combinant une technique de m\u00e9soth\u00e9rapie et de Lampe LED va pr\u00e9venir et ralentir la chute tout en stimulant la repousse. Il sera efficace dans le traitement de l\u2019alop\u00e9cie androg\u00e9nique ainsi qu\u2019en post-greffe capillaire.<\/p>\n\n\n\n<p>On injecte au niveau du cuir chevelu une solution cytoprotectrice aux propri\u00e9t\u00e9s anti-oxydantes, hydratantes, et ayant un effet stimulant sur la repousse des cheveux. L\u2019application transdermique des facteurs de croissance et des facteurs nutritionnels (fer, prot\u00e9ines, zinc, vitamines B, A, E) par micro-needling (microponcture) assure dans le m\u00eame temps une stimulation de la microcirculation par effet m\u00e9canique et la p\u00e9n\u00e9tration des facteurs de croissance.<\/p>\n\n\n\n<p>After disinfection of the scalp, the active mixture is applied and the mesoPen is made several consecutive times over the area to be treated.<\/p>\n\n\n\n<p>Ensuite, une s\u00e9ance de Lampe LED est r\u00e9alis\u00e9e pour optimiser la relance des fonctions cellulaires et l\u2019am\u00e9lioration de la micro-circulation locale tout en apportant un effet anti-s\u00e9bum.<\/p>\n\n\n\n<p>On effectue 1 s\u00e9ance tous les 15 jours pendant 3 mois, puis 1 s\u00e9ance par mois pendant 4 \u00e0 5 mois. Le rythme est ensuite adapt\u00e9 au cas par cas.<\/p>\n\n\n\n<p>The treatment is not painful.<\/p>\n\n\n\n<h2 class=\"gb-headline gb-headline-ae33d6c2 gb-headline-text soin-h2--gold\">MESOTH\u00c9RAPIE POUR ARR\u00caTER LA CHUTE DES CHEVEUX : LES R\u00c9SULTATS<\/h2>\n\n\n<div class=\"gb-container gb-container-18a83200 soin-separateur-titre\"><\/div>\n\n\n<p>On observe progressivement une diminution de la chute et une augmentation de la pousse capillaire au niveau des zones d\u00e9garnies, ainsi qu\u2019une augmentation de la densit\u00e9 des cheveux en p\u00e9riph\u00e9rie. De plus, la qualit\u00e9 du cheveu est grandement am\u00e9lior\u00e9e : il est plus brillant, plus \u00e9lastique et repigment\u00e9.<\/p>\n\n\n\n<h2 class=\"gb-headline gb-headline-474a53d3 gb-headline-text soin-h2--gold\">TARIFS DE LA M\u00c9SOTHERAPIE \u2013 CHUTE DE CHEVEUX<\/h2>\n\n\n<div class=\"gb-container gb-container-18a83200 soin-separateur-titre\"><\/div>\n<\/div>\n<\/section>\n\n<aside class=\"gb-container gb-container-9f04b338\">\n\n<h3 class=\"gb-headline gb-headline-cd80a778 gb-headline-text soin-autres-traitements-h3\">Discover our other treatments for skin imperfections<\/h3>\n\n\n<div class=\"gb-container gb-container-12e8fd28 soin-autres-traitements-separateur\"><\/div>\n\n<div class=\"gb-container gb-container-b9ebe231\">\n<div class=\"gb-container gb-container-e8999cf5\">\n\n<div class=\"gb-grid-wrapper gb-grid-wrapper-6f685752 gb-query-loop-wrapper\">\n<div class=\"gb-grid-column gb-grid-column-51542ccb gb-query-loop-item post-145 page type-page status-publish a3w-page-category-peau\"><div class=\"gb-container gb-container-51542ccb soin-autres-traitements-loop-inner-contanier\">\n<a class=\"gb-button gb-button-8c0f4c59 gb-button-text soin-autres-traitements-bouton\" href=\"https:\/\/www.docteur-barry.com\/en\/medecine-esthetique-de-la-peau\/les-imperfections-de-la-peau\/\">Erythrosis, rosacea, rosacea, angioma<\/a>\n<\/div><\/div>\n\n<div class=\"gb-grid-column gb-grid-column-51542ccb gb-query-loop-item post-147 page type-page status-publish a3w-page-category-peau\"><div class=\"gb-container gb-container-51542ccb soin-autres-traitements-loop-inner-contanier\">\n<a class=\"gb-button gb-button-8c0f4c59 gb-button-text soin-autres-traitements-bouton\" href=\"https:\/\/www.docteur-barry.com\/en\/medecine-esthetique-de-la-peau\/acne-et-les-cicatrices\/\">Acne and scars<\/a>\n<\/div><\/div>\n\n<div class=\"gb-grid-column gb-grid-column-51542ccb gb-query-loop-item post-146 page type-page status-publish a3w-page-category-peau\"><div class=\"gb-container gb-container-51542ccb soin-autres-traitements-loop-inner-contanier\">\n<a class=\"gb-button gb-button-8c0f4c59 gb-button-text soin-autres-traitements-bouton\" href=\"https:\/\/www.docteur-barry.com\/en\/medecine-esthetique-de-la-peau\/les-taches-brunes\/\">Brown spots<\/a>\n<\/div><\/div>\n\n<div class=\"gb-grid-column gb-grid-column-51542ccb gb-query-loop-item post-148 page type-page status-publish a3w-page-category-peau\"><div class=\"gb-container gb-container-51542ccb soin-autres-traitements-loop-inner-contanier\">\n<a class=\"gb-button gb-button-8c0f4c59 gb-button-text soin-autres-traitements-bouton\" href=\"https:\/\/www.docteur-barry.com\/en\/medecine-esthetique-de-la-peau\/les-varicosites\/\">Spider veins<\/a>\n<\/div><\/div>\n\n<div class=\"gb-grid-column gb-grid-column-51542ccb gb-query-loop-item post-149 page type-page status-publish a3w-page-category-peau\"><div class=\"gb-container gb-container-51542ccb soin-autres-traitements-loop-inner-contanier\">\n<a class=\"gb-button gb-button-8c0f4c59 gb-button-text soin-autres-traitements-bouton\" href=\"https:\/\/www.docteur-barry.com\/en\/medecine-esthetique-de-la-peau\/les-vergetures\/\">Stretch marks<\/a>\n<\/div><\/div>\n<\/div>\n\n<\/div>\n<\/div>\n<\/aside>\n\n<aside class=\"gb-container gb-container-dafe4cc9\">\n<div class=\"gb-container gb-container-1bcaf30f\">\n<div data-aos-duration=\"1000\" data-aos-once=\"true\" data-aos=\"fade\" class=\"gb-container gb-container-41ac15ca\">\n\n<h2 class=\"gb-headline gb-headline-7ddbce32 gb-headline-text\">Book your consultation<\/h2>\n\n\n\n<p class=\"gb-headline gb-headline-30f1cc6d gb-headline-text\">D\u00e9marrez votre protocole de soins personnalis\u00e9s<\/p>\n\n\n<div class=\"gb-container gb-container-54c8a8d7\"><\/div>\n\n\n<p class=\"gb-headline gb-headline-9216de00 gb-headline-text\">Meet Doctor Barry for a personalized approach and discover how she can help you achieve your beauty goals.<\/p>\n\n<\/div>\n\n<div data-aos-delay=\"500\" data-aos-duration=\"1000\" data-aos-once=\"true\" data-aos=\"fade\" class=\"gb-container gb-container-0dcf903a\">\n\n<a class=\"gb-button gb-button-383c0ef4 btn-default btn-icon-right-1\" href=\"https:\/\/www.doctolib.fr\/medecin-generaliste\/compiegne\/laurence-barry\" target=\"_blank\" rel=\"noopener noreferrer\"><span class=\"gb-button-text\">Book a consultation<\/span><span class=\"gb-icon\"><svg viewbox=\"0 0 16 16\" class=\"bi bi-arrow-right\" fill=\"currentColor\" height=\"16\" width=\"16\" xmlns=\"http:\/\/www.w3.org\/2000\/svg\">   <path d=\"M1 8a.5.5 0 0 1 .5-.5h11.793l-3.147-3.146a.5.5 0 0 1 .708-.708l4 4a.5.5 0 0 1 0 .708l-4 4a.5.5 0 0 1-.708-.708L13.293 8.5H1.5A.5.5 0 0 1 1 8\" fill-rule=\"evenodd\"><\/path> <\/svg><\/span><\/a>\n\n<\/div>\n<\/div>\n<\/aside>","protected":false},"excerpt":{"rendered":"<p>LA CAUSE DE LA CHUTE DES CHEVEUX La chute de cheveux (alop\u00e9cie) est le plus souvent d\u2019origine hormonale, androg\u00e9nique chez l\u2019homme (70\/80%) ou post-m\u00e9nopause chez la femme (42 %).&nbsp; Elle peut \u00e9galement \u00eatre li\u00e9e \u00e0 divers facteurs non-hormonaux (tabac, soleil, \u00e9motions, m\u00e9dicaments ou alimentation d\u00e9s\u00e9quilibr\u00e9e) Le vieillissement du follicule pileux favorise l\u2019apparition d\u2019un cheveux fin, &#8230; <a title=\"Hair loss\" class=\"read-more\" href=\"https:\/\/www.docteur-barry.com\/en\/medecine-esthetique-de-la-peau\/la-chute-des-cheveux\/\" aria-label=\"Read more about La chute des cheveux\">Read more<\/a><\/p>","protected":false},"author":1,"featured_media":0,"parent":124,"menu_order":0,"comment_status":"closed","ping_status":"closed","template":"","meta":{"_seopress_robots_primary_cat":"","_seopress_titles_title":"Stopper la chute des cheveux \u00e0 Compi\u00e8gne - Dr Barry","_seopress_titles_desc":"Traitement de la chute des cheveux \u00e0 Compi\u00e8gne dans l'Oise - Dr Laurence Barry associe la m\u00e9soth\u00e9rapie et la LED pour un r\u00e9sultat optimal - Beauvais -","_seopress_robots_index":"","_seopress_analysis_target_kw":"","_vp_format_video_url":"","_vp_image_focal_point":[],"footnotes":""},"a3w-page-category":[43],"class_list":{"0":"post-150","1":"page","2":"type-page","3":"status-publish","5":"a3w-page-category-peau"},"_links":{"self":[{"href":"https:\/\/www.docteur-barry.com\/en\/wp-json\/wp\/v2\/pages\/150","targetHints":{"allow":["GET"]}}],"collection":[{"href":"https:\/\/www.docteur-barry.com\/en\/wp-json\/wp\/v2\/pages"}],"about":[{"href":"https:\/\/www.docteur-barry.com\/en\/wp-json\/wp\/v2\/types\/page"}],"author":[{"embeddable":true,"href":"https:\/\/www.docteur-barry.com\/en\/wp-json\/wp\/v2\/users\/1"}],"replies":[{"embeddable":true,"href":"https:\/\/www.docteur-barry.com\/en\/wp-json\/wp\/v2\/comments?post=150"}],"version-history":[{"count":3,"href":"https:\/\/www.docteur-barry.com\/en\/wp-json\/wp\/v2\/pages\/150\/revisions"}],"predecessor-version":[{"id":3970,"href":"https:\/\/www.docteur-barry.com\/en\/wp-json\/wp\/v2\/pages\/150\/revisions\/3970"}],"up":[{"embeddable":true,"href":"https:\/\/www.docteur-barry.com\/en\/wp-json\/wp\/v2\/pages\/124"}],"wp:attachment":[{"href":"https:\/\/www.docteur-barry.com\/en\/wp-json\/wp\/v2\/media?parent=150"}],"wp:term":[{"taxonomy":"a3w-page-category","embeddable":true,"href":"https:\/\/www.docteur-barry.com\/en\/wp-json\/wp\/v2\/a3w-page-category?post=150"}],"curies":[{"name":"wp","href":"https:\/\/api.w.org\/{rel}","templated":true}]}}