{"id":151,"date":"2024-05-07T13:49:56","date_gmt":"2024-05-07T11:49:56","guid":{"rendered":"https:\/\/www.docteur-barry.com\/epilation-laser\/epilation-definitive-femme-beauxmonts\/"},"modified":"2025-11-07T09:36:31","modified_gmt":"2025-11-07T08:36:31","slug":"epilation-definitive-femme-beauxmonts","status":"publish","type":"page","link":"https:\/\/www.docteur-barry.com\/en\/epilation-laser\/epilation-definitive-femme-beauxmonts\/","title":{"rendered":"Permanent laser hair removal for women"},"content":{"rendered":"<section class=\"gb-container gb-container-2dadddae\">\n<div class=\"gb-container gb-container-1b819d7d\">\n<div class=\"gb-container gb-container-12c70c8e\"><\/div>\n\n<h1 class=\"gb-headline gb-headline-4904e363 gb-headline-text soin-h1\">Permanent laser hair removal for women<\/h1>\n\n<div class=\"gb-container gb-container-2f12f2e8 breadcrumb-presta\">\n<nav  aria-label=\"breadcrumb\"><ol class=\"breadcrumb\" itemscope itemtype=\"https:\/\/schema.org\/BreadcrumbList\"><li class=\"breadcrumb-item active\" aria-current=\"page\" itemprop=\"itemListElement\" itemscope itemtype=\"https:\/\/schema.org\/ListItem\"><span itemprop=\"name\">Welcome<\/span><meta itemprop=\"position\" content=\"1\"><\/li><\/ol><\/nav>\n\n<\/div>\n<\/div>\n<\/section>\n\n<section class=\"gb-container gb-container-71b6a204\">\n<div class=\"gb-container gb-container-28ca6a54\">\n<div class=\"gb-container gb-container-f207e4a2\">\n<div class=\"gb-container gb-container-87b5be47\">\n\n<h2 class=\"gb-headline gb-headline-fc29476e gb-headline-text soin-h2--gold\">Every 3 to 4 weeks, you need to wax\u2026<\/h2>\n\n\n<div class=\"gb-container gb-container-18a83200 soin-separateur-titre\"><\/div>\n\n\n<p>You have to think ahead before putting on a swimsuit.<\/p>\n\n\n\n<p>Impossible to put on the little short dress when it&#039;s so hot, all because you don&#039;t have hair.<\/p>\n\n\n\n<p>Shaved, regrowth is fast and thick. When waxed with cream, the hair grows back quickly and sometimes under the skin. When waxing, you must wait until the hairs are long enough to proceed with hair removal. Furthermore, you have to go to the beautician often, which represents a significant budget.<\/p>\n\n\n\n<p>Who doesn&#039;t dream of having a clean bikini line, legs and armpits every day of the year?<\/p>\n\n<\/div>\n\n<div class=\"gb-container gb-container-07169893\">\n\n<figure class=\"gb-block-image gb-block-image-7f2c91b1\"><img decoding=\"async\" width=\"768\" height=\"337\" class=\"gb-image gb-image-7f2c91b1 soin-header-image\" src=\"https:\/\/www.docteur-barry.com\/wp-content\/uploads\/2024\/07\/Epilation-laser-femme-et-homme-768x337.jpg.webp\" alt=\"Epilation laser \u00e0 Compi\u00e8gne dans l'Oise - Dr Barry\" srcset=\"https:\/\/www.docteur-barry.com\/wp-content\/uploads\/2024\/07\/Epilation-laser-femme-et-homme-768x337.jpg.webp 768w, https:\/\/www.docteur-barry.com\/wp-content\/uploads\/2024\/07\/Epilation-laser-femme-et-homme-768x337.jpg-300x132.webp 300w, https:\/\/www.docteur-barry.com\/wp-content\/uploads\/2024\/07\/Epilation-laser-femme-et-homme-768x337.jpg-500x219.webp 500w\" sizes=\"(max-width: 768px) 100vw, 768px\" \/><\/figure>\n\n<\/div>\n<\/div>\n\n\n<p>There are very effective solutions to get rid of our unwanted hair permanently.<\/p>\n\n\n\n<p><strong><a href=\"https:\/\/www.docteur-barry.com\/en\/epilation-laser\/\" data-type=\"page\" data-id=\"126\">Le Clarity II<\/a>, will allow us to achieve permanent hair removal.<\/strong><\/p>\n\n\n\n<h2 class=\"gb-headline gb-headline-7c9c04c9 gb-headline-text soin-h2--gold\">How does so-called \u201cpermanent\u201d laser hair removal work?<\/h2>\n\n\n<div class=\"gb-container gb-container-18a83200 soin-separateur-titre\"><\/div>\n\n\n<p>It is important to know the life cycle of our hair in order to understand the laser hair removal process and obtain the best results.<\/p>\n\n\n\n<p>The hair goes through 3 phases:<\/p>\n\n\n\n<ul class=\"wp-block-list\">\n<li>The growth phase (anagen): period where the hair grows (0.35mm\/day). The hair becomes rigid (keratinization in the bulb).<\/li>\n\n\n\n<li>A transition phase (catagen): this phase begins when cell divisions suddenly stop. The bulb then rises to the surface of the dermis. This catagen phase lasts 2 to 3 weeks.<\/li>\n\n\n\n<li>The resting phase (telogen): during this phase, the hair is dead and its keratinization phase is complete. The hair will only fall out when it is dislodged by the regrowth of a new hair, when the follicle comes back to life. This telogen phase lasts between 2 and 4 months.<\/li>\n<\/ul>\n\n\n\n<p>These growth phases begin during our intrauterine life and will last throughout our lives.<\/p>\n\n\n\n<h2 class=\"gb-headline gb-headline-f6c545a9 gb-headline-text soin-h2--gold\">How does the laser act on the hair?<\/h2>\n\n\n<div class=\"gb-container gb-container-18a83200 soin-separateur-titre\"><\/div>\n\n\n<p>Melamine, a colored pigment contained in the hair, captures the light beams sent by the laser and guides the light to the hair bulb, which will then be destroyed under the effect of high heat.<\/p>\n\n\n\n<p>This process is done without damaging the skin.<\/p>\n\n\n\n<p>The hair removal laser is effective on growing hairs, that is to say in the anagen phase, and will destroy visible hairs. Our hair does not grow at the same speed, it takes several sessions to eliminate it all.<\/p>\n\n\n\n<p>It is not impossible that after the end of the treatment, there may be a phenomenon of slight regrowth in certain areas: previously inactive bulbs will produce hairs on an occasional basis. It&#039;s very slight but you can do one maintenance session per year to remedy it.<\/p>\n\n\n\n<h2 class=\"gb-headline gb-headline-ec26d6c6 gb-headline-text soin-h2--gold\">What are the results obtained?<\/h2>\n\n\n<div class=\"gb-container gb-container-18a83200 soin-separateur-titre\"><\/div>\n\n\n<p>All skin types can be treated without complications (no ingrown hairs or pimples).<\/p>\n\n\n\n<p>I know how to adapt the laser to each skin type and each complexion.<\/p>\n\n\n\n<p>The number of sessions will vary depending on various parameters, such as the amount of hair growth or the hair cycle. After 4 to 6 weeks, or approximately 5 sessions, nearly 80% of the hairs will have been destroyed. Only white and blond down will persist.<\/p>\n\n\n\n<p>White, red and very fine hairs can be removed with electric hair removal.<\/p>\n\n\n\n<h2 class=\"gb-headline gb-headline-4da12bf4 gb-headline-text soin-h2--gold\">What areas are usually treated with laser hair removal?<\/h2>\n\n\n<div class=\"gb-container gb-container-18a83200 soin-separateur-titre\"><\/div>\n\n\n<p>The areas usually treated with laser hair removal are:<\/p>\n\n\n\n<ul class=\"wp-block-list\">\n<li>Upper lip (never wax or shave this area)<\/li>\n\n\n\n<li>Chin (never wax or shave this area)<\/li>\n\n\n\n<li>Breasts<\/li>\n\n\n\n<li>Jersey<\/li>\n\n\n\n<li>Inter-gluteal groove<\/li>\n\n\n\n<li>Legs<\/li>\n\n\n\n<li>Forearm<\/li>\n\n\n\n<li>Arm<\/li>\n\n\n\n<li>Armpits<\/li>\n\n\n\n<li>Microcysts in hairy areas<\/li>\n<\/ul>\n\n\n\n<p><a href=\"https:\/\/www.docteur-barry.com\/en\/epilation-laser-compiegne\/\" data-type=\"page\" data-id=\"3877\">L\u2019\u00e9pilation d\u00e9finitive<\/a> est un traitement m\u00e9dical qui sera effectu\u00e9 exclusivement au cabinet m\u00e9dical sous ma responsabilit\u00e9 et mon contr\u00f4le.<\/p>\n\n\n\n<p>Le laser \u00e9met une lumi\u00e8re qui est absorb\u00e9e s\u00e9lectivement par la m\u00e9lanine (pigment fonc\u00e9) contenue dans le poil et qui va d\u00e9truire le bulbe en profondeur gr\u00e2ce \u00e0 un apport de chaleur contr\u00f4l\u00e9e par un syst\u00e8me de refroidissement interne.<\/p>\n\n\n\n<p>We scan the skin surface to be treated with a succession of \u201cspots\u201d on untanned skin. Very quickly and efficiently, each pulse reaches a large number of follicles without damaging surrounding tissues.<\/p>\n\n\n\n<h2 class=\"gb-headline gb-headline-26b9f463 gb-headline-text soin-h2--gold\">The duration of a permanent hair removal session<\/h2>\n\n\n<div class=\"gb-container gb-container-18a83200 soin-separateur-titre\"><\/div>\n\n\n<p>The duration of a session varies depending on the surface to be treated, sensitivity and hair density.<\/p>\n\n\n\n<h2 class=\"gb-headline gb-headline-e232928c gb-headline-text soin-h2--gold\">The number of permanent hair removal sessions<\/h2>\n\n\n<div class=\"gb-container gb-container-18a83200 soin-separateur-titre\"><\/div>\n\n\n<p>The number of sessions depends on the area, skin type and hair color to be treated. It takes 6 to 8 sessions on average.<\/p>\n\n\n\n<p>From the first session, approximately 20% of the hair is eliminated. Hair falls out within 15 days. Plan on average 6 to 8 sessions over a year.<\/p>\n\n\n\n<h2 class=\"gb-headline gb-headline-4f2925a4 gb-headline-text soin-h2--gold\">Does permanent hair removal hurt?<\/h2>\n\n\n<div class=\"gb-container gb-container-18a83200 soin-separateur-titre\"><\/div>\n\n\n<p>The feeling is very personal. Depending on the areas treated, applying an anesthetic ointment one hour before the permanent hair removal session can significantly reduce the unpleasant sensation.<\/p>\n\n\n\n<p>An effective treatment can cause slight redness or slight swelling on certain more sensitive parts of the body (bikini, lips, etc.). But it disappears after a few hours.<\/p>\n\n\n\n<h2 class=\"gb-headline gb-headline-310220fa gb-headline-text soin-h2--gold\">Prices for permanent hair removal Women<\/h2>\n\n\n<div class=\"gb-container gb-container-18a83200 soin-separateur-titre\"><\/div>\n\n\n<p>Les traitements par <a href=\"https:\/\/www.docteur-barry.com\/en\/epilation-laser\/epilation-definitive-femme-beauxmonts\/\" data-type=\"page\" data-id=\"151\">\u00e9pilation laser<\/a> sont effectu\u00e9s dans <a href=\"https:\/\/www.docteur-barry.com\/en\/les-cliniques-beauxmonts\/\" data-type=\"page\" data-id=\"1811\">Beauxmonts clinics<\/a> from Doctor Barry in Compi\u00e8gne, Cr\u00e9py-en-Valois and Soissons.<\/p>\n\n\n\n<p>The prices below are given as an indication, contact the Beauxmont clinic closest to you.<\/p>\n\n\n\n<a class=\"gb-button gb-button-fd1053f8 gb-button-text soin-autres-traitements-bouton smooth-scroll\" href=\"https:\/\/www.docteur-barry.com\/en\/tarifs-prix-medecine-esthetique\/#poils\">VOIR LES TARIFS<\/a>\n\n<\/div>\n<\/section>\n\n<aside class=\"gb-container gb-container-17d604f3\">\n\n<h3 class=\"gb-headline gb-headline-fe0b0a3c gb-headline-text soin-autres-traitements-h3\">Learn more about permanent laser hair removal<\/h3>\n\n\n<div class=\"gb-container gb-container-85606ee3 soin-autres-traitements-separateur\"><\/div>\n\n<div class=\"gb-container gb-container-35646ed8\">\n<div class=\"gb-container gb-container-0c99c3f2\">\n\n<div class=\"gb-grid-wrapper gb-grid-wrapper-a407e08e gb-query-loop-wrapper\">\n<div class=\"gb-grid-column gb-grid-column-e5de7dfc gb-query-loop-item post-152 page type-page status-publish a3w-page-category-epilation-laser\"><div class=\"gb-container gb-container-e5de7dfc soin-autres-traitements-loop-inner-contanier\">\n<a class=\"gb-button gb-button-dfb2286a gb-button-text soin-autres-traitements-bouton\" href=\"https:\/\/www.docteur-barry.com\/en\/epilation-laser\/epilation-definitive-homme-beauxmonts\/\">Permanent laser hair removal for men<\/a>\n<\/div><\/div>\n\n<div class=\"gb-grid-column gb-grid-column-e5de7dfc gb-query-loop-item post-126 page type-page status-publish a3w-page-category-epilation-laser\"><div class=\"gb-container gb-container-e5de7dfc soin-autres-traitements-loop-inner-contanier\">\n<a class=\"gb-button gb-button-dfb2286a gb-button-text soin-autres-traitements-bouton\" href=\"https:\/\/www.docteur-barry.com\/en\/epilation-laser\/\">L&rsquo;\u00e9pilation au laser Alexandrite<\/a>\n<\/div><\/div>\n<\/div>\n\n<\/div>\n<\/div>\n<\/aside>\n\n<aside class=\"gb-container gb-container-dafe4cc9\">\n<div class=\"gb-container gb-container-1bcaf30f\">\n<div data-aos-duration=\"1000\" data-aos-once=\"true\" data-aos=\"fade\" class=\"gb-container gb-container-41ac15ca\">\n\n<h2 class=\"gb-headline gb-headline-7ddbce32 gb-headline-text\">Book your consultation<\/h2>\n\n\n\n<p class=\"gb-headline gb-headline-30f1cc6d gb-headline-text\">D\u00e9marrez votre protocole de soins personnalis\u00e9s<\/p>\n\n\n<div class=\"gb-container gb-container-54c8a8d7\"><\/div>\n\n\n<p class=\"gb-headline gb-headline-9216de00 gb-headline-text\">Meet Doctor Barry for a personalized approach and discover how she can help you achieve your beauty goals.<\/p>\n\n<\/div>\n\n<div data-aos-delay=\"500\" data-aos-duration=\"1000\" data-aos-once=\"true\" data-aos=\"fade\" class=\"gb-container gb-container-0dcf903a\">\n\n<a class=\"gb-button gb-button-383c0ef4 btn-default btn-icon-right-1\" href=\"https:\/\/www.doctolib.fr\/medecin-generaliste\/compiegne\/laurence-barry\" target=\"_blank\" rel=\"noopener noreferrer\"><span class=\"gb-button-text\">Book a consultation<\/span><span class=\"gb-icon\"><svg viewbox=\"0 0 16 16\" class=\"bi bi-arrow-right\" fill=\"currentColor\" height=\"16\" width=\"16\" xmlns=\"http:\/\/www.w3.org\/2000\/svg\">   <path d=\"M1 8a.5.5 0 0 1 .5-.5h11.793l-3.147-3.146a.5.5 0 0 1 .708-.708l4 4a.5.5 0 0 1 0 .708l-4 4a.5.5 0 0 1-.708-.708L13.293 8.5H1.5A.5.5 0 0 1 1 8\" fill-rule=\"evenodd\"><\/path> <\/svg><\/span><\/a>\n\n<\/div>\n<\/div>\n<\/aside>","protected":false},"excerpt":{"rendered":"<p>Toutes les 3 \u00e0 4 semaines, il faut s\u2019\u00e9piler\u2026 Il faut anticiper avant de se mettre en maillot de bain. Impossible de mettre la petite robe courte alors qu\u2019il fait si chaud, tout \u00e7a parce que vous n\u2019\u00eates pas \u00e9pil\u00e9e. Ras\u00e9s, la repousse est rapide et drue. \u00c9pil\u00e9s \u00e0 la cr\u00e8me, les poils repoussent vite &#8230; <a title=\"Permanent laser hair removal for women\" class=\"read-more\" href=\"https:\/\/www.docteur-barry.com\/en\/epilation-laser\/epilation-definitive-femme-beauxmonts\/\" aria-label=\"Read more about \u00c9pilation laser d\u00e9finitive femme\">Read more<\/a><\/p>","protected":false},"author":1,"featured_media":0,"parent":126,"menu_order":0,"comment_status":"closed","ping_status":"closed","template":"","meta":{"_seopress_robots_primary_cat":"","_seopress_titles_title":"Epilation Laser Femmes | Dr Barry | BEAUXMONTS Compi\u00e8gne","_seopress_titles_desc":"L'\u00e9pilation d\u00e9finitive au laser est un traitement m\u00e9dical qui sera effectu\u00e9 exclusivement au Centre BEAUXMONTS Compi\u00e8gne sous la responsabilit\u00e9 et le contr\u00f4le du Dr Barry - Soissons, Chantilly, Creil, Beauvais, Oise","_seopress_robots_index":"","_vp_format_video_url":"","_vp_image_focal_point":[],"footnotes":""},"a3w-page-category":[27],"class_list":{"0":"post-151","1":"page","2":"type-page","3":"status-publish","5":"a3w-page-category-epilation-laser"},"_links":{"self":[{"href":"https:\/\/www.docteur-barry.com\/en\/wp-json\/wp\/v2\/pages\/151","targetHints":{"allow":["GET"]}}],"collection":[{"href":"https:\/\/www.docteur-barry.com\/en\/wp-json\/wp\/v2\/pages"}],"about":[{"href":"https:\/\/www.docteur-barry.com\/en\/wp-json\/wp\/v2\/types\/page"}],"author":[{"embeddable":true,"href":"https:\/\/www.docteur-barry.com\/en\/wp-json\/wp\/v2\/users\/1"}],"replies":[{"embeddable":true,"href":"https:\/\/www.docteur-barry.com\/en\/wp-json\/wp\/v2\/comments?post=151"}],"version-history":[{"count":3,"href":"https:\/\/www.docteur-barry.com\/en\/wp-json\/wp\/v2\/pages\/151\/revisions"}],"predecessor-version":[{"id":3955,"href":"https:\/\/www.docteur-barry.com\/en\/wp-json\/wp\/v2\/pages\/151\/revisions\/3955"}],"up":[{"embeddable":true,"href":"https:\/\/www.docteur-barry.com\/en\/wp-json\/wp\/v2\/pages\/126"}],"wp:attachment":[{"href":"https:\/\/www.docteur-barry.com\/en\/wp-json\/wp\/v2\/media?parent=151"}],"wp:term":[{"taxonomy":"a3w-page-category","embeddable":true,"href":"https:\/\/www.docteur-barry.com\/en\/wp-json\/wp\/v2\/a3w-page-category?post=151"}],"curies":[{"name":"wp","href":"https:\/\/api.w.org\/{rel}","templated":true}]}}