{"id":153,"date":"2024-05-07T13:49:56","date_gmt":"2024-05-07T11:49:56","guid":{"rendered":"https:\/\/www.docteur-barry.com\/les-techniques-de-rajeunissement-de-la-peau\/acide-hyaluronique-pour-combler\/"},"modified":"2025-10-21T14:42:36","modified_gmt":"2025-10-21T12:42:36","slug":"acide-hyaluronique-pour-combler","status":"publish","type":"page","link":"https:\/\/www.docteur-barry.com\/en\/les-techniques-de-rajeunissement-de-la-peau\/acide-hyaluronique-pour-combler\/","title":{"rendered":"Hyaluronic acid to fill"},"content":{"rendered":"<section class=\"gb-container gb-container-2dadddae\">\n<div class=\"gb-container gb-container-1b819d7d\">\n<div class=\"gb-container gb-container-12c70c8e\"><\/div>\n\n<h1 class=\"gb-headline gb-headline-4904e363 gb-headline-text soin-h1\">Hyaluronic acid to fill<\/h1>\n\n<div class=\"gb-container gb-container-2f12f2e8 breadcrumb-presta\">\n<nav  aria-label=\"breadcrumb\"><ol class=\"breadcrumb\" itemscope itemtype=\"https:\/\/schema.org\/BreadcrumbList\"><li class=\"breadcrumb-item active\" aria-current=\"page\" itemprop=\"itemListElement\" itemscope itemtype=\"https:\/\/schema.org\/ListItem\"><span itemprop=\"name\">Welcome<\/span><meta itemprop=\"position\" content=\"1\"><\/li><\/ol><\/nav>\n\n<\/div>\n<\/div>\n<\/section>\n\n<section class=\"gb-container gb-container-1cc56566\">\n<div class=\"gb-container gb-container-3ef5cef8\">\n<div class=\"gb-container gb-container-a415e905\">\n<div class=\"gb-container gb-container-03b03d0c\">\n\n<p class=\"gb-headline gb-headline-3f2d276e gb-headline-text soin-titre-page-strong--gold\"><strong>Hyaluronic acid<\/strong><\/p>\n\n\n\n<h2 class=\"gb-headline gb-headline-db4d684c gb-headline-text soin-h2--gold\">What is Hyaluronic acid?<\/h2>\n\n\n<div class=\"gb-container gb-container-18a83200 soin-separateur-titre\"><\/div>\n\n\n<h2 class=\"gb-headline gb-headline-9d786d8e gb-headline-text\">WHAT IS HYALURONIC ACID?<\/h2>\n\n\n\n<p class=\"gb-headline gb-headline-63fff6f7 gb-headline-text\">Hyaluronic acid was discovered by researchers Karl Meyer and John Palmer in 1934.<br><br>This extraordinary hydrating agent is abundant in our body: it is a major component of the extracellular matrix of which the skin is the main reservoir, but it is also found in the joints and at lower concentrations in the blood and synovial fluid. .<\/p>\n\n<\/div>\n\n<div class=\"gb-container gb-container-fb6e55cc\">\n\n<figure class=\"gb-block-image gb-block-image-65d7a9c1\"><img decoding=\"async\" width=\"2560\" height=\"1920\" class=\"gb-image gb-image-65d7a9c1\" src=\"https:\/\/www.docteur-barry.com\/wp-content\/uploads\/2025\/10\/injection-acide-hyaluronique-levres-bouche-compiegne-dr-barry-scaled.webp\" alt=\"\" title=\"injection-acide-hyaluronique-levres-bouche-compiegne-dr-barry\" srcset=\"https:\/\/www.docteur-barry.com\/wp-content\/uploads\/2025\/10\/injection-acide-hyaluronique-levres-bouche-compiegne-dr-barry-scaled.webp 2560w, https:\/\/www.docteur-barry.com\/wp-content\/uploads\/2025\/10\/injection-acide-hyaluronique-levres-bouche-compiegne-dr-barry-300x225.webp 300w, https:\/\/www.docteur-barry.com\/wp-content\/uploads\/2025\/10\/injection-acide-hyaluronique-levres-bouche-compiegne-dr-barry-1024x768.webp 1024w, https:\/\/www.docteur-barry.com\/wp-content\/uploads\/2025\/10\/injection-acide-hyaluronique-levres-bouche-compiegne-dr-barry-768x576.webp 768w, https:\/\/www.docteur-barry.com\/wp-content\/uploads\/2025\/10\/injection-acide-hyaluronique-levres-bouche-compiegne-dr-barry-1536x1152.webp 1536w, https:\/\/www.docteur-barry.com\/wp-content\/uploads\/2025\/10\/injection-acide-hyaluronique-levres-bouche-compiegne-dr-barry-2048x1536.webp 2048w, https:\/\/www.docteur-barry.com\/wp-content\/uploads\/2025\/10\/injection-acide-hyaluronique-levres-bouche-compiegne-dr-barry-16x12.webp 16w, https:\/\/www.docteur-barry.com\/wp-content\/uploads\/2025\/10\/injection-acide-hyaluronique-levres-bouche-compiegne-dr-barry-500x375.webp 500w, https:\/\/www.docteur-barry.com\/wp-content\/uploads\/2025\/10\/injection-acide-hyaluronique-levres-bouche-compiegne-dr-barry-800x600.webp 800w, https:\/\/www.docteur-barry.com\/wp-content\/uploads\/2025\/10\/injection-acide-hyaluronique-levres-bouche-compiegne-dr-barry-1280x960.webp 1280w, https:\/\/www.docteur-barry.com\/wp-content\/uploads\/2025\/10\/injection-acide-hyaluronique-levres-bouche-compiegne-dr-barry-1920x1440.webp 1920w\" sizes=\"(max-width: 2560px) 100vw, 2560px\" \/><\/figure>\n\n<\/div>\n<\/div>\n\n\n<p class=\"gb-headline gb-headline-3c4f8e21 gb-headline-text\">It is a heavy molecule capable of holding a quantity of water greater than a thousand times its weight.<br><br>As the years pass, the body produces less and less, and its quality decreases. The skin dries out, and fine lines, then wrinkles, appear.<\/p>\n\n\n\n<h2 class=\"gb-headline gb-headline-cfaaa8a8 gb-headline-text soin-h2--gold\">Wrinkles love hyaluronic acid<\/h2>\n\n\n<div class=\"gb-container gb-container-18a83200 soin-separateur-titre\"><\/div>\n\n\n<p class=\"gb-headline gb-headline-8490db4e gb-headline-text\">Injected under the dermis, hyaluronic acid helps fade wrinkles and soften negative facial expressions. Involved in hydration and the fixation of water in the body, the hyaluronic acid placed in the furrow to be corrected will fill the wrinkle by restoring this \u201cplumped\u201d side to the skin and blurring it.<\/p>\n\n\n\n<h2 class=\"gb-headline gb-headline-317dc300 gb-headline-text soin-h2--gold\">The promises of technology&nbsp;<\/h2>\n\n\n<div class=\"gb-container gb-container-18a83200 soin-separateur-titre\"><\/div>\n\n\n<h3 class=\"gb-headline gb-headline-b4f918df gb-headline-text soin-h3\">Indications for hyaluronic acid<\/h3>\n\n\n\n<p class=\"gb-headline gb-headline-5320d396 gb-headline-text\">Technological advances in laboratories (Allergan, Galderma, Mertz) producing Hyaluronic Acid now provide us with a very wide range of injectables based on hyaluronic acid to fill wrinkles, restore facial volume, outline the lips and increase their volume.<br><br>Marked folds of bitterness, hollow nasolabial folds, folds of the cheeks, sunken temples, thinned mouth, sad look, low eyebrow, humped or dipping nose, relaxed oval, empty earlobes, are all indications corrected by Acide Hyaluronic, with specific texture and concentration.<br><br>I also use products adapted to the results I want to obtain:<br><br><strong><mark style=\"background-color:rgba(0, 0, 0, 0)\" class=\"has-inline-color has-accent-6-color\">\u2013 A very supple Hyaluronic Acid (Volite\u00ae, Volbella\u00ae, Restylane Vital\u00ae)<\/mark><\/strong><br>Injected very superficially, it makes superficial fine lines such as frown lines or crow&#039;s feet disappear.<br><br><strong><mark style=\"background-color:rgba(0, 0, 0, 0)\" class=\"has-inline-color has-accent-6-color\">\u2013 A denser Hyaluronic Acid (Volift\u00ae, Juvederm\u00ae, Restylane Defyne\u00ae, Restylane kiss\u00ae)<\/mark><\/strong><mark style=\"background-color:rgba(0, 0, 0, 0)\" class=\"has-inline-color has-accent-3-color\"><br><\/mark>Injected into the middle dermis, it fills the nasolabial folds, the corners of the lips, the wrinkles of the cheeks, and helps correct the shape of the nose.<br><br>I also use it to reshape very thin lips and plump up a flat mouth.<br><br><strong><mark style=\"background-color:rgba(0, 0, 0, 0)\" class=\"has-inline-color has-accent-6-color\">\u2013 A volumizing Hyaluronic Acid (Voluma\u00ae, Restylane Perlane\u00ae)<\/mark><\/strong><br>Injected more deeply, it is ideal for filling deep furrows, removing dark circles, reshaping cheekbones, and reshaping the oval of the face.<\/p>\n\n\n\n<div style=\"height:20px\" aria-hidden=\"true\" class=\"wp-block-spacer\"><\/div>\n\n\n\n<h3 class=\"gb-headline gb-headline-c4a8cae7 gb-headline-text soin-h3\">What are the advantages of hyaluronic acid in aesthetic medicine?<\/h3>\n\n\n\n<p class=\"gb-headline gb-headline-af6add67 gb-headline-text\">Reproduced by biosynthesis, hyaluronic acid is not of animal origin and does not present species specificity.<br><br>Our body naturally produces hyaluronic acid. Hyaluronic acid used in aesthetic medicine, even if it is synthetic, is not recognized as a foreign body and integrates perfectly into the skin. Allergies to hyaluronic acid are extremely rare.<br><br>This product is 100% biodegradable.<\/p>\n\n\n\n<h2 class=\"gb-headline gb-headline-41d05a9b gb-headline-text soin-h2--gold\">How are hyaluronic acid injections done?<\/h2>\n\n\n<div class=\"gb-container gb-container-18a83200 soin-separateur-titre\"><\/div>\n\n\n<p class=\"gb-headline gb-headline-06de46cb gb-headline-text\">All treatments are carried out after meticulous make-up removal and careful asepsis. The injections are carried out with well-documented hyaluronic acids from the two world leaders in the sector (Allergan and Galderma). Hyaluronic acid formulations are combined with a local anesthetic (lidocaine) providing optimal comfort during injection.<br><br>After the injections, the skin is refreshed, and a relaxing massage with Arnica Montana cream. Then, a beauty treatment is offered to you so that you can get back to normal with your day.<\/p>\n\n\n\n<h2 class=\"gb-headline gb-headline-5f89346f gb-headline-text soin-h2--gold\">When to expect results after wrinkle filler injections?<\/h2>\n\n\n<div class=\"gb-container gb-container-18a83200 soin-separateur-titre\"><\/div>\n\n\n<p class=\"gb-headline gb-headline-b2dddaec gb-headline-text\">The follow-up is simple, the results immediate and the day continues in style. A bruise may sometimes occur, but it will be hidden under beige covering makeup.<br><br>In the majority of cases, the aesthetic results will gradually improve for approximately 15 days to 3 weeks after the injections, once the hyaluronic acid has become well hydrated under the skin.<br><br>This treatment can be combined with Botox\u00ae to correct negative expression lines in the eyes.<\/p>\n\n<\/div>\n<\/section>\n\n<aside class=\"gb-container gb-container-659eaa6c\">\n\n<h2 class=\"gb-headline gb-headline-b2e6254b gb-headline-text soin-autres-traitements-h3\">Learn more about aesthetic medicine techniques<\/h2>\n\n\n<div class=\"gb-container gb-container-c3c15813 soin-autres-traitements-separateur\"><\/div>\n\n<div class=\"gb-container gb-container-58c25d3a\">\n<div class=\"gb-container gb-container-38489930\">\n\n<div class=\"gb-grid-wrapper gb-grid-wrapper-552173c9 gb-query-loop-wrapper\">\n<div class=\"gb-grid-column gb-grid-column-ce6e8510 gb-query-loop-item post-169 page type-page status-publish a3w-page-category-techniques\"><div class=\"gb-container gb-container-ce6e8510 soin-autres-traitements-loop-inner-contanier\">\n<a class=\"gb-button gb-button-c54ad869 gb-button-text soin-autres-traitements-bouton\" href=\"https:\/\/www.docteur-barry.com\/en\/les-techniques-de-rajeunissement-de-la-peau\/fils-tenseurs\/\">Tensor threads<\/a>\n<\/div><\/div>\n\n<div class=\"gb-grid-column gb-grid-column-ce6e8510 gb-query-loop-item post-159 page type-page status-publish a3w-page-category-techniques\"><div class=\"gb-container gb-container-ce6e8510 soin-autres-traitements-loop-inner-contanier\">\n<a class=\"gb-button gb-button-c54ad869 gb-button-text soin-autres-traitements-bouton\" href=\"https:\/\/www.docteur-barry.com\/en\/les-techniques-de-rajeunissement-de-la-peau\/la-cosmetique-sur-ordonnance\/\">Prescription cosmetics<\/a>\n<\/div><\/div>\n\n<div class=\"gb-grid-column gb-grid-column-ce6e8510 gb-query-loop-item post-134 page type-page status-publish a3w-page-category-cryolipolyse a3w-page-category-techniques\"><div class=\"gb-container gb-container-ce6e8510 soin-autres-traitements-loop-inner-contanier\">\n<a class=\"gb-button gb-button-c54ad869 gb-button-text soin-autres-traitements-bouton\" href=\"https:\/\/www.docteur-barry.com\/en\/les-techniques-de-rajeunissement-de-la-peau\/cryolipolyse-coolsculpting-compiegne-oise\/\">Cryolipolysis<\/a>\n<\/div><\/div>\n\n<div class=\"gb-grid-column gb-grid-column-ce6e8510 gb-query-loop-item post-135 page type-page status-publish a3w-page-category-techniques\"><div class=\"gb-container gb-container-ce6e8510 soin-autres-traitements-loop-inner-contanier\">\n<a class=\"gb-button gb-button-c54ad869 gb-button-text soin-autres-traitements-bouton\" href=\"https:\/\/www.docteur-barry.com\/en\/les-techniques-de-rajeunissement-de-la-peau\/radiofrequence-corps\/\">Radiofrequency for firming<\/a>\n<\/div><\/div>\n\n<div class=\"gb-grid-column gb-grid-column-ce6e8510 gb-query-loop-item post-170 page type-page status-publish a3w-page-category-acide-hyaluronique a3w-page-category-techniques\"><div class=\"gb-container gb-container-ce6e8510 soin-autres-traitements-loop-inner-contanier\">\n<a class=\"gb-button gb-button-c54ad869 gb-button-text soin-autres-traitements-bouton\" href=\"https:\/\/www.docteur-barry.com\/en\/les-techniques-de-rajeunissement-de-la-peau\/le-lifting-medical\/\">The medical facelift<\/a>\n<\/div><\/div>\n\n<div class=\"gb-grid-column gb-grid-column-ce6e8510 gb-query-loop-item post-158 page type-page status-publish a3w-page-category-techniques\"><div class=\"gb-container gb-container-ce6e8510 soin-autres-traitements-loop-inner-contanier\">\n<a class=\"gb-button gb-button-c54ad869 gb-button-text soin-autres-traitements-bouton\" href=\"https:\/\/www.docteur-barry.com\/en\/les-techniques-de-rajeunissement-de-la-peau\/le-mesolift-pour-repulper\/\">The mesolift to plump up<\/a>\n<\/div><\/div>\n\n<div class=\"gb-grid-column gb-grid-column-ce6e8510 gb-query-loop-item post-156 page type-page status-publish a3w-page-category-techniques\"><div class=\"gb-container gb-container-ce6e8510 soin-autres-traitements-loop-inner-contanier\">\n<a class=\"gb-button gb-button-c54ad869 gb-button-text soin-autres-traitements-bouton\" href=\"https:\/\/www.docteur-barry.com\/en\/les-techniques-de-rajeunissement-de-la-peau\/le-peeling-moyen-pour-renover\/\">The average peel to renovate<\/a>\n<\/div><\/div>\n\n<div class=\"gb-grid-column gb-grid-column-ce6e8510 gb-query-loop-item post-157 page type-page status-publish a3w-page-category-techniques\"><div class=\"gb-container gb-container-ce6e8510 soin-autres-traitements-loop-inner-contanier\">\n<a class=\"gb-button gb-button-c54ad869 gb-button-text soin-autres-traitements-bouton\" href=\"https:\/\/www.docteur-barry.com\/en\/les-techniques-de-rajeunissement-de-la-peau\/le-photorajeunissement-pour-rajeunir\/\">Photorejuvenation to rejuvenate<\/a>\n<\/div><\/div>\n\n<div class=\"gb-grid-column gb-grid-column-ce6e8510 gb-query-loop-item post-155 page type-page status-publish a3w-page-category-techniques\"><div class=\"gb-container gb-container-ce6e8510 soin-autres-traitements-loop-inner-contanier\">\n<a class=\"gb-button gb-button-c54ad869 gb-button-text soin-autres-traitements-bouton\" href=\"https:\/\/www.docteur-barry.com\/en\/les-techniques-de-rajeunissement-de-la-peau\/les-peelings-superficiels-pour-stimuler\/\">Superficial peels to stimulate<\/a>\n<\/div><\/div>\n\n<div class=\"gb-grid-column gb-grid-column-ce6e8510 gb-query-loop-item post-130 page type-page status-publish a3w-page-category-techniques\"><div class=\"gb-container gb-container-ce6e8510 soin-autres-traitements-loop-inner-contanier\">\n<a class=\"gb-button gb-button-c54ad869 gb-button-text soin-autres-traitements-bouton\" href=\"https:\/\/www.docteur-barry.com\/en\/les-techniques-de-rajeunissement-de-la-peau\/\">Skin rejuvenation techniques<\/a>\n<\/div><\/div>\n<\/div>\n\n<\/div>\n<\/div>\n<\/aside>\n\n<aside class=\"gb-container gb-container-dafe4cc9\">\n<div class=\"gb-container gb-container-1bcaf30f\">\n<div data-aos-duration=\"1000\" data-aos-once=\"true\" data-aos=\"fade\" class=\"gb-container gb-container-41ac15ca\">\n\n<h2 class=\"gb-headline gb-headline-7ddbce32 gb-headline-text\">Book your consultation<\/h2>\n\n\n\n<p class=\"gb-headline gb-headline-30f1cc6d gb-headline-text\">D\u00e9marrez votre protocole de soins personnalis\u00e9s<\/p>\n\n\n<div class=\"gb-container gb-container-54c8a8d7\"><\/div>\n\n\n<p class=\"gb-headline gb-headline-9216de00 gb-headline-text\">Meet Doctor Barry for a personalized approach and discover how she can help you achieve your beauty goals.<\/p>\n\n<\/div>\n\n<div data-aos-delay=\"500\" data-aos-duration=\"1000\" data-aos-once=\"true\" data-aos=\"fade\" class=\"gb-container gb-container-0dcf903a\">\n\n<a class=\"gb-button gb-button-383c0ef4 btn-default btn-icon-right-1\" href=\"https:\/\/www.doctolib.fr\/medecin-generaliste\/compiegne\/laurence-barry\" target=\"_blank\" rel=\"noopener noreferrer\"><span class=\"gb-button-text\">Book a consultation<\/span><span class=\"gb-icon\"><svg viewbox=\"0 0 16 16\" class=\"bi bi-arrow-right\" fill=\"currentColor\" height=\"16\" width=\"16\" xmlns=\"http:\/\/www.w3.org\/2000\/svg\">   <path d=\"M1 8a.5.5 0 0 1 .5-.5h11.793l-3.147-3.146a.5.5 0 0 1 .708-.708l4 4a.5.5 0 0 1 0 .708l-4 4a.5.5 0 0 1-.708-.708L13.293 8.5H1.5A.5.5 0 0 1 1 8\" fill-rule=\"evenodd\"><\/path> <\/svg><\/span><\/a>\n\n<\/div>\n<\/div>\n<\/aside>","protected":false},"excerpt":{"rendered":"<p>L\u2019acide Hyaluronique Qu\u2019est ce que l&rsquo;acide Hyaluronique ? QU\u2019EST CE QUE L\u2019ACIDE HYALURONIQUE? L\u2019acide hyaluronique a \u00e9t\u00e9 d\u00e9couvert par les chercheurs Karl Meyer et John Palmer en 1934. Cet extraordinaire agent hydratant est abondant dans notre organisme : c\u2019est un composant majeur de la matrice extra-cellulaire dont la peau est le principal r\u00e9servoir, mais on &#8230; <a title=\"L&rsquo;acide Hyaluronique pour combler\" class=\"read-more\" href=\"https:\/\/www.docteur-barry.com\/en\/les-techniques-de-rajeunissement-de-la-peau\/acide-hyaluronique-pour-combler\/\" aria-label=\"Read more about L&rsquo;acide Hyaluronique pour combler\">Read more<\/a><\/p>","protected":false},"author":3,"featured_media":0,"parent":130,"menu_order":0,"comment_status":"closed","ping_status":"closed","template":"","meta":{"_seopress_robots_primary_cat":"","_seopress_titles_title":"Tarifs des injections Acide Hyaluronique - Compi\u00e8gne - Dr L. Barry","_seopress_titles_desc":"Acide Hyaluronique pour les Plis d' amertume marqu\u00e9s, sillons nasog\u00e9niens creus\u00e9s, plis des joues, tempes creuses, bouche effac\u00e9e ... D\u00e9couvrez les indications et les prix \u00e0 Compi\u00e8gne - Creil, Beauvais, Oise","_seopress_robots_index":"","_vp_format_video_url":"","_vp_image_focal_point":[],"footnotes":""},"a3w-page-category":[9,34],"class_list":{"0":"post-153","1":"page","2":"type-page","3":"status-publish","5":"a3w-page-category-prestations","6":"a3w-page-category-techniques"},"_links":{"self":[{"href":"https:\/\/www.docteur-barry.com\/en\/wp-json\/wp\/v2\/pages\/153","targetHints":{"allow":["GET"]}}],"collection":[{"href":"https:\/\/www.docteur-barry.com\/en\/wp-json\/wp\/v2\/pages"}],"about":[{"href":"https:\/\/www.docteur-barry.com\/en\/wp-json\/wp\/v2\/types\/page"}],"author":[{"embeddable":true,"href":"https:\/\/www.docteur-barry.com\/en\/wp-json\/wp\/v2\/users\/3"}],"replies":[{"embeddable":true,"href":"https:\/\/www.docteur-barry.com\/en\/wp-json\/wp\/v2\/comments?post=153"}],"version-history":[{"count":3,"href":"https:\/\/www.docteur-barry.com\/en\/wp-json\/wp\/v2\/pages\/153\/revisions"}],"predecessor-version":[{"id":3815,"href":"https:\/\/www.docteur-barry.com\/en\/wp-json\/wp\/v2\/pages\/153\/revisions\/3815"}],"up":[{"embeddable":true,"href":"https:\/\/www.docteur-barry.com\/en\/wp-json\/wp\/v2\/pages\/130"}],"wp:attachment":[{"href":"https:\/\/www.docteur-barry.com\/en\/wp-json\/wp\/v2\/media?parent=153"}],"wp:term":[{"taxonomy":"a3w-page-category","embeddable":true,"href":"https:\/\/www.docteur-barry.com\/en\/wp-json\/wp\/v2\/a3w-page-category?post=153"}],"curies":[{"name":"wp","href":"https:\/\/api.w.org\/{rel}","templated":true}]}}