{"id":156,"date":"2024-05-07T13:49:56","date_gmt":"2024-05-07T11:49:56","guid":{"rendered":"https:\/\/www.docteur-barry.com\/les-techniques-de-rajeunissement-de-la-peau\/le-peeling-moyen-pour-renover\/"},"modified":"2025-10-21T14:42:15","modified_gmt":"2025-10-21T12:42:15","slug":"le-peeling-moyen-pour-renover","status":"publish","type":"page","link":"https:\/\/www.docteur-barry.com\/en\/les-techniques-de-rajeunissement-de-la-peau\/le-peeling-moyen-pour-renover\/","title":{"rendered":"The average peel to renovate"},"content":{"rendered":"<section class=\"gb-container gb-container-2dadddae\">\n<div class=\"gb-container gb-container-1b819d7d\">\n<div class=\"gb-container gb-container-12c70c8e\"><\/div>\n\n<h1 class=\"gb-headline gb-headline-4904e363 gb-headline-text soin-h1\">The average peel to renovate<\/h1>\n\n<div class=\"gb-container gb-container-2f12f2e8 breadcrumb-presta\">\n<nav  aria-label=\"breadcrumb\"><ol class=\"breadcrumb\" itemscope itemtype=\"https:\/\/schema.org\/BreadcrumbList\"><li class=\"breadcrumb-item active\" aria-current=\"page\" itemprop=\"itemListElement\" itemscope itemtype=\"https:\/\/schema.org\/ListItem\"><span itemprop=\"name\">Welcome<\/span><meta itemprop=\"position\" content=\"1\"><\/li><\/ol><\/nav>\n\n<\/div>\n<\/div>\n<\/section>\n\n<section class=\"gb-container gb-container-6141b557\">\n<div class=\"gb-container gb-container-0045285d\">\n<div class=\"gb-container gb-container-e24c31b3\">\n<div class=\"gb-container gb-container-973c24dd\">\n\n<h2 class=\"gb-headline gb-headline-09a3c090 gb-headline-text soin-h2--gold\">The benefits of medium peeling with trichloroacetic acid<\/h2>\n\n\n<div class=\"gb-container gb-container-18a83200 soin-separateur-titre\"><\/div>\n\n\n<p>The Medium Peel gives excellent results if carried out at a sufficient concentration to reach the necessary depth in the dermis. He offers :<\/p>\n\n\n\n<ul class=\"wp-block-list\">\n<li>Reduction of acne scars,<\/li>\n\n\n\n<li>A treatment for very stained faces,<\/li>\n\n\n\n<li>Toning of sagging skin,<\/li>\n\n\n\n<li>A disappearance of fine lines.<\/li>\n<\/ul>\n\n<\/div>\n\n<div class=\"gb-container gb-container-d0f1e43a\">\n\n<figure class=\"gb-block-image gb-block-image-d15a2826\"><img decoding=\"async\" width=\"1536\" height=\"674\" class=\"gb-image gb-image-d15a2826 soin-header-image\" src=\"https:\/\/www.docteur-barry.com\/wp-content\/uploads\/2024\/07\/peeling-compiegne-dr-barry-1-1536x674.jpg.webp\" alt=\"Peeling \u00e0 Compi\u00e8gne dans l'Oise - Dr Barry\" srcset=\"https:\/\/www.docteur-barry.com\/wp-content\/uploads\/2024\/07\/peeling-compiegne-dr-barry-1-1536x674.jpg.webp 1536w, https:\/\/www.docteur-barry.com\/wp-content\/uploads\/2024\/07\/peeling-compiegne-dr-barry-1-1536x674.jpg-300x132.webp 300w, https:\/\/www.docteur-barry.com\/wp-content\/uploads\/2024\/07\/peeling-compiegne-dr-barry-1-1536x674.jpg-1024x449.webp 1024w, https:\/\/www.docteur-barry.com\/wp-content\/uploads\/2024\/07\/peeling-compiegne-dr-barry-1-1536x674.jpg-768x337.webp 768w, https:\/\/www.docteur-barry.com\/wp-content\/uploads\/2024\/07\/peeling-compiegne-dr-barry-1-1536x674.jpg-500x219.webp 500w, https:\/\/www.docteur-barry.com\/wp-content\/uploads\/2024\/07\/peeling-compiegne-dr-barry-1-1536x674.jpg-800x351.webp 800w, https:\/\/www.docteur-barry.com\/wp-content\/uploads\/2024\/07\/peeling-compiegne-dr-barry-1-1536x674.jpg-1280x562.webp 1280w\" sizes=\"(max-width: 1536px) 100vw, 1536px\" \/><\/figure>\n\n<\/div>\n<\/div>\n\n\n<p>The medium peel with trichloroacetic acid acts on the skin more deeply than the superficial peels. It requires prior preparation of the skin in the 2 weeks preceding the procedure, with morning and evening application of cream based on vitamin C or fruit acids.<\/p>\n\n\n\n<p>The peel results in a strong coat (hence its name) like after a bad sunburn. Your face will become red then brown, but at the same time, the epidermis is renewed and the face will reveal a new, pink epidermis on the 7th day. The skin maintains this rosy complexion for 10 days. It is more toned, and spots and fine lines are reduced or even disappear.<\/p>\n\n\n\n<p>Effective sun protection is necessary for at least 3 months following the procedure.<\/p>\n\n\n\n<p>This peel is particularly suitable for skin that is blemished or has old acne scars. They have toning power for sagging skin.<\/p>\n\n\n\n<p>During application, there is a burning sensation for 1 minute which disappears completely as soon as the neutralizer is applied.<\/p>\n\n\n\n<p>Do not plan any social activities after a medium peel for 5 days.<\/p>\n\n\n\n<h2 class=\"gb-headline gb-headline-a08497ba gb-headline-text soin-h2--gold\">Average peeling prices<\/h2>\n\n\n<div class=\"gb-container gb-container-18a83200 soin-separateur-titre\"><\/div>\n\n\n<p>Average peeling: \u20ac200 to \u20ac350 including tax\/session.<\/p>\n\n<\/div>\n<\/section>\n\n<aside class=\"gb-container gb-container-659eaa6c\">\n\n<h2 class=\"gb-headline gb-headline-b2e6254b gb-headline-text soin-autres-traitements-h3\">Learn more about aesthetic medicine techniques<\/h2>\n\n\n<div class=\"gb-container gb-container-c3c15813 soin-autres-traitements-separateur\"><\/div>\n\n<div class=\"gb-container gb-container-58c25d3a\">\n<div class=\"gb-container gb-container-38489930\">\n\n<div class=\"gb-grid-wrapper gb-grid-wrapper-552173c9 gb-query-loop-wrapper\">\n<div class=\"gb-grid-column gb-grid-column-ce6e8510 gb-query-loop-item post-169 page type-page status-publish a3w-page-category-techniques\"><div class=\"gb-container gb-container-ce6e8510 soin-autres-traitements-loop-inner-contanier\">\n<a class=\"gb-button gb-button-c54ad869 gb-button-text soin-autres-traitements-bouton\" href=\"https:\/\/www.docteur-barry.com\/en\/les-techniques-de-rajeunissement-de-la-peau\/fils-tenseurs\/\">Tensor threads<\/a>\n<\/div><\/div>\n\n<div class=\"gb-grid-column gb-grid-column-ce6e8510 gb-query-loop-item post-153 page type-page status-publish a3w-page-category-prestations a3w-page-category-techniques\"><div class=\"gb-container gb-container-ce6e8510 soin-autres-traitements-loop-inner-contanier\">\n<a class=\"gb-button gb-button-c54ad869 gb-button-text soin-autres-traitements-bouton\" href=\"https:\/\/www.docteur-barry.com\/en\/les-techniques-de-rajeunissement-de-la-peau\/acide-hyaluronique-pour-combler\/\">Hyaluronic acid to fill<\/a>\n<\/div><\/div>\n\n<div class=\"gb-grid-column gb-grid-column-ce6e8510 gb-query-loop-item post-159 page type-page status-publish a3w-page-category-techniques\"><div class=\"gb-container gb-container-ce6e8510 soin-autres-traitements-loop-inner-contanier\">\n<a class=\"gb-button gb-button-c54ad869 gb-button-text soin-autres-traitements-bouton\" href=\"https:\/\/www.docteur-barry.com\/en\/les-techniques-de-rajeunissement-de-la-peau\/la-cosmetique-sur-ordonnance\/\">Prescription cosmetics<\/a>\n<\/div><\/div>\n\n<div class=\"gb-grid-column gb-grid-column-ce6e8510 gb-query-loop-item post-134 page type-page status-publish a3w-page-category-cryolipolyse a3w-page-category-techniques\"><div class=\"gb-container gb-container-ce6e8510 soin-autres-traitements-loop-inner-contanier\">\n<a class=\"gb-button gb-button-c54ad869 gb-button-text soin-autres-traitements-bouton\" href=\"https:\/\/www.docteur-barry.com\/en\/les-techniques-de-rajeunissement-de-la-peau\/cryolipolyse-coolsculpting-compiegne-oise\/\">Cryolipolysis<\/a>\n<\/div><\/div>\n\n<div class=\"gb-grid-column gb-grid-column-ce6e8510 gb-query-loop-item post-135 page type-page status-publish a3w-page-category-techniques\"><div class=\"gb-container gb-container-ce6e8510 soin-autres-traitements-loop-inner-contanier\">\n<a class=\"gb-button gb-button-c54ad869 gb-button-text soin-autres-traitements-bouton\" href=\"https:\/\/www.docteur-barry.com\/en\/les-techniques-de-rajeunissement-de-la-peau\/radiofrequence-corps\/\">Radiofrequency for firming<\/a>\n<\/div><\/div>\n\n<div class=\"gb-grid-column gb-grid-column-ce6e8510 gb-query-loop-item post-170 page type-page status-publish a3w-page-category-acide-hyaluronique a3w-page-category-techniques\"><div class=\"gb-container gb-container-ce6e8510 soin-autres-traitements-loop-inner-contanier\">\n<a class=\"gb-button gb-button-c54ad869 gb-button-text soin-autres-traitements-bouton\" href=\"https:\/\/www.docteur-barry.com\/en\/les-techniques-de-rajeunissement-de-la-peau\/le-lifting-medical\/\">The medical facelift<\/a>\n<\/div><\/div>\n\n<div class=\"gb-grid-column gb-grid-column-ce6e8510 gb-query-loop-item post-158 page type-page status-publish a3w-page-category-techniques\"><div class=\"gb-container gb-container-ce6e8510 soin-autres-traitements-loop-inner-contanier\">\n<a class=\"gb-button gb-button-c54ad869 gb-button-text soin-autres-traitements-bouton\" href=\"https:\/\/www.docteur-barry.com\/en\/les-techniques-de-rajeunissement-de-la-peau\/le-mesolift-pour-repulper\/\">The mesolift to plump up<\/a>\n<\/div><\/div>\n\n<div class=\"gb-grid-column gb-grid-column-ce6e8510 gb-query-loop-item post-157 page type-page status-publish a3w-page-category-techniques\"><div class=\"gb-container gb-container-ce6e8510 soin-autres-traitements-loop-inner-contanier\">\n<a class=\"gb-button gb-button-c54ad869 gb-button-text soin-autres-traitements-bouton\" href=\"https:\/\/www.docteur-barry.com\/en\/les-techniques-de-rajeunissement-de-la-peau\/le-photorajeunissement-pour-rajeunir\/\">Photorejuvenation to rejuvenate<\/a>\n<\/div><\/div>\n\n<div class=\"gb-grid-column gb-grid-column-ce6e8510 gb-query-loop-item post-155 page type-page status-publish a3w-page-category-techniques\"><div class=\"gb-container gb-container-ce6e8510 soin-autres-traitements-loop-inner-contanier\">\n<a class=\"gb-button gb-button-c54ad869 gb-button-text soin-autres-traitements-bouton\" href=\"https:\/\/www.docteur-barry.com\/en\/les-techniques-de-rajeunissement-de-la-peau\/les-peelings-superficiels-pour-stimuler\/\">Superficial peels to stimulate<\/a>\n<\/div><\/div>\n\n<div class=\"gb-grid-column gb-grid-column-ce6e8510 gb-query-loop-item post-130 page type-page status-publish a3w-page-category-techniques\"><div class=\"gb-container gb-container-ce6e8510 soin-autres-traitements-loop-inner-contanier\">\n<a class=\"gb-button gb-button-c54ad869 gb-button-text soin-autres-traitements-bouton\" href=\"https:\/\/www.docteur-barry.com\/en\/les-techniques-de-rajeunissement-de-la-peau\/\">Skin rejuvenation techniques<\/a>\n<\/div><\/div>\n<\/div>\n\n<\/div>\n<\/div>\n<\/aside>\n\n<aside class=\"gb-container gb-container-dafe4cc9\">\n<div class=\"gb-container gb-container-1bcaf30f\">\n<div data-aos-duration=\"1000\" data-aos-once=\"true\" data-aos=\"fade\" class=\"gb-container gb-container-41ac15ca\">\n\n<h2 class=\"gb-headline gb-headline-7ddbce32 gb-headline-text\">Book your consultation<\/h2>\n\n\n\n<p class=\"gb-headline gb-headline-30f1cc6d gb-headline-text\">D\u00e9marrez votre protocole de soins personnalis\u00e9s<\/p>\n\n\n<div class=\"gb-container gb-container-54c8a8d7\"><\/div>\n\n\n<p class=\"gb-headline gb-headline-9216de00 gb-headline-text\">Meet Doctor Barry for a personalized approach and discover how she can help you achieve your beauty goals.<\/p>\n\n<\/div>\n\n<div data-aos-delay=\"500\" data-aos-duration=\"1000\" data-aos-once=\"true\" data-aos=\"fade\" class=\"gb-container gb-container-0dcf903a\">\n\n<a class=\"gb-button gb-button-383c0ef4 btn-default btn-icon-right-1\" href=\"https:\/\/www.doctolib.fr\/medecin-generaliste\/compiegne\/laurence-barry\" target=\"_blank\" rel=\"noopener noreferrer\"><span class=\"gb-button-text\">Book a consultation<\/span><span class=\"gb-icon\"><svg viewbox=\"0 0 16 16\" class=\"bi bi-arrow-right\" fill=\"currentColor\" height=\"16\" width=\"16\" xmlns=\"http:\/\/www.w3.org\/2000\/svg\">   <path d=\"M1 8a.5.5 0 0 1 .5-.5h11.793l-3.147-3.146a.5.5 0 0 1 .708-.708l4 4a.5.5 0 0 1 0 .708l-4 4a.5.5 0 0 1-.708-.708L13.293 8.5H1.5A.5.5 0 0 1 1 8\" fill-rule=\"evenodd\"><\/path> <\/svg><\/span><\/a>\n\n<\/div>\n<\/div>\n<\/aside>","protected":false},"excerpt":{"rendered":"<p>Les bienfaits du peeling moyen \u00e0 l\u2019acide trichlorac\u00e9tique Le Peeling moyen donnent d\u2019excellents r\u00e9sultats s\u2019il est r\u00e9alis\u00e9 \u00e0 une concentration suffisante pour atteindre la profondeur n\u00e9cessaire dans le derme. Il offre : Le peeling moyen \u00e0 l\u2019acide trichlorac\u00e9tique agit sur la peau plus en profondeur que le peelings superficiel. Il n\u00e9cessite une pr\u00e9paration pr\u00e9alable de &#8230; <a title=\"The average peel to renovate\" class=\"read-more\" href=\"https:\/\/www.docteur-barry.com\/en\/les-techniques-de-rajeunissement-de-la-peau\/le-peeling-moyen-pour-renover\/\" aria-label=\"Read more about Le peeling moyen pour r\u00e9nover\">Read more<\/a><\/p>","protected":false},"author":1,"featured_media":0,"parent":130,"menu_order":0,"comment_status":"closed","ping_status":"closed","template":"","meta":{"_seopress_robots_primary_cat":"","_seopress_titles_title":"Peeling moyen \u00e0 Compi\u00e8gne dans l'Oise - Dr Barry","_seopress_titles_desc":"Peeling moyen \u00e0 Compi\u00e8gne dans l'Oise - Dr Laurence Barry : le peeling moyen agit sur la peau plus en profondeur que les peelings superficiels.","_seopress_robots_index":"","_vp_format_video_url":"","_vp_image_focal_point":[],"footnotes":""},"a3w-page-category":[34],"class_list":{"0":"post-156","1":"page","2":"type-page","3":"status-publish","5":"a3w-page-category-techniques"},"_links":{"self":[{"href":"https:\/\/www.docteur-barry.com\/en\/wp-json\/wp\/v2\/pages\/156","targetHints":{"allow":["GET"]}}],"collection":[{"href":"https:\/\/www.docteur-barry.com\/en\/wp-json\/wp\/v2\/pages"}],"about":[{"href":"https:\/\/www.docteur-barry.com\/en\/wp-json\/wp\/v2\/types\/page"}],"author":[{"embeddable":true,"href":"https:\/\/www.docteur-barry.com\/en\/wp-json\/wp\/v2\/users\/1"}],"replies":[{"embeddable":true,"href":"https:\/\/www.docteur-barry.com\/en\/wp-json\/wp\/v2\/comments?post=156"}],"version-history":[{"count":3,"href":"https:\/\/www.docteur-barry.com\/en\/wp-json\/wp\/v2\/pages\/156\/revisions"}],"predecessor-version":[{"id":3862,"href":"https:\/\/www.docteur-barry.com\/en\/wp-json\/wp\/v2\/pages\/156\/revisions\/3862"}],"up":[{"embeddable":true,"href":"https:\/\/www.docteur-barry.com\/en\/wp-json\/wp\/v2\/pages\/130"}],"wp:attachment":[{"href":"https:\/\/www.docteur-barry.com\/en\/wp-json\/wp\/v2\/media?parent=156"}],"wp:term":[{"taxonomy":"a3w-page-category","embeddable":true,"href":"https:\/\/www.docteur-barry.com\/en\/wp-json\/wp\/v2\/a3w-page-category?post=156"}],"curies":[{"name":"wp","href":"https:\/\/api.w.org\/{rel}","templated":true}]}}