{"id":157,"date":"2024-05-07T13:49:56","date_gmt":"2024-05-07T11:49:56","guid":{"rendered":"https:\/\/www.docteur-barry.com\/les-techniques-de-rajeunissement-de-la-peau\/le-photorajeunissement-pour-rajeunir\/"},"modified":"2025-10-21T14:43:47","modified_gmt":"2025-10-21T12:43:47","slug":"le-photorajeunissement-pour-rajeunir","status":"publish","type":"page","link":"https:\/\/www.docteur-barry.com\/en\/les-techniques-de-rajeunissement-de-la-peau\/le-photorajeunissement-pour-rajeunir\/","title":{"rendered":"Photorejuvenation to rejuvenate"},"content":{"rendered":"<section class=\"gb-container gb-container-2dadddae\">\n<div class=\"gb-container gb-container-1b819d7d\">\n<div class=\"gb-container gb-container-12c70c8e\"><\/div>\n\n<h1 class=\"gb-headline gb-headline-4904e363 gb-headline-text soin-h1\">Photorejuvenation to rejuvenate<\/h1>\n\n<div class=\"gb-container gb-container-2f12f2e8 breadcrumb-presta\">\n<nav  aria-label=\"breadcrumb\"><ol class=\"breadcrumb\" itemscope itemtype=\"https:\/\/schema.org\/BreadcrumbList\"><li class=\"breadcrumb-item active\" aria-current=\"page\" itemprop=\"itemListElement\" itemscope itemtype=\"https:\/\/schema.org\/ListItem\"><span itemprop=\"name\">Welcome<\/span><meta itemprop=\"position\" content=\"1\"><\/li><\/ol><\/nav>\n\n<\/div>\n<\/div>\n<\/section>\n\n<section class=\"gb-container gb-container-9f317e9d\">\n<div class=\"gb-container gb-container-9a3ebfe6\">\n<div class=\"gb-container gb-container-581e9c92\">\n<div class=\"gb-container gb-container-73af4f6f\">\n\n<h2 class=\"gb-headline gb-headline-ca2469e1 gb-headline-text soin-h2--gold\">Photo-rejuvenation of the skin of the face, neck and d\u00e9collet\u00e9<\/h2>\n\n\n<div class=\"gb-container gb-container-18a83200 soin-separateur-titre\"><\/div>\n\n\n<p><strong>Ideal for active women<\/strong>, the very latest generation of pulsed light provides a <strong>real youthful look to the skin<\/strong> without causing any adverse effects or feeling of discomfort.<\/p>\n\n\n\n<p><strong>Complete solution<\/strong>, the intense light acts on the epidermis and the superficial dermis and provides a prolonged improvement in the texture of the skin.<\/p>\n\n<\/div>\n\n<div class=\"gb-container gb-container-6040b1c4\">\n\n<figure class=\"gb-block-image gb-block-image-cedaafaa\"><img decoding=\"async\" width=\"1536\" height=\"674\" class=\"gb-image gb-image-cedaafaa soin-header-image\" src=\"https:\/\/www.docteur-barry.com\/wp-content\/uploads\/2024\/07\/biostimulation-peau-led-compiegne-dr-barry-1536x674.jpg.webp\" alt=\"Photorajeunissement \u00e0 Compi\u00e8gne dans l'Oise - Dr Barry\" srcset=\"https:\/\/www.docteur-barry.com\/wp-content\/uploads\/2024\/07\/biostimulation-peau-led-compiegne-dr-barry-1536x674.jpg.webp 1536w, https:\/\/www.docteur-barry.com\/wp-content\/uploads\/2024\/07\/biostimulation-peau-led-compiegne-dr-barry-1536x674.jpg-300x132.webp 300w, https:\/\/www.docteur-barry.com\/wp-content\/uploads\/2024\/07\/biostimulation-peau-led-compiegne-dr-barry-1536x674.jpg-1024x449.webp 1024w, https:\/\/www.docteur-barry.com\/wp-content\/uploads\/2024\/07\/biostimulation-peau-led-compiegne-dr-barry-1536x674.jpg-768x337.webp 768w, https:\/\/www.docteur-barry.com\/wp-content\/uploads\/2024\/07\/biostimulation-peau-led-compiegne-dr-barry-1536x674.jpg-500x219.webp 500w, https:\/\/www.docteur-barry.com\/wp-content\/uploads\/2024\/07\/biostimulation-peau-led-compiegne-dr-barry-1536x674.jpg-800x351.webp 800w, https:\/\/www.docteur-barry.com\/wp-content\/uploads\/2024\/07\/biostimulation-peau-led-compiegne-dr-barry-1536x674.jpg-1280x562.webp 1280w\" sizes=\"(max-width: 1536px) 100vw, 1536px\" \/><\/figure>\n\n<\/div>\n<\/div>\n\n\n<p>There &quot; <em><strong>skin rejuvenation<\/strong><\/em> &quot;, as the Americans who are &quot;fans&quot; have called it, <strong>acts on several levels<\/strong> :<\/p>\n\n\n\n<ul class=\"wp-block-list\">\n<li>On the <strong>pigment<\/strong> to remove brown sun spots and traces of perfume,<\/li>\n\n\n\n<li>On the<strong> small vessels<\/strong> dilated, rosacea and erythrosis. Thus, from the first session, the complexion appears clearer, more uniform, more luminous.<\/li>\n\n\n\n<li>But <strong>the \u201cplus\u201d is truly the action at the dermis level<\/strong>. The inflammatory reaction which follows the emission of heat by pulsed light leads to intense activity of cells, mainly fibroblasts, and results in the production of new collagen.<\/li>\n<\/ul>\n\n\n\n<h2 class=\"gb-headline gb-headline-397c8b11 gb-headline-text soin-h2--gold\">The photo-rejuvenation technique<\/h2>\n\n\n<div class=\"gb-container gb-container-18a83200 soin-separateur-titre\"><\/div>\n\n\n<p>This involves sweeping the skin stained by the handpiece. The intensity of the treatment can be adjusted according to your sensitivity and is carried out with protective glasses.<\/p>\n\n\n\n<p>The collagen renewal process may seem slow, but the results are truly there, long-lasting, and will improve even after treatment stops.<\/p>\n\n\n\n<p>The consequences are simple: small transient redness, discreet, camouflageable crusts. There is no interruption of social life.<\/p>\n\n\n\n<p>The sessions must be repeated: 1 to 3 sessions at 1 month intervals.<\/p>\n\n\n\n<h2 class=\"gb-headline gb-headline-dd31ac21 gb-headline-text soin-h2--gold\">The results of photo-rejuvenation of the skin<\/h2>\n\n\n<div class=\"gb-container gb-container-18a83200 soin-separateur-titre\"><\/div>\n\n\n<p>A smoothed appearance, improved elasticity and tone, disappearance of small wrinkles, a firmed oval for a guaranteed healthy glow! The technique is also suitable for areas known to be difficult to treat such as the neck, d\u00e9collet\u00e9 and hands (an area for which few solutions previously existed).<\/p>\n\n\n\n<p>Contraindications are: pregnant women, pace-maker wearers and overly tanned skin.<\/p>\n\n\n\n<p>We can easily combine, if necessary, botox or hyaluronic acid injections to fill in deeper wrinkles.<\/p>\n\n\n\n<h2 class=\"gb-headline gb-headline-16aef74c gb-headline-text soin-h2--gold\">PRICES FOR PHOTORAGE YOUTH<\/h2>\n\n\n<div class=\"gb-container gb-container-18a83200 soin-separateur-titre\"><\/div>\n\n\n<p>Photo-rejuvenation (hands, face, neck, d\u00e9collet\u00e9) \u2013 Photonic skin rejuvenation: \u20ac100 to \u20ac380 including tax\/session depending on the areas to be treated.<\/p>\n\n<\/div>\n<\/section>\n\n<aside class=\"gb-container gb-container-659eaa6c\">\n\n<h2 class=\"gb-headline gb-headline-b2e6254b gb-headline-text soin-autres-traitements-h3\">Learn more about aesthetic medicine techniques<\/h2>\n\n\n<div class=\"gb-container gb-container-c3c15813 soin-autres-traitements-separateur\"><\/div>\n\n<div class=\"gb-container gb-container-58c25d3a\">\n<div class=\"gb-container gb-container-38489930\">\n\n<div class=\"gb-grid-wrapper gb-grid-wrapper-552173c9 gb-query-loop-wrapper\">\n<div class=\"gb-grid-column gb-grid-column-ce6e8510 gb-query-loop-item post-169 page type-page status-publish a3w-page-category-techniques\"><div class=\"gb-container gb-container-ce6e8510 soin-autres-traitements-loop-inner-contanier\">\n<a class=\"gb-button gb-button-c54ad869 gb-button-text soin-autres-traitements-bouton\" href=\"https:\/\/www.docteur-barry.com\/en\/les-techniques-de-rajeunissement-de-la-peau\/fils-tenseurs\/\">Tensor threads<\/a>\n<\/div><\/div>\n\n<div class=\"gb-grid-column gb-grid-column-ce6e8510 gb-query-loop-item post-153 page type-page status-publish a3w-page-category-prestations a3w-page-category-techniques\"><div class=\"gb-container gb-container-ce6e8510 soin-autres-traitements-loop-inner-contanier\">\n<a class=\"gb-button gb-button-c54ad869 gb-button-text soin-autres-traitements-bouton\" href=\"https:\/\/www.docteur-barry.com\/en\/les-techniques-de-rajeunissement-de-la-peau\/acide-hyaluronique-pour-combler\/\">Hyaluronic acid to fill<\/a>\n<\/div><\/div>\n\n<div class=\"gb-grid-column gb-grid-column-ce6e8510 gb-query-loop-item post-159 page type-page status-publish a3w-page-category-techniques\"><div class=\"gb-container gb-container-ce6e8510 soin-autres-traitements-loop-inner-contanier\">\n<a class=\"gb-button gb-button-c54ad869 gb-button-text soin-autres-traitements-bouton\" href=\"https:\/\/www.docteur-barry.com\/en\/les-techniques-de-rajeunissement-de-la-peau\/la-cosmetique-sur-ordonnance\/\">Prescription cosmetics<\/a>\n<\/div><\/div>\n\n<div class=\"gb-grid-column gb-grid-column-ce6e8510 gb-query-loop-item post-134 page type-page status-publish a3w-page-category-cryolipolyse a3w-page-category-techniques\"><div class=\"gb-container gb-container-ce6e8510 soin-autres-traitements-loop-inner-contanier\">\n<a class=\"gb-button gb-button-c54ad869 gb-button-text soin-autres-traitements-bouton\" href=\"https:\/\/www.docteur-barry.com\/en\/les-techniques-de-rajeunissement-de-la-peau\/cryolipolyse-coolsculpting-compiegne-oise\/\">Cryolipolysis<\/a>\n<\/div><\/div>\n\n<div class=\"gb-grid-column gb-grid-column-ce6e8510 gb-query-loop-item post-135 page type-page status-publish a3w-page-category-techniques\"><div class=\"gb-container gb-container-ce6e8510 soin-autres-traitements-loop-inner-contanier\">\n<a class=\"gb-button gb-button-c54ad869 gb-button-text soin-autres-traitements-bouton\" href=\"https:\/\/www.docteur-barry.com\/en\/les-techniques-de-rajeunissement-de-la-peau\/radiofrequence-corps\/\">Radiofrequency for firming<\/a>\n<\/div><\/div>\n\n<div class=\"gb-grid-column gb-grid-column-ce6e8510 gb-query-loop-item post-170 page type-page status-publish a3w-page-category-acide-hyaluronique a3w-page-category-techniques\"><div class=\"gb-container gb-container-ce6e8510 soin-autres-traitements-loop-inner-contanier\">\n<a class=\"gb-button gb-button-c54ad869 gb-button-text soin-autres-traitements-bouton\" href=\"https:\/\/www.docteur-barry.com\/en\/les-techniques-de-rajeunissement-de-la-peau\/le-lifting-medical\/\">The medical facelift<\/a>\n<\/div><\/div>\n\n<div class=\"gb-grid-column gb-grid-column-ce6e8510 gb-query-loop-item post-158 page type-page status-publish a3w-page-category-techniques\"><div class=\"gb-container gb-container-ce6e8510 soin-autres-traitements-loop-inner-contanier\">\n<a class=\"gb-button gb-button-c54ad869 gb-button-text soin-autres-traitements-bouton\" href=\"https:\/\/www.docteur-barry.com\/en\/les-techniques-de-rajeunissement-de-la-peau\/le-mesolift-pour-repulper\/\">The mesolift to plump up<\/a>\n<\/div><\/div>\n\n<div class=\"gb-grid-column gb-grid-column-ce6e8510 gb-query-loop-item post-156 page type-page status-publish a3w-page-category-techniques\"><div class=\"gb-container gb-container-ce6e8510 soin-autres-traitements-loop-inner-contanier\">\n<a class=\"gb-button gb-button-c54ad869 gb-button-text soin-autres-traitements-bouton\" href=\"https:\/\/www.docteur-barry.com\/en\/les-techniques-de-rajeunissement-de-la-peau\/le-peeling-moyen-pour-renover\/\">The average peel to renovate<\/a>\n<\/div><\/div>\n\n<div class=\"gb-grid-column gb-grid-column-ce6e8510 gb-query-loop-item post-155 page type-page status-publish a3w-page-category-techniques\"><div class=\"gb-container gb-container-ce6e8510 soin-autres-traitements-loop-inner-contanier\">\n<a class=\"gb-button gb-button-c54ad869 gb-button-text soin-autres-traitements-bouton\" href=\"https:\/\/www.docteur-barry.com\/en\/les-techniques-de-rajeunissement-de-la-peau\/les-peelings-superficiels-pour-stimuler\/\">Superficial peels to stimulate<\/a>\n<\/div><\/div>\n\n<div class=\"gb-grid-column gb-grid-column-ce6e8510 gb-query-loop-item post-130 page type-page status-publish a3w-page-category-techniques\"><div class=\"gb-container gb-container-ce6e8510 soin-autres-traitements-loop-inner-contanier\">\n<a class=\"gb-button gb-button-c54ad869 gb-button-text soin-autres-traitements-bouton\" href=\"https:\/\/www.docteur-barry.com\/en\/les-techniques-de-rajeunissement-de-la-peau\/\">Skin rejuvenation techniques<\/a>\n<\/div><\/div>\n<\/div>\n\n<\/div>\n<\/div>\n<\/aside>\n\n<aside class=\"gb-container gb-container-dafe4cc9\">\n<div class=\"gb-container gb-container-1bcaf30f\">\n<div data-aos-duration=\"1000\" data-aos-once=\"true\" data-aos=\"fade\" class=\"gb-container gb-container-41ac15ca\">\n\n<h2 class=\"gb-headline gb-headline-7ddbce32 gb-headline-text\">Book your consultation<\/h2>\n\n\n\n<p class=\"gb-headline gb-headline-30f1cc6d gb-headline-text\">D\u00e9marrez votre protocole de soins personnalis\u00e9s<\/p>\n\n\n<div class=\"gb-container gb-container-54c8a8d7\"><\/div>\n\n\n<p class=\"gb-headline gb-headline-9216de00 gb-headline-text\">Meet Doctor Barry for a personalized approach and discover how she can help you achieve your beauty goals.<\/p>\n\n<\/div>\n\n<div data-aos-delay=\"500\" data-aos-duration=\"1000\" data-aos-once=\"true\" data-aos=\"fade\" class=\"gb-container gb-container-0dcf903a\">\n\n<a class=\"gb-button gb-button-383c0ef4 btn-default btn-icon-right-1\" href=\"https:\/\/www.doctolib.fr\/medecin-generaliste\/compiegne\/laurence-barry\" target=\"_blank\" rel=\"noopener noreferrer\"><span class=\"gb-button-text\">Book a consultation<\/span><span class=\"gb-icon\"><svg viewbox=\"0 0 16 16\" class=\"bi bi-arrow-right\" fill=\"currentColor\" height=\"16\" width=\"16\" xmlns=\"http:\/\/www.w3.org\/2000\/svg\">   <path d=\"M1 8a.5.5 0 0 1 .5-.5h11.793l-3.147-3.146a.5.5 0 0 1 .708-.708l4 4a.5.5 0 0 1 0 .708l-4 4a.5.5 0 0 1-.708-.708L13.293 8.5H1.5A.5.5 0 0 1 1 8\" fill-rule=\"evenodd\"><\/path> <\/svg><\/span><\/a>\n\n<\/div>\n<\/div>\n<\/aside>","protected":false},"excerpt":{"rendered":"<p>Photo-rajeunissement de la peau du visage, du cou et du d\u00e9collet\u00e9 Id\u00e9ale pour les femmes actives, la toute derni\u00e8re g\u00e9n\u00e9ration de lumi\u00e8re puls\u00e9e permet de donner un v\u00e9ritable coup de jeune \u00e0 la peau sans entra\u00eener d\u2019effet ind\u00e9sirable ni de sensation d\u2019inconfort. Solution compl\u00e8te, la lumi\u00e8re intense agit sur l\u2019\u00e9piderme et le derme superficiel et &#8230; <a title=\"Photorejuvenation to rejuvenate\" class=\"read-more\" href=\"https:\/\/www.docteur-barry.com\/en\/les-techniques-de-rajeunissement-de-la-peau\/le-photorajeunissement-pour-rajeunir\/\" aria-label=\"Read more about Le photorajeunissement pour rajeunir\">Read more<\/a><\/p>","protected":false},"author":1,"featured_media":0,"parent":130,"menu_order":0,"comment_status":"closed","ping_status":"closed","template":"","meta":{"_seopress_robots_primary_cat":"","_seopress_titles_title":"Rajeunissement par la Lumi\u00e8re Intense Puls\u00e9e \u00e0 Compi\u00e8gne dans l'Oise","_seopress_titles_desc":"Rajeunissement par la Lumi\u00e8re Intense Puls\u00e9e \u00e0 Compi\u00e8gne dans l'Oise, Dr Barry : la toute derni\u00e8re g\u00e9n\u00e9ration de lumi\u00e8re Intense puls\u00e9e","_seopress_robots_index":"","_vp_format_video_url":"","_vp_image_focal_point":[],"footnotes":""},"a3w-page-category":[34],"class_list":{"0":"post-157","1":"page","2":"type-page","3":"status-publish","5":"a3w-page-category-techniques"},"_links":{"self":[{"href":"https:\/\/www.docteur-barry.com\/en\/wp-json\/wp\/v2\/pages\/157","targetHints":{"allow":["GET"]}}],"collection":[{"href":"https:\/\/www.docteur-barry.com\/en\/wp-json\/wp\/v2\/pages"}],"about":[{"href":"https:\/\/www.docteur-barry.com\/en\/wp-json\/wp\/v2\/types\/page"}],"author":[{"embeddable":true,"href":"https:\/\/www.docteur-barry.com\/en\/wp-json\/wp\/v2\/users\/1"}],"replies":[{"embeddable":true,"href":"https:\/\/www.docteur-barry.com\/en\/wp-json\/wp\/v2\/comments?post=157"}],"version-history":[{"count":3,"href":"https:\/\/www.docteur-barry.com\/en\/wp-json\/wp\/v2\/pages\/157\/revisions"}],"predecessor-version":[{"id":3864,"href":"https:\/\/www.docteur-barry.com\/en\/wp-json\/wp\/v2\/pages\/157\/revisions\/3864"}],"up":[{"embeddable":true,"href":"https:\/\/www.docteur-barry.com\/en\/wp-json\/wp\/v2\/pages\/130"}],"wp:attachment":[{"href":"https:\/\/www.docteur-barry.com\/en\/wp-json\/wp\/v2\/media?parent=157"}],"wp:term":[{"taxonomy":"a3w-page-category","embeddable":true,"href":"https:\/\/www.docteur-barry.com\/en\/wp-json\/wp\/v2\/a3w-page-category?post=157"}],"curies":[{"name":"wp","href":"https:\/\/api.w.org\/{rel}","templated":true}]}}