{"id":158,"date":"2024-05-07T13:49:56","date_gmt":"2024-05-07T11:49:56","guid":{"rendered":"https:\/\/www.docteur-barry.com\/les-techniques-de-rajeunissement-de-la-peau\/le-mesolift-pour-repulper\/"},"modified":"2025-10-21T14:41:06","modified_gmt":"2025-10-21T12:41:06","slug":"le-mesolift-pour-repulper","status":"publish","type":"page","link":"https:\/\/www.docteur-barry.com\/en\/les-techniques-de-rajeunissement-de-la-peau\/le-mesolift-pour-repulper\/","title":{"rendered":"The mesolift to plump up"},"content":{"rendered":"<section class=\"gb-container gb-container-2dadddae\">\n<div class=\"gb-container gb-container-1b819d7d\">\n<div class=\"gb-container gb-container-12c70c8e\"><\/div>\n\n<h1 class=\"gb-headline gb-headline-4904e363 gb-headline-text soin-h1\">The mesolift to plump up<\/h1>\n\n<div class=\"gb-container gb-container-2f12f2e8 breadcrumb-presta\">\n<nav  aria-label=\"breadcrumb\"><ol class=\"breadcrumb\" itemscope itemtype=\"https:\/\/schema.org\/BreadcrumbList\"><li class=\"breadcrumb-item active\" aria-current=\"page\" itemprop=\"itemListElement\" itemscope itemtype=\"https:\/\/schema.org\/ListItem\"><span itemprop=\"name\">Welcome<\/span><meta itemprop=\"position\" content=\"1\"><\/li><\/ol><\/nav>\n\n<\/div>\n<\/div>\n<\/section>\n\n<section class=\"gb-container gb-container-71b6a204\">\n<div class=\"gb-container gb-container-28ca6a54\">\n<div class=\"gb-container gb-container-6d5e993c\">\n<div class=\"gb-container gb-container-91119dc9\">\n\n<h2 class=\"gb-headline gb-headline-fc29476e gb-headline-text soin-h2--gold\">Dermal hydration concerns all skin at all ages<\/h2>\n\n\n<div class=\"gb-container gb-container-18a83200 soin-separateur-titre\"><\/div>\n\n\n<h3 class=\"gb-headline gb-headline-7fc8db65 gb-headline-text soin-h3\">Skin rejuvenation by Mesolift<\/h3>\n\n\n\n<p>With Mesolift, we treat the skin of the face, neck, d\u00e9collet\u00e9 and hands with multiple micro-punctures of micro-drops of a solution composed of vitamins, amino acids, minerals and hyaluronic acid more or less concentrated depending on the quality of the dermis. This microneedling mesotherapy process will exert an antioxidant effect and stimulate microcirculation and collagen synthesis, resulting in the relaunch of cellular regeneration processes.<\/p>\n\n<\/div>\n\n<div class=\"gb-container gb-container-410ccebb\">\n\n<figure class=\"gb-block-image gb-block-image-7f2c91b1\"><img decoding=\"async\" width=\"768\" height=\"337\" class=\"gb-image gb-image-7f2c91b1 soin-header-image\" src=\"https:\/\/www.docteur-barry.com\/wp-content\/uploads\/2024\/07\/injection-skinbooster-mesolift-compiegne-dr-barry-768x337.jpg.webp\" alt=\"M\u00e9solift pour raffermir \u00e0 Compi\u00e8gne dans l'Oise - Dr Barry\" srcset=\"https:\/\/www.docteur-barry.com\/wp-content\/uploads\/2024\/07\/injection-skinbooster-mesolift-compiegne-dr-barry-768x337.jpg.webp 768w, https:\/\/www.docteur-barry.com\/wp-content\/uploads\/2024\/07\/injection-skinbooster-mesolift-compiegne-dr-barry-768x337.jpg-300x132.webp 300w, https:\/\/www.docteur-barry.com\/wp-content\/uploads\/2024\/07\/injection-skinbooster-mesolift-compiegne-dr-barry-768x337.jpg-500x219.webp 500w\" sizes=\"(max-width: 768px) 100vw, 768px\" \/><\/figure>\n\n<\/div>\n<\/div>\n\n\n<p>It truly takes care of the epidermis and dermis thanks to a regular supply of active ingredients which naturally cannot pass the skin barrier. This procedure, carried out using an injector pen, is non-painful. After the treatment, the skin is dewy and should not be put on makeup until the next day.<\/p>\n\n\n\n<p>It is desirable to carry out at least 3 sessions 15 days apart to obtain a lasting result, then maintenance sessions ideally planned before and after summer, but also in spring, to rehydrate the skin.<\/p>\n\n\n\n<p>Mesolift is an excellent complement to the treatment of wrinkles and possible surgery.<\/p>\n\n\n\n<p>The preferred areas of Mesolift are the face, neck and d\u00e9collet\u00e9, but also the inner side of the arms and the inner side of the thighs.<\/p>\n\n\n\n<p>The skin is more supple and more toned. It gains softness and becomes brighter and smoother.<\/p>\n\n\n\n<p>The result of this treatment will be extended by appropriate cosmetics.<\/p>\n\n\n\n<h3 class=\"gb-headline gb-headline-1a9b3e84 gb-headline-text soin-h3\">Deep hydration of the skin with hyaluronic acid<\/h3>\n\n\n\n<p>Deep hydration is very effective in maintaining skin quality, erasing dull complexion and combating sagging skin for the rejuvenation of the face, neck, d\u00e9collet\u00e9 and hands. Associated or not with other treatments, it is a preventive action, to prevent superficial fine lines, and curative, to repair firm skin.<\/p>\n\n\n\n<p>Depending on the stage of skin aging or loss of radiance, we will establish an annual schedule of dermal injections with cross-linked hyaluronic acid coating (Restylane Vital\u00ae skinboosters, Juvederm Volite\u00ae).<\/p>\n\n\n\n<p>Example of a processing diagram:<\/p>\n\n\n\n<ul class=\"wp-block-list\">\n<li>Young skin: 2 to 3 sessions initially then one session every 9 months.<\/li>\n\n\n\n<li>Dry and sagging post-menopausal skin: one session every 6 months.<\/li>\n<\/ul>\n\n\n\n<p>The results are visible 3 weeks after treatment: the skin is plumped and smoothed, the texture is denser, fine lines are less deep. In the long term, we observe an improvement in skin elasticity and firmness.<\/p>\n\n\n\n<h2 class=\"gb-headline gb-headline-ab4184c1 gb-headline-text soin-h2--gold\">Mesolift prices and deep rehydration of the skin with hyaluronic acid<\/h2>\n\n\n<div class=\"gb-container gb-container-18a83200 soin-separateur-titre\"><\/div>\n\n\n<ul class=\"wp-block-list\">\n<li>M\u00e9solift (stimulation du derme) : 180\u20ac TTC\/s\u00e9ance. Pr\u00e9voir 2 \u00e0 3 s\u00e9ances.<\/li>\n\n\n\n<li>Deep rehydration: \u20ac400 including tax. Only 1 session necessary to obtain plumped skin for 6 to 9 months.<\/li>\n<\/ul>\n\n<\/div>\n<\/section>\n\n<aside class=\"gb-container gb-container-659eaa6c\">\n\n<h2 class=\"gb-headline gb-headline-b2e6254b gb-headline-text soin-autres-traitements-h3\">Learn more about aesthetic medicine techniques<\/h2>\n\n\n<div class=\"gb-container gb-container-c3c15813 soin-autres-traitements-separateur\"><\/div>\n\n<div class=\"gb-container gb-container-58c25d3a\">\n<div class=\"gb-container gb-container-38489930\">\n\n<div class=\"gb-grid-wrapper gb-grid-wrapper-552173c9 gb-query-loop-wrapper\">\n<div class=\"gb-grid-column gb-grid-column-ce6e8510 gb-query-loop-item post-169 page type-page status-publish a3w-page-category-techniques\"><div class=\"gb-container gb-container-ce6e8510 soin-autres-traitements-loop-inner-contanier\">\n<a class=\"gb-button gb-button-c54ad869 gb-button-text soin-autres-traitements-bouton\" href=\"https:\/\/www.docteur-barry.com\/en\/les-techniques-de-rajeunissement-de-la-peau\/fils-tenseurs\/\">Tensor threads<\/a>\n<\/div><\/div>\n\n<div class=\"gb-grid-column gb-grid-column-ce6e8510 gb-query-loop-item post-153 page type-page status-publish a3w-page-category-prestations a3w-page-category-techniques\"><div class=\"gb-container gb-container-ce6e8510 soin-autres-traitements-loop-inner-contanier\">\n<a class=\"gb-button gb-button-c54ad869 gb-button-text soin-autres-traitements-bouton\" href=\"https:\/\/www.docteur-barry.com\/en\/les-techniques-de-rajeunissement-de-la-peau\/acide-hyaluronique-pour-combler\/\">Hyaluronic acid to fill<\/a>\n<\/div><\/div>\n\n<div class=\"gb-grid-column gb-grid-column-ce6e8510 gb-query-loop-item post-159 page type-page status-publish a3w-page-category-techniques\"><div class=\"gb-container gb-container-ce6e8510 soin-autres-traitements-loop-inner-contanier\">\n<a class=\"gb-button gb-button-c54ad869 gb-button-text soin-autres-traitements-bouton\" href=\"https:\/\/www.docteur-barry.com\/en\/les-techniques-de-rajeunissement-de-la-peau\/la-cosmetique-sur-ordonnance\/\">Prescription cosmetics<\/a>\n<\/div><\/div>\n\n<div class=\"gb-grid-column gb-grid-column-ce6e8510 gb-query-loop-item post-134 page type-page status-publish a3w-page-category-cryolipolyse a3w-page-category-techniques\"><div class=\"gb-container gb-container-ce6e8510 soin-autres-traitements-loop-inner-contanier\">\n<a class=\"gb-button gb-button-c54ad869 gb-button-text soin-autres-traitements-bouton\" href=\"https:\/\/www.docteur-barry.com\/en\/les-techniques-de-rajeunissement-de-la-peau\/cryolipolyse-coolsculpting-compiegne-oise\/\">Cryolipolysis<\/a>\n<\/div><\/div>\n\n<div class=\"gb-grid-column gb-grid-column-ce6e8510 gb-query-loop-item post-135 page type-page status-publish a3w-page-category-techniques\"><div class=\"gb-container gb-container-ce6e8510 soin-autres-traitements-loop-inner-contanier\">\n<a class=\"gb-button gb-button-c54ad869 gb-button-text soin-autres-traitements-bouton\" href=\"https:\/\/www.docteur-barry.com\/en\/les-techniques-de-rajeunissement-de-la-peau\/radiofrequence-corps\/\">Radiofrequency for firming<\/a>\n<\/div><\/div>\n\n<div class=\"gb-grid-column gb-grid-column-ce6e8510 gb-query-loop-item post-170 page type-page status-publish a3w-page-category-acide-hyaluronique a3w-page-category-techniques\"><div class=\"gb-container gb-container-ce6e8510 soin-autres-traitements-loop-inner-contanier\">\n<a class=\"gb-button gb-button-c54ad869 gb-button-text soin-autres-traitements-bouton\" href=\"https:\/\/www.docteur-barry.com\/en\/les-techniques-de-rajeunissement-de-la-peau\/le-lifting-medical\/\">The medical facelift<\/a>\n<\/div><\/div>\n\n<div class=\"gb-grid-column gb-grid-column-ce6e8510 gb-query-loop-item post-156 page type-page status-publish a3w-page-category-techniques\"><div class=\"gb-container gb-container-ce6e8510 soin-autres-traitements-loop-inner-contanier\">\n<a class=\"gb-button gb-button-c54ad869 gb-button-text soin-autres-traitements-bouton\" href=\"https:\/\/www.docteur-barry.com\/en\/les-techniques-de-rajeunissement-de-la-peau\/le-peeling-moyen-pour-renover\/\">The average peel to renovate<\/a>\n<\/div><\/div>\n\n<div class=\"gb-grid-column gb-grid-column-ce6e8510 gb-query-loop-item post-157 page type-page status-publish a3w-page-category-techniques\"><div class=\"gb-container gb-container-ce6e8510 soin-autres-traitements-loop-inner-contanier\">\n<a class=\"gb-button gb-button-c54ad869 gb-button-text soin-autres-traitements-bouton\" href=\"https:\/\/www.docteur-barry.com\/en\/les-techniques-de-rajeunissement-de-la-peau\/le-photorajeunissement-pour-rajeunir\/\">Photorejuvenation to rejuvenate<\/a>\n<\/div><\/div>\n\n<div class=\"gb-grid-column gb-grid-column-ce6e8510 gb-query-loop-item post-155 page type-page status-publish a3w-page-category-techniques\"><div class=\"gb-container gb-container-ce6e8510 soin-autres-traitements-loop-inner-contanier\">\n<a class=\"gb-button gb-button-c54ad869 gb-button-text soin-autres-traitements-bouton\" href=\"https:\/\/www.docteur-barry.com\/en\/les-techniques-de-rajeunissement-de-la-peau\/les-peelings-superficiels-pour-stimuler\/\">Superficial peels to stimulate<\/a>\n<\/div><\/div>\n\n<div class=\"gb-grid-column gb-grid-column-ce6e8510 gb-query-loop-item post-130 page type-page status-publish a3w-page-category-techniques\"><div class=\"gb-container gb-container-ce6e8510 soin-autres-traitements-loop-inner-contanier\">\n<a class=\"gb-button gb-button-c54ad869 gb-button-text soin-autres-traitements-bouton\" href=\"https:\/\/www.docteur-barry.com\/en\/les-techniques-de-rajeunissement-de-la-peau\/\">Skin rejuvenation techniques<\/a>\n<\/div><\/div>\n<\/div>\n\n<\/div>\n<\/div>\n<\/aside>\n\n<aside class=\"gb-container gb-container-dafe4cc9\">\n<div class=\"gb-container gb-container-1bcaf30f\">\n<div data-aos-duration=\"1000\" data-aos-once=\"true\" data-aos=\"fade\" class=\"gb-container gb-container-41ac15ca\">\n\n<h2 class=\"gb-headline gb-headline-7ddbce32 gb-headline-text\">Book your consultation<\/h2>\n\n\n\n<p class=\"gb-headline gb-headline-30f1cc6d gb-headline-text\">D\u00e9marrez votre protocole de soins personnalis\u00e9s<\/p>\n\n\n<div class=\"gb-container gb-container-54c8a8d7\"><\/div>\n\n\n<p class=\"gb-headline gb-headline-9216de00 gb-headline-text\">Meet Doctor Barry for a personalized approach and discover how she can help you achieve your beauty goals.<\/p>\n\n<\/div>\n\n<div data-aos-delay=\"500\" data-aos-duration=\"1000\" data-aos-once=\"true\" data-aos=\"fade\" class=\"gb-container gb-container-0dcf903a\">\n\n<a class=\"gb-button gb-button-383c0ef4 btn-default btn-icon-right-1\" href=\"https:\/\/www.doctolib.fr\/medecin-generaliste\/compiegne\/laurence-barry\" target=\"_blank\" rel=\"noopener noreferrer\"><span class=\"gb-button-text\">Book a consultation<\/span><span class=\"gb-icon\"><svg viewbox=\"0 0 16 16\" class=\"bi bi-arrow-right\" fill=\"currentColor\" height=\"16\" width=\"16\" xmlns=\"http:\/\/www.w3.org\/2000\/svg\">   <path d=\"M1 8a.5.5 0 0 1 .5-.5h11.793l-3.147-3.146a.5.5 0 0 1 .708-.708l4 4a.5.5 0 0 1 0 .708l-4 4a.5.5 0 0 1-.708-.708L13.293 8.5H1.5A.5.5 0 0 1 1 8\" fill-rule=\"evenodd\"><\/path> <\/svg><\/span><\/a>\n\n<\/div>\n<\/div>\n<\/aside>","protected":false},"excerpt":{"rendered":"<p>L\u2019hydratation dermique concerne toutes les peaux \u00e0 tous les \u00e2ges Le rajeunissement de la peau par M\u00e9solift Avec le M\u00e9solift, on soigne la peau du visage, du cou, du d\u00e9collet\u00e9 et des mains par de multiples micro-ponctures de micro-gouttes d\u2019une solution compos\u00e9e de vitamines, d\u2019acides amin\u00e9s, de min\u00e9raux et d\u2019acide hyaluronique plus ou moins concentr\u00e9 &#8230; <a title=\"The mesolift to plump up\" class=\"read-more\" href=\"https:\/\/www.docteur-barry.com\/en\/les-techniques-de-rajeunissement-de-la-peau\/le-mesolift-pour-repulper\/\" aria-label=\"Read more about Le m\u00e9solift pour repulper\">Read more<\/a><\/p>","protected":false},"author":1,"featured_media":0,"parent":130,"menu_order":0,"comment_status":"closed","ping_status":"closed","template":"","meta":{"_seopress_robots_primary_cat":"","_seopress_titles_title":"M\u00e9solift \u00e0 Compi\u00e8gne dans l'Oise - Dr Barry, m\u00e9decin esth\u00e9tique","_seopress_titles_desc":"M\u00e9solift \u00e0 Compi\u00e8gne dans l'Oise - Dr Barry, m\u00e9decin esth\u00e9tique : Une peau d\u00e9shydrat\u00e9e sera am\u00e9lior\u00e9e par un m\u00e9solift ou une r\u00e9hydratation profonde \u00e0 l'acide hyaluronique pour redevenir tonique et souple","_seopress_robots_index":"","_vp_format_video_url":"","_vp_image_focal_point":[],"footnotes":""},"a3w-page-category":[34],"class_list":{"0":"post-158","1":"page","2":"type-page","3":"status-publish","5":"a3w-page-category-techniques"},"_links":{"self":[{"href":"https:\/\/www.docteur-barry.com\/en\/wp-json\/wp\/v2\/pages\/158","targetHints":{"allow":["GET"]}}],"collection":[{"href":"https:\/\/www.docteur-barry.com\/en\/wp-json\/wp\/v2\/pages"}],"about":[{"href":"https:\/\/www.docteur-barry.com\/en\/wp-json\/wp\/v2\/types\/page"}],"author":[{"embeddable":true,"href":"https:\/\/www.docteur-barry.com\/en\/wp-json\/wp\/v2\/users\/1"}],"replies":[{"embeddable":true,"href":"https:\/\/www.docteur-barry.com\/en\/wp-json\/wp\/v2\/comments?post=158"}],"version-history":[{"count":3,"href":"https:\/\/www.docteur-barry.com\/en\/wp-json\/wp\/v2\/pages\/158\/revisions"}],"predecessor-version":[{"id":3860,"href":"https:\/\/www.docteur-barry.com\/en\/wp-json\/wp\/v2\/pages\/158\/revisions\/3860"}],"up":[{"embeddable":true,"href":"https:\/\/www.docteur-barry.com\/en\/wp-json\/wp\/v2\/pages\/130"}],"wp:attachment":[{"href":"https:\/\/www.docteur-barry.com\/en\/wp-json\/wp\/v2\/media?parent=158"}],"wp:term":[{"taxonomy":"a3w-page-category","embeddable":true,"href":"https:\/\/www.docteur-barry.com\/en\/wp-json\/wp\/v2\/a3w-page-category?post=158"}],"curies":[{"name":"wp","href":"https:\/\/api.w.org\/{rel}","templated":true}]}}