{"id":169,"date":"2024-05-07T13:49:56","date_gmt":"2024-05-07T11:49:56","guid":{"rendered":"https:\/\/www.docteur-barry.com\/les-techniques-de-rajeunissement-de-la-peau\/fils-tenseurs\/"},"modified":"2025-10-21T14:43:11","modified_gmt":"2025-10-21T12:43:11","slug":"fils-tenseurs","status":"publish","type":"page","link":"https:\/\/www.docteur-barry.com\/en\/les-techniques-de-rajeunissement-de-la-peau\/fils-tenseurs\/","title":{"rendered":"Tensor threads"},"content":{"rendered":"<section class=\"gb-container gb-container-2dadddae\">\n<div class=\"gb-container gb-container-1b819d7d\">\n<div class=\"gb-container gb-container-12c70c8e\"><\/div>\n\n<h1 class=\"gb-headline gb-headline-4904e363 gb-headline-text soin-h1\">Tensor threads<\/h1>\n\n<div class=\"gb-container gb-container-2f12f2e8 breadcrumb-presta\">\n<nav  aria-label=\"breadcrumb\"><ol class=\"breadcrumb\" itemscope itemtype=\"https:\/\/schema.org\/BreadcrumbList\"><li class=\"breadcrumb-item active\" aria-current=\"page\" itemprop=\"itemListElement\" itemscope itemtype=\"https:\/\/schema.org\/ListItem\"><span itemprop=\"name\">Welcome<\/span><meta itemprop=\"position\" content=\"1\"><\/li><\/ol><\/nav>\n\n<\/div>\n<\/div>\n<\/section>\n\n<section class=\"gb-container gb-container-71b6a204\">\n<div class=\"gb-container gb-container-28ca6a54\">\n<div class=\"gb-container gb-container-863bd761\">\n<div class=\"gb-container gb-container-5fb8de46\">\n\n<h2 class=\"gb-headline gb-headline-fc29476e gb-headline-text soin-h2--gold\">Redefine and firm the facial contour<\/h2>\n\n\n<div class=\"gb-container gb-container-18a83200 soin-separateur-titre\"><\/div>\n\n\n<p>Look at a photo of yourself at 30, and observe the contour of your face: you notice the perfect line that highlights your oval.<\/p>\n\n\n\n<p>As we age, the law of gravity takes on its full extent: we speak of the \u201cV\u201d of the face which inverts. Jowls appear, the face sags, the features relax. If every time you look in the mirror, you stretch your face upwards and sigh, rest assured: there are several non-invasive techniques in aesthetic medicine, which do not require surgery.<\/p>\n\n<\/div>\n\n<div class=\"gb-container gb-container-0ebe25c0\">\n\n<figure class=\"gb-block-image gb-block-image-7f2c91b1\"><img decoding=\"async\" width=\"1536\" height=\"674\" class=\"gb-image gb-image-7f2c91b1 soin-header-image\" src=\"https:\/\/www.docteur-barry.com\/wp-content\/uploads\/2024\/07\/fils-tenseurs-resorbables-1536x674.jpg.webp\" alt=\"Pose de fils tenseurs \u00e0 Compiegne - Dr Barry\" srcset=\"https:\/\/www.docteur-barry.com\/wp-content\/uploads\/2024\/07\/fils-tenseurs-resorbables-1536x674.jpg.webp 1536w, https:\/\/www.docteur-barry.com\/wp-content\/uploads\/2024\/07\/fils-tenseurs-resorbables-1536x674.jpg-300x132.webp 300w, https:\/\/www.docteur-barry.com\/wp-content\/uploads\/2024\/07\/fils-tenseurs-resorbables-1536x674.jpg-1024x449.webp 1024w, https:\/\/www.docteur-barry.com\/wp-content\/uploads\/2024\/07\/fils-tenseurs-resorbables-1536x674.jpg-768x337.webp 768w, https:\/\/www.docteur-barry.com\/wp-content\/uploads\/2024\/07\/fils-tenseurs-resorbables-1536x674.jpg-500x219.webp 500w, https:\/\/www.docteur-barry.com\/wp-content\/uploads\/2024\/07\/fils-tenseurs-resorbables-1536x674.jpg-800x351.webp 800w, https:\/\/www.docteur-barry.com\/wp-content\/uploads\/2024\/07\/fils-tenseurs-resorbables-1536x674.jpg-1280x562.webp 1280w\" sizes=\"(max-width: 1536px) 100vw, 1536px\" \/><\/figure>\n\n<\/div>\n<\/div>\n\n\n<p>A face that ages is a face that loses its contours, whether at:<\/p>\n\n\n\n<ul class=\"wp-block-list\">\n<li>of the oval of the upper face, with the hollowing of the temples;<\/li>\n\n\n\n<li>of the oval of the lower face, with the appearance of the jowls.<\/li>\n<\/ul>\n\n\n\n<p>Replacing these volumes and subtly redefining the oval will restore a face to all its splendor.<\/p>\n\n\n\n<p>Tensor Threads are an innovative technique for treating moderate skin sagging on the face.<\/p>\n\n\n\n<h2 class=\"gb-headline gb-headline-e5cdeca7 gb-headline-text soin-h2--gold\">What are tension threads?<\/h2>\n\n\n<div class=\"gb-container gb-container-18a83200 soin-separateur-titre\"><\/div>\n\n\n<p>Tensor threads are very fine threads introduced under the skin. They are resorbable, meaning they break down in the body. An inflammatory reaction then takes place, which stimulates the production of collagen. This reaction will firm the skin and maintain the tightening result for up to twelve or even eighteen months!<\/p>\n\n\n\n<h2 class=\"gb-headline gb-headline-d40428f0 gb-headline-text soin-h2--gold\">2 expected effects with tensor threads<\/h2>\n\n\n<div class=\"gb-container gb-container-18a83200 soin-separateur-titre\"><\/div>\n\n\n<ol class=\"wp-block-list\">\n<li>A \u201clift\u201d action for an immediate and natural effect: the results are visible instantly.<\/li>\n\n\n\n<li>A \u201cregenerating\u201d action for progressive and natural results: by reabsorbing, the component restores lost collagen month after month and thus restores tone to the face.<\/li>\n<\/ol>\n\n\n\n<p>The oval is redrawn, lifted.<\/p>\n\n\n\n<h2 class=\"gb-headline gb-headline-9330e642 gb-headline-text soin-h2--gold\">Technique for installing tensor wires<\/h2>\n\n\n<div class=\"gb-container gb-container-18a83200 soin-separateur-titre\"><\/div>\n\n\n<p>After a light local anesthesia, the tensor thread is inserted using a microneedle.<\/p>\n\n\n\n<p>After treatment, you can return to your normal life. The aftereffects are light, and may be marked by a slight bruise.<\/p>\n\n\n\n<p>The Tensor Threads can be used as a single treatment or in addition to filler products.<\/p>\n\n\n\n<h2 class=\"gb-headline gb-headline-fee757aa gb-headline-text soin-h2--gold\">My preferred indications for tensioning threads:<\/h2>\n\n\n<div class=\"gb-container gb-container-18a83200 soin-separateur-titre\"><\/div>\n\n\n<p>Tensor threads allow you to lift:<\/p>\n\n\n\n<ul class=\"wp-block-list\">\n<li>The folds of bitterness;<\/li>\n\n\n\n<li>The oval;<\/li>\n\n\n\n<li>Skin sagging beginning to moderate.<\/li>\n<\/ul>\n\n\n\n<p>Certain areas of the body can also be treated such as the neck, d\u00e9collet\u00e9, stomach, inner thighs and knees.<\/p>\n\n\n\n<h2 class=\"gb-headline gb-headline-02162561 gb-headline-text soin-h2--gold\">Prices for installing tensor wires<\/h2>\n\n\n<div class=\"gb-container gb-container-18a83200 soin-separateur-titre\"><\/div>\n\n\n<p>The installation of resorbable notched dermal and subdermal threads is possible from 250 euros including tax.<\/p>\n\n<\/div>\n<\/section>\n\n<aside class=\"gb-container gb-container-659eaa6c\">\n\n<h2 class=\"gb-headline gb-headline-b2e6254b gb-headline-text soin-autres-traitements-h3\">Learn more about aesthetic medicine techniques<\/h2>\n\n\n<div class=\"gb-container gb-container-c3c15813 soin-autres-traitements-separateur\"><\/div>\n\n<div class=\"gb-container gb-container-58c25d3a\">\n<div class=\"gb-container gb-container-38489930\">\n\n<div class=\"gb-grid-wrapper gb-grid-wrapper-552173c9 gb-query-loop-wrapper\">\n<div class=\"gb-grid-column gb-grid-column-ce6e8510 gb-query-loop-item post-153 page type-page status-publish a3w-page-category-prestations a3w-page-category-techniques\"><div class=\"gb-container gb-container-ce6e8510 soin-autres-traitements-loop-inner-contanier\">\n<a class=\"gb-button gb-button-c54ad869 gb-button-text soin-autres-traitements-bouton\" href=\"https:\/\/www.docteur-barry.com\/en\/les-techniques-de-rajeunissement-de-la-peau\/acide-hyaluronique-pour-combler\/\">Hyaluronic acid to fill<\/a>\n<\/div><\/div>\n\n<div class=\"gb-grid-column gb-grid-column-ce6e8510 gb-query-loop-item post-159 page type-page status-publish a3w-page-category-techniques\"><div class=\"gb-container gb-container-ce6e8510 soin-autres-traitements-loop-inner-contanier\">\n<a class=\"gb-button gb-button-c54ad869 gb-button-text soin-autres-traitements-bouton\" href=\"https:\/\/www.docteur-barry.com\/en\/les-techniques-de-rajeunissement-de-la-peau\/la-cosmetique-sur-ordonnance\/\">Prescription cosmetics<\/a>\n<\/div><\/div>\n\n<div class=\"gb-grid-column gb-grid-column-ce6e8510 gb-query-loop-item post-134 page type-page status-publish a3w-page-category-cryolipolyse a3w-page-category-techniques\"><div class=\"gb-container gb-container-ce6e8510 soin-autres-traitements-loop-inner-contanier\">\n<a class=\"gb-button gb-button-c54ad869 gb-button-text soin-autres-traitements-bouton\" href=\"https:\/\/www.docteur-barry.com\/en\/les-techniques-de-rajeunissement-de-la-peau\/cryolipolyse-coolsculpting-compiegne-oise\/\">Cryolipolysis<\/a>\n<\/div><\/div>\n\n<div class=\"gb-grid-column gb-grid-column-ce6e8510 gb-query-loop-item post-135 page type-page status-publish a3w-page-category-techniques\"><div class=\"gb-container gb-container-ce6e8510 soin-autres-traitements-loop-inner-contanier\">\n<a class=\"gb-button gb-button-c54ad869 gb-button-text soin-autres-traitements-bouton\" href=\"https:\/\/www.docteur-barry.com\/en\/les-techniques-de-rajeunissement-de-la-peau\/radiofrequence-corps\/\">Radiofrequency for firming<\/a>\n<\/div><\/div>\n\n<div class=\"gb-grid-column gb-grid-column-ce6e8510 gb-query-loop-item post-170 page type-page status-publish a3w-page-category-acide-hyaluronique a3w-page-category-techniques\"><div class=\"gb-container gb-container-ce6e8510 soin-autres-traitements-loop-inner-contanier\">\n<a class=\"gb-button gb-button-c54ad869 gb-button-text soin-autres-traitements-bouton\" href=\"https:\/\/www.docteur-barry.com\/en\/les-techniques-de-rajeunissement-de-la-peau\/le-lifting-medical\/\">The medical facelift<\/a>\n<\/div><\/div>\n\n<div class=\"gb-grid-column gb-grid-column-ce6e8510 gb-query-loop-item post-158 page type-page status-publish a3w-page-category-techniques\"><div class=\"gb-container gb-container-ce6e8510 soin-autres-traitements-loop-inner-contanier\">\n<a class=\"gb-button gb-button-c54ad869 gb-button-text soin-autres-traitements-bouton\" href=\"https:\/\/www.docteur-barry.com\/en\/les-techniques-de-rajeunissement-de-la-peau\/le-mesolift-pour-repulper\/\">The mesolift to plump up<\/a>\n<\/div><\/div>\n\n<div class=\"gb-grid-column gb-grid-column-ce6e8510 gb-query-loop-item post-156 page type-page status-publish a3w-page-category-techniques\"><div class=\"gb-container gb-container-ce6e8510 soin-autres-traitements-loop-inner-contanier\">\n<a class=\"gb-button gb-button-c54ad869 gb-button-text soin-autres-traitements-bouton\" href=\"https:\/\/www.docteur-barry.com\/en\/les-techniques-de-rajeunissement-de-la-peau\/le-peeling-moyen-pour-renover\/\">The average peel to renovate<\/a>\n<\/div><\/div>\n\n<div class=\"gb-grid-column gb-grid-column-ce6e8510 gb-query-loop-item post-157 page type-page status-publish a3w-page-category-techniques\"><div class=\"gb-container gb-container-ce6e8510 soin-autres-traitements-loop-inner-contanier\">\n<a class=\"gb-button gb-button-c54ad869 gb-button-text soin-autres-traitements-bouton\" href=\"https:\/\/www.docteur-barry.com\/en\/les-techniques-de-rajeunissement-de-la-peau\/le-photorajeunissement-pour-rajeunir\/\">Photorejuvenation to rejuvenate<\/a>\n<\/div><\/div>\n\n<div class=\"gb-grid-column gb-grid-column-ce6e8510 gb-query-loop-item post-155 page type-page status-publish a3w-page-category-techniques\"><div class=\"gb-container gb-container-ce6e8510 soin-autres-traitements-loop-inner-contanier\">\n<a class=\"gb-button gb-button-c54ad869 gb-button-text soin-autres-traitements-bouton\" href=\"https:\/\/www.docteur-barry.com\/en\/les-techniques-de-rajeunissement-de-la-peau\/les-peelings-superficiels-pour-stimuler\/\">Superficial peels to stimulate<\/a>\n<\/div><\/div>\n\n<div class=\"gb-grid-column gb-grid-column-ce6e8510 gb-query-loop-item post-130 page type-page status-publish a3w-page-category-techniques\"><div class=\"gb-container gb-container-ce6e8510 soin-autres-traitements-loop-inner-contanier\">\n<a class=\"gb-button gb-button-c54ad869 gb-button-text soin-autres-traitements-bouton\" href=\"https:\/\/www.docteur-barry.com\/en\/les-techniques-de-rajeunissement-de-la-peau\/\">Skin rejuvenation techniques<\/a>\n<\/div><\/div>\n<\/div>\n\n<\/div>\n<\/div>\n<\/aside>\n\n<aside class=\"gb-container gb-container-dafe4cc9\">\n<div class=\"gb-container gb-container-1bcaf30f\">\n<div data-aos-duration=\"1000\" data-aos-once=\"true\" data-aos=\"fade\" class=\"gb-container gb-container-41ac15ca\">\n\n<h2 class=\"gb-headline gb-headline-7ddbce32 gb-headline-text\">Book your consultation<\/h2>\n\n\n\n<p class=\"gb-headline gb-headline-30f1cc6d gb-headline-text\">D\u00e9marrez votre protocole de soins personnalis\u00e9s<\/p>\n\n\n<div class=\"gb-container gb-container-54c8a8d7\"><\/div>\n\n\n<p class=\"gb-headline gb-headline-9216de00 gb-headline-text\">Meet Doctor Barry for a personalized approach and discover how she can help you achieve your beauty goals.<\/p>\n\n<\/div>\n\n<div data-aos-delay=\"500\" data-aos-duration=\"1000\" data-aos-once=\"true\" data-aos=\"fade\" class=\"gb-container gb-container-0dcf903a\">\n\n<a class=\"gb-button gb-button-383c0ef4 btn-default btn-icon-right-1\" href=\"https:\/\/www.doctolib.fr\/medecin-generaliste\/compiegne\/laurence-barry\" target=\"_blank\" rel=\"noopener noreferrer\"><span class=\"gb-button-text\">Book a consultation<\/span><span class=\"gb-icon\"><svg viewbox=\"0 0 16 16\" class=\"bi bi-arrow-right\" fill=\"currentColor\" height=\"16\" width=\"16\" xmlns=\"http:\/\/www.w3.org\/2000\/svg\">   <path d=\"M1 8a.5.5 0 0 1 .5-.5h11.793l-3.147-3.146a.5.5 0 0 1 .708-.708l4 4a.5.5 0 0 1 0 .708l-4 4a.5.5 0 0 1-.708-.708L13.293 8.5H1.5A.5.5 0 0 1 1 8\" fill-rule=\"evenodd\"><\/path> <\/svg><\/span><\/a>\n\n<\/div>\n<\/div>\n<\/aside>","protected":false},"excerpt":{"rendered":"<p>Red\u00e9finir et raffermir le contour du visage Regardez une photo de-vous \u00e0 30 ans, et observez le contour de votre visage : vous remarquez la ligne parfaite qui souligne votre ovale. En prenant de l\u2019\u00e2ge, la loi de la gravit\u00e9 prend toute son ampleur : on parle du \u00ab V \u00bb du visage qui s\u2019inverse. &#8230; <a title=\"Tensor threads\" class=\"read-more\" href=\"https:\/\/www.docteur-barry.com\/en\/les-techniques-de-rajeunissement-de-la-peau\/fils-tenseurs\/\" aria-label=\"Read more about Fils tenseurs\">Read more<\/a><\/p>","protected":false},"author":1,"featured_media":0,"parent":130,"menu_order":0,"comment_status":"closed","ping_status":"open","template":"","meta":{"_seopress_robots_primary_cat":"","_seopress_titles_title":"Fils tenseurs \u00e0 Compi\u00e8gne dans l'Oise - Dr Barry","_seopress_titles_desc":"Fils tenseurs \u00e0 Compi\u00e8gne dans l'Oise - Dr Barry : un lifting sans chirurgie : Une action \u00ab\u00a0lift\u00a0\u00bb pour un effet imm\u00e9diat et naturel","_seopress_robots_index":"","_vp_format_video_url":"","_vp_image_focal_point":[],"footnotes":""},"a3w-page-category":[34],"class_list":{"0":"post-169","1":"page","2":"type-page","3":"status-publish","5":"a3w-page-category-techniques"},"_links":{"self":[{"href":"https:\/\/www.docteur-barry.com\/en\/wp-json\/wp\/v2\/pages\/169","targetHints":{"allow":["GET"]}}],"collection":[{"href":"https:\/\/www.docteur-barry.com\/en\/wp-json\/wp\/v2\/pages"}],"about":[{"href":"https:\/\/www.docteur-barry.com\/en\/wp-json\/wp\/v2\/types\/page"}],"author":[{"embeddable":true,"href":"https:\/\/www.docteur-barry.com\/en\/wp-json\/wp\/v2\/users\/1"}],"replies":[{"embeddable":true,"href":"https:\/\/www.docteur-barry.com\/en\/wp-json\/wp\/v2\/comments?post=169"}],"version-history":[{"count":3,"href":"https:\/\/www.docteur-barry.com\/en\/wp-json\/wp\/v2\/pages\/169\/revisions"}],"predecessor-version":[{"id":3863,"href":"https:\/\/www.docteur-barry.com\/en\/wp-json\/wp\/v2\/pages\/169\/revisions\/3863"}],"up":[{"embeddable":true,"href":"https:\/\/www.docteur-barry.com\/en\/wp-json\/wp\/v2\/pages\/130"}],"wp:attachment":[{"href":"https:\/\/www.docteur-barry.com\/en\/wp-json\/wp\/v2\/media?parent=169"}],"wp:term":[{"taxonomy":"a3w-page-category","embeddable":true,"href":"https:\/\/www.docteur-barry.com\/en\/wp-json\/wp\/v2\/a3w-page-category?post=169"}],"curies":[{"name":"wp","href":"https:\/\/api.w.org\/{rel}","templated":true}]}}