{"id":170,"date":"2024-05-07T13:49:56","date_gmt":"2024-05-07T11:49:56","guid":{"rendered":"https:\/\/www.docteur-barry.com\/les-techniques-de-rajeunissement-de-la-peau\/le-lifting-medical\/"},"modified":"2025-10-21T14:45:02","modified_gmt":"2025-10-21T12:45:02","slug":"le-lifting-medical","status":"publish","type":"page","link":"https:\/\/www.docteur-barry.com\/en\/les-techniques-de-rajeunissement-de-la-peau\/le-lifting-medical\/","title":{"rendered":"The medical facelift"},"content":{"rendered":"<section class=\"gb-container gb-container-2dadddae\">\n<div class=\"gb-container gb-container-1b819d7d\">\n<div class=\"gb-container gb-container-12c70c8e\"><\/div>\n\n<h1 class=\"gb-headline gb-headline-4904e363 gb-headline-text soin-h1\">The medical facelift<\/h1>\n\n<div class=\"gb-container gb-container-2f12f2e8 breadcrumb-presta\">\n<nav  aria-label=\"breadcrumb\"><ol class=\"breadcrumb\" itemscope itemtype=\"https:\/\/schema.org\/BreadcrumbList\"><li class=\"breadcrumb-item active\" aria-current=\"page\" itemprop=\"itemListElement\" itemscope itemtype=\"https:\/\/schema.org\/ListItem\"><span itemprop=\"name\">Welcome<\/span><meta itemprop=\"position\" content=\"1\"><\/li><\/ol><\/nav>\n\n<\/div>\n<\/div>\n<\/section>\n\n<section class=\"gb-container gb-container-1feb43e0\">\n<div class=\"gb-container gb-container-6faf4315\">\n<div class=\"gb-container gb-container-d7554a73\">\n<div class=\"gb-container gb-container-c669685b\">\n\n<h2 class=\"gb-headline gb-headline-32bb1582 gb-headline-text soin-h2--gold\">correct the signs of aging precisely<\/h2>\n\n\n<div class=\"gb-container gb-container-18a83200 soin-separateur-titre\"><\/div>\n\n\n<p>The face is a puzzle where all the pieces are linked to each other.<\/p>\n\n\n\n<p>The medical facelift, also called <em>Liquid Lift<\/em>, is a comprehensive facial treatment that corrects the signs of aging by correcting its cause and not just its consequences.<br>Our face first ages dynamically when we express ourselves.<\/p>\n\n\n\n<p>Let&#039;s go back a few years: a patient consulted me with a simple request, &quot;I would like to fill this wrinkle.&quot; This famous wrinkle reflecting fatigue, sadness or bitterness on the face was under-corrected.<\/p>\n\n<\/div>\n\n<div class=\"gb-container gb-container-9271a6ac\">\n\n<figure class=\"gb-block-image gb-block-image-ac524d92\"><img decoding=\"async\" width=\"1922\" height=\"843\" class=\"gb-image gb-image-ac524d92 soin-header-image\" src=\"https:\/\/www.docteur-barry.com\/wp-content\/uploads\/2024\/07\/lifting-medical-compiegne-docteur-barry.webp\" alt=\"Le lifting m\u00e9dical avec la m\u00e9thode MD codes pour un effet rajeunissement \u00e0 Compi\u00e8gne avec le Docteur Barry\" srcset=\"https:\/\/www.docteur-barry.com\/wp-content\/uploads\/2024\/07\/lifting-medical-compiegne-docteur-barry.webp 1922w, https:\/\/www.docteur-barry.com\/wp-content\/uploads\/2024\/07\/lifting-medical-compiegne-docteur-barry-300x132.webp 300w, https:\/\/www.docteur-barry.com\/wp-content\/uploads\/2024\/07\/lifting-medical-compiegne-docteur-barry-1024x449.webp 1024w, https:\/\/www.docteur-barry.com\/wp-content\/uploads\/2024\/07\/lifting-medical-compiegne-docteur-barry-768x337.webp 768w, https:\/\/www.docteur-barry.com\/wp-content\/uploads\/2024\/07\/lifting-medical-compiegne-docteur-barry-1536x674.webp 1536w, https:\/\/www.docteur-barry.com\/wp-content\/uploads\/2024\/07\/lifting-medical-compiegne-docteur-barry-500x219.webp 500w, https:\/\/www.docteur-barry.com\/wp-content\/uploads\/2024\/07\/lifting-medical-compiegne-docteur-barry-800x351.webp 800w, https:\/\/www.docteur-barry.com\/wp-content\/uploads\/2024\/07\/lifting-medical-compiegne-docteur-barry-1280x561.webp 1280w, https:\/\/www.docteur-barry.com\/wp-content\/uploads\/2024\/07\/lifting-medical-compiegne-docteur-barry-1920x842.webp 1920w\" sizes=\"(max-width: 1922px) 100vw, 1922px\" \/><\/figure>\n\n<\/div>\n<\/div>\n\n\n<p>Today, thanks to a more in-depth analysis of aging, specific hyaluronic acids, and more methodical injection techniques, we can claim to not only fill wrinkles, but achieve a medical facelift.<br>Patients now enter aesthetic medical practices with a more global vision of their care.<\/p>\n\n\n\n<p>It is therefore essential to take the necessary time during the first consultation to carefully analyze the face, without expression and in action, in order to offer an adjusted treatment for an absolutely perfect and natural result.<\/p>\n\n\n\n<p>Emotions felt like sadness, fatigue or severity take hold over the years on the face. I must therefore guide you towards the most suitable treatments not only to heal the damage already visible but also to prevent wrinkles and sagging.<\/p>\n\n\n\n<p>The process of coming to an aesthetic doctor is not trivial and is based on a very legitimate desire to &#039;age well&#039;: <strong>I see myself well, I feel good<\/strong>.<\/p>\n\n\n\n<h2 class=\"gb-headline gb-headline-73a5d506 gb-headline-text soin-h2--gold\">The emotional dimension in the consultation<\/h2>\n\n\n<div class=\"gb-container gb-container-18a83200 soin-separateur-titre\"><\/div>\n\n\n<p>During the first consultation, after knowing your previous medical and aesthetic history, I hear your motivations, your expectations and your needs.<\/p>\n\n\n\n<p>Your face reveals your experience: its genetics, its history, its excesses (sun, cigarettes), its joys and its sorrows\u2026.<\/p>\n\n\n\n<p>It is precious time to allow me to listen to your request, to analyze your face when it is expressed and when it is at rest, to study its asymmetries as well as the quality of its skin\u2026.<\/p>\n\n\n\n<p>This consultation time aims to offer you the most suitable injections in order to erase your tired look, your sad pout or a heavy slackness.<\/p>\n\n\n\n<h2 class=\"gb-headline gb-headline-406b8b9a gb-headline-text soin-h2--gold\">Symptoms of skin aging<\/h2>\n\n\n<div class=\"gb-container gb-container-18a83200 soin-separateur-titre\"><\/div>\n\n\n<p>From the age of 30, the first signs of aging set in. We can detect early signs of facial dysfunction linked to a receding chin, marked dark circles or deep nasolabial folds. The analysis of facial expressions and statics will give me the opportunity to draw up a predictive diagnosis of your aging.<\/p>\n\n\n\n<p>The quality of the skin is important (oily, thick, thin and dry), of course, but it is above all the structure and muscular tone of the face which will promote sagging, wrinkles and the inversion of the youth triangle. So this is where my action will be.<\/p>\n\n\n<div class=\"gb-container gb-container-79f04226\">\n<div class=\"gb-container gb-container-c339aa7b\">\n\n<figure class=\"gb-block-image gb-block-image-ae5948ad\"><img decoding=\"async\" width=\"226\" height=\"300\" class=\"gb-image gb-image-ae5948ad\" src=\"https:\/\/www.docteur-barry.com\/wp-content\/uploads\/2024\/07\/lifting-medical-dr-barry-02-226x300.jpg.webp\" alt=\"Le lifting m\u00e9dical \u00e0 Compi\u00e8gne, Beauvais, Senlis - Dr Barry \u00e0 30 ans\"\/>\n<figcaption class=\"gb-headline gb-headline-e3bd8adc gb-headline-text\">Face at 30<\/figcaption>\n<\/figure>\n\n<\/div>\n\n<div class=\"gb-container gb-container-1b3f77f0\">\n\n<figure class=\"gb-block-image gb-block-image-c1c82075\"><img decoding=\"async\" width=\"227\" height=\"300\" class=\"gb-image gb-image-c1c82075\" src=\"https:\/\/www.docteur-barry.com\/wp-content\/uploads\/2024\/07\/lifting-medical-dr-barry-03-227x300.jpg.webp\" alt=\"Le lifting m\u00e9dical \u00e0 Compi\u00e8gne, Beauvais, Senlis - Dr Barry\"\/>\n<figcaption class=\"gb-headline gb-headline-77a484a4 gb-headline-text\">Face at 40<\/figcaption>\n<\/figure>\n\n<\/div>\n\n<div class=\"gb-container gb-container-935e715d\">\n\n<figure class=\"gb-block-image gb-block-image-d881b0cf\"><img decoding=\"async\" width=\"227\" height=\"300\" class=\"gb-image gb-image-d881b0cf\" src=\"https:\/\/www.docteur-barry.com\/wp-content\/uploads\/2024\/07\/lifting-medical-dr-barry-04-227x300.jpg.webp\" alt=\"Le lifting m\u00e9dical \u00e0 Compi\u00e8gne, Beauvais, Senlis - Dr Barry\"\/>\n<figcaption class=\"gb-headline gb-headline-e7d06f3d gb-headline-text\">Face at 50<\/figcaption>\n<\/figure>\n\n<\/div>\n<\/div>\n\n\n<p>There are 3 progressive modes of facial aging:<\/p>\n\n\n\n<h3 class=\"gb-headline gb-headline-0ce66fcd gb-headline-text soin-h3\">Tired face even in the morning when you wake up (areas concerned: gray dots)<\/h3>\n\n\n\n<ul class=\"wp-block-list\">\n<li>The eyebrow falls<\/li>\n\n\n\n<li>The glabella is marked<\/li>\n\n\n\n<li>The hollow of dark circles surrounds the eye<\/li>\n\n\n\n<li>Cheekbones lose their curve<\/li>\n\n\n\n<li>The nasolabial folds deepen<\/li>\n<\/ul>\n\n\n\n<h3 class=\"gb-headline gb-headline-a89bfb6f gb-headline-text soin-h3\">Sunken, sad or severe face (affected areas: purple spots)<\/h3>\n\n\n\n<ul class=\"wp-block-list\">\n<li>The cheeks hollow<\/li>\n\n\n\n<li>The temples sink<\/li>\n\n\n\n<li>The orbit widens and empties the rim of the eye<\/li>\n\n\n\n<li>The mouth becomes thinner and loses its shape<\/li>\n\n\n\n<li>The chin comes forward<\/li>\n\n\n\n<li>The gaze droops<\/li>\n\n\n\n<li>Wrinkles multiply, due to the disappearance of the subcutaneous fat cushion<\/li>\n<\/ul>\n\n\n\n<h3 class=\"gb-headline gb-headline-d028c6b6 gb-headline-text soin-h3\">Sagging, relaxed, heavy face (affected areas: purple and red spots)<\/h3>\n\n\n\n<ul class=\"wp-block-list\">\n<li>The oval of the face is less well defined<\/li>\n\n\n\n<li>The nasolabial folds become more pronounced<\/li>\n\n\n\n<li>The fold of bitterness (small wrinkle that runs from the corner of the mouth towards the chin) appears<\/li>\n\n\n\n<li>Jowls form<\/li>\n\n\n\n<li>The eyebrows fall and close the gaze<\/li>\n<\/ul>\n\n\n<div class=\"gb-container gb-container-cf117cfe\">\n<div class=\"gb-container gb-container-7478c023\">\n\n<figure class=\"gb-block-image gb-block-image-be5f2ba6\"><img decoding=\"async\" width=\"205\" height=\"300\" class=\"gb-image gb-image-be5f2ba6\" src=\"https:\/\/www.docteur-barry.com\/wp-content\/uploads\/2024\/07\/lifting-medical-dr-barry-05-205x300.jpg.webp\" alt=\"Le lifting m\u00e9dical \u00e0 Compi\u00e8gne, Beauvais, Senlis - Dr Barry\"\/>\n<figcaption class=\"gb-headline gb-headline-ae3c4397 gb-headline-text\">Facial mapping with the MD Codes method<\/figcaption>\n<\/figure>\n\n<\/div>\n\n<div class=\"gb-container gb-container-9e192417\">\n\n<p>The longer we wait, the more marked the face, the more important the treatment will be and will have to be sequenced in several sessions in order to restore the lost or displaced volumes.<br>We must not imagine that aging is reduced to a wrinkle, but understand that this wrinkle is the consequence of changes in the support of the face and the quality of the skin.<\/p>\n\n\n\n<p>By taking care of a face as a whole, I will erase negative emotions and reveal missing freshness thanks to very natural results.<\/p>\n\n<\/div>\n<\/div>\n\n\n<h2 class=\"gb-headline gb-headline-770c5a6f gb-headline-text soin-h2--gold\">This complete treatment is called <em>liquid lift<\/em> Or <em>medical facelift<\/em><\/h2>\n\n\n<div class=\"gb-container gb-container-18a83200 soin-separateur-titre\"><\/div>\n\n\n<p>For <strong>hyaluronic acid injections<\/strong>, there are <strong>MD Codes<\/strong> (Multi Dimensional Codes) developed by the famous Brazilian cosmetic surgeon: Mauricio Di Maio<\/p>\n\n\n<div class=\"gb-container gb-container-c466ce7a\">\n<div class=\"gb-container gb-container-1c849c47\">\n\n<figure class=\"gb-block-image gb-block-image-0a62f509\"><img decoding=\"async\" width=\"218\" height=\"300\" class=\"gb-image gb-image-0a62f509\" src=\"https:\/\/www.docteur-barry.com\/wp-content\/uploads\/2024\/07\/lifting-medical-dr-barry-06-218x300.jpg.webp\" alt=\"Le lifting m\u00e9dical \u00e0 Compi\u00e8gne, Beauvais, Senlis - Dr Barry\"\/>\n<figcaption class=\"gb-headline gb-headline-70487e80 gb-headline-text\">Doctor Laurence Barry in training with other doctors.<\/figcaption>\n<\/figure>\n\n<\/div>\n\n<div class=\"gb-container gb-container-7826a6dd\">\n\n<h3 class=\"gb-headline gb-headline-035f46f2 gb-headline-text soin-h3\">Some explanations about my training by Dr Mauricio Di Maio<\/h3>\n\n\n\n<p>Mauricio Di Maio is a surgeon for whom facial anatomy holds no secrets. He travels the world all year round to train doctors from all countries in his injection technique. Today, he is internationally recognized as an expert in hyaluronic acid injection.<\/p>\n\n\n\n<p>More than 12,000 doctors have already been trained by Mauricio Di Maio.<br>And because techniques and products continue to develop, Mauricio Di Maio returns to France every year. On this occasion, I have the great fortune to find myself at his side to always perfect my knowledge.<\/p>\n\n\n\n<p>Dr Di Maio&#039;s technique is the same for everyone but adapted according to the needs and face of the patient for personalized care.<\/p>\n\n<\/div>\n<\/div>\n\n\n<p>Mauricio Di Maio defined <strong>75 injection points on the face<\/strong> taking into account bony reliefs, fat compartments, muscles and vascular and nervous structures. Each point corresponds to a precise indication and will have a filling action, a lifting impact but also a muscle relaxation action.<\/p>\n\n\n\n<p>Based on this constant, facial analysis is a key moment of the consultation. It is therefore necessary to define all the injection points that will be necessary.<\/p>\n\n\n\n<p>Thanks to MD Codes, you can enhance a face, redraw an oval, fill hollows in the cheeks, dark circles, temples and chin, erase wrinkles, smooth features, draw a mouth, correct a nose, fill in a receding chin\u2026 MD codes help strengthen the foundations of the face for better support, improve contours and reduce wrinkles.<\/p>\n\n\n\n<p>This technique also makes it possible to analyze how a moving face behaves and not to freeze the expressions of a face.<\/p>\n\n\n\n<p>You need a certain quantity of hyaluronic acid to work overall on a marked face, because the result is not only linked to the injection technique but also to the quantity and quality of the hyaluronic acid injected.<\/p>\n\n\n\n<p>The result will meet your expectations and will need to be maintained with a few annual touch-ups.<\/p>\n\n\n\n<h3 class=\"gb-headline gb-headline-d24299ca gb-headline-text soin-h3\">After the medical facelift<\/h3>\n\n\n\n<p>After a medical facelift, you can resume your activities, without social exclusion. It is a work where precise analysis and meticulous technique come together for a harmonious result completely adapted to your personality. You will find energy, freshness and a crazy desire to look in the mirror again.<\/p>\n\n<\/div>\n<\/section>\n\n<aside class=\"gb-container gb-container-659eaa6c\">\n\n<h2 class=\"gb-headline gb-headline-b2e6254b gb-headline-text soin-autres-traitements-h3\">Learn more about aesthetic medicine techniques<\/h2>\n\n\n<div class=\"gb-container gb-container-c3c15813 soin-autres-traitements-separateur\"><\/div>\n\n<div class=\"gb-container gb-container-58c25d3a\">\n<div class=\"gb-container gb-container-38489930\">\n\n<div class=\"gb-grid-wrapper gb-grid-wrapper-552173c9 gb-query-loop-wrapper\">\n<div class=\"gb-grid-column gb-grid-column-ce6e8510 gb-query-loop-item post-169 page type-page status-publish a3w-page-category-techniques\"><div class=\"gb-container gb-container-ce6e8510 soin-autres-traitements-loop-inner-contanier\">\n<a class=\"gb-button gb-button-c54ad869 gb-button-text soin-autres-traitements-bouton\" href=\"https:\/\/www.docteur-barry.com\/en\/les-techniques-de-rajeunissement-de-la-peau\/fils-tenseurs\/\">Tensor threads<\/a>\n<\/div><\/div>\n\n<div class=\"gb-grid-column gb-grid-column-ce6e8510 gb-query-loop-item post-153 page type-page status-publish a3w-page-category-prestations a3w-page-category-techniques\"><div class=\"gb-container gb-container-ce6e8510 soin-autres-traitements-loop-inner-contanier\">\n<a class=\"gb-button gb-button-c54ad869 gb-button-text soin-autres-traitements-bouton\" href=\"https:\/\/www.docteur-barry.com\/en\/les-techniques-de-rajeunissement-de-la-peau\/acide-hyaluronique-pour-combler\/\">Hyaluronic acid to fill<\/a>\n<\/div><\/div>\n\n<div class=\"gb-grid-column gb-grid-column-ce6e8510 gb-query-loop-item post-159 page type-page status-publish a3w-page-category-techniques\"><div class=\"gb-container gb-container-ce6e8510 soin-autres-traitements-loop-inner-contanier\">\n<a class=\"gb-button gb-button-c54ad869 gb-button-text soin-autres-traitements-bouton\" href=\"https:\/\/www.docteur-barry.com\/en\/les-techniques-de-rajeunissement-de-la-peau\/la-cosmetique-sur-ordonnance\/\">Prescription cosmetics<\/a>\n<\/div><\/div>\n\n<div class=\"gb-grid-column gb-grid-column-ce6e8510 gb-query-loop-item post-134 page type-page status-publish a3w-page-category-cryolipolyse a3w-page-category-techniques\"><div class=\"gb-container gb-container-ce6e8510 soin-autres-traitements-loop-inner-contanier\">\n<a class=\"gb-button gb-button-c54ad869 gb-button-text soin-autres-traitements-bouton\" href=\"https:\/\/www.docteur-barry.com\/en\/les-techniques-de-rajeunissement-de-la-peau\/cryolipolyse-coolsculpting-compiegne-oise\/\">Cryolipolysis<\/a>\n<\/div><\/div>\n\n<div class=\"gb-grid-column gb-grid-column-ce6e8510 gb-query-loop-item post-135 page type-page status-publish a3w-page-category-techniques\"><div class=\"gb-container gb-container-ce6e8510 soin-autres-traitements-loop-inner-contanier\">\n<a class=\"gb-button gb-button-c54ad869 gb-button-text soin-autres-traitements-bouton\" href=\"https:\/\/www.docteur-barry.com\/en\/les-techniques-de-rajeunissement-de-la-peau\/radiofrequence-corps\/\">Radiofrequency for firming<\/a>\n<\/div><\/div>\n\n<div class=\"gb-grid-column gb-grid-column-ce6e8510 gb-query-loop-item post-158 page type-page status-publish a3w-page-category-techniques\"><div class=\"gb-container gb-container-ce6e8510 soin-autres-traitements-loop-inner-contanier\">\n<a class=\"gb-button gb-button-c54ad869 gb-button-text soin-autres-traitements-bouton\" href=\"https:\/\/www.docteur-barry.com\/en\/les-techniques-de-rajeunissement-de-la-peau\/le-mesolift-pour-repulper\/\">The mesolift to plump up<\/a>\n<\/div><\/div>\n\n<div class=\"gb-grid-column gb-grid-column-ce6e8510 gb-query-loop-item post-156 page type-page status-publish a3w-page-category-techniques\"><div class=\"gb-container gb-container-ce6e8510 soin-autres-traitements-loop-inner-contanier\">\n<a class=\"gb-button gb-button-c54ad869 gb-button-text soin-autres-traitements-bouton\" href=\"https:\/\/www.docteur-barry.com\/en\/les-techniques-de-rajeunissement-de-la-peau\/le-peeling-moyen-pour-renover\/\">The average peel to renovate<\/a>\n<\/div><\/div>\n\n<div class=\"gb-grid-column gb-grid-column-ce6e8510 gb-query-loop-item post-157 page type-page status-publish a3w-page-category-techniques\"><div class=\"gb-container gb-container-ce6e8510 soin-autres-traitements-loop-inner-contanier\">\n<a class=\"gb-button gb-button-c54ad869 gb-button-text soin-autres-traitements-bouton\" href=\"https:\/\/www.docteur-barry.com\/en\/les-techniques-de-rajeunissement-de-la-peau\/le-photorajeunissement-pour-rajeunir\/\">Photorejuvenation to rejuvenate<\/a>\n<\/div><\/div>\n\n<div class=\"gb-grid-column gb-grid-column-ce6e8510 gb-query-loop-item post-155 page type-page status-publish a3w-page-category-techniques\"><div class=\"gb-container gb-container-ce6e8510 soin-autres-traitements-loop-inner-contanier\">\n<a class=\"gb-button gb-button-c54ad869 gb-button-text soin-autres-traitements-bouton\" href=\"https:\/\/www.docteur-barry.com\/en\/les-techniques-de-rajeunissement-de-la-peau\/les-peelings-superficiels-pour-stimuler\/\">Superficial peels to stimulate<\/a>\n<\/div><\/div>\n\n<div class=\"gb-grid-column gb-grid-column-ce6e8510 gb-query-loop-item post-130 page type-page status-publish a3w-page-category-techniques\"><div class=\"gb-container gb-container-ce6e8510 soin-autres-traitements-loop-inner-contanier\">\n<a class=\"gb-button gb-button-c54ad869 gb-button-text soin-autres-traitements-bouton\" href=\"https:\/\/www.docteur-barry.com\/en\/les-techniques-de-rajeunissement-de-la-peau\/\">Skin rejuvenation techniques<\/a>\n<\/div><\/div>\n<\/div>\n\n<\/div>\n<\/div>\n<\/aside>\n\n<aside class=\"gb-container gb-container-dafe4cc9\">\n<div class=\"gb-container gb-container-1bcaf30f\">\n<div data-aos-duration=\"1000\" data-aos-once=\"true\" data-aos=\"fade\" class=\"gb-container gb-container-41ac15ca\">\n\n<h2 class=\"gb-headline gb-headline-7ddbce32 gb-headline-text\">Book your consultation<\/h2>\n\n\n\n<p class=\"gb-headline gb-headline-30f1cc6d gb-headline-text\">D\u00e9marrez votre protocole de soins personnalis\u00e9s<\/p>\n\n\n<div class=\"gb-container gb-container-54c8a8d7\"><\/div>\n\n\n<p class=\"gb-headline gb-headline-9216de00 gb-headline-text\">Meet Doctor Barry for a personalized approach and discover how she can help you achieve your beauty goals.<\/p>\n\n<\/div>\n\n<div data-aos-delay=\"500\" data-aos-duration=\"1000\" data-aos-once=\"true\" data-aos=\"fade\" class=\"gb-container gb-container-0dcf903a\">\n\n<a class=\"gb-button gb-button-383c0ef4 btn-default btn-icon-right-1\" href=\"https:\/\/www.doctolib.fr\/medecin-generaliste\/compiegne\/laurence-barry\" target=\"_blank\" rel=\"noopener noreferrer\"><span class=\"gb-button-text\">Book a consultation<\/span><span class=\"gb-icon\"><svg viewbox=\"0 0 16 16\" class=\"bi bi-arrow-right\" fill=\"currentColor\" height=\"16\" width=\"16\" xmlns=\"http:\/\/www.w3.org\/2000\/svg\">   <path d=\"M1 8a.5.5 0 0 1 .5-.5h11.793l-3.147-3.146a.5.5 0 0 1 .708-.708l4 4a.5.5 0 0 1 0 .708l-4 4a.5.5 0 0 1-.708-.708L13.293 8.5H1.5A.5.5 0 0 1 1 8\" fill-rule=\"evenodd\"><\/path> <\/svg><\/span><\/a>\n\n<\/div>\n<\/div>\n<\/aside>","protected":false},"excerpt":{"rendered":"<p>corriger les signes du vieillissement avec pr\u00e9cision Le visage est un puzzle o\u00f9 toutes les pi\u00e8ces sont li\u00e9es les unes aux autres. Le lifting m\u00e9dical, \u00e9galement appel\u00e9 Liquid Lift, est une prise en charge globale du visage qui permet de corriger les signes du vieillissement en corrigeant sa cause et pas seulement ses cons\u00e9quences.Notre visage &#8230; <a title=\"The medical facelift\" class=\"read-more\" href=\"https:\/\/www.docteur-barry.com\/en\/les-techniques-de-rajeunissement-de-la-peau\/le-lifting-medical\/\" aria-label=\"Read more about Le lifting m\u00e9dical\">Read more<\/a><\/p>","protected":false},"author":1,"featured_media":0,"parent":130,"menu_order":0,"comment_status":"closed","ping_status":"closed","template":"","meta":{"_seopress_robots_primary_cat":"","_seopress_titles_title":"Le lifting m\u00e9dical \u00e0 Compi\u00e8gne - Dr Laurence Barry","_seopress_titles_desc":"Le lifting m\u00e9dical \u00e0 Compi\u00e8gne, Beauvais, Senlis dans l'Oise - Dr Laurence Barry, m\u00e9decin esth\u00e9tique et anti-\u00e2ge : les injections d\u2019acide hyaluronique et MD Codes","_seopress_robots_index":"","_vp_format_video_url":"","_vp_image_focal_point":[],"footnotes":""},"a3w-page-category":[23,34],"class_list":{"0":"post-170","1":"page","2":"type-page","3":"status-publish","5":"a3w-page-category-acide-hyaluronique","6":"a3w-page-category-techniques"},"_links":{"self":[{"href":"https:\/\/www.docteur-barry.com\/en\/wp-json\/wp\/v2\/pages\/170","targetHints":{"allow":["GET"]}}],"collection":[{"href":"https:\/\/www.docteur-barry.com\/en\/wp-json\/wp\/v2\/pages"}],"about":[{"href":"https:\/\/www.docteur-barry.com\/en\/wp-json\/wp\/v2\/types\/page"}],"author":[{"embeddable":true,"href":"https:\/\/www.docteur-barry.com\/en\/wp-json\/wp\/v2\/users\/1"}],"replies":[{"embeddable":true,"href":"https:\/\/www.docteur-barry.com\/en\/wp-json\/wp\/v2\/comments?post=170"}],"version-history":[{"count":3,"href":"https:\/\/www.docteur-barry.com\/en\/wp-json\/wp\/v2\/pages\/170\/revisions"}],"predecessor-version":[{"id":3866,"href":"https:\/\/www.docteur-barry.com\/en\/wp-json\/wp\/v2\/pages\/170\/revisions\/3866"}],"up":[{"embeddable":true,"href":"https:\/\/www.docteur-barry.com\/en\/wp-json\/wp\/v2\/pages\/130"}],"wp:attachment":[{"href":"https:\/\/www.docteur-barry.com\/en\/wp-json\/wp\/v2\/media?parent=170"}],"wp:term":[{"taxonomy":"a3w-page-category","embeddable":true,"href":"https:\/\/www.docteur-barry.com\/en\/wp-json\/wp\/v2\/a3w-page-category?post=170"}],"curies":[{"name":"wp","href":"https:\/\/api.w.org\/{rel}","templated":true}]}}