{"id":171,"date":"2024-05-07T13:49:56","date_gmt":"2024-05-07T11:49:56","guid":{"rendered":"https:\/\/www.docteur-barry.com\/les-techniques-de-rajeunissement-de-la-peau\/cryolipolyse-coolsculpting-compiegne-oise\/le-body-contouring-coolsculpting-chez-les-hommes\/"},"modified":"2025-10-21T14:45:50","modified_gmt":"2025-10-21T12:45:50","slug":"le-body-contouring-coolsculpting-chez-les-hommes","status":"publish","type":"page","link":"https:\/\/www.docteur-barry.com\/en\/les-techniques-de-rajeunissement-de-la-peau\/cryolipolyse-coolsculpting-compiegne-oise\/le-body-contouring-coolsculpting-chez-les-hommes\/","title":{"rendered":"Body contouring (Coolsculpting) for men"},"content":{"rendered":"<section class=\"gb-container gb-container-2dadddae\">\n<div class=\"gb-container gb-container-1b819d7d\">\n<div class=\"gb-container gb-container-12c70c8e\"><\/div>\n\n<h1 class=\"gb-headline gb-headline-4904e363 gb-headline-text soin-h1\">Body contouring (Coolsculpting) for men<\/h1>\n\n<div class=\"gb-container gb-container-2f12f2e8 breadcrumb-presta\">\n<nav  aria-label=\"breadcrumb\"><ol class=\"breadcrumb\" itemscope itemtype=\"https:\/\/schema.org\/BreadcrumbList\"><li class=\"breadcrumb-item active\" aria-current=\"page\" itemprop=\"itemListElement\" itemscope itemtype=\"https:\/\/schema.org\/ListItem\"><span itemprop=\"name\">Welcome<\/span><meta itemprop=\"position\" content=\"1\"><\/li><\/ol><\/nav>\n\n<\/div>\n<\/div>\n<\/section>\n\n<section class=\"gb-container gb-container-71b6a204\">\n<div class=\"gb-container gb-container-28ca6a54\">\n<div class=\"gb-container gb-container-dce368c0\">\n<div class=\"gb-container gb-container-0508f114\">\n\n<h2 class=\"gb-headline gb-headline-fc29476e gb-headline-text soin-h2--gold\">Body contouring, what is it?<\/h2>\n\n\n<div class=\"gb-container gb-container-18a83200 soin-separateur-titre\"><\/div>\n\n\n<p>The time when aesthetic medicine was the preserve of women is over. Men are increasingly interested, with a frequent request: to lose weight easily without surgery. THE <em>body contouring<\/em> by cryolipolysis Coolsculpting\u00ae is an effective technique to meet this demand.<\/p>\n\n\n\n<p>THE <em>body contouring<\/em> is a body contouring technique, allowing slimming without surgery or liposuction. It is a painless and non-invasive process, mainly using intense cold (cryolipolysis).<\/p>\n\n<\/div>\n\n<div class=\"gb-container gb-container-6079c142\">\n\n<figure class=\"gb-block-image gb-block-image-7f2c91b1\"><img decoding=\"async\" width=\"940\" height=\"412\" class=\"gb-image gb-image-7f2c91b1 soin-header-image\" src=\"https:\/\/www.docteur-barry.com\/wp-content\/uploads\/2024\/07\/body-contouring-homme-dr-barry-medecine-esthetique-compiegne.jpg.webp\" alt=\"Body contouring pour homme avec la Cryolipolyse Coolsculpting \u00e0 Compi\u00e8gne - Dr Barry\" srcset=\"https:\/\/www.docteur-barry.com\/wp-content\/uploads\/2024\/07\/body-contouring-homme-dr-barry-medecine-esthetique-compiegne.jpg.webp 940w, https:\/\/www.docteur-barry.com\/wp-content\/uploads\/2024\/07\/body-contouring-homme-dr-barry-medecine-esthetique-compiegne.jpg-300x131.webp 300w, https:\/\/www.docteur-barry.com\/wp-content\/uploads\/2024\/07\/body-contouring-homme-dr-barry-medecine-esthetique-compiegne.jpg-768x337.webp 768w, https:\/\/www.docteur-barry.com\/wp-content\/uploads\/2024\/07\/body-contouring-homme-dr-barry-medecine-esthetique-compiegne.jpg-500x219.webp 500w, https:\/\/www.docteur-barry.com\/wp-content\/uploads\/2024\/07\/body-contouring-homme-dr-barry-medecine-esthetique-compiegne.jpg-800x351.webp 800w\" sizes=\"(max-width: 940px) 100vw, 940px\" \/><\/figure>\n\n<\/div>\n<\/div>\n\n\n<h3 class=\"gb-headline gb-headline-aa2bd96a gb-headline-text soin-h3\">What is the principle of <em>body contouring<\/em> ?<\/h3>\n\n\n\n<p>The essential goal is to lose weight by eliminating unsightly fatty bulges and excess fat. Depending on the extent of the weight gain, the tissues located on either side of the fat may or may not be affected:<\/p>\n\n\n\n<ul class=\"wp-block-list\">\n<li>when skin sagging is low, the skin ends up tightening naturally during remodeling.<\/li>\n\n\n\n<li>in other cases, I offer a complementary treatment for the muscle and skin, without surgery: monopolar radiofrequency.<\/li>\n<\/ul>\n\n\n\n<h3 class=\"gb-headline gb-headline-17b156e2 gb-headline-text soin-h3\">What are the techniques of <em>body contouring<\/em> ?<\/h3>\n\n\n\n<p>The main technique is the destruction of fatty tissues by intense cold (between -5 and -10\u00b0C) and prolonged (session of approximately 20\/30 min): this is CoolSculpting\u00ae cryolipolysis. The destruction of adipocytes (lipolysis) by cold (cryo) results in their permanent death, because these cells cannot multiply. If the \u201cdeath\u201d is immediate, the released fatty acids and cellular debris will be \u201ccleaned\u201d by the macrophages over a longer period of time, which explains why the final result requires 1 to 3 months.<\/p>\n\n\n\n<p>If the skin sagging is marked, it will also be necessary to help the dermis to retract. For this I have a monopolar radio frequency device.<\/p>\n\n\n\n<h2 class=\"gb-headline gb-headline-c5b19663 gb-headline-text soin-h2--gold\">The specificities of body contouring for men<\/h2>\n\n\n<div class=\"gb-container gb-container-18a83200 soin-separateur-titre\"><\/div>\n\n\n<p>These specificities mainly relate to the areas to be treated and the objectives sought.<\/p>\n\n\n\n<h3 class=\"gb-headline gb-headline-06f8ff11 gb-headline-text soin-h3\">Which areas should CoolSculpting\u00ae treat in men?<\/h3>\n\n\n\n<p>For hormonal and metabolic reasons, the distribution of fats in men and women differs. In men, 3 areas are more frequently affected.<\/p>\n\n\n\n<h3 class=\"gb-headline gb-headline-b76e3446 gb-headline-text soin-h3\">The belly<\/h3>\n\n\n\n<p>This is the main request: to tackle the traditional belly from the age of 40. Cryolipolysis allows you to reduce fat mass from approximately 25 % to 30 % in a single session, resulting in a rapidly slimmer and more dynamic silhouette.<\/p>\n\n\n\n<h3 class=\"gb-headline gb-headline-20275568 gb-headline-text soin-h3\">Adipomastia<\/h3>\n\n\n\n<p>Fatty rolls on the upper thorax, at chest level, are common. My medical diagnosis is then essential, so as not to confuse adipomastia (fat deposit) with gynecomastia (hyperplasia of residual breast tissue).<\/p>\n\n\n\n<h3 class=\"gb-headline gb-headline-de024a55 gb-headline-text soin-h3\">The face<\/h3>\n\n\n\n<p>Here, the most frequent request concerns a double chin, with or without sagging skin. Cryolipolysis allows it to be treated specifically, to find a slimmer and more toned profile.<\/p>\n\n\n\n<h3 class=\"gb-headline gb-headline-efc6fd21 gb-headline-text soin-h3\">What are the demands on humans?<\/h3>\n\n\n\n<p>Very often, weight gain in the stomach or face causes some people to associate fatty rolls with a lack of dynamism and a form of sluggishness. This is particularly unfair in a professional environment, because these two things are obviously not linked. It is therefore normal to want to remedy this.<\/p>\n\n\n\n<p>40 or 50 are also ages when we decide to take control of ourselves, to seduce, please and please ourselves. The disappearance of fatty deposits in the belly can be a great incentive to motivate you to return to physical activity. Cryolipolysis makes it possible to restore a flat stomach, or to remove bulges from the chest \u2013 sport can then take over!<\/p>\n\n\n\n<p>Whether you want to seduce in your personal life or convince in your professional life, I offer CoolSculpting\u00ae to find a beautiful, slimmed-down silhouette, conveying a dynamic and toned image.<\/p>\n\n\n\n<h2 class=\"gb-headline gb-headline-ae33d6c2 gb-headline-text soin-h2--gold\">Progress of the coolsculpting\u00ae session for men<\/h2>\n\n\n<div class=\"gb-container gb-container-18a83200 soin-separateur-titre\"><\/div>\n\n\n<p>One session generally allows two areas to be treated, without being fasted or anesthetized.<\/p>\n\n\n\n<p>I seat the patient comfortably in an armchair for the duration of the Coolsculpting session (around 30 minutes depending on the area to be treated).<\/p>\n\n\n\n<p>I apply a gel to protect the skin, then the handpiece: the latter creates a depression to suck up the tissues and bring up the fat, while delivering intense cold. All you have to do is wait!<\/p>\n\n\n\n<p>The patient can go home immediately afterwards, without pain.<\/p>\n\n\n\n<h2 class=\"gb-headline gb-headline-474a53d3 gb-headline-text soin-h2--gold\">Results of <em>body contouring<\/em> male<\/h2>\n\n\n<div class=\"gb-container gb-container-18a83200 soin-separateur-titre\"><\/div>\n\n\n<p>Some redness or bruising may occur following tissue aspiration. A slight induration or insensitivity may also appear for a few weeks, transiently.<\/p>\n\n\n\n<p>The final results are visible after approximately 2 months, with a reduction in fatty tissue of approximately 25 %. If necessary, I can do a second Coolsculpting session after 2\/3 months, to find a slimmer silhouette reminiscent of a sporty and dynamic young man&#039;s body!<\/p>\n\n<\/div>\n<\/section>\n\n<aside class=\"gb-container gb-container-9f04b338\">\n\n<h2 class=\"gb-headline gb-headline-cd80a778 gb-headline-text soin-autres-traitements-h3\">Learn more about cryolipolysis and CoolSculpting\u00ae<\/h2>\n\n\n<div class=\"gb-container gb-container-12e8fd28 soin-autres-traitements-separateur\"><\/div>\n\n<div class=\"gb-container gb-container-b9ebe231\">\n<div class=\"gb-container gb-container-e8999cf5\">\n\n<div class=\"gb-grid-wrapper gb-grid-wrapper-6f685752 gb-query-loop-wrapper\">\n<div class=\"gb-grid-column gb-grid-column-51542ccb gb-query-loop-item post-134 page type-page status-publish a3w-page-category-cryolipolyse a3w-page-category-techniques\"><div class=\"gb-container gb-container-51542ccb soin-autres-traitements-loop-inner-contanier\">\n<a class=\"gb-button gb-button-8c0f4c59 gb-button-text soin-autres-traitements-bouton\" href=\"https:\/\/www.docteur-barry.com\/en\/les-techniques-de-rajeunissement-de-la-peau\/cryolipolyse-coolsculpting-compiegne-oise\/\">Cryolipolysis<\/a>\n<\/div><\/div>\n\n<div class=\"gb-grid-column gb-grid-column-51542ccb gb-query-loop-item post-172 page type-page status-publish a3w-page-category-cryolipolyse a3w-page-category-silhouette\"><div class=\"gb-container gb-container-51542ccb soin-autres-traitements-loop-inner-contanier\">\n<a class=\"gb-button gb-button-8c0f4c59 gb-button-text soin-autres-traitements-bouton\" href=\"https:\/\/www.docteur-barry.com\/en\/les-techniques-de-rajeunissement-de-la-peau\/cryolipolyse-coolsculpting-compiegne-oise\/la-cryolipolyse-par-coolsculpting\/\">Cryolipolysis by Coolsculpting<\/a>\n<\/div><\/div>\n\n<div class=\"gb-grid-column gb-grid-column-51542ccb gb-query-loop-item post-174 page type-page status-publish a3w-page-category-cryolipolyse\"><div class=\"gb-container gb-container-51542ccb soin-autres-traitements-loop-inner-contanier\">\n<a class=\"gb-button gb-button-8c0f4c59 gb-button-text soin-autres-traitements-bouton\" href=\"https:\/\/www.docteur-barry.com\/en\/les-techniques-de-rajeunissement-de-la-peau\/cryolipolyse-coolsculpting-compiegne-oise\/la-cryolipolyse-comment-ca-marche\/\">Cryolipolysis, how does it work?<\/a>\n<\/div><\/div>\n\n<div class=\"gb-grid-column gb-grid-column-51542ccb gb-query-loop-item post-173 page type-page status-publish a3w-page-category-cryolipolyse\"><div class=\"gb-container gb-container-51542ccb soin-autres-traitements-loop-inner-contanier\">\n<a class=\"gb-button gb-button-8c0f4c59 gb-button-text soin-autres-traitements-bouton\" href=\"https:\/\/www.docteur-barry.com\/en\/les-techniques-de-rajeunissement-de-la-peau\/cryolipolyse-coolsculpting-compiegne-oise\/les-facteurs-emotionnels-derriere-le-besoin-de-maigrir-facilement\/\">The emotional factors behind the need to lose weight easily<\/a>\n<\/div><\/div>\n\n<div class=\"gb-grid-column gb-grid-column-51542ccb gb-query-loop-item post-175 page type-page status-publish a3w-page-category-cryolipolyse\"><div class=\"gb-container gb-container-51542ccb soin-autres-traitements-loop-inner-contanier\">\n<a class=\"gb-button gb-button-8c0f4c59 gb-button-text soin-autres-traitements-bouton\" href=\"https:\/\/www.docteur-barry.com\/en\/les-techniques-de-rajeunissement-de-la-peau\/cryolipolyse-coolsculpting-compiegne-oise\/les-resultats-et-suites-du-traitement\/\">The results and consequences of the treatment<\/a>\n<\/div><\/div>\n\n<div class=\"gb-grid-column gb-grid-column-51542ccb gb-query-loop-item post-176 page type-page status-publish a3w-page-category-cryolipolyse\"><div class=\"gb-container gb-container-51542ccb soin-autres-traitements-loop-inner-contanier\">\n<a class=\"gb-button gb-button-8c0f4c59 gb-button-text soin-autres-traitements-bouton\" href=\"https:\/\/www.docteur-barry.com\/en\/les-techniques-de-rajeunissement-de-la-peau\/cryolipolyse-coolsculpting-compiegne-oise\/pourquoi-choisir-le-coolsculpting\/\">Why choose Coolsculpting\u00ae?<\/a>\n<\/div><\/div>\n<\/div>\n\n<\/div>\n<\/div>\n<\/aside>\n\n<aside class=\"gb-container gb-container-dafe4cc9\">\n<div class=\"gb-container gb-container-1bcaf30f\">\n<div data-aos-duration=\"1000\" data-aos-once=\"true\" data-aos=\"fade\" class=\"gb-container gb-container-41ac15ca\">\n\n<h2 class=\"gb-headline gb-headline-7ddbce32 gb-headline-text\">Book your consultation<\/h2>\n\n\n\n<p class=\"gb-headline gb-headline-30f1cc6d gb-headline-text\">D\u00e9marrez votre protocole de soins personnalis\u00e9s<\/p>\n\n\n<div class=\"gb-container gb-container-54c8a8d7\"><\/div>\n\n\n<p class=\"gb-headline gb-headline-9216de00 gb-headline-text\">Meet Doctor Barry for a personalized approach and discover how she can help you achieve your beauty goals.<\/p>\n\n<\/div>\n\n<div data-aos-delay=\"500\" data-aos-duration=\"1000\" data-aos-once=\"true\" data-aos=\"fade\" class=\"gb-container gb-container-0dcf903a\">\n\n<a class=\"gb-button gb-button-383c0ef4 btn-default btn-icon-right-1\" href=\"https:\/\/www.doctolib.fr\/medecin-generaliste\/compiegne\/laurence-barry\" target=\"_blank\" rel=\"noopener noreferrer\"><span class=\"gb-button-text\">Book a consultation<\/span><span class=\"gb-icon\"><svg viewbox=\"0 0 16 16\" class=\"bi bi-arrow-right\" fill=\"currentColor\" height=\"16\" width=\"16\" xmlns=\"http:\/\/www.w3.org\/2000\/svg\">   <path d=\"M1 8a.5.5 0 0 1 .5-.5h11.793l-3.147-3.146a.5.5 0 0 1 .708-.708l4 4a.5.5 0 0 1 0 .708l-4 4a.5.5 0 0 1-.708-.708L13.293 8.5H1.5A.5.5 0 0 1 1 8\" fill-rule=\"evenodd\"><\/path> <\/svg><\/span><\/a>\n\n<\/div>\n<\/div>\n<\/aside>","protected":false},"excerpt":{"rendered":"<p>Le body contouring, qu\u2019est-ce que c\u2019est ? L\u2019\u00e9poque o\u00f9 la m\u00e9decine esth\u00e9tique \u00e9tait l\u2019apanage des femmes est r\u00e9volue. Les hommes sont de plus en plus int\u00e9ress\u00e9s, avec une demande fr\u00e9quente : maigrir facilement sans chirurgie. Le body contouring par cryolipolyse Coolsculpting\u00ae est une technique efficace pour r\u00e9pondre \u00e0 cette demande. Le body contouring est une &#8230; <a title=\"Body contouring (Coolsculpting) for men\" class=\"read-more\" href=\"https:\/\/www.docteur-barry.com\/en\/les-techniques-de-rajeunissement-de-la-peau\/cryolipolyse-coolsculpting-compiegne-oise\/le-body-contouring-coolsculpting-chez-les-hommes\/\" aria-label=\"Read more about Le body contouring (Coolsculpting) chez les hommes\">Read more<\/a><\/p>","protected":false},"author":1,"featured_media":0,"parent":134,"menu_order":0,"comment_status":"closed","ping_status":"open","template":"","meta":{"_seopress_robots_primary_cat":"","_seopress_titles_title":"Body contouring homme \u00e0 Compi\u00e8gne - Dr Barry","_seopress_titles_desc":"Le body contouring sert \u00e0 remodeler le corps sans chirurgie, permettant donc un amincissement de la silhouette et un raffermissement de la peau sans liposuccion. C\u2019est un proc\u00e9d\u00e9 indolore et non invasif, utilisant principalement le froid intense : la cryolipolyse.","_seopress_robots_index":"","_vp_format_video_url":"","_vp_image_focal_point":[],"footnotes":""},"a3w-page-category":[35],"class_list":{"0":"post-171","1":"page","2":"type-page","3":"status-publish","5":"a3w-page-category-cryolipolyse"},"_links":{"self":[{"href":"https:\/\/www.docteur-barry.com\/en\/wp-json\/wp\/v2\/pages\/171","targetHints":{"allow":["GET"]}}],"collection":[{"href":"https:\/\/www.docteur-barry.com\/en\/wp-json\/wp\/v2\/pages"}],"about":[{"href":"https:\/\/www.docteur-barry.com\/en\/wp-json\/wp\/v2\/types\/page"}],"author":[{"embeddable":true,"href":"https:\/\/www.docteur-barry.com\/en\/wp-json\/wp\/v2\/users\/1"}],"replies":[{"embeddable":true,"href":"https:\/\/www.docteur-barry.com\/en\/wp-json\/wp\/v2\/comments?post=171"}],"version-history":[{"count":3,"href":"https:\/\/www.docteur-barry.com\/en\/wp-json\/wp\/v2\/pages\/171\/revisions"}],"predecessor-version":[{"id":3867,"href":"https:\/\/www.docteur-barry.com\/en\/wp-json\/wp\/v2\/pages\/171\/revisions\/3867"}],"up":[{"embeddable":true,"href":"https:\/\/www.docteur-barry.com\/en\/wp-json\/wp\/v2\/pages\/134"}],"wp:attachment":[{"href":"https:\/\/www.docteur-barry.com\/en\/wp-json\/wp\/v2\/media?parent=171"}],"wp:term":[{"taxonomy":"a3w-page-category","embeddable":true,"href":"https:\/\/www.docteur-barry.com\/en\/wp-json\/wp\/v2\/a3w-page-category?post=171"}],"curies":[{"name":"wp","href":"https:\/\/api.w.org\/{rel}","templated":true}]}}