{"id":174,"date":"2024-05-07T13:49:57","date_gmt":"2024-05-07T11:49:57","guid":{"rendered":"https:\/\/www.docteur-barry.com\/les-techniques-de-rajeunissement-de-la-peau\/cryolipolyse-coolsculpting-compiegne-oise\/la-cryolipolyse-comment-ca-marche\/"},"modified":"2025-10-21T14:00:54","modified_gmt":"2025-10-21T12:00:54","slug":"la-cryolipolyse-comment-ca-marche","status":"publish","type":"page","link":"https:\/\/www.docteur-barry.com\/en\/les-techniques-de-rajeunissement-de-la-peau\/cryolipolyse-coolsculpting-compiegne-oise\/la-cryolipolyse-comment-ca-marche\/","title":{"rendered":"Cryolipolysis, how does it work?"},"content":{"rendered":"<section class=\"gb-container gb-container-2dadddae\">\n<div class=\"gb-container gb-container-1b819d7d\">\n<div class=\"gb-container gb-container-12c70c8e\"><\/div>\n\n<h1 class=\"gb-headline gb-headline-4904e363 gb-headline-text soin-h1\">Cryolipolysis, how does it work?<\/h1>\n\n<div class=\"gb-container gb-container-2f12f2e8 breadcrumb-presta\">\n<nav  aria-label=\"breadcrumb\"><ol class=\"breadcrumb\" itemscope itemtype=\"https:\/\/schema.org\/BreadcrumbList\"><li class=\"breadcrumb-item active\" aria-current=\"page\" itemprop=\"itemListElement\" itemscope itemtype=\"https:\/\/schema.org\/ListItem\"><span itemprop=\"name\">Welcome<\/span><meta itemprop=\"position\" content=\"1\"><\/li><\/ol><\/nav>\n\n<\/div>\n<\/div>\n<\/section>\n\n<section class=\"gb-container gb-container-71b6a204\">\n<div class=\"gb-container gb-container-28ca6a54\">\n<div class=\"gb-container gb-container-333113eb\">\n<div class=\"gb-container gb-container-3157c374\">\n\n<p>Removing fat deposits easily is a frequent request in aesthetic medicine. A real alternative to liposuction, cryolipolysis by CoolSculpting\u00ae gives excellent results, without surgery.<\/p>\n\n\n\n<h2 class=\"gb-headline gb-headline-fc29476e gb-headline-text soin-h2--gold\">General information on cryolipolysis<\/h2>\n\n\n<div class=\"gb-container gb-container-18a83200 soin-separateur-titre\"><\/div>\n\n\n<p>Cryolipolysis is a process aimed at destroying (\u201clysis\u201d) fat cells (\u201clipo\u201d) using cold (\u201ccryo\u201d). It was by observing the supposed effects of cold on fat that two medical researchers from Boston scientifically studied the cellular and biochemical mechanisms to develop this innovative device.<\/p>\n\n<\/div>\n\n<div class=\"gb-container gb-container-84a4b79a\">\n\n<figure class=\"gb-block-image gb-block-image-7f2c91b1\"><img decoding=\"async\" width=\"1536\" height=\"674\" class=\"gb-image gb-image-7f2c91b1 soin-header-image\" src=\"https:\/\/www.docteur-barry.com\/wp-content\/uploads\/2024\/07\/Elimination-graisse-tenace-Cryolipolyse-compiegne-dr-barry-1536x674.jpg.webp\" alt=\"Fonctionnement de la technique Cryolipolyse - Dr Barry\" srcset=\"https:\/\/www.docteur-barry.com\/wp-content\/uploads\/2024\/07\/Elimination-graisse-tenace-Cryolipolyse-compiegne-dr-barry-1536x674.jpg.webp 1536w, https:\/\/www.docteur-barry.com\/wp-content\/uploads\/2024\/07\/Elimination-graisse-tenace-Cryolipolyse-compiegne-dr-barry-1536x674.jpg-300x132.webp 300w, https:\/\/www.docteur-barry.com\/wp-content\/uploads\/2024\/07\/Elimination-graisse-tenace-Cryolipolyse-compiegne-dr-barry-1536x674.jpg-1024x449.webp 1024w, https:\/\/www.docteur-barry.com\/wp-content\/uploads\/2024\/07\/Elimination-graisse-tenace-Cryolipolyse-compiegne-dr-barry-1536x674.jpg-768x337.webp 768w, https:\/\/www.docteur-barry.com\/wp-content\/uploads\/2024\/07\/Elimination-graisse-tenace-Cryolipolyse-compiegne-dr-barry-1536x674.jpg-500x219.webp 500w, https:\/\/www.docteur-barry.com\/wp-content\/uploads\/2024\/07\/Elimination-graisse-tenace-Cryolipolyse-compiegne-dr-barry-1536x674.jpg-800x351.webp 800w, https:\/\/www.docteur-barry.com\/wp-content\/uploads\/2024\/07\/Elimination-graisse-tenace-Cryolipolyse-compiegne-dr-barry-1536x674.jpg-1280x562.webp 1280w\" sizes=\"(max-width: 1536px) 100vw, 1536px\" \/><\/figure>\n\n<\/div>\n<\/div>\n\n\n<h3 class=\"gb-headline gb-headline-42466854 gb-headline-text soin-h3\">General information on fatty tissue<\/h3>\n\n\n\n<p>Located mainly under the skin in a layer called hypodermis, fatty tissue is made up of adipocyte cells.<\/p>\n\n\n\n<p>These adipocytes have two main characteristics:<\/p>\n\n\n\n<ul class=\"wp-block-list\">\n<li>These are cells <strong>unable to multiply<\/strong>, meaning that any destroyed cell is permanently destroyed;<\/li>\n\n\n\n<li>Those are <strong>storage cells<\/strong>, with a crushed nucleus and a fat-filled vacuole, which can enlarge up to 50 times its original size.<\/li>\n<\/ul>\n\n\n\n<h3 class=\"gb-headline gb-headline-01ea5af0 gb-headline-text soin-h3\">Action of cold on fatty tissues: principle of cryolipolysis<\/h3>\n\n\n\n<p>Precursors to CoolSculpting\u00ae, the work of Drs Rox Anderson and Dieter Manstein proved that intense and prolonged cold destroyed adipocytes in 3 stages.<\/p>\n\n\n\n<p>In a <strong>first time<\/strong>, the fat contained in the vacuoles crystallizes or freezes under the effect of the cold. The action is all the stronger as the concentration of saturated fatty acids is high. The vacuolar volume tends to decrease, and the cell wall to invaginate. The cell then becomes more fragile and permeable.<\/p>\n\n\n\n<p>This cellular injury triggers a programmed death mechanism, where the cell in some way prepares its destruction: this is the<strong>apoptosis<\/strong>.<\/p>\n\n\n\n<p>This is an irreversible process, which takes place over a few weeks.<\/p>\n\n\n\n<p>With cell destruction, the macrophages will activate a cleaning process (or \u201cenzymatic lysis\u201d): this is the <strong>resorption<\/strong> cellular and fatty, before elimination. This entire natural process takes place over 1 to 3 months.<\/p>\n\n\n\n<h3 class=\"gb-headline gb-headline-d04572b0 gb-headline-text soin-h3\">What are the practical consequences?<\/h3>\n\n\n\n<p>There are four points to remember for a patient wanting body contouring using cryolipolysis:<\/p>\n\n\n\n<ul class=\"wp-block-list\">\n<li><strong>It is an irreversible process<\/strong> : once the cell is injured, its death is definitively programmed.<\/li>\n\n\n\n<li><strong>It&#039;s a delayed process<\/strong> : resorption is complete several weeks after the session, visible results are therefore never immediate.<\/li>\n\n\n\n<li><strong>It is a mild inflammatory process<\/strong> : the presence of macrophages can explain some discreet signs, such as a small induration of the treated area or a drop in sensitivity. They are transient and reversible.<\/li>\n\n\n\n<li><strong>This is not a preventative procedure<\/strong> : you need a correct lifestyle to prevent the remaining adipocytes from also starting to grow<\/li>\n<\/ul>\n\n\n\n<h2 class=\"gb-headline gb-headline-7c9c04c9 gb-headline-text soin-h2--gold\">Who is coolsculpting\u00ae cryolipolysis for?<\/h2>\n\n\n<div class=\"gb-container gb-container-18a83200 soin-separateur-titre\"><\/div>\n\n\n<p>To obtain good results, cryolipolysis must respect certain criteria specific to the patient and the area to be treated.<\/p>\n\n\n\n<h3 class=\"gb-headline gb-headline-fcb7942d gb-headline-text soin-h3\">Who can benefit from cryolipolysis?<\/h3>\n\n\n\n<p>Any patient with moderate and diffuse excess fat can benefit from this cold slimming, provided they are not too overweight: a patient suffering from obesity will not be able to use this process.<\/p>\n\n\n\n<p>Cryolipolysis is contraindicated in pregnant or breastfeeding women, in patients with cold agglutinin disease (Raynaud syndrome type), certain dermatitis, hernias or vascular disorders.<\/p>\n\n\n\n<h3 class=\"gb-headline gb-headline-b4819c12 gb-headline-text soin-h3\">Can we do cryolipolysis if we have cholesterol?<\/h3>\n\n\n\n<p>The destruction of fat cells and the release of lipids sometimes worries patients with hypercholesterolemia. They are afraid of seeing their rate increase: there is no risk.<\/p>\n\n\n\n<p>The reason is very simple: metabolism includes two major, totally opposed mechanisms, synthesis (or anabolism) and destruction (catabolism).<\/p>\n\n\n\n<p>Macrophages have no synthetic capacity: they are cells specialized in catabolism, they cannot produce cholesterol. Fatty acids are completely destroyed and eliminated. The only cells that synthesize cholesterol are in the liver or intestines.<\/p>\n\n\n\n<h3 class=\"gb-headline gb-headline-4fa9b9e6 gb-headline-text soin-h3\">Which areas should be treated with Coolsculpting?<\/h3>\n\n\n\n<p>Can be treated with cold: diffuse fatty deposits on the double chin, arms, thorax, stomach, thighs (saddlebags), hips, buttocks, calves, knees, etc.<\/p>\n\n\n\n<h3 class=\"gb-headline gb-headline-c7fe6873 gb-headline-text soin-h3\">Why choose Coolsculpting\u00ae technology?<\/h3>\n\n\n\n<p>This device is approved by the American FDA and benefits from the European CE marking: this guarantees its effectiveness and safety.<\/p>\n\n\n\n<p>It ensures effective cooling at -10\u00b0C, acting deeply by suctioning the tissues.<\/p>\n\n\n\n<p>It is also a perfectly safe device, with sensors to interrupt it in the event of an abnormal reaction: the cold delivery method, and the protective gel, pose no risk to skin tissues.<\/p>\n\n\n\n<p>By allowing a reduction in fatty tissue from 25 to 30%, cryolipolysis by CoolSculpting\u00ae makes it easy to regain a slimmed-down silhouette, without surgery or liposuction.<\/p>\n\n<\/div>\n<\/section>\n\n<aside class=\"gb-container gb-container-9f04b338\">\n\n<h2 class=\"gb-headline gb-headline-cd80a778 gb-headline-text soin-autres-traitements-h3\">Learn more about cryolipolysis and CoolSculpting\u00ae<\/h2>\n\n\n<div class=\"gb-container gb-container-12e8fd28 soin-autres-traitements-separateur\"><\/div>\n\n<div class=\"gb-container gb-container-b9ebe231\">\n<div class=\"gb-container gb-container-e8999cf5\">\n\n<div class=\"gb-grid-wrapper gb-grid-wrapper-6f685752 gb-query-loop-wrapper\">\n<div class=\"gb-grid-column gb-grid-column-51542ccb gb-query-loop-item post-134 page type-page status-publish a3w-page-category-cryolipolyse a3w-page-category-techniques\"><div class=\"gb-container gb-container-51542ccb soin-autres-traitements-loop-inner-contanier\">\n<a class=\"gb-button gb-button-8c0f4c59 gb-button-text soin-autres-traitements-bouton\" href=\"https:\/\/www.docteur-barry.com\/en\/les-techniques-de-rajeunissement-de-la-peau\/cryolipolyse-coolsculpting-compiegne-oise\/\">Cryolipolysis<\/a>\n<\/div><\/div>\n\n<div class=\"gb-grid-column gb-grid-column-51542ccb gb-query-loop-item post-172 page type-page status-publish a3w-page-category-cryolipolyse a3w-page-category-silhouette\"><div class=\"gb-container gb-container-51542ccb soin-autres-traitements-loop-inner-contanier\">\n<a class=\"gb-button gb-button-8c0f4c59 gb-button-text soin-autres-traitements-bouton\" href=\"https:\/\/www.docteur-barry.com\/en\/les-techniques-de-rajeunissement-de-la-peau\/cryolipolyse-coolsculpting-compiegne-oise\/la-cryolipolyse-par-coolsculpting\/\">Cryolipolysis by Coolsculpting<\/a>\n<\/div><\/div>\n\n<div class=\"gb-grid-column gb-grid-column-51542ccb gb-query-loop-item post-171 page type-page status-publish a3w-page-category-cryolipolyse\"><div class=\"gb-container gb-container-51542ccb soin-autres-traitements-loop-inner-contanier\">\n<a class=\"gb-button gb-button-8c0f4c59 gb-button-text soin-autres-traitements-bouton\" href=\"https:\/\/www.docteur-barry.com\/en\/les-techniques-de-rajeunissement-de-la-peau\/cryolipolyse-coolsculpting-compiegne-oise\/le-body-contouring-coolsculpting-chez-les-hommes\/\">Body contouring (Coolsculpting) for men<\/a>\n<\/div><\/div>\n\n<div class=\"gb-grid-column gb-grid-column-51542ccb gb-query-loop-item post-173 page type-page status-publish a3w-page-category-cryolipolyse\"><div class=\"gb-container gb-container-51542ccb soin-autres-traitements-loop-inner-contanier\">\n<a class=\"gb-button gb-button-8c0f4c59 gb-button-text soin-autres-traitements-bouton\" href=\"https:\/\/www.docteur-barry.com\/en\/les-techniques-de-rajeunissement-de-la-peau\/cryolipolyse-coolsculpting-compiegne-oise\/les-facteurs-emotionnels-derriere-le-besoin-de-maigrir-facilement\/\">The emotional factors behind the need to lose weight easily<\/a>\n<\/div><\/div>\n\n<div class=\"gb-grid-column gb-grid-column-51542ccb gb-query-loop-item post-175 page type-page status-publish a3w-page-category-cryolipolyse\"><div class=\"gb-container gb-container-51542ccb soin-autres-traitements-loop-inner-contanier\">\n<a class=\"gb-button gb-button-8c0f4c59 gb-button-text soin-autres-traitements-bouton\" href=\"https:\/\/www.docteur-barry.com\/en\/les-techniques-de-rajeunissement-de-la-peau\/cryolipolyse-coolsculpting-compiegne-oise\/les-resultats-et-suites-du-traitement\/\">The results and consequences of the treatment<\/a>\n<\/div><\/div>\n\n<div class=\"gb-grid-column gb-grid-column-51542ccb gb-query-loop-item post-176 page type-page status-publish a3w-page-category-cryolipolyse\"><div class=\"gb-container gb-container-51542ccb soin-autres-traitements-loop-inner-contanier\">\n<a class=\"gb-button gb-button-8c0f4c59 gb-button-text soin-autres-traitements-bouton\" href=\"https:\/\/www.docteur-barry.com\/en\/les-techniques-de-rajeunissement-de-la-peau\/cryolipolyse-coolsculpting-compiegne-oise\/pourquoi-choisir-le-coolsculpting\/\">Why choose Coolsculpting\u00ae?<\/a>\n<\/div><\/div>\n<\/div>\n\n<\/div>\n<\/div>\n<\/aside>\n\n<aside class=\"gb-container gb-container-dafe4cc9\">\n<div class=\"gb-container gb-container-1bcaf30f\">\n<div data-aos-duration=\"1000\" data-aos-once=\"true\" data-aos=\"fade\" class=\"gb-container gb-container-41ac15ca\">\n\n<h2 class=\"gb-headline gb-headline-7ddbce32 gb-headline-text\">Book your consultation<\/h2>\n\n\n\n<p class=\"gb-headline gb-headline-30f1cc6d gb-headline-text\">D\u00e9marrez votre protocole de soins personnalis\u00e9s<\/p>\n\n\n<div class=\"gb-container gb-container-54c8a8d7\"><\/div>\n\n\n<p class=\"gb-headline gb-headline-9216de00 gb-headline-text\">Meet Doctor Barry for a personalized approach and discover how she can help you achieve your beauty goals.<\/p>\n\n<\/div>\n\n<div data-aos-delay=\"500\" data-aos-duration=\"1000\" data-aos-once=\"true\" data-aos=\"fade\" class=\"gb-container gb-container-0dcf903a\">\n\n<a class=\"gb-button gb-button-383c0ef4 btn-default btn-icon-right-1\" href=\"https:\/\/www.doctolib.fr\/medecin-generaliste\/compiegne\/laurence-barry\" target=\"_blank\" rel=\"noopener noreferrer\"><span class=\"gb-button-text\">Book a consultation<\/span><span class=\"gb-icon\"><svg viewbox=\"0 0 16 16\" class=\"bi bi-arrow-right\" fill=\"currentColor\" height=\"16\" width=\"16\" xmlns=\"http:\/\/www.w3.org\/2000\/svg\">   <path d=\"M1 8a.5.5 0 0 1 .5-.5h11.793l-3.147-3.146a.5.5 0 0 1 .708-.708l4 4a.5.5 0 0 1 0 .708l-4 4a.5.5 0 0 1-.708-.708L13.293 8.5H1.5A.5.5 0 0 1 1 8\" fill-rule=\"evenodd\"><\/path> <\/svg><\/span><\/a>\n\n<\/div>\n<\/div>\n<\/aside>","protected":false},"excerpt":{"rendered":"<p>Faire dispara\u00eetre des bourrelets graisseux facilement est une demande fr\u00e9quente en m\u00e9decine esth\u00e9tique. V\u00e9ritable alternative \u00e0 la liposuccion, la cryolipolyse par CoolSculpting\u00ae donne d\u2019excellents r\u00e9sultats, sans chirurgie. G\u00e9n\u00e9ralit\u00e9s sur la cryolipolyse La cryolipolyse est un processus visant \u00e0 d\u00e9truire (\u00ab lyse \u00bb) les cellules graisseuses (\u00ab lipo \u00bb) par le froid (\u00ab cryo \u00bb). C\u2019est &#8230; <a title=\"Cryolipolysis, how does it work?\" class=\"read-more\" href=\"https:\/\/www.docteur-barry.com\/en\/les-techniques-de-rajeunissement-de-la-peau\/cryolipolyse-coolsculpting-compiegne-oise\/la-cryolipolyse-comment-ca-marche\/\" aria-label=\"Read more about La Cryolipolyse, comment \u00e7a marche ?\">Read more<\/a><\/p>","protected":false},"author":1,"featured_media":0,"parent":134,"menu_order":0,"comment_status":"closed","ping_status":"open","template":"","meta":{"_seopress_robots_primary_cat":"","_seopress_titles_title":"Fonctionnement de la technique Cryolipolyse - Dr Barry","_seopress_titles_desc":"La cryolipolyse d\u00e9truit (lyse) les cellules graisseuses (lipo) par le froid (cryo). Localis\u00e9 principalement sous la peau, le tissu graisseux est constitu\u00e9 de cellules appel\u00e9es adipocytes qui sont incapables de se multiplier, mais qui peuvent grossir jusqu\u2019\u00e0 50 fois par rapport \u00e0 leur taille initiale.","_seopress_robots_index":"","_vp_format_video_url":"","_vp_image_focal_point":[],"footnotes":""},"a3w-page-category":[35],"class_list":{"0":"post-174","1":"page","2":"type-page","3":"status-publish","5":"a3w-page-category-cryolipolyse"},"_links":{"self":[{"href":"https:\/\/www.docteur-barry.com\/en\/wp-json\/wp\/v2\/pages\/174","targetHints":{"allow":["GET"]}}],"collection":[{"href":"https:\/\/www.docteur-barry.com\/en\/wp-json\/wp\/v2\/pages"}],"about":[{"href":"https:\/\/www.docteur-barry.com\/en\/wp-json\/wp\/v2\/types\/page"}],"author":[{"embeddable":true,"href":"https:\/\/www.docteur-barry.com\/en\/wp-json\/wp\/v2\/users\/1"}],"replies":[{"embeddable":true,"href":"https:\/\/www.docteur-barry.com\/en\/wp-json\/wp\/v2\/comments?post=174"}],"version-history":[{"count":3,"href":"https:\/\/www.docteur-barry.com\/en\/wp-json\/wp\/v2\/pages\/174\/revisions"}],"predecessor-version":[{"id":3827,"href":"https:\/\/www.docteur-barry.com\/en\/wp-json\/wp\/v2\/pages\/174\/revisions\/3827"}],"up":[{"embeddable":true,"href":"https:\/\/www.docteur-barry.com\/en\/wp-json\/wp\/v2\/pages\/134"}],"wp:attachment":[{"href":"https:\/\/www.docteur-barry.com\/en\/wp-json\/wp\/v2\/media?parent=174"}],"wp:term":[{"taxonomy":"a3w-page-category","embeddable":true,"href":"https:\/\/www.docteur-barry.com\/en\/wp-json\/wp\/v2\/a3w-page-category?post=174"}],"curies":[{"name":"wp","href":"https:\/\/api.w.org\/{rel}","templated":true}]}}