{"id":1811,"date":"2024-06-17T10:46:06","date_gmt":"2024-06-17T08:46:06","guid":{"rendered":"https:\/\/www.docteur-barry.com\/?page_id=1811"},"modified":"2024-10-07T09:45:00","modified_gmt":"2024-10-07T07:45:00","slug":"les-cliniques-beauxmonts","status":"publish","type":"page","link":"https:\/\/www.docteur-barry.com\/en\/les-cliniques-beauxmonts\/","title":{"rendered":"Beauxmonts clinics"},"content":{"rendered":"<div class=\"gb-container gb-container-d516610d\">\n<div class=\"gb-container gb-container-1dac7579\">\n\n<h1 class=\"gb-headline gb-headline-82fdbd73 gb-headline-text text-gold\" data-aos=\"fade\" data-aos-delay=\"200\" data-aos-duration=\"1000\" data-aos-once=\"true\">Beauxmonts clinics<\/h1>\n\n\n<div class=\"gb-container gb-container-d81736f1\"><\/div>\n<\/div>\n<\/div>\n\n<div class=\"gb-container gb-container-b221d27e\">\n<div class=\"gb-container gb-container-c1806908\">\n<a data-aos-anchor-placement=\"top-center\" data-aos-duration=\"500\" data-aos-offset=\"-300\" data-aos-once=\"true\" data-aos=\"fade-right\" class=\"gb-container gb-container-972b8d75 box-shadow bloc-link-no-decoration bloc-hover-reveal\" href=\"https:\/\/www.docteur-barry.com\/en\/les-cliniques-beauxmonts\/clinique-barry-compiegne\/\">\n<div class=\"gb-container gb-container-96c790fe\">\n\n<h3 class=\"gb-headline gb-headline-1e4e2132 gb-headline-text\">Bauxmonts Compi\u00e8gne 1<\/h3>\n\n\n<div class=\"gb-container gb-container-6eab0913\"><\/div>\n\n<div class=\"gb-container gb-container-02dac273 bloc-hover-reveal--content style-contrast\">\n<div class=\"gb-container gb-container-61276716\">\n\n<p class=\"gb-headline gb-headline-3c110ead gb-headline-text\">Discover the Barry clinic in Compi\u00e8gne specializing in injections and training<\/p>\n\n\n\n<span class=\"gb-button gb-button-71a71c41 btn-icon-right-1 btn-default-light\"><span class=\"gb-button-text\">Barry Clinic<\/span><span class=\"gb-icon\"><svg xmlns=\"http:\/\/www.w3.org\/2000\/svg\" width=\"16\" height=\"16\" fill=\"currentColor\" class=\"bi bi-arrow-right\" viewbox=\"0 0 16 16\">   <path fill-rule=\"evenodd\" d=\"M1 8a.5.5 0 0 1 .5-.5h11.793l-3.147-3.146a.5.5 0 0 1 .708-.708l4 4a.5.5 0 0 1 0 .708l-4 4a.5.5 0 0 1-.708-.708L13.293 8.5H1.5A.5.5 0 0 1 1 8\"><\/path> <\/svg><\/span><\/span>\n\n<\/div>\n<\/div>\n<\/div>\n<\/a>\n\n<a data-aos-anchor-placement=\"top-center\" data-aos-duration=\"500\" data-aos-offset=\"-300\" data-aos-once=\"true\" data-aos=\"fade-right\" class=\"gb-container gb-container-224c542c box-shadow bloc-link-no-decoration bloc-hover-reveal\" href=\"https:\/\/www.docteur-barry.com\/en\/les-cliniques-beauxmonts\/clinique-beauxmonts-compiegne\/\">\n<div class=\"gb-container gb-container-c6ac1e42\">\n\n<h3 class=\"gb-headline gb-headline-8090df14 gb-headline-text\">Bauxmonts Compi\u00e8gne 2<\/h3>\n\n\n<div class=\"gb-container gb-container-90fb2c99\"><\/div>\n\n<div class=\"gb-container gb-container-d1d5f4a2 bloc-hover-reveal--content style-contrast\">\n<div class=\"gb-container gb-container-c1d2d177\">\n\n<p class=\"gb-headline gb-headline-85f02c02 gb-headline-text\">Discover the Beauxmonts clinic in Compi\u00e8gne specializing in medical techniques<\/p>\n\n\n\n<span class=\"gb-button gb-button-aea8fdbe btn-icon-right-1 btn-default-light\"><span class=\"gb-button-text\">Beauxmonts Compi\u00e8gne<\/span><span class=\"gb-icon\"><svg xmlns=\"http:\/\/www.w3.org\/2000\/svg\" width=\"16\" height=\"16\" fill=\"currentColor\" class=\"bi bi-arrow-right\" viewbox=\"0 0 16 16\">   <path fill-rule=\"evenodd\" d=\"M1 8a.5.5 0 0 1 .5-.5h11.793l-3.147-3.146a.5.5 0 0 1 .708-.708l4 4a.5.5 0 0 1 0 .708l-4 4a.5.5 0 0 1-.708-.708L13.293 8.5H1.5A.5.5 0 0 1 1 8\"><\/path> <\/svg><\/span><\/span>\n\n<\/div>\n<\/div>\n<\/div>\n<\/a>\n\n<a data-aos-anchor-placement=\"top-center\" data-aos-duration=\"500\" data-aos-offset=\"-300\" data-aos-once=\"true\" data-aos=\"fade-right\" class=\"gb-container gb-container-3da1a087 box-shadow bloc-link-no-decoration bloc-hover-reveal\" href=\"https:\/\/www.docteur-barry.com\/en\/les-cliniques-beauxmonts\/clinique-beauxmonts-crepy-en-valois\/\">\n<div class=\"gb-container gb-container-c1e9d8aa\">\n\n<h3 class=\"gb-headline gb-headline-6aa7845f gb-headline-text\">Beauxmonts Cr\u00e9py-en-Valois<\/h3>\n\n\n<div class=\"gb-container gb-container-3109a718\"><\/div>\n\n<div class=\"gb-container gb-container-15889f40 bloc-hover-reveal--content style-contrast\">\n<div class=\"gb-container gb-container-7535f595\">\n\n<p class=\"gb-headline gb-headline-c35e3f74 gb-headline-text\">Discover the Beauxmonts clinic in Cr\u00e9py-en-Valois specializing in tattoo removal<\/p>\n\n\n\n<span class=\"gb-button gb-button-178ba4f8 btn-icon-right-1 btn-default-light\"><span class=\"gb-button-text\">Beauxmonts Cr\u00e9py en Valois<\/span><span class=\"gb-icon\"><svg xmlns=\"http:\/\/www.w3.org\/2000\/svg\" width=\"16\" height=\"16\" fill=\"currentColor\" class=\"bi bi-arrow-right\" viewbox=\"0 0 16 16\">   <path fill-rule=\"evenodd\" d=\"M1 8a.5.5 0 0 1 .5-.5h11.793l-3.147-3.146a.5.5 0 0 1 .708-.708l4 4a.5.5 0 0 1 0 .708l-4 4a.5.5 0 0 1-.708-.708L13.293 8.5H1.5A.5.5 0 0 1 1 8\"><\/path> <\/svg><\/span><\/span>\n\n<\/div>\n<\/div>\n<\/div>\n<\/a>\n\n<a data-aos-anchor-placement=\"top-center\" data-aos-duration=\"500\" data-aos-offset=\"-300\" data-aos-once=\"true\" data-aos=\"fade-right\" class=\"gb-container gb-container-b2a89d08 bloc-hover-reveal box-shadow bloc-link-no-decoration bloc-hover-reveal\" href=\"https:\/\/www.docteur-barry.com\/en\/les-cliniques-beauxmonts\/clinique-beauxmonts-soissons\/\">\n<div class=\"gb-container gb-container-078afa47\">\n\n<h3 class=\"gb-headline gb-headline-35556bd6 gb-headline-text\">Beauxmonts Soissons<\/h3>\n\n\n<div class=\"gb-container gb-container-0fdb1ef7\"><\/div>\n\n<div class=\"gb-container gb-container-1d061173 bloc-hover-reveal--content style-contrast\">\n<div class=\"gb-container gb-container-7b17fcfc\">\n\n<p class=\"gb-headline gb-headline-597cd773 gb-headline-text\">Discover the Beauxmonts clinic in Soissons specializing in facial treatments<\/p>\n\n\n\n<span class=\"gb-button gb-button-61f78ae1 btn-icon-right-1 btn-default-light\"><span class=\"gb-button-text\">Beauxmonts Soissons<\/span><span class=\"gb-icon\"><svg xmlns=\"http:\/\/www.w3.org\/2000\/svg\" width=\"16\" height=\"16\" fill=\"currentColor\" class=\"bi bi-arrow-right\" viewbox=\"0 0 16 16\">   <path fill-rule=\"evenodd\" d=\"M1 8a.5.5 0 0 1 .5-.5h11.793l-3.147-3.146a.5.5 0 0 1 .708-.708l4 4a.5.5 0 0 1 0 .708l-4 4a.5.5 0 0 1-.708-.708L13.293 8.5H1.5A.5.5 0 0 1 1 8\"><\/path> <\/svg><\/span><\/span>\n\n<\/div>\n<\/div>\n<\/div>\n<\/a>\n<\/div>\n<\/div>","protected":false},"excerpt":{"rendered":"<p>Les cliniques Beauxmonts Bauxmonts Compi\u00e8gne 1 D\u00e9couvrir la clinique Barry \u00e0 Compi\u00e8gne sp\u00e9cialis\u00e9e dans les injections et formations Bauxmonts Compi\u00e8gne 2 D\u00e9couvrir la clinique Beauxmonts \u00e0 Compi\u00e8gne sp\u00e9cialis\u00e9e dans les techniques m\u00e9dicales Beauxmonts Cr\u00e9py-en-Valois D\u00e9couvrir la clinique Beauxmonts \u00e0 Cr\u00e9py-en-Valois sp\u00e9cialis\u00e9e dans le d\u00e9tatouage Beauxmonts Soissons D\u00e9couvrir la clinique Beauxmonts \u00e0 Soissons sp\u00e9cialis\u00e9e dans les &#8230; <a title=\"Beauxmonts clinics\" class=\"read-more\" href=\"https:\/\/www.docteur-barry.com\/en\/les-cliniques-beauxmonts\/\" aria-label=\"Read more about Les cliniques Beauxmonts\">Read more<\/a><\/p>","protected":false},"author":3,"featured_media":0,"parent":0,"menu_order":0,"comment_status":"closed","ping_status":"closed","template":"","meta":{"_seopress_robots_primary_cat":"","_seopress_titles_title":"Les Cliniques Beauxmonts - Soins Esth\u00e9tiques \u00e0 Compi\u00e8gne, Cr\u00e9py-en-Valois et Soissons","_seopress_titles_desc":"Explorez les cliniques Beauxmonts \u00e0 Compi\u00e8gne, Cr\u00e9py-en-Valois et Soissons. Sp\u00e9cialis\u00e9es en injections, d\u00e9tatouage et techniques m\u00e9dicales avanc\u00e9es, elles offrent des soins en m\u00e9decine esth\u00e9tique de haute qualit\u00e9.","_seopress_robots_index":"","_vp_format_video_url":"","_vp_image_focal_point":[],"footnotes":""},"a3w-page-category":[],"class_list":["post-1811","page","type-page","status-publish"],"_links":{"self":[{"href":"https:\/\/www.docteur-barry.com\/en\/wp-json\/wp\/v2\/pages\/1811","targetHints":{"allow":["GET"]}}],"collection":[{"href":"https:\/\/www.docteur-barry.com\/en\/wp-json\/wp\/v2\/pages"}],"about":[{"href":"https:\/\/www.docteur-barry.com\/en\/wp-json\/wp\/v2\/types\/page"}],"author":[{"embeddable":true,"href":"https:\/\/www.docteur-barry.com\/en\/wp-json\/wp\/v2\/users\/3"}],"replies":[{"embeddable":true,"href":"https:\/\/www.docteur-barry.com\/en\/wp-json\/wp\/v2\/comments?post=1811"}],"version-history":[{"count":3,"href":"https:\/\/www.docteur-barry.com\/en\/wp-json\/wp\/v2\/pages\/1811\/revisions"}],"predecessor-version":[{"id":3047,"href":"https:\/\/www.docteur-barry.com\/en\/wp-json\/wp\/v2\/pages\/1811\/revisions\/3047"}],"wp:attachment":[{"href":"https:\/\/www.docteur-barry.com\/en\/wp-json\/wp\/v2\/media?parent=1811"}],"wp:term":[{"taxonomy":"a3w-page-category","embeddable":true,"href":"https:\/\/www.docteur-barry.com\/en\/wp-json\/wp\/v2\/a3w-page-category?post=1811"}],"curies":[{"name":"wp","href":"https:\/\/api.w.org\/{rel}","templated":true}]}}