{"id":1945,"date":"2024-06-17T15:20:55","date_gmt":"2024-06-17T13:20:55","guid":{"rendered":"https:\/\/www.docteur-barry.com\/?page_id=1945"},"modified":"2025-12-24T13:10:06","modified_gmt":"2025-12-24T12:10:06","slug":"soins-esthetiques-dr-barry","status":"publish","type":"page","link":"https:\/\/www.docteur-barry.com\/en\/soins-esthetiques-dr-barry\/","title":{"rendered":"Tous les soins en m\u00e9decine esth\u00e9tique du Dr Barry"},"content":{"rendered":"<section class=\"gb-container gb-container-51225015\">\n<div class=\"gb-container gb-container-a12af466\">\n\n<h1 class=\"gb-headline gb-headline-9c402368 gb-headline-text text-gold\">All the aesthetic medicine treatments from Doctor Barry<\/h1>\n\n\n\n<p>Care provided at the Barry clinic or in the Beauxmonts clinics in Oise and Aisne.<\/p>\n\n<\/div>\n\n<div class=\"gb-container gb-container-2dac59a3 card-soins-wrapper\">\n<div class=\"gb-container gb-container-9e2392bf card-soin\">\n\n<figure class=\"gb-block-image gb-block-image-2d57c6ca\"><a href=\"https:\/\/www.docteur-barry.com\/en\/medecine-esthetique-du-visage\/\"><img decoding=\"async\" width=\"1714\" height=\"1294\" class=\"gb-image gb-image-2d57c6ca\" src=\"https:\/\/www.docteur-barry.com\/wp-content\/uploads\/2024\/07\/acide-hyaluronique-cernes-centre-beaumonts-compiegne.jpg.webp\" alt=\"\" title=\"hyaluronic acid-dark circles-centre-beaumonts-compiegne.jpg\" srcset=\"https:\/\/www.docteur-barry.com\/wp-content\/uploads\/2024\/07\/acide-hyaluronique-cernes-centre-beaumonts-compiegne.jpg.webp 1714w, https:\/\/www.docteur-barry.com\/wp-content\/uploads\/2024\/07\/acide-hyaluronique-cernes-centre-beaumonts-compiegne.jpg-300x226.webp 300w, https:\/\/www.docteur-barry.com\/wp-content\/uploads\/2024\/07\/acide-hyaluronique-cernes-centre-beaumonts-compiegne.jpg-1024x773.webp 1024w, https:\/\/www.docteur-barry.com\/wp-content\/uploads\/2024\/07\/acide-hyaluronique-cernes-centre-beaumonts-compiegne.jpg-768x580.webp 768w, https:\/\/www.docteur-barry.com\/wp-content\/uploads\/2024\/07\/acide-hyaluronique-cernes-centre-beaumonts-compiegne.jpg-1536x1160.webp 1536w, https:\/\/www.docteur-barry.com\/wp-content\/uploads\/2024\/07\/acide-hyaluronique-cernes-centre-beaumonts-compiegne.jpg-16x12.webp 16w, https:\/\/www.docteur-barry.com\/wp-content\/uploads\/2024\/07\/acide-hyaluronique-cernes-centre-beaumonts-compiegne.jpg-500x377.webp 500w, https:\/\/www.docteur-barry.com\/wp-content\/uploads\/2024\/07\/acide-hyaluronique-cernes-centre-beaumonts-compiegne.jpg-800x604.webp 800w, https:\/\/www.docteur-barry.com\/wp-content\/uploads\/2024\/07\/acide-hyaluronique-cernes-centre-beaumonts-compiegne.jpg-1280x966.webp 1280w\" sizes=\"(max-width: 1714px) 100vw, 1714px\" \/><\/a><\/figure>\n\n\n<div class=\"gb-container gb-container-87cbc93b\">\n\n<h2 class=\"gb-headline gb-headline-c7699f22 gb-headline-text\">The face<\/h2>\n\n\n\n<ul class=\"wp-block-list\">\n<li><a href=\"https:\/\/www.docteur-barry.com\/en\/medecine-esthetique-du-visage\/les-rides-du-visage-compiegne-oise\/\" data-type=\"page\" data-id=\"137\">Facial wrinkles<\/a><\/li>\n\n\n\n<li><a href=\"https:\/\/www.docteur-barry.com\/en\/le-front-et-le-regard-compiegne-oise\/\" data-type=\"page\" data-id=\"129\">The forehead and the gaze<\/a><\/li>\n\n\n\n<li><a href=\"https:\/\/www.docteur-barry.com\/en\/medecine-esthetique-du-visage\/le-double-menton-compiegne-oise\/\" data-type=\"page\" data-id=\"144\">The double chin<\/a><\/li>\n\n\n\n<li><a href=\"https:\/\/www.docteur-barry.com\/en\/medecine-esthetique-du-visage\/ovale-du-visage-compiegne-oise\/\" data-type=\"page\" data-id=\"143\">The oval of the face<\/a><\/li>\n\n\n\n<li><a href=\"https:\/\/www.docteur-barry.com\/en\/medecine-esthetique-du-visage\/le-nez-sans-chirurgie-compiegne-oise\/\" data-type=\"page\" data-id=\"141\">The nose without surgery<\/a><\/li>\n\n\n\n<li><a href=\"https:\/\/www.docteur-barry.com\/en\/medecine-esthetique-du-visage\/injection-levres-bouche-compiegne-oise\/\" data-type=\"page\" data-id=\"142\">Lips and mouth<\/a><\/li>\n\n\n\n<li><a href=\"https:\/\/www.docteur-barry.com\/en\/medecine-esthetique-du-visage\/injection-pommettes-joues-compiegne-oise\/\" data-type=\"page\" data-id=\"140\">Cheekbones and cheeks<\/a><\/li>\n\n\n\n<li><a href=\"https:\/\/www.docteur-barry.com\/en\/medecine-esthetique-du-visage\/paupieres-tombantes-compiegne-oise\/\" data-type=\"page\" data-id=\"139\">Drooping eyelids<\/a><\/li>\n\n\n\n<li><a href=\"https:\/\/www.docteur-barry.com\/en\/medecine-esthetique-du-visage\/cernes-creux-compiegne-oise\/\" data-type=\"page\" data-id=\"138\">Hollow dark circles<\/a><\/li>\n<\/ul>\n\n<\/div>\n<\/div>\n\n<div class=\"gb-container gb-container-08512429 card-soin\">\n\n<figure class=\"gb-block-image gb-block-image-2c4b828f\"><a href=\"https:\/\/www.docteur-barry.com\/en\/medecine-esthetique-de-la-peau\/\"><img decoding=\"async\" width=\"1714\" height=\"1294\" class=\"gb-image gb-image-2c4b828f\" src=\"https:\/\/www.docteur-barry.com\/wp-content\/uploads\/2024\/07\/traitement-de-peau-dr-barry.webp\" alt=\"\" title=\"dr-barry-skin-treatment\" srcset=\"https:\/\/www.docteur-barry.com\/wp-content\/uploads\/2024\/07\/traitement-de-peau-dr-barry.webp 1714w, https:\/\/www.docteur-barry.com\/wp-content\/uploads\/2024\/07\/traitement-de-peau-dr-barry-300x226.webp 300w, https:\/\/www.docteur-barry.com\/wp-content\/uploads\/2024\/07\/traitement-de-peau-dr-barry-1024x773.webp 1024w, https:\/\/www.docteur-barry.com\/wp-content\/uploads\/2024\/07\/traitement-de-peau-dr-barry-768x580.webp 768w, https:\/\/www.docteur-barry.com\/wp-content\/uploads\/2024\/07\/traitement-de-peau-dr-barry-1536x1160.webp 1536w, https:\/\/www.docteur-barry.com\/wp-content\/uploads\/2024\/07\/traitement-de-peau-dr-barry-16x12.webp 16w, https:\/\/www.docteur-barry.com\/wp-content\/uploads\/2024\/07\/traitement-de-peau-dr-barry-500x377.webp 500w, https:\/\/www.docteur-barry.com\/wp-content\/uploads\/2024\/07\/traitement-de-peau-dr-barry-800x604.webp 800w, https:\/\/www.docteur-barry.com\/wp-content\/uploads\/2024\/07\/traitement-de-peau-dr-barry-1280x966.webp 1280w\" sizes=\"(max-width: 1714px) 100vw, 1714px\" \/><\/a><\/figure>\n\n\n<div class=\"gb-container gb-container-e508e339\">\n\n<h2 class=\"gb-headline gb-headline-288437c1 gb-headline-text\">The skin<\/h2>\n\n\n\n<ul class=\"wp-block-list\">\n<li><a href=\"https:\/\/www.docteur-barry.com\/en\/medecine-esthetique-de-la-peau\/les-vergetures\/\" data-type=\"page\" data-id=\"149\">Stretch marks<\/a> *<\/li>\n\n\n\n<li><a href=\"https:\/\/www.docteur-barry.com\/en\/medecine-esthetique-de-la-peau\/la-chute-des-cheveux\/\" data-type=\"page\" data-id=\"150\">Hair loss<\/a> *<\/li>\n\n\n\n<li><a href=\"https:\/\/www.docteur-barry.com\/en\/medecine-esthetique-de-la-peau\/les-varicosites\/\" data-type=\"page\" data-id=\"148\">Spider veins<\/a> *<\/li>\n\n\n\n<li><a href=\"https:\/\/www.docteur-barry.com\/en\/medecine-esthetique-de-la-peau\/acne-et-les-cicatrices\/\" data-type=\"page\" data-id=\"147\">Acne and scars<\/a><\/li>\n\n\n\n<li><a href=\"https:\/\/www.docteur-barry.com\/en\/medecine-esthetique-de-la-peau\/les-imperfections-de-la-peau\/\" data-type=\"page\" data-id=\"145\">Erythrosis, rosacea, rosacea, angioma<\/a><\/li>\n\n\n\n<li><a href=\"https:\/\/www.docteur-barry.com\/en\/medecine-esthetique-de-la-peau\/les-taches-brunes\/\" data-type=\"page\" data-id=\"146\">Brown spots<\/a><\/li>\n<\/ul>\n\n\n\n<p><em>* Exclusive treatments at Beauxmonts clinics.<\/em><\/p>\n\n<\/div>\n<\/div>\n\n<div class=\"gb-container gb-container-d77a7505 card-soin\">\n\n<figure class=\"gb-block-image gb-block-image-2979cafc\"><a href=\"https:\/\/www.docteur-barry.com\/en\/medecine-esthetique-du-corps\/\"><img decoding=\"async\" width=\"1714\" height=\"1294\" class=\"gb-image gb-image-2979cafc\" src=\"https:\/\/www.docteur-barry.com\/wp-content\/uploads\/2024\/07\/mon-Jean-est-trop-petit-medecine-esthetique-centre-beaumonts-compiegne.jpg.webp\" alt=\"\" title=\"my-Jean-is-too-small-medecine-esthetique-centre-beaumonts-compiegne.jpg\" srcset=\"https:\/\/www.docteur-barry.com\/wp-content\/uploads\/2024\/07\/mon-Jean-est-trop-petit-medecine-esthetique-centre-beaumonts-compiegne.jpg.webp 1714w, https:\/\/www.docteur-barry.com\/wp-content\/uploads\/2024\/07\/mon-Jean-est-trop-petit-medecine-esthetique-centre-beaumonts-compiegne.jpg-300x226.webp 300w, https:\/\/www.docteur-barry.com\/wp-content\/uploads\/2024\/07\/mon-Jean-est-trop-petit-medecine-esthetique-centre-beaumonts-compiegne.jpg-1024x773.webp 1024w, https:\/\/www.docteur-barry.com\/wp-content\/uploads\/2024\/07\/mon-Jean-est-trop-petit-medecine-esthetique-centre-beaumonts-compiegne.jpg-768x580.webp 768w, https:\/\/www.docteur-barry.com\/wp-content\/uploads\/2024\/07\/mon-Jean-est-trop-petit-medecine-esthetique-centre-beaumonts-compiegne.jpg-1536x1160.webp 1536w, https:\/\/www.docteur-barry.com\/wp-content\/uploads\/2024\/07\/mon-Jean-est-trop-petit-medecine-esthetique-centre-beaumonts-compiegne.jpg-16x12.webp 16w, https:\/\/www.docteur-barry.com\/wp-content\/uploads\/2024\/07\/mon-Jean-est-trop-petit-medecine-esthetique-centre-beaumonts-compiegne.jpg-500x377.webp 500w, https:\/\/www.docteur-barry.com\/wp-content\/uploads\/2024\/07\/mon-Jean-est-trop-petit-medecine-esthetique-centre-beaumonts-compiegne.jpg-800x604.webp 800w, https:\/\/www.docteur-barry.com\/wp-content\/uploads\/2024\/07\/mon-Jean-est-trop-petit-medecine-esthetique-centre-beaumonts-compiegne.jpg-1280x966.webp 1280w\" sizes=\"(max-width: 1714px) 100vw, 1714px\" \/><\/a><\/figure>\n\n\n<div class=\"gb-container gb-container-f901c623\">\n\n<h2 class=\"gb-headline gb-headline-ca48e225 gb-headline-text\">Silhouette<\/h2>\n\n\n\n<ul class=\"wp-block-list\">\n<li><a href=\"https:\/\/www.docteur-barry.com\/en\/les-techniques-de-rajeunissement-de-la-peau\/cryolipolyse-coolsculpting-compiegne-oise\/\" data-type=\"page\" data-id=\"134\">Cryolipolysis<\/a> *<\/li>\n\n\n\n<li><a href=\"https:\/\/www.docteur-barry.com\/en\/medecine-esthetique-du-corps\/cellulite-et-relachement\/\" data-type=\"page\" data-id=\"160\">Cellulite and sagging<\/a> *<\/li>\n\n\n\n<li><a href=\"https:\/\/www.docteur-barry.com\/en\/medecine-esthetique-du-corps\/poids-et-sport\/\" data-type=\"page\" data-id=\"136\">Balanced diet and sport<\/a> *<\/li>\n<\/ul>\n\n\n\n<p><em>* Exclusive treatments at Beauxmonts clinics.<\/em><\/p>\n\n<\/div>\n<\/div>\n\n<div class=\"gb-container gb-container-1f43784a card-soin\">\n\n<figure class=\"gb-block-image gb-block-image-4df94215\"><a href=\"https:\/\/www.docteur-barry.com\/en\/les-techniques-de-rajeunissement-de-la-peau\/\"><img decoding=\"async\" width=\"1714\" height=\"1294\" class=\"gb-image gb-image-4df94215\" src=\"https:\/\/www.docteur-barry.com\/wp-content\/uploads\/2024\/07\/acide-hyaluronique-nez-medecine-esthetique-centre-beaumonts-compiegne.jpg.webp\" alt=\"\" title=\"hyaluronic acid-nose-medecine-esthetique-centre-beaumonts-compiegne.jpg\" srcset=\"https:\/\/www.docteur-barry.com\/wp-content\/uploads\/2024\/07\/acide-hyaluronique-nez-medecine-esthetique-centre-beaumonts-compiegne.jpg.webp 1714w, https:\/\/www.docteur-barry.com\/wp-content\/uploads\/2024\/07\/acide-hyaluronique-nez-medecine-esthetique-centre-beaumonts-compiegne.jpg-300x226.webp 300w, https:\/\/www.docteur-barry.com\/wp-content\/uploads\/2024\/07\/acide-hyaluronique-nez-medecine-esthetique-centre-beaumonts-compiegne.jpg-1024x773.webp 1024w, https:\/\/www.docteur-barry.com\/wp-content\/uploads\/2024\/07\/acide-hyaluronique-nez-medecine-esthetique-centre-beaumonts-compiegne.jpg-768x580.webp 768w, https:\/\/www.docteur-barry.com\/wp-content\/uploads\/2024\/07\/acide-hyaluronique-nez-medecine-esthetique-centre-beaumonts-compiegne.jpg-1536x1160.webp 1536w, https:\/\/www.docteur-barry.com\/wp-content\/uploads\/2024\/07\/acide-hyaluronique-nez-medecine-esthetique-centre-beaumonts-compiegne.jpg-16x12.webp 16w, https:\/\/www.docteur-barry.com\/wp-content\/uploads\/2024\/07\/acide-hyaluronique-nez-medecine-esthetique-centre-beaumonts-compiegne.jpg-500x377.webp 500w, https:\/\/www.docteur-barry.com\/wp-content\/uploads\/2024\/07\/acide-hyaluronique-nez-medecine-esthetique-centre-beaumonts-compiegne.jpg-800x604.webp 800w, https:\/\/www.docteur-barry.com\/wp-content\/uploads\/2024\/07\/acide-hyaluronique-nez-medecine-esthetique-centre-beaumonts-compiegne.jpg-1280x966.webp 1280w\" sizes=\"(max-width: 1714px) 100vw, 1714px\" \/><\/a><\/figure>\n\n\n<div class=\"gb-container gb-container-1c5cf9b3\">\n\n<h2 class=\"gb-headline gb-headline-23811f5c gb-headline-text\">The techniques<\/h2>\n\n\n\n<ul class=\"wp-block-list\">\n<li><a href=\"https:\/\/www.docteur-barry.com\/en\/les-techniques-de-rajeunissement-de-la-peau\/radiofrequence-corps\/\" data-type=\"page\" data-id=\"135\">Radiofrequency for firming<\/a><\/li>\n\n\n\n<li><a href=\"https:\/\/www.docteur-barry.com\/en\/les-techniques-de-rajeunissement-de-la-peau\/cryolipolyse-coolsculpting-compiegne-oise\/\" data-type=\"page\" data-id=\"134\">Cryolipolysis<\/a> *<\/li>\n\n\n\n<li><a href=\"https:\/\/www.docteur-barry.com\/en\/les-techniques-de-rajeunissement-de-la-peau\/le-mesolift-pour-repulper\/\" data-type=\"page\" data-id=\"158\">The mesolift to plump up<\/a><\/li>\n\n\n\n<li><a href=\"https:\/\/www.docteur-barry.com\/en\/les-techniques-de-rajeunissement-de-la-peau\/les-peelings-superficiels-pour-stimuler\/\" data-type=\"page\" data-id=\"155\">Superficial peels to stimulate<\/a> *<\/li>\n\n\n\n<li><a href=\"https:\/\/www.docteur-barry.com\/en\/les-techniques-de-rajeunissement-de-la-peau\/le-peeling-moyen-pour-renover\/\" data-type=\"page\" data-id=\"156\">The average peel to renovate<\/a> *<\/li>\n\n\n\n<li><a href=\"https:\/\/www.docteur-barry.com\/en\/les-techniques-de-rajeunissement-de-la-peau\/acide-hyaluronique-pour-combler\/\" data-type=\"page\" data-id=\"153\">Hyaluronic acid to fill<\/a><\/li>\n\n\n\n<li><a href=\"https:\/\/www.docteur-barry.com\/en\/les-techniques-de-rajeunissement-de-la-peau\/fils-tenseurs\/\" data-type=\"page\" data-id=\"169\">Tensor threads<\/a><\/li>\n\n\n\n<li><a href=\"https:\/\/www.docteur-barry.com\/en\/les-techniques-de-rajeunissement-de-la-peau\/le-photorajeunissement-pour-rajeunir\/\" data-type=\"page\" data-id=\"157\">Photorejuvenation to rejuvenate<\/a><\/li>\n\n\n\n<li><a href=\"https:\/\/www.docteur-barry.com\/en\/les-techniques-de-rajeunissement-de-la-peau\/la-cosmetique-sur-ordonnance\/\" data-type=\"page\" data-id=\"159\">Prescription cosmetics<\/a><\/li>\n\n\n\n<li><a href=\"https:\/\/www.docteur-barry.com\/en\/les-techniques-de-rajeunissement-de-la-peau\/le-lifting-medical\/\" data-type=\"page\" data-id=\"170\">The medical facelift<\/a><\/li>\n<\/ul>\n\n\n\n<p><em>* Exclusive treatments at Beauxmonts clinics.<\/em><\/p>\n\n<\/div>\n<\/div>\n\n<div class=\"gb-container gb-container-1a72aac4 card-soin\">\n\n<figure class=\"gb-block-image gb-block-image-597f46ce\"><a href=\"https:\/\/www.docteur-barry.com\/en\/les-techniques-de-rajeunissement-de-la-peau\/cryolipolyse-coolsculpting-compiegne-oise\/\"><img decoding=\"async\" width=\"1714\" height=\"1294\" class=\"gb-image gb-image-597f46ce\" src=\"https:\/\/www.docteur-barry.com\/wp-content\/uploads\/2024\/07\/coolsculpting-medecine-esthetique-centre-beaumonts-compiegne.jpg.webp\" alt=\"\" title=\"coolsculpting-medecine-esthetique-centre-beaumonts-compiegne.jpg\" srcset=\"https:\/\/www.docteur-barry.com\/wp-content\/uploads\/2024\/07\/coolsculpting-medecine-esthetique-centre-beaumonts-compiegne.jpg.webp 1714w, https:\/\/www.docteur-barry.com\/wp-content\/uploads\/2024\/07\/coolsculpting-medecine-esthetique-centre-beaumonts-compiegne.jpg-300x226.webp 300w, https:\/\/www.docteur-barry.com\/wp-content\/uploads\/2024\/07\/coolsculpting-medecine-esthetique-centre-beaumonts-compiegne.jpg-1024x773.webp 1024w, https:\/\/www.docteur-barry.com\/wp-content\/uploads\/2024\/07\/coolsculpting-medecine-esthetique-centre-beaumonts-compiegne.jpg-768x580.webp 768w, https:\/\/www.docteur-barry.com\/wp-content\/uploads\/2024\/07\/coolsculpting-medecine-esthetique-centre-beaumonts-compiegne.jpg-1536x1160.webp 1536w, https:\/\/www.docteur-barry.com\/wp-content\/uploads\/2024\/07\/coolsculpting-medecine-esthetique-centre-beaumonts-compiegne.jpg-16x12.webp 16w, https:\/\/www.docteur-barry.com\/wp-content\/uploads\/2024\/07\/coolsculpting-medecine-esthetique-centre-beaumonts-compiegne.jpg-500x377.webp 500w, https:\/\/www.docteur-barry.com\/wp-content\/uploads\/2024\/07\/coolsculpting-medecine-esthetique-centre-beaumonts-compiegne.jpg-800x604.webp 800w, https:\/\/www.docteur-barry.com\/wp-content\/uploads\/2024\/07\/coolsculpting-medecine-esthetique-centre-beaumonts-compiegne.jpg-1280x966.webp 1280w\" sizes=\"(max-width: 1714px) 100vw, 1714px\" \/><\/a><\/figure>\n\n\n<div class=\"gb-container gb-container-ecaacfec\">\n\n<h2 class=\"gb-headline gb-headline-75dcc960 gb-headline-text\">Cryolipolysis<\/h2>\n\n\n\n<ul class=\"wp-block-list\">\n<li><a href=\"https:\/\/www.docteur-barry.com\/en\/les-techniques-de-rajeunissement-de-la-peau\/cryolipolyse-coolsculpting-compiegne-oise\/le-body-contouring-coolsculpting-chez-les-hommes\/\" data-type=\"page\" data-id=\"171\">Body contouring (coolsculpting) for men<\/a> *<\/li>\n\n\n\n<li><a href=\"https:\/\/www.docteur-barry.com\/en\/les-techniques-de-rajeunissement-de-la-peau\/cryolipolyse-coolsculpting-compiegne-oise\/la-cryolipolyse-par-coolsculpting\/\" data-type=\"page\" data-id=\"172\">Cryolipolysis by coolsculpting<\/a> *<\/li>\n\n\n\n<li><a href=\"https:\/\/www.docteur-barry.com\/en\/les-techniques-de-rajeunissement-de-la-peau\/cryolipolyse-coolsculpting-compiegne-oise\/les-facteurs-emotionnels-derriere-le-besoin-de-maigrir-facilement\/\" data-type=\"page\" data-id=\"173\">The emotional factors behind the need to lose weight easily<\/a> *<\/li>\n\n\n\n<li><a href=\"https:\/\/www.docteur-barry.com\/en\/les-techniques-de-rajeunissement-de-la-peau\/cryolipolyse-coolsculpting-compiegne-oise\/la-cryolipolyse-comment-ca-marche\/\" data-type=\"page\" data-id=\"174\">Cryolipolysis, how does it work?<\/a> *<\/li>\n\n\n\n<li><a href=\"https:\/\/www.docteur-barry.com\/en\/les-techniques-de-rajeunissement-de-la-peau\/cryolipolyse-coolsculpting-compiegne-oise\/les-resultats-et-suites-du-traitement\/\" data-type=\"page\" data-id=\"175\">The results and consequences of the treatment<\/a> *<\/li>\n\n\n\n<li><a href=\"https:\/\/www.docteur-barry.com\/en\/les-techniques-de-rajeunissement-de-la-peau\/cryolipolyse-coolsculpting-compiegne-oise\/pourquoi-choisir-le-coolsculpting\/\" data-type=\"page\" data-id=\"176\">Why choose CoolSculpting\u00ae?<\/a> *<\/li>\n<\/ul>\n\n\n\n<p><em>* Exclusive treatments at Beauxmonts clinics.<\/em><\/p>\n\n<\/div>\n<\/div>\n\n<div class=\"gb-container gb-container-ca1194d9 card-soin\">\n\n<figure class=\"gb-block-image gb-block-image-ab5e1639\"><a href=\"https:\/\/www.docteur-barry.com\/en\/epilation-laser\/\"><img decoding=\"async\" width=\"1714\" height=\"1294\" class=\"gb-image gb-image-ab5e1639\" src=\"https:\/\/www.docteur-barry.com\/wp-content\/uploads\/2024\/07\/epilation-laser-aisselles-medecine-esthetique-centre-beaumonts-compiegne.jpg.webp\" alt=\"\" title=\"laser-hair-removal-underarms-medecine-esthetique-centre-beaumonts-compiegne.jpg\" srcset=\"https:\/\/www.docteur-barry.com\/wp-content\/uploads\/2024\/07\/epilation-laser-aisselles-medecine-esthetique-centre-beaumonts-compiegne.jpg.webp 1714w, https:\/\/www.docteur-barry.com\/wp-content\/uploads\/2024\/07\/epilation-laser-aisselles-medecine-esthetique-centre-beaumonts-compiegne.jpg-300x226.webp 300w, https:\/\/www.docteur-barry.com\/wp-content\/uploads\/2024\/07\/epilation-laser-aisselles-medecine-esthetique-centre-beaumonts-compiegne.jpg-1024x773.webp 1024w, https:\/\/www.docteur-barry.com\/wp-content\/uploads\/2024\/07\/epilation-laser-aisselles-medecine-esthetique-centre-beaumonts-compiegne.jpg-768x580.webp 768w, https:\/\/www.docteur-barry.com\/wp-content\/uploads\/2024\/07\/epilation-laser-aisselles-medecine-esthetique-centre-beaumonts-compiegne.jpg-1536x1160.webp 1536w, https:\/\/www.docteur-barry.com\/wp-content\/uploads\/2024\/07\/epilation-laser-aisselles-medecine-esthetique-centre-beaumonts-compiegne.jpg-16x12.webp 16w, https:\/\/www.docteur-barry.com\/wp-content\/uploads\/2024\/07\/epilation-laser-aisselles-medecine-esthetique-centre-beaumonts-compiegne.jpg-500x377.webp 500w, https:\/\/www.docteur-barry.com\/wp-content\/uploads\/2024\/07\/epilation-laser-aisselles-medecine-esthetique-centre-beaumonts-compiegne.jpg-800x604.webp 800w, https:\/\/www.docteur-barry.com\/wp-content\/uploads\/2024\/07\/epilation-laser-aisselles-medecine-esthetique-centre-beaumonts-compiegne.jpg-1280x966.webp 1280w\" sizes=\"(max-width: 1714px) 100vw, 1714px\" \/><\/a><\/figure>\n\n\n<div class=\"gb-container gb-container-9136c297\">\n\n<h2 class=\"gb-headline gb-headline-e5f3d9a4 gb-headline-text\">L&rsquo;\u00e9pilation laser<\/h2>\n\n\n\n<ul class=\"wp-block-list\">\n<li><a href=\"https:\/\/www.docteur-barry.com\/en\/epilation-laser\/epilation-definitive-femme-beauxmonts\/\" data-type=\"page\" data-id=\"151\">Permanent laser hair removal for women<\/a> *<\/li>\n\n\n\n<li><a href=\"https:\/\/www.docteur-barry.com\/en\/epilation-laser\/epilation-definitive-homme-beauxmonts\/\" data-type=\"page\" data-id=\"152\">Permanent laser hair removal for men<\/a> *<\/li>\n<\/ul>\n\n\n\n<p><em>* Exclusive treatments at Beauxmonts clinics.<\/em><\/p>\n\n<\/div>\n<\/div>\n\n<div class=\"gb-container gb-container-71f242d3 card-soin\">\n\n<figure class=\"gb-block-image gb-block-image-518f3b3c\"><a href=\"https:\/\/www.docteur-barry.com\/en\/medecine-esthetique-homme-compiegne-oise\/\"><img decoding=\"async\" width=\"1714\" height=\"1294\" class=\"gb-image gb-image-518f3b3c\" src=\"https:\/\/www.docteur-barry.com\/wp-content\/uploads\/2024\/07\/epilation-laser-dos-medecine-esthetique-centre-beaumonts-compiegne.jpg.webp\" alt=\"\" title=\"laser-hair-removal-back-medecine-esthetique-centre-beaumonts-compiegne.jpg\" srcset=\"https:\/\/www.docteur-barry.com\/wp-content\/uploads\/2024\/07\/epilation-laser-dos-medecine-esthetique-centre-beaumonts-compiegne.jpg.webp 1714w, https:\/\/www.docteur-barry.com\/wp-content\/uploads\/2024\/07\/epilation-laser-dos-medecine-esthetique-centre-beaumonts-compiegne.jpg-300x226.webp 300w, https:\/\/www.docteur-barry.com\/wp-content\/uploads\/2024\/07\/epilation-laser-dos-medecine-esthetique-centre-beaumonts-compiegne.jpg-1024x773.webp 1024w, https:\/\/www.docteur-barry.com\/wp-content\/uploads\/2024\/07\/epilation-laser-dos-medecine-esthetique-centre-beaumonts-compiegne.jpg-768x580.webp 768w, https:\/\/www.docteur-barry.com\/wp-content\/uploads\/2024\/07\/epilation-laser-dos-medecine-esthetique-centre-beaumonts-compiegne.jpg-1536x1160.webp 1536w, https:\/\/www.docteur-barry.com\/wp-content\/uploads\/2024\/07\/epilation-laser-dos-medecine-esthetique-centre-beaumonts-compiegne.jpg-16x12.webp 16w, https:\/\/www.docteur-barry.com\/wp-content\/uploads\/2024\/07\/epilation-laser-dos-medecine-esthetique-centre-beaumonts-compiegne.jpg-500x377.webp 500w, https:\/\/www.docteur-barry.com\/wp-content\/uploads\/2024\/07\/epilation-laser-dos-medecine-esthetique-centre-beaumonts-compiegne.jpg-800x604.webp 800w, https:\/\/www.docteur-barry.com\/wp-content\/uploads\/2024\/07\/epilation-laser-dos-medecine-esthetique-centre-beaumonts-compiegne.jpg-1280x966.webp 1280w\" sizes=\"(max-width: 1714px) 100vw, 1714px\" \/><\/a><\/figure>\n\n\n<div class=\"gb-container gb-container-1019d478\">\n\n<h2 class=\"gb-headline gb-headline-18ebd82b gb-headline-text\">The man<\/h2>\n\n\n\n<ul class=\"wp-block-list\">\n<li><a href=\"https:\/\/www.docteur-barry.com\/en\/medecine-esthetique-homme-compiegne-oise\/adolescent\/\" data-type=\"page\" data-id=\"166\">The teenager<\/a><\/li>\n\n\n\n<li><a href=\"https:\/\/www.docteur-barry.com\/en\/medecine-esthetique-homme-compiegne-oise\/homme-dans-la-trentaine\/\" data-type=\"page\" data-id=\"167\">The man in his thirties<\/a><\/li>\n\n\n\n<li><a href=\"https:\/\/www.docteur-barry.com\/en\/medecine-esthetique-homme-compiegne-oise\/homme-de-40-ans\/\" data-type=\"page\" data-id=\"168\">The 40 year old man<\/a><\/li>\n\n\n\n<li><a href=\"https:\/\/www.docteur-barry.com\/en\/medecine-esthetique-homme-compiegne-oise\/les-hommes-de-50-ans-et-plus\/\" data-type=\"page\" data-id=\"165\">Men aged 50 and over<\/a><\/li>\n<\/ul>\n\n\n\n<a class=\"gb-button gb-button-7e316aa3 btn-default\" href=\"https:\/\/www.docteur-barry.com\/en\/medecine-esthetique-homme-compiegne-oise\/\"><span class=\"gb-button-text\">See everything<\/span><span class=\"gb-icon\"><svg viewbox=\"0 0 16 16\" class=\"bi bi-arrow-right\" fill=\"currentColor\" height=\"16\" width=\"16\" xmlns=\"http:\/\/www.w3.org\/2000\/svg\">   <path d=\"M1 8a.5.5 0 0 1 .5-.5h11.793l-3.147-3.146a.5.5 0 0 1 .708-.708l4 4a.5.5 0 0 1 0 .708l-4 4a.5.5 0 0 1-.708-.708L13.293 8.5H1.5A.5.5 0 0 1 1 8\" fill-rule=\"evenodd\"><\/path> <\/svg><\/span><\/a>\n\n<\/div>\n<\/div>\n<\/div>\n<\/section>","protected":false},"excerpt":{"rendered":"<p>Tous les soins en m\u00e9decine esth\u00e9tique du Docteur Barry Soins dispens\u00e9s \u00e0 la clinique Barry ou dans les cliniques Beauxmonts dans l&rsquo;Oise et l&rsquo;Aisne. Le visage La peau * Soins exclusifs aux cliniques Beauxmonts. La silhouette * Soins exclusifs aux cliniques Beauxmonts. Les techniques * Soins exclusifs aux cliniques Beauxmonts. La Cryolipolyse * Soins exclusifs &#8230; <a title=\"Tous les soins en m\u00e9decine esth\u00e9tique du Dr Barry\" class=\"read-more\" href=\"https:\/\/www.docteur-barry.com\/en\/soins-esthetiques-dr-barry\/\" aria-label=\"Read more about Tous les soins en m\u00e9decine esth\u00e9tique du Dr Barry\">Read more<\/a><\/p>","protected":false},"author":3,"featured_media":0,"parent":0,"menu_order":0,"comment_status":"closed","ping_status":"closed","template":"","meta":{"_seopress_robots_primary_cat":"","_seopress_titles_title":"Tous les Soins en M\u00e9decine Esth\u00e9tique du Dr Barry et des cliniques Beauxmonts","_seopress_titles_desc":"Injections, cryolipolyse, \u00e9pilation laser et plus, pour une beaut\u00e9 naturelle et un bien-\u00eatre optimal. D\u00e9couvrez tous les soins esth\u00e9tiques offerts par le Dr Barry et les cliniques Beauxmonts.","_seopress_robots_index":"","_vp_format_video_url":"","_vp_image_focal_point":[],"footnotes":""},"a3w-page-category":[],"class_list":["post-1945","page","type-page","status-publish"],"_links":{"self":[{"href":"https:\/\/www.docteur-barry.com\/en\/wp-json\/wp\/v2\/pages\/1945","targetHints":{"allow":["GET"]}}],"collection":[{"href":"https:\/\/www.docteur-barry.com\/en\/wp-json\/wp\/v2\/pages"}],"about":[{"href":"https:\/\/www.docteur-barry.com\/en\/wp-json\/wp\/v2\/types\/page"}],"author":[{"embeddable":true,"href":"https:\/\/www.docteur-barry.com\/en\/wp-json\/wp\/v2\/users\/3"}],"replies":[{"embeddable":true,"href":"https:\/\/www.docteur-barry.com\/en\/wp-json\/wp\/v2\/comments?post=1945"}],"version-history":[{"count":3,"href":"https:\/\/www.docteur-barry.com\/en\/wp-json\/wp\/v2\/pages\/1945\/revisions"}],"predecessor-version":[{"id":3977,"href":"https:\/\/www.docteur-barry.com\/en\/wp-json\/wp\/v2\/pages\/1945\/revisions\/3977"}],"wp:attachment":[{"href":"https:\/\/www.docteur-barry.com\/en\/wp-json\/wp\/v2\/media?parent=1945"}],"wp:term":[{"taxonomy":"a3w-page-category","embeddable":true,"href":"https:\/\/www.docteur-barry.com\/en\/wp-json\/wp\/v2\/a3w-page-category?post=1945"}],"curies":[{"name":"wp","href":"https:\/\/api.w.org\/{rel}","templated":true}]}}